{"id":46172,"date":"2023-04-13T07:43:23","date_gmt":"2023-04-13T07:43:23","guid":{"rendered":"https:\/\/www.urlaubcornwall.de\/blog\/?page_id=46172"},"modified":"2024-04-16T09:35:36","modified_gmt":"2024-04-16T09:35:36","slug":"region-englands-ferienhaeuser-guenstigsten","status":"publish","type":"page","link":"https:\/\/www.urlaubcornwall.de\/blog\/region-englands-ferienhaeuser-guenstigsten\/","title":{"rendered":"In welcher Region Englands sind die Ferienh\u00e4user am g\u00fcnstigsten?"},"content":{"rendered":"<p><img loading=\"lazy\" class=\"aligncenter size-full wp-image-38137\" src=\"https:\/\/www.urlaubcornwall.de\/blog\/wp-content\/uploads\/2019\/04\/Charmante-D\u00f6rfer-cornwall.jpg\" alt=\"Charmante Ferienhaus england\" width=\"750\" height=\"498\"\/><\/p>\n<p>Die Preise f\u00fcr Ferienh\u00e4user in England k\u00f6nnen je nach Region und Jahreszeit stark variieren. Allgemein gibt es jedoch einige Regionen, in denen Ferienh\u00e4user tendenziell g\u00fcnstiger sind als in anderen.<\/p>\n<p>Eine Region, in der Ferienh\u00e4user oft zu vergleichsweise g\u00fcnstigen Preisen angeboten werden, ist beispielsweise die Region um die Grafschaft <a href=\"https:\/\/www.urlaubcornwall.de\/ferienhaeuser-fewos\/eng\/lincolnshire\/lincolnshire.html\">Lincolnshire<\/a> an der Ostk\u00fcste Englands. Hier gibt es zahlreiche Ferienh\u00e4user, die oft direkt am Meer gelegen sind und sowohl f\u00fcr Familien als auch f\u00fcr Paare oder Einzelpersonen geeignet sind. Auch in der Region um die <a href=\"https:\/\/www.urlaubcornwall.de\/ferienhaeuser-fewos\/cornwall.html\">Grafschaft Cornwall<\/a> im S\u00fcdwesten Englands gibt es viele Ferienh\u00e4user zu relativ g\u00fcnstigen Preisen, vor allem au\u00dferhalb der Hauptsaison.<\/p>\n<p style=\"text-align: center;\"><a class=\"tidycta\" href=\"https:\/\/www.urlaubcornwall.de\/ferienhaeuser-fewos\/eng\/england.html\">Suche Ferienh\u00e4user in England<\/a><\/p>\n<div class=\"snippet\"> <a class=\"featured-item\" href=\"https:\/\/www.urlaubcornwall.de\/ferienhaeuser\/suedengland.php\"> <span class=\"image-holder\" style=\"background-image: url('https:\/\/www.urlaubcornwall.de\/blog\/wp-content\/uploads\/2018\/12\/ferienhaus-cornwall-mit-hund.jpg');\"><\/span> <span class=\"featured-content\"> \n<h2 class=\"featured-title\">Ferienh\u00e4user in S\u00fcdengland<\/h2>\n<p class=\"featured-body\">Bei uns finden Sie Ferienh\u00e4user zum Verlieben &#8211; so einfach ist das! Dank seiner langen Geschichte, der reizvollen Landschaften und seinen vielen Attraktionen ist S\u00fcdengland ein wahres Mekka f\u00fcr Urlauber&#8230;..<\/p><\/span> <span class=\"featured-link-holder\"> <span class=\"featured-extra-info\"> \n<p>Pers\u00f6nlich inspizierter Ferienh\u00e4user<\/p>\n<\/span> \n<p class=\"featured-link\">DETAILS<\/p>\n<\/span> <\/a><\/div>\n","protected":false},"excerpt":{"rendered":"<p>Die Preise f\u00fcr Ferienh\u00e4user in England k\u00f6nnen je nach Region und Jahreszeit stark variieren. Allgemein gibt es jedoch einige Regionen, in denen Ferienh\u00e4user tendenziell g\u00fcnstiger sind als in anderen. Eine Region, in der Ferienh\u00e4user oft zu vergleichsweise g\u00fcnstigen Preisen angeboten werden, ist beispielsweise die Region um die Grafschaft Lincolnshire an der Ostk\u00fcste Englands. Hier gibt [&hellip;]<\/p>\n","protected":false},"author":1,"featured_media":0,"parent":0,"menu_order":0,"comment_status":"closed","ping_status":"closed","template":"single-four.php","meta":[],"acf":[],"yoast_head":"<!-- This site is optimized with the Yoast SEO plugin v19.4 - https:\/\/yoast.com\/wordpress\/plugins\/seo\/ -->\n<title>In welcher Region Englands sind die Ferienh\u00e4user am g\u00fcnstigsten? - Urlaub &amp; Reisen<\/title>\n<meta name=\"description\" content=\"Eine Region, in der Ferienh\u00e4user oft zu vergleichsweise g\u00fcnstigen Preisen angeboten werden, ist beispielsweise die Region um die Grafschaft\" \/>\n<meta name=\"robots\" content=\"index, follow, max-snippet:-1, max-image-preview:large, max-video-preview:-1\" \/>\n<link rel=\"canonical\" href=\"https:\/\/www.urlaubcornwall.de\/blog\/region-englands-ferienhaeuser-guenstigsten\/\" \/>\n<meta property=\"og:locale\" content=\"en_US\" \/>\n<meta property=\"og:type\" content=\"article\" \/>\n<meta property=\"og:title\" content=\"In welcher Region Englands sind die Ferienh\u00e4user am g\u00fcnstigsten? - Urlaub &amp; Reisen\" \/>\n<meta property=\"og:description\" content=\"Eine Region, in der Ferienh\u00e4user oft zu vergleichsweise g\u00fcnstigen Preisen angeboten werden, ist beispielsweise die Region um die Grafschaft\" \/>\n<meta property=\"og:url\" content=\"https:\/\/www.urlaubcornwall.de\/blog\/region-englands-ferienhaeuser-guenstigsten\/\" \/>\n<meta property=\"og:site_name\" content=\"Urlaub &amp; Reisen\" \/>\n<meta property=\"article:modified_time\" content=\"2024-04-16T09:35:36+00:00\" \/>\n<meta name=\"twitter:card\" content=\"summary\" \/>\n<meta name=\"twitter:label1\" content=\"Est. reading time\" \/>\n\t<meta name=\"twitter:data1\" content=\"1 minute\" \/>\n<script type=\"application\/ld+json\" class=\"yoast-schema-graph\">{\"@context\":\"https:\/\/schema.org\",\"@graph\":[{\"@type\":\"WebSite\",\"@id\":\"https:\/\/www.urlaubcornwall.de\/blog\/#website\",\"url\":\"https:\/\/www.urlaubcornwall.de\/blog\/\",\"name\":\"Urlaub &amp; Reisen\",\"description\":\"Urlaub, Reisen, Cornwall und S\u00fcdengland: eine perfekte Kombination\",\"potentialAction\":[{\"@type\":\"SearchAction\",\"target\":{\"@type\":\"EntryPoint\",\"urlTemplate\":\"https:\/\/www.urlaubcornwall.de\/blog\/?s={search_term_string}\"},\"query-input\":\"required name=search_term_string\"}],\"inLanguage\":\"en-US\"},{\"@type\":\"WebPage\",\"@id\":\"https:\/\/www.urlaubcornwall.de\/blog\/region-englands-ferienhaeuser-guenstigsten\/\",\"url\":\"https:\/\/www.urlaubcornwall.de\/blog\/region-englands-ferienhaeuser-guenstigsten\/\",\"name\":\"In welcher Region Englands sind die Ferienh\u00e4user am g\u00fcnstigsten? - Urlaub &amp; Reisen\",\"isPartOf\":{\"@id\":\"https:\/\/www.urlaubcornwall.de\/blog\/#website\"},\"datePublished\":\"2023-04-13T07:43:23+00:00\",\"dateModified\":\"2024-04-16T09:35:36+00:00\",\"description\":\"Eine Region, in der Ferienh\u00e4user oft zu vergleichsweise g\u00fcnstigen Preisen angeboten werden, ist beispielsweise die Region um die Grafschaft\",\"breadcrumb\":{\"@id\":\"https:\/\/www.urlaubcornwall.de\/blog\/region-englands-ferienhaeuser-guenstigsten\/#breadcrumb\"},\"inLanguage\":\"en-US\",\"potentialAction\":[{\"@type\":\"ReadAction\",\"target\":[\"https:\/\/www.urlaubcornwall.de\/blog\/region-englands-ferienhaeuser-guenstigsten\/\"]}]},{\"@type\":\"BreadcrumbList\",\"@id\":\"https:\/\/www.urlaubcornwall.de\/blog\/region-englands-ferienhaeuser-guenstigsten\/#breadcrumb\",\"itemListElement\":[{\"@type\":\"ListItem\",\"position\":1,\"name\":\"Home\",\"item\":\"https:\/\/www.urlaubcornwall.de\/blog\/\"},{\"@type\":\"ListItem\",\"position\":2,\"name\":\"In welcher Region Englands sind die Ferienh\u00e4user am g\u00fcnstigsten?\"}]}]}<\/script>\n<!-- \/ Yoast SEO plugin. -->","yoast_head_json":{"title":"In welcher Region Englands sind die Ferienh\u00e4user am g\u00fcnstigsten? - Urlaub &amp; Reisen","description":"Eine Region, in der Ferienh\u00e4user oft zu vergleichsweise g\u00fcnstigen Preisen angeboten werden, ist beispielsweise die Region um die Grafschaft","robots":{"index":"index","follow":"follow","max-snippet":"max-snippet:-1","max-image-preview":"max-image-preview:large","max-video-preview":"max-video-preview:-1"},"canonical":"https:\/\/www.urlaubcornwall.de\/blog\/region-englands-ferienhaeuser-guenstigsten\/","og_locale":"en_US","og_type":"article","og_title":"In welcher Region Englands sind die Ferienh\u00e4user am g\u00fcnstigsten? - Urlaub &amp; Reisen","og_description":"Eine Region, in der Ferienh\u00e4user oft zu vergleichsweise g\u00fcnstigen Preisen angeboten werden, ist beispielsweise die Region um die Grafschaft","og_url":"https:\/\/www.urlaubcornwall.de\/blog\/region-englands-ferienhaeuser-guenstigsten\/","og_site_name":"Urlaub &amp; Reisen","article_modified_time":"2024-04-16T09:35:36+00:00","twitter_card":"summary","twitter_misc":{"Est. reading time":"1 minute"},"schema":{"@context":"https:\/\/schema.org","@graph":[{"@type":"WebSite","@id":"https:\/\/www.urlaubcornwall.de\/blog\/#website","url":"https:\/\/www.urlaubcornwall.de\/blog\/","name":"Urlaub &amp; Reisen","description":"Urlaub, Reisen, Cornwall und S\u00fcdengland: eine perfekte Kombination","potentialAction":[{"@type":"SearchAction","target":{"@type":"EntryPoint","urlTemplate":"https:\/\/www.urlaubcornwall.de\/blog\/?s={search_term_string}"},"query-input":"required name=search_term_string"}],"inLanguage":"en-US"},{"@type":"WebPage","@id":"https:\/\/www.urlaubcornwall.de\/blog\/region-englands-ferienhaeuser-guenstigsten\/","url":"https:\/\/www.urlaubcornwall.de\/blog\/region-englands-ferienhaeuser-guenstigsten\/","name":"In welcher Region Englands sind die Ferienh\u00e4user am g\u00fcnstigsten? - Urlaub &amp; Reisen","isPartOf":{"@id":"https:\/\/www.urlaubcornwall.de\/blog\/#website"},"datePublished":"2023-04-13T07:43:23+00:00","dateModified":"2024-04-16T09:35:36+00:00","description":"Eine Region, in der Ferienh\u00e4user oft zu vergleichsweise g\u00fcnstigen Preisen angeboten werden, ist beispielsweise die Region um die Grafschaft","breadcrumb":{"@id":"https:\/\/www.urlaubcornwall.de\/blog\/region-englands-ferienhaeuser-guenstigsten\/#breadcrumb"},"inLanguage":"en-US","potentialAction":[{"@type":"ReadAction","target":["https:\/\/www.urlaubcornwall.de\/blog\/region-englands-ferienhaeuser-guenstigsten\/"]}]},{"@type":"BreadcrumbList","@id":"https:\/\/www.urlaubcornwall.de\/blog\/region-englands-ferienhaeuser-guenstigsten\/#breadcrumb","itemListElement":[{"@type":"ListItem","position":1,"name":"Home","item":"https:\/\/www.urlaubcornwall.de\/blog\/"},{"@type":"ListItem","position":2,"name":"In welcher Region Englands sind die Ferienh\u00e4user am g\u00fcnstigsten?"}]}]}},"_links":{"self":[{"href":"https:\/\/www.urlaubcornwall.de\/blog\/wp-json\/wp\/v2\/pages\/46172"}],"collection":[{"href":"https:\/\/www.urlaubcornwall.de\/blog\/wp-json\/wp\/v2\/pages"}],"about":[{"href":"https:\/\/www.urlaubcornwall.de\/blog\/wp-json\/wp\/v2\/types\/page"}],"author":[{"embeddable":true,"href":"https:\/\/www.urlaubcornwall.de\/blog\/wp-json\/wp\/v2\/users\/1"}],"replies":[{"embeddable":true,"href":"https:\/\/www.urlaubcornwall.de\/blog\/wp-json\/wp\/v2\/comments?post=46172"}],"version-history":[{"count":2,"href":"https:\/\/www.urlaubcornwall.de\/blog\/wp-json\/wp\/v2\/pages\/46172\/revisions"}],"predecessor-version":[{"id":49825,"href":"https:\/\/www.urlaubcornwall.de\/blog\/wp-json\/wp\/v2\/pages\/46172\/revisions\/49825"}],"wp:attachment":[{"href":"https:\/\/www.urlaubcornwall.de\/blog\/wp-json\/wp\/v2\/media?parent=46172"}],"curies":[{"name":"wp","href":"https:\/\/api.w.org\/{rel}","templated":true}]}}