{"id":46164,"date":"2023-04-12T15:25:57","date_gmt":"2023-04-12T15:25:57","guid":{"rendered":"https:\/\/www.urlaubcornwall.de\/blog\/?page_id=46164"},"modified":"2024-04-30T15:40:43","modified_gmt":"2024-04-30T15:40:43","slug":"besten-unterkuenfte-auf-der-isle-of-wight","status":"publish","type":"page","link":"https:\/\/www.urlaubcornwall.de\/blog\/besten-unterkuenfte-auf-der-isle-of-wight\/","title":{"rendered":"Wo sind die besten Unterk\u00fcnfte auf der Isle of Wight?"},"content":{"rendered":"<p><img loading=\"lazy\" class=\"aligncenter size-full wp-image-47925\" src=\"https:\/\/www.urlaubcornwall.de\/blog\/wp-content\/uploads\/2024\/03\/needles_isles-of-wight.jpg\" alt=\"needles_isles of wight\" width=\"750\" height=\"500\" srcset=\"https:\/\/www.urlaubcornwall.de\/blog\/wp-content\/uploads\/2024\/03\/needles_isles-of-wight.jpg 750w, https:\/\/www.urlaubcornwall.de\/blog\/wp-content\/uploads\/2024\/03\/needles_isles-of-wight-300x200.jpg 300w\" sizes=\"(max-width: 750px) 100vw, 750px\" \/><\/p>\n<p>Die <a href=\"https:\/\/www.urlaubcornwall.de\/reiseziel\/isle-of-wight.php\">Isle of Wight<\/a> ist eine wundersch\u00f6ne Insel mit vielen charmanten St\u00e4dten und D\u00f6rfern. Hier sind einige der besten St\u00e4dte und Orte, die Sie auf der Isle of Wight besuchen sollten:<\/p>\n<p>Cowes &#8211; <a href=\"https:\/\/www.urlaubcornwall.de\/ferienhaeuser-fewos\/eng\/isle-of-wight\/cowes.html\">Cowes ist ein charmantes Hafenst\u00e4dtchen<\/a> im Norden der Insel und bekannt als der Veranstaltungsort der ber\u00fchmten Cowes Week, der gr\u00f6\u00dften Segelregatta der Welt. Hier finden Sie auch viele tolle Restaurants, Caf\u00e9s und Gesch\u00e4fte.<\/p>\n<p>Ventnor &#8211; <a href=\"https:\/\/www.urlaubcornwall.de\/ferienhaeuser-fewos\/eng\/isle-of-wight\/ventnor.html\">Ventnor ist ein malerisches K\u00fcstendorf<\/a> im S\u00fcden der Insel und bekannt f\u00fcr seine warmen G\u00e4rten und seine sonnige Lage. Hier finden Sie auch viele sch\u00f6ne Str\u00e4nde und eine ausgezeichnete Auswahl an Restaurants und Caf\u00e9s.<\/p>\n<p>Shanklin &#8211; <a href=\"https:\/\/www.urlaubcornwall.de\/ferienhaeuser-fewos\/eng\/isle-of-wight\/shanklin.html\">Shanklin ist ein traditionelles Seebad<\/a> im Osten der Insel und hat eine wundersch\u00f6ne, lange Promenade und einen malerischen Sandstrand. Hier finden Sie auch viele Gesch\u00e4fte, Caf\u00e9s und Restaurants.<\/p>\n<p>Newport &#8211; <a href=\"https:\/\/www.urlaubcornwall.de\/ferienhaeuser-fewos\/eng\/isle-of-wight\/newport.html\">Newport ist die Hauptstadt der Isle of Wight<\/a> und hat eine faszinierende Geschichte, die bis ins Mittelalter zur\u00fcckreicht. Hier finden Sie auch viele Gesch\u00e4fte, Restaurants und Bars.<\/p>\n<p>Yarmouth &#8211; <a href=\"https:\/\/www.urlaubcornwall.de\/ferienhaeuser-fewos\/eng\/isle-of-wight\/yarmouth.html\">Yarmouth ist ein charmantes Hafenst\u00e4dtchen<\/a> an der Westk\u00fcste der Insel und bekannt f\u00fcr seine hervorragenden Fischrestaurants. Hier k\u00f6nnen Sie auch die ber\u00fchmte Yarmouth Pier besuchen, die l\u00e4ngste Holzpier in England.<\/p>\n<p>Ryde &#8211; <a href=\"https:\/\/www.urlaubcornwall.de\/ferienhaeuser-fewos\/eng\/isle-of-wight\/ryde.html\">Ryde ist das gr\u00f6\u00dfte Seebad auf der Isle of Wight<\/a> und bekannt f\u00fcr seine lange Sandstrand und das nostalgische Vergn\u00fcgungspier. Hier finden Sie auch viele Restaurants, Caf\u00e9s und Gesch\u00e4fte.<\/p>\n<p>Diese Liste ist nur ein Auszug aus den vielen gro\u00dfartigen St\u00e4dten und Orten auf der Isle of Wight. Die Insel hat viele weitere charmante D\u00f6rfer und <a href=\"https:\/\/www.urlaubcornwall.de\/blog\/unsere-urlaubstipps-und-inspiration-fuer-die-isle-of-wight\/\">Sehensw\u00fcrdigkeiten<\/a> zu bieten, die es zu erkunden gilt.<\/p>\n<p>Bei uns finden Sie Ferienh\u00e4user zum Verlieben &#8211; so einfach ist das! Pers\u00f6nlich inspizierte Ferienh\u00e4user und Ferienwohnungen auf der Isle of Wight f\u00fcr Ihren Urlaub.<\/p>\n<p style=\"text-align: center;\"><a class=\"tidycta\" href=\"https:\/\/www.urlaubcornwall.de\/ferienhaeuser-fewos\/eng\/isle-of-wight\/isle-of-wight.html\">Suche Ferienh\u00e4user Isle of Wight<\/a><\/p>\n<div class=\"snippet\"> <a class=\"featured-item\" href=\"https:\/\/www.urlaubcornwall.de\/ferienhaeuser\/suedengland.php\"> <span class=\"image-holder\" style=\"background-image: url('https:\/\/www.urlaubcornwall.de\/blog\/wp-content\/uploads\/2024\/03\/ferienhaus-england-cornwall.jpg');\"><\/span> <span class=\"featured-content\"> \n<h2 class=\"featured-title\">Ferienh\u00e4user in S\u00fcdengland<\/h2>\n<p class=\"featured-body\">Bei uns finden Sie Ferienh\u00e4user zum Verlieben &#8211; so einfach ist das! Dank seiner langen Geschichte, der reizvollen Landschaften und seinen vielen Attraktionen ist S\u00fcdengland ein wahres Mekka f\u00fcr Urlauber&#8230;..<\/p><\/span> <span class=\"featured-link-holder\"> <span class=\"featured-extra-info\"> \n<p>Pers\u00f6nlich inspizierter Ferienh\u00e4user<\/p>\n<\/span> \n<p class=\"featured-link\">DETAILS<\/p>\n<\/span> <\/a><\/div>\n","protected":false},"excerpt":{"rendered":"<p>Die Isle of Wight ist eine wundersch\u00f6ne Insel mit vielen charmanten St\u00e4dten und D\u00f6rfern. Hier sind einige der besten St\u00e4dte und Orte, die Sie auf der Isle of Wight besuchen sollten: Cowes &#8211; Cowes ist ein charmantes Hafenst\u00e4dtchen im Norden der Insel und bekannt als der Veranstaltungsort der ber\u00fchmten Cowes Week, der gr\u00f6\u00dften Segelregatta der [&hellip;]<\/p>\n","protected":false},"author":1,"featured_media":0,"parent":0,"menu_order":0,"comment_status":"closed","ping_status":"closed","template":"single-four.php","meta":[],"acf":[],"yoast_head":"<!-- This site is optimized with the Yoast SEO plugin v19.4 - https:\/\/yoast.com\/wordpress\/plugins\/seo\/ -->\n<title>Wo sind die besten Unterk\u00fcnfte auf der Isle of Wight? - Urlaub &amp; Reisen<\/title>\n<meta name=\"description\" content=\"Die Isle of Wight ist eine wundersch\u00f6ne Insel mit vielen charmanten St\u00e4dten und D\u00f6rfern. Hier sind einige der besten St\u00e4dte\" \/>\n<meta name=\"robots\" content=\"index, follow, max-snippet:-1, max-image-preview:large, max-video-preview:-1\" \/>\n<link rel=\"canonical\" href=\"https:\/\/www.urlaubcornwall.de\/blog\/besten-unterkuenfte-auf-der-isle-of-wight\/\" \/>\n<meta property=\"og:locale\" content=\"en_US\" \/>\n<meta property=\"og:type\" content=\"article\" \/>\n<meta property=\"og:title\" content=\"Wo sind die besten Unterk\u00fcnfte auf der Isle of Wight? - Urlaub &amp; Reisen\" \/>\n<meta property=\"og:description\" content=\"Die Isle of Wight ist eine wundersch\u00f6ne Insel mit vielen charmanten St\u00e4dten und D\u00f6rfern. Hier sind einige der besten St\u00e4dte\" \/>\n<meta property=\"og:url\" content=\"https:\/\/www.urlaubcornwall.de\/blog\/besten-unterkuenfte-auf-der-isle-of-wight\/\" \/>\n<meta property=\"og:site_name\" content=\"Urlaub &amp; Reisen\" \/>\n<meta property=\"article:modified_time\" content=\"2024-04-30T15:40:43+00:00\" \/>\n<meta property=\"og:image\" content=\"https:\/\/www.urlaubcornwall.de\/blog\/wp-content\/uploads\/2024\/03\/needles_isles-of-wight.jpg\" \/>\n<meta name=\"twitter:card\" content=\"summary\" \/>\n<meta name=\"twitter:label1\" content=\"Est. reading time\" \/>\n\t<meta name=\"twitter:data1\" content=\"2 minutes\" \/>\n<script type=\"application\/ld+json\" class=\"yoast-schema-graph\">{\"@context\":\"https:\/\/schema.org\",\"@graph\":[{\"@type\":\"WebSite\",\"@id\":\"https:\/\/www.urlaubcornwall.de\/blog\/#website\",\"url\":\"https:\/\/www.urlaubcornwall.de\/blog\/\",\"name\":\"Urlaub &amp; Reisen\",\"description\":\"Urlaub, Reisen, Cornwall und S\u00fcdengland: eine perfekte Kombination\",\"potentialAction\":[{\"@type\":\"SearchAction\",\"target\":{\"@type\":\"EntryPoint\",\"urlTemplate\":\"https:\/\/www.urlaubcornwall.de\/blog\/?s={search_term_string}\"},\"query-input\":\"required name=search_term_string\"}],\"inLanguage\":\"en-US\"},{\"@type\":\"WebPage\",\"@id\":\"https:\/\/www.urlaubcornwall.de\/blog\/besten-unterkuenfte-auf-der-isle-of-wight\/\",\"url\":\"https:\/\/www.urlaubcornwall.de\/blog\/besten-unterkuenfte-auf-der-isle-of-wight\/\",\"name\":\"Wo sind die besten Unterk\u00fcnfte auf der Isle of Wight? - Urlaub &amp; Reisen\",\"isPartOf\":{\"@id\":\"https:\/\/www.urlaubcornwall.de\/blog\/#website\"},\"datePublished\":\"2023-04-12T15:25:57+00:00\",\"dateModified\":\"2024-04-30T15:40:43+00:00\",\"description\":\"Die Isle of Wight ist eine wundersch\u00f6ne Insel mit vielen charmanten St\u00e4dten und D\u00f6rfern. Hier sind einige der besten St\u00e4dte\",\"breadcrumb\":{\"@id\":\"https:\/\/www.urlaubcornwall.de\/blog\/besten-unterkuenfte-auf-der-isle-of-wight\/#breadcrumb\"},\"inLanguage\":\"en-US\",\"potentialAction\":[{\"@type\":\"ReadAction\",\"target\":[\"https:\/\/www.urlaubcornwall.de\/blog\/besten-unterkuenfte-auf-der-isle-of-wight\/\"]}]},{\"@type\":\"BreadcrumbList\",\"@id\":\"https:\/\/www.urlaubcornwall.de\/blog\/besten-unterkuenfte-auf-der-isle-of-wight\/#breadcrumb\",\"itemListElement\":[{\"@type\":\"ListItem\",\"position\":1,\"name\":\"Home\",\"item\":\"https:\/\/www.urlaubcornwall.de\/blog\/\"},{\"@type\":\"ListItem\",\"position\":2,\"name\":\"Wo sind die besten Unterk\u00fcnfte auf der Isle of Wight?\"}]}]}<\/script>\n<!-- \/ Yoast SEO plugin. -->","yoast_head_json":{"title":"Wo sind die besten Unterk\u00fcnfte auf der Isle of Wight? - Urlaub &amp; Reisen","description":"Die Isle of Wight ist eine wundersch\u00f6ne Insel mit vielen charmanten St\u00e4dten und D\u00f6rfern. Hier sind einige der besten St\u00e4dte","robots":{"index":"index","follow":"follow","max-snippet":"max-snippet:-1","max-image-preview":"max-image-preview:large","max-video-preview":"max-video-preview:-1"},"canonical":"https:\/\/www.urlaubcornwall.de\/blog\/besten-unterkuenfte-auf-der-isle-of-wight\/","og_locale":"en_US","og_type":"article","og_title":"Wo sind die besten Unterk\u00fcnfte auf der Isle of Wight? - Urlaub &amp; Reisen","og_description":"Die Isle of Wight ist eine wundersch\u00f6ne Insel mit vielen charmanten St\u00e4dten und D\u00f6rfern. Hier sind einige der besten St\u00e4dte","og_url":"https:\/\/www.urlaubcornwall.de\/blog\/besten-unterkuenfte-auf-der-isle-of-wight\/","og_site_name":"Urlaub &amp; Reisen","article_modified_time":"2024-04-30T15:40:43+00:00","og_image":[{"url":"https:\/\/www.urlaubcornwall.de\/blog\/wp-content\/uploads\/2024\/03\/needles_isles-of-wight.jpg"}],"twitter_card":"summary","twitter_misc":{"Est. reading time":"2 minutes"},"schema":{"@context":"https:\/\/schema.org","@graph":[{"@type":"WebSite","@id":"https:\/\/www.urlaubcornwall.de\/blog\/#website","url":"https:\/\/www.urlaubcornwall.de\/blog\/","name":"Urlaub &amp; Reisen","description":"Urlaub, Reisen, Cornwall und S\u00fcdengland: eine perfekte Kombination","potentialAction":[{"@type":"SearchAction","target":{"@type":"EntryPoint","urlTemplate":"https:\/\/www.urlaubcornwall.de\/blog\/?s={search_term_string}"},"query-input":"required name=search_term_string"}],"inLanguage":"en-US"},{"@type":"WebPage","@id":"https:\/\/www.urlaubcornwall.de\/blog\/besten-unterkuenfte-auf-der-isle-of-wight\/","url":"https:\/\/www.urlaubcornwall.de\/blog\/besten-unterkuenfte-auf-der-isle-of-wight\/","name":"Wo sind die besten Unterk\u00fcnfte auf der Isle of Wight? - Urlaub &amp; Reisen","isPartOf":{"@id":"https:\/\/www.urlaubcornwall.de\/blog\/#website"},"datePublished":"2023-04-12T15:25:57+00:00","dateModified":"2024-04-30T15:40:43+00:00","description":"Die Isle of Wight ist eine wundersch\u00f6ne Insel mit vielen charmanten St\u00e4dten und D\u00f6rfern. Hier sind einige der besten St\u00e4dte","breadcrumb":{"@id":"https:\/\/www.urlaubcornwall.de\/blog\/besten-unterkuenfte-auf-der-isle-of-wight\/#breadcrumb"},"inLanguage":"en-US","potentialAction":[{"@type":"ReadAction","target":["https:\/\/www.urlaubcornwall.de\/blog\/besten-unterkuenfte-auf-der-isle-of-wight\/"]}]},{"@type":"BreadcrumbList","@id":"https:\/\/www.urlaubcornwall.de\/blog\/besten-unterkuenfte-auf-der-isle-of-wight\/#breadcrumb","itemListElement":[{"@type":"ListItem","position":1,"name":"Home","item":"https:\/\/www.urlaubcornwall.de\/blog\/"},{"@type":"ListItem","position":2,"name":"Wo sind die besten Unterk\u00fcnfte auf der Isle of Wight?"}]}]}},"_links":{"self":[{"href":"https:\/\/www.urlaubcornwall.de\/blog\/wp-json\/wp\/v2\/pages\/46164"}],"collection":[{"href":"https:\/\/www.urlaubcornwall.de\/blog\/wp-json\/wp\/v2\/pages"}],"about":[{"href":"https:\/\/www.urlaubcornwall.de\/blog\/wp-json\/wp\/v2\/types\/page"}],"author":[{"embeddable":true,"href":"https:\/\/www.urlaubcornwall.de\/blog\/wp-json\/wp\/v2\/users\/1"}],"replies":[{"embeddable":true,"href":"https:\/\/www.urlaubcornwall.de\/blog\/wp-json\/wp\/v2\/comments?post=46164"}],"version-history":[{"count":4,"href":"https:\/\/www.urlaubcornwall.de\/blog\/wp-json\/wp\/v2\/pages\/46164\/revisions"}],"predecessor-version":[{"id":49993,"href":"https:\/\/www.urlaubcornwall.de\/blog\/wp-json\/wp\/v2\/pages\/46164\/revisions\/49993"}],"wp:attachment":[{"href":"https:\/\/www.urlaubcornwall.de\/blog\/wp-json\/wp\/v2\/media?parent=46164"}],"curies":[{"name":"wp","href":"https:\/\/api.w.org\/{rel}","templated":true}]}}