{"id":46162,"date":"2023-04-12T13:54:26","date_gmt":"2023-04-12T13:54:26","guid":{"rendered":"https:\/\/www.urlaubcornwall.de\/blog\/?page_id=46162"},"modified":"2024-04-30T15:39:52","modified_gmt":"2024-04-30T15:39:52","slug":"was-kosten-ferienhaeuser-in-sussex","status":"publish","type":"page","link":"https:\/\/www.urlaubcornwall.de\/blog\/was-kosten-ferienhaeuser-in-sussex\/","title":{"rendered":"Was kosten Ferienh\u00e4user in Sussex?"},"content":{"rendered":"<p><img loading=\"lazy\" class=\"aligncenter size-full wp-image-38137\" src=\"https:\/\/www.urlaubcornwall.de\/blog\/wp-content\/uploads\/2019\/04\/Charmante-D\u00f6rfer-cornwall.jpg\" alt=\"Charmante Ferienhaus sussex\" width=\"750\" height=\"498\"\/><\/p>\n<p>Die durchschnittlichen Mietkosten f\u00fcr Ferienh\u00e4user in Sussex mit 1, 2, 3, 4 und 5 Schlafzimmern k\u00f6nnen je nach Lage, Ausstattung und Saison variieren. Hier sind jedoch einige grobe Sch\u00e4tzungen der durchschnittlichen Mietkosten f\u00fcr <a href=\"https:\/\/www.urlaubcornwall.de\/ferienhaeuser-fewos\/eng\/sussex\/sussex.html\">Ferienh\u00e4user in Sussex<\/a>:<\/p>\n<p><a href=\"https:\/\/www.urlaubcornwall.de\/ferienhaeuser-fewos\/eng\/sussex\/sussex-fuer-2-personen.html\">Ferienhaus mit 1 Schlafzimmer: ab \u00a3 400 pro Woche<\/a><\/p>\n<p><a href=\"https:\/\/www.urlaubcornwall.de\/ferienhaeuser-fewos\/eng\/sussex\/sussex-fuer-4-personen.html\">Ferienhaus mit 2 Schlafzimmern: ab \u00a3 500 pro Woche<\/a><\/p>\n<p><a href=\"https:\/\/www.urlaubcornwall.de\/ferienhaeuser-fewos\/eng\/sussex\/sussex-fuer-6-personen.html\">Ferienhaus mit 3 Schlafzimmern: ab \u00a3 700 pro Woche<\/a><\/p>\n<p><a href=\"https:\/\/www.urlaubcornwall.de\/ferienhaeuser-fewos\/eng\/sussex\/sussex-fuer-8-personen.html\">Ferienhaus mit 4 Schlafzimmern: ab \u00a3 900 pro Woche<\/a><\/p>\n<p><a href=\"https:\/\/www.urlaubcornwall.de\/ferienhaeuser-fewos\/eng\/sussex\/sussex-fuer-10-personen.html\">Ferienhaus mit 5 Schlafzimmern: ab \u00a3 1.200 pro Woche<\/a><\/p>\n<p>Wir vermieten Ferienh\u00e4user und Ferienwohnungen, darunter auch mit die interessantesten Cottages und Selbstversorgerunterk\u00fcnfte in Sussex, den South Downs und bis nach East Hampshire. Unsere Urlaubsunterk\u00fcnfte werden sorgf\u00e4ltig ausgesucht und umfassen Stadtapartments ebenso wie schnuckelige reetgedeckte Cottages, Bauernh\u00e4user auf dem Land und ger\u00e4umige <a href=\"https:\/\/www.urlaubcornwall.de\/ferienhaeuser-fewos\/eng\/sussex\/sussex-am-meer.html\">Familienh\u00e4user am Meer<\/a>, in denen Sie sich bei Ihrem Besuch in Sussex und den South Downs bestimmt wohlf\u00fchlen werden.<\/p>\n<p style=\"text-align: center;\"><a class=\"tidycta\" href=\"https:\/\/www.urlaubcornwall.de\/ferienhaeuser-fewos\/eng\/sussex\/sussex.html\">Suche Ferienh\u00e4user in Sussex<\/a><\/p>\n<div class=\"snippet\"> <a class=\"featured-item\" href=\"https:\/\/www.urlaubcornwall.de\/ferienhaeuser\/suedengland.php\"> <span class=\"image-holder\" style=\"background-image: url('https:\/\/www.urlaubcornwall.de\/blog\/wp-content\/uploads\/2024\/03\/ferienhaus-england-cornwall.jpg');\"><\/span> <span class=\"featured-content\"> \n<h2 class=\"featured-title\">Ferienh\u00e4user in S\u00fcdengland<\/h2>\n<p class=\"featured-body\">Bei uns finden Sie Ferienh\u00e4user zum Verlieben &#8211; so einfach ist das! Dank seiner langen Geschichte, der reizvollen Landschaften und seinen vielen Attraktionen ist S\u00fcdengland ein wahres Mekka f\u00fcr Urlauber&#8230;..<\/p><\/span> <span class=\"featured-link-holder\"> <span class=\"featured-extra-info\"> \n<p>Pers\u00f6nlich inspizierter Ferienh\u00e4user<\/p>\n<\/span> \n<p class=\"featured-link\">DETAILS<\/p>\n<\/span> <\/a><\/div>\n","protected":false},"excerpt":{"rendered":"<p>Die durchschnittlichen Mietkosten f\u00fcr Ferienh\u00e4user in Sussex mit 1, 2, 3, 4 und 5 Schlafzimmern k\u00f6nnen je nach Lage, Ausstattung und Saison variieren. Hier sind jedoch einige grobe Sch\u00e4tzungen der durchschnittlichen Mietkosten f\u00fcr Ferienh\u00e4user in Sussex: Ferienhaus mit 1 Schlafzimmer: ab \u00a3 400 pro Woche Ferienhaus mit 2 Schlafzimmern: ab \u00a3 500 pro Woche Ferienhaus [&hellip;]<\/p>\n","protected":false},"author":1,"featured_media":0,"parent":0,"menu_order":0,"comment_status":"closed","ping_status":"closed","template":"single-four.php","meta":[],"acf":[],"yoast_head":"<!-- This site is optimized with the Yoast SEO plugin v19.4 - https:\/\/yoast.com\/wordpress\/plugins\/seo\/ -->\n<title>Was kosten Ferienh\u00e4user in Sussex? - Urlaub &amp; Reisen<\/title>\n<meta name=\"description\" content=\"Die durchschnittlichen Mietkosten f\u00fcr Ferienh\u00e4user in Sussex mit 1, 2, 3, 4 und 5 Schlafzimmern k\u00f6nnen je nach Lage, Ausstattung und Saison\" \/>\n<meta name=\"robots\" content=\"index, follow, max-snippet:-1, max-image-preview:large, max-video-preview:-1\" \/>\n<link rel=\"canonical\" href=\"https:\/\/www.urlaubcornwall.de\/blog\/was-kosten-ferienhaeuser-in-sussex\/\" \/>\n<meta property=\"og:locale\" content=\"en_US\" \/>\n<meta property=\"og:type\" content=\"article\" \/>\n<meta property=\"og:title\" content=\"Was kosten Ferienh\u00e4user in Sussex? - Urlaub &amp; Reisen\" \/>\n<meta property=\"og:description\" content=\"Die durchschnittlichen Mietkosten f\u00fcr Ferienh\u00e4user in Sussex mit 1, 2, 3, 4 und 5 Schlafzimmern k\u00f6nnen je nach Lage, Ausstattung und Saison\" \/>\n<meta property=\"og:url\" content=\"https:\/\/www.urlaubcornwall.de\/blog\/was-kosten-ferienhaeuser-in-sussex\/\" \/>\n<meta property=\"og:site_name\" content=\"Urlaub &amp; Reisen\" \/>\n<meta property=\"article:modified_time\" content=\"2024-04-30T15:39:52+00:00\" \/>\n<meta name=\"twitter:card\" content=\"summary\" \/>\n<meta name=\"twitter:label1\" content=\"Est. reading time\" \/>\n\t<meta name=\"twitter:data1\" content=\"1 minute\" \/>\n<script type=\"application\/ld+json\" class=\"yoast-schema-graph\">{\"@context\":\"https:\/\/schema.org\",\"@graph\":[{\"@type\":\"WebSite\",\"@id\":\"https:\/\/www.urlaubcornwall.de\/blog\/#website\",\"url\":\"https:\/\/www.urlaubcornwall.de\/blog\/\",\"name\":\"Urlaub &amp; Reisen\",\"description\":\"Urlaub, Reisen, Cornwall und S\u00fcdengland: eine perfekte Kombination\",\"potentialAction\":[{\"@type\":\"SearchAction\",\"target\":{\"@type\":\"EntryPoint\",\"urlTemplate\":\"https:\/\/www.urlaubcornwall.de\/blog\/?s={search_term_string}\"},\"query-input\":\"required name=search_term_string\"}],\"inLanguage\":\"en-US\"},{\"@type\":\"WebPage\",\"@id\":\"https:\/\/www.urlaubcornwall.de\/blog\/was-kosten-ferienhaeuser-in-sussex\/\",\"url\":\"https:\/\/www.urlaubcornwall.de\/blog\/was-kosten-ferienhaeuser-in-sussex\/\",\"name\":\"Was kosten Ferienh\u00e4user in Sussex? - Urlaub &amp; Reisen\",\"isPartOf\":{\"@id\":\"https:\/\/www.urlaubcornwall.de\/blog\/#website\"},\"datePublished\":\"2023-04-12T13:54:26+00:00\",\"dateModified\":\"2024-04-30T15:39:52+00:00\",\"description\":\"Die durchschnittlichen Mietkosten f\u00fcr Ferienh\u00e4user in Sussex mit 1, 2, 3, 4 und 5 Schlafzimmern k\u00f6nnen je nach Lage, Ausstattung und Saison\",\"breadcrumb\":{\"@id\":\"https:\/\/www.urlaubcornwall.de\/blog\/was-kosten-ferienhaeuser-in-sussex\/#breadcrumb\"},\"inLanguage\":\"en-US\",\"potentialAction\":[{\"@type\":\"ReadAction\",\"target\":[\"https:\/\/www.urlaubcornwall.de\/blog\/was-kosten-ferienhaeuser-in-sussex\/\"]}]},{\"@type\":\"BreadcrumbList\",\"@id\":\"https:\/\/www.urlaubcornwall.de\/blog\/was-kosten-ferienhaeuser-in-sussex\/#breadcrumb\",\"itemListElement\":[{\"@type\":\"ListItem\",\"position\":1,\"name\":\"Home\",\"item\":\"https:\/\/www.urlaubcornwall.de\/blog\/\"},{\"@type\":\"ListItem\",\"position\":2,\"name\":\"Was kosten Ferienh\u00e4user in Sussex?\"}]}]}<\/script>\n<!-- \/ Yoast SEO plugin. -->","yoast_head_json":{"title":"Was kosten Ferienh\u00e4user in Sussex? - Urlaub &amp; Reisen","description":"Die durchschnittlichen Mietkosten f\u00fcr Ferienh\u00e4user in Sussex mit 1, 2, 3, 4 und 5 Schlafzimmern k\u00f6nnen je nach Lage, Ausstattung und Saison","robots":{"index":"index","follow":"follow","max-snippet":"max-snippet:-1","max-image-preview":"max-image-preview:large","max-video-preview":"max-video-preview:-1"},"canonical":"https:\/\/www.urlaubcornwall.de\/blog\/was-kosten-ferienhaeuser-in-sussex\/","og_locale":"en_US","og_type":"article","og_title":"Was kosten Ferienh\u00e4user in Sussex? - Urlaub &amp; Reisen","og_description":"Die durchschnittlichen Mietkosten f\u00fcr Ferienh\u00e4user in Sussex mit 1, 2, 3, 4 und 5 Schlafzimmern k\u00f6nnen je nach Lage, Ausstattung und Saison","og_url":"https:\/\/www.urlaubcornwall.de\/blog\/was-kosten-ferienhaeuser-in-sussex\/","og_site_name":"Urlaub &amp; Reisen","article_modified_time":"2024-04-30T15:39:52+00:00","twitter_card":"summary","twitter_misc":{"Est. reading time":"1 minute"},"schema":{"@context":"https:\/\/schema.org","@graph":[{"@type":"WebSite","@id":"https:\/\/www.urlaubcornwall.de\/blog\/#website","url":"https:\/\/www.urlaubcornwall.de\/blog\/","name":"Urlaub &amp; Reisen","description":"Urlaub, Reisen, Cornwall und S\u00fcdengland: eine perfekte Kombination","potentialAction":[{"@type":"SearchAction","target":{"@type":"EntryPoint","urlTemplate":"https:\/\/www.urlaubcornwall.de\/blog\/?s={search_term_string}"},"query-input":"required name=search_term_string"}],"inLanguage":"en-US"},{"@type":"WebPage","@id":"https:\/\/www.urlaubcornwall.de\/blog\/was-kosten-ferienhaeuser-in-sussex\/","url":"https:\/\/www.urlaubcornwall.de\/blog\/was-kosten-ferienhaeuser-in-sussex\/","name":"Was kosten Ferienh\u00e4user in Sussex? - Urlaub &amp; Reisen","isPartOf":{"@id":"https:\/\/www.urlaubcornwall.de\/blog\/#website"},"datePublished":"2023-04-12T13:54:26+00:00","dateModified":"2024-04-30T15:39:52+00:00","description":"Die durchschnittlichen Mietkosten f\u00fcr Ferienh\u00e4user in Sussex mit 1, 2, 3, 4 und 5 Schlafzimmern k\u00f6nnen je nach Lage, Ausstattung und Saison","breadcrumb":{"@id":"https:\/\/www.urlaubcornwall.de\/blog\/was-kosten-ferienhaeuser-in-sussex\/#breadcrumb"},"inLanguage":"en-US","potentialAction":[{"@type":"ReadAction","target":["https:\/\/www.urlaubcornwall.de\/blog\/was-kosten-ferienhaeuser-in-sussex\/"]}]},{"@type":"BreadcrumbList","@id":"https:\/\/www.urlaubcornwall.de\/blog\/was-kosten-ferienhaeuser-in-sussex\/#breadcrumb","itemListElement":[{"@type":"ListItem","position":1,"name":"Home","item":"https:\/\/www.urlaubcornwall.de\/blog\/"},{"@type":"ListItem","position":2,"name":"Was kosten Ferienh\u00e4user in Sussex?"}]}]}},"_links":{"self":[{"href":"https:\/\/www.urlaubcornwall.de\/blog\/wp-json\/wp\/v2\/pages\/46162"}],"collection":[{"href":"https:\/\/www.urlaubcornwall.de\/blog\/wp-json\/wp\/v2\/pages"}],"about":[{"href":"https:\/\/www.urlaubcornwall.de\/blog\/wp-json\/wp\/v2\/types\/page"}],"author":[{"embeddable":true,"href":"https:\/\/www.urlaubcornwall.de\/blog\/wp-json\/wp\/v2\/users\/1"}],"replies":[{"embeddable":true,"href":"https:\/\/www.urlaubcornwall.de\/blog\/wp-json\/wp\/v2\/comments?post=46162"}],"version-history":[{"count":3,"href":"https:\/\/www.urlaubcornwall.de\/blog\/wp-json\/wp\/v2\/pages\/46162\/revisions"}],"predecessor-version":[{"id":49991,"href":"https:\/\/www.urlaubcornwall.de\/blog\/wp-json\/wp\/v2\/pages\/46162\/revisions\/49991"}],"wp:attachment":[{"href":"https:\/\/www.urlaubcornwall.de\/blog\/wp-json\/wp\/v2\/media?parent=46162"}],"curies":[{"name":"wp","href":"https:\/\/api.w.org\/{rel}","templated":true}]}}