{"id":46160,"date":"2023-04-12T11:37:21","date_gmt":"2023-04-12T11:37:21","guid":{"rendered":"https:\/\/www.urlaubcornwall.de\/blog\/?page_id=46160"},"modified":"2023-04-12T15:33:52","modified_gmt":"2023-04-12T15:33:52","slug":"was-kosten-ferienhaeuser-in-wales","status":"publish","type":"page","link":"https:\/\/www.urlaubcornwall.de\/blog\/was-kosten-ferienhaeuser-in-wales\/","title":{"rendered":"Was kosten Ferienh\u00e4user in Wales?"},"content":{"rendered":"<p><img loading=\"lazy\" class=\"aligncenter size-full wp-image-38137\" src=\"https:\/\/www.urlaubcornwall.de\/blog\/wp-content\/uploads\/2019\/04\/Charmante-D\u00f6rfer-cornwall.jpg\" alt=\"Charmante Ferienhaus wales\" width=\"750\" height=\"498\"\/><\/p>\n<p>Die Mietkosten f\u00fcr <a href=\"https:\/\/www.urlaubcornwall.de\/ferienhaeuser-fewos\/wal\/wales.html\">Ferienh\u00e4user in Wales mit 1, 2, 3, 4 und 5 Schlafzimmern<\/a> k\u00f6nnen sehr unterschiedlich sein und h\u00e4ngen von verschiedenen Faktoren ab, einschlie\u00dflich der Lage, der Ausstattung und der Saison. Hier sind jedoch einige Beispiele f\u00fcr durchschnittliche Mietkosten f\u00fcr Ferienh\u00e4user in verschiedenen Regionen von Wales:<\/p>\n<p>Ferienhaus mit 1 Schlafzimmer: ab 500 \u20ac pro Woche<\/p>\n<p>Ferienhaus mit 2 Schlafzimmern: ab 600 \u20ac pro Woche<\/p>\n<p>Ferienhaus mit 3 Schlafzimmern: ab 700 \u20ac pro Woche<\/p>\n<p>Ferienhaus mit 4 Schlafzimmern: ab 800 \u20ac pro Woche<\/p>\n<p>Ferienhaus mit 5 Schlafzimmern: ab 1000 \u20ac pro Woche<\/p>\n<p>Untenstehend finden Sie eine Auswahl an Selbstversorger-Ferienh\u00e4usern in Wales. Hier finden Sie handverlesene, pers\u00f6nlich inspizierte Cottages entlang der walisischen K\u00fcste, in Nordwales, Mittelwales und S\u00fcdwales, sowie in zahlreichen walisischen D\u00f6rfern und St\u00e4dten.<\/p>\n<p style=\"text-align: center;\"><a class=\"tidycta\" href=\"https:\/\/www.urlaubcornwall.de\/ferienhaeuser-fewos\/wal\/wales.html\">Suche Ferienh\u00e4user in Wales<\/a><\/p>\n<div class=\"snippet\"> <a class=\"featured-item\" href=\" https:\/\/www.urlaubcornwall.de\/ferienhaeuser-fewos\/wal\/wales.html\"> <span class=\"image-holder\" style=\"background-image: url(' https:\/\/www.urlaubcornwall.de\/blog\/wp-content\/uploads\/2018\/12\/busreisen-wales-england.jpg');\"><\/span> <span class=\"featured-content\"> \n<h2 class=\"featured-title\">Bei uns finden Sie Ferienh\u00e4user in Wales zum Verlieben!<\/h2>\n<p class=\"featured-body\">Untenstehend finden Sie eine Auswahl an Selbstversorger-Ferienh\u00e4usern in Wales. Hier finden Sie handverlesene, pers\u00f6nlich inspizierte Cottages entlang der walisischen K\u00fcste&#8230;..<\/p>\n<\/span> <span class=\"featured-link-holder\"> <span class=\"featured-extra-info\"> \n<p>F\u00fcr Paare, Familien &#038; Gruppen<\/p>\n<\/span> \n<p class=\"featured-link\">DETAILS<\/p>\n<\/span> <\/a><\/div>\n","protected":false},"excerpt":{"rendered":"<p>Die Mietkosten f\u00fcr Ferienh\u00e4user in Wales mit 1, 2, 3, 4 und 5 Schlafzimmern k\u00f6nnen sehr unterschiedlich sein und h\u00e4ngen von verschiedenen Faktoren ab, einschlie\u00dflich der Lage, der Ausstattung und der Saison. Hier sind jedoch einige Beispiele f\u00fcr durchschnittliche Mietkosten f\u00fcr Ferienh\u00e4user in verschiedenen Regionen von Wales: Ferienhaus mit 1 Schlafzimmer: ab 500 \u20ac pro [&hellip;]<\/p>\n","protected":false},"author":1,"featured_media":0,"parent":0,"menu_order":0,"comment_status":"closed","ping_status":"closed","template":"single-four.php","meta":[],"acf":[],"yoast_head":"<!-- This site is optimized with the Yoast SEO plugin v19.4 - https:\/\/yoast.com\/wordpress\/plugins\/seo\/ -->\n<title>Was kosten Ferienh\u00e4user in Wales? - Urlaub &amp; Reisen<\/title>\n<meta name=\"description\" content=\"Untenstehend finden Sie eine Auswahl an Selbstversorger-Ferienh\u00e4usern in Wales. Hier finden Sie handverlesene, pers\u00f6nlich inspizierte Cottage\" \/>\n<meta name=\"robots\" content=\"index, follow, max-snippet:-1, max-image-preview:large, max-video-preview:-1\" \/>\n<link rel=\"canonical\" href=\"https:\/\/www.urlaubcornwall.de\/blog\/was-kosten-ferienhaeuser-in-wales\/\" \/>\n<meta property=\"og:locale\" content=\"en_US\" \/>\n<meta property=\"og:type\" content=\"article\" \/>\n<meta property=\"og:title\" content=\"Was kosten Ferienh\u00e4user in Wales? - Urlaub &amp; Reisen\" \/>\n<meta property=\"og:description\" content=\"Untenstehend finden Sie eine Auswahl an Selbstversorger-Ferienh\u00e4usern in Wales. Hier finden Sie handverlesene, pers\u00f6nlich inspizierte Cottage\" \/>\n<meta property=\"og:url\" content=\"https:\/\/www.urlaubcornwall.de\/blog\/was-kosten-ferienhaeuser-in-wales\/\" \/>\n<meta property=\"og:site_name\" content=\"Urlaub &amp; Reisen\" \/>\n<meta property=\"article:modified_time\" content=\"2023-04-12T15:33:52+00:00\" \/>\n<meta name=\"twitter:card\" content=\"summary\" \/>\n<meta name=\"twitter:label1\" content=\"Est. reading time\" \/>\n\t<meta name=\"twitter:data1\" content=\"1 minute\" \/>\n<script type=\"application\/ld+json\" class=\"yoast-schema-graph\">{\"@context\":\"https:\/\/schema.org\",\"@graph\":[{\"@type\":\"WebSite\",\"@id\":\"https:\/\/www.urlaubcornwall.de\/blog\/#website\",\"url\":\"https:\/\/www.urlaubcornwall.de\/blog\/\",\"name\":\"Urlaub &amp; Reisen\",\"description\":\"Urlaub, Reisen, Cornwall und S\u00fcdengland: eine perfekte Kombination\",\"potentialAction\":[{\"@type\":\"SearchAction\",\"target\":{\"@type\":\"EntryPoint\",\"urlTemplate\":\"https:\/\/www.urlaubcornwall.de\/blog\/?s={search_term_string}\"},\"query-input\":\"required name=search_term_string\"}],\"inLanguage\":\"en-US\"},{\"@type\":\"WebPage\",\"@id\":\"https:\/\/www.urlaubcornwall.de\/blog\/was-kosten-ferienhaeuser-in-wales\/\",\"url\":\"https:\/\/www.urlaubcornwall.de\/blog\/was-kosten-ferienhaeuser-in-wales\/\",\"name\":\"Was kosten Ferienh\u00e4user in Wales? - Urlaub &amp; Reisen\",\"isPartOf\":{\"@id\":\"https:\/\/www.urlaubcornwall.de\/blog\/#website\"},\"datePublished\":\"2023-04-12T11:37:21+00:00\",\"dateModified\":\"2023-04-12T15:33:52+00:00\",\"description\":\"Untenstehend finden Sie eine Auswahl an Selbstversorger-Ferienh\u00e4usern in Wales. Hier finden Sie handverlesene, pers\u00f6nlich inspizierte Cottage\",\"breadcrumb\":{\"@id\":\"https:\/\/www.urlaubcornwall.de\/blog\/was-kosten-ferienhaeuser-in-wales\/#breadcrumb\"},\"inLanguage\":\"en-US\",\"potentialAction\":[{\"@type\":\"ReadAction\",\"target\":[\"https:\/\/www.urlaubcornwall.de\/blog\/was-kosten-ferienhaeuser-in-wales\/\"]}]},{\"@type\":\"BreadcrumbList\",\"@id\":\"https:\/\/www.urlaubcornwall.de\/blog\/was-kosten-ferienhaeuser-in-wales\/#breadcrumb\",\"itemListElement\":[{\"@type\":\"ListItem\",\"position\":1,\"name\":\"Home\",\"item\":\"https:\/\/www.urlaubcornwall.de\/blog\/\"},{\"@type\":\"ListItem\",\"position\":2,\"name\":\"Was kosten Ferienh\u00e4user in Wales?\"}]}]}<\/script>\n<!-- \/ Yoast SEO plugin. -->","yoast_head_json":{"title":"Was kosten Ferienh\u00e4user in Wales? - Urlaub &amp; Reisen","description":"Untenstehend finden Sie eine Auswahl an Selbstversorger-Ferienh\u00e4usern in Wales. Hier finden Sie handverlesene, pers\u00f6nlich inspizierte Cottage","robots":{"index":"index","follow":"follow","max-snippet":"max-snippet:-1","max-image-preview":"max-image-preview:large","max-video-preview":"max-video-preview:-1"},"canonical":"https:\/\/www.urlaubcornwall.de\/blog\/was-kosten-ferienhaeuser-in-wales\/","og_locale":"en_US","og_type":"article","og_title":"Was kosten Ferienh\u00e4user in Wales? - Urlaub &amp; Reisen","og_description":"Untenstehend finden Sie eine Auswahl an Selbstversorger-Ferienh\u00e4usern in Wales. Hier finden Sie handverlesene, pers\u00f6nlich inspizierte Cottage","og_url":"https:\/\/www.urlaubcornwall.de\/blog\/was-kosten-ferienhaeuser-in-wales\/","og_site_name":"Urlaub &amp; Reisen","article_modified_time":"2023-04-12T15:33:52+00:00","twitter_card":"summary","twitter_misc":{"Est. reading time":"1 minute"},"schema":{"@context":"https:\/\/schema.org","@graph":[{"@type":"WebSite","@id":"https:\/\/www.urlaubcornwall.de\/blog\/#website","url":"https:\/\/www.urlaubcornwall.de\/blog\/","name":"Urlaub &amp; Reisen","description":"Urlaub, Reisen, Cornwall und S\u00fcdengland: eine perfekte Kombination","potentialAction":[{"@type":"SearchAction","target":{"@type":"EntryPoint","urlTemplate":"https:\/\/www.urlaubcornwall.de\/blog\/?s={search_term_string}"},"query-input":"required name=search_term_string"}],"inLanguage":"en-US"},{"@type":"WebPage","@id":"https:\/\/www.urlaubcornwall.de\/blog\/was-kosten-ferienhaeuser-in-wales\/","url":"https:\/\/www.urlaubcornwall.de\/blog\/was-kosten-ferienhaeuser-in-wales\/","name":"Was kosten Ferienh\u00e4user in Wales? - Urlaub &amp; Reisen","isPartOf":{"@id":"https:\/\/www.urlaubcornwall.de\/blog\/#website"},"datePublished":"2023-04-12T11:37:21+00:00","dateModified":"2023-04-12T15:33:52+00:00","description":"Untenstehend finden Sie eine Auswahl an Selbstversorger-Ferienh\u00e4usern in Wales. Hier finden Sie handverlesene, pers\u00f6nlich inspizierte Cottage","breadcrumb":{"@id":"https:\/\/www.urlaubcornwall.de\/blog\/was-kosten-ferienhaeuser-in-wales\/#breadcrumb"},"inLanguage":"en-US","potentialAction":[{"@type":"ReadAction","target":["https:\/\/www.urlaubcornwall.de\/blog\/was-kosten-ferienhaeuser-in-wales\/"]}]},{"@type":"BreadcrumbList","@id":"https:\/\/www.urlaubcornwall.de\/blog\/was-kosten-ferienhaeuser-in-wales\/#breadcrumb","itemListElement":[{"@type":"ListItem","position":1,"name":"Home","item":"https:\/\/www.urlaubcornwall.de\/blog\/"},{"@type":"ListItem","position":2,"name":"Was kosten Ferienh\u00e4user in Wales?"}]}]}},"_links":{"self":[{"href":"https:\/\/www.urlaubcornwall.de\/blog\/wp-json\/wp\/v2\/pages\/46160"}],"collection":[{"href":"https:\/\/www.urlaubcornwall.de\/blog\/wp-json\/wp\/v2\/pages"}],"about":[{"href":"https:\/\/www.urlaubcornwall.de\/blog\/wp-json\/wp\/v2\/types\/page"}],"author":[{"embeddable":true,"href":"https:\/\/www.urlaubcornwall.de\/blog\/wp-json\/wp\/v2\/users\/1"}],"replies":[{"embeddable":true,"href":"https:\/\/www.urlaubcornwall.de\/blog\/wp-json\/wp\/v2\/comments?post=46160"}],"version-history":[{"count":2,"href":"https:\/\/www.urlaubcornwall.de\/blog\/wp-json\/wp\/v2\/pages\/46160\/revisions"}],"predecessor-version":[{"id":46171,"href":"https:\/\/www.urlaubcornwall.de\/blog\/wp-json\/wp\/v2\/pages\/46160\/revisions\/46171"}],"wp:attachment":[{"href":"https:\/\/www.urlaubcornwall.de\/blog\/wp-json\/wp\/v2\/media?parent=46160"}],"curies":[{"name":"wp","href":"https:\/\/api.w.org\/{rel}","templated":true}]}}