{"id":46157,"date":"2023-04-12T10:48:27","date_gmt":"2023-04-12T10:48:27","guid":{"rendered":"https:\/\/www.urlaubcornwall.de\/blog\/?page_id=46157"},"modified":"2024-04-15T14:26:22","modified_gmt":"2024-04-15T14:26:22","slug":"kosten-ferienhaeuser-schottland","status":"publish","type":"page","link":"https:\/\/www.urlaubcornwall.de\/blog\/kosten-ferienhaeuser-schottland\/","title":{"rendered":"Was kosten Ferienh\u00e4user in Schottland Highlands?"},"content":{"rendered":"<p><img loading=\"lazy\" class=\"aligncenter size-full wp-image-20509\" src=\"https:\/\/www.urlaubcornwall.de\/blog\/wp-content\/uploads\/2015\/10\/ferienhaus-schottland.jpg\" alt=\"ferienhaus schottland \" width=\"750\" height=\"388\"\/><\/p>\n<p>Die kosten f\u00fcr Ferienh\u00e4user in Schottland k\u00f6nnen je nach Lage, Jahreszeit und Gr\u00f6\u00dfe des Hauses variieren. Hier sind ungef\u00e4hre Durchschnittskosten pro Woche basierend auf der Anzahl der Schlafzimmer:<\/p>\n<p><a href=\"https:\/\/www.urlaubcornwall.de\/ferienhaeuser-fewos\/sco\/nordschottland\/nordschottland-fuer-2-personen.html\">1-Schlafzimmer-Ferienhaus<\/a>: \u00a3300-\u00a3600 pro Woche<\/p>\n<p><a href=\"https:\/\/www.urlaubcornwall.de\/ferienhaeuser-fewos\/sco\/nordschottland\/nordschottland-fuer-4-personen.html\">2-Schlafzimmer-Ferienhaus<\/a>: \u00a3500-\u00a3900 pro Woche<\/p>\n<p><a href=\"https:\/\/www.urlaubcornwall.de\/ferienhaeuser-fewos\/sco\/nordschottland\/nordschottland-fuer-6-personen.html\">3-Schlafzimmer-Ferienhaus<\/a>: \u00a3700-\u00a31.200 pro Woche<\/p>\n<p><a href=\"https:\/\/www.urlaubcornwall.de\/ferienhaeuser-fewos\/sco\/nordschottland\/nordschottland-fuer-8-personen.html\">4-Schlafzimmer-Ferienhaus<\/a>: \u00a3900-\u00a31.500 pro Woche<\/p>\n<p><a href=\"https:\/\/www.urlaubcornwall.de\/ferienhaeuser-fewos\/sco\/nordschottland\/nordschottland-fuer-10-personen.html\">5-Schlafzimmer-Ferienhaus<\/a>: \u00a31.200-\u00a32.000 pro Woche<\/p>\n<p>Untenstehend finden Sie <a href=\"https:\/\/www.urlaubcornwall.de\/ferienhaeuser-fewos\/sco\/schottland.html\">eine Auswahl an Ferienh\u00e4usern in Schottland<\/a>. Hier finden Sie pers\u00f6nlich inspizierte Cottages entlang der schottischen K\u00fcste, in den schottischen Highlands und auf den Inseln. Wir haben auch eine gro\u00dfe Auswahl an Selbstversorger-Cottages, die Sie in Zentralschottland, S\u00fcdschottland, dem Grenzgebiet und in vielen weiteren schottischen St\u00e4dten und D\u00f6rfern mieten k\u00f6nnen. <\/p>\n<p style=\"text-align: center;\"><a class=\"tidycta\" href=\"https:\/\/www.urlaubcornwall.de\/ferienhaeuser-fewos\/sco\/schottland.html\">Suche Ferienh\u00e4user in Schottland<\/a><\/p>\n<div class=\"snippet\"> <a class=\"featured-item\" href=\" https:\/\/www.urlaubcornwall.de\/ferienhaeuser-fewos\/sco\/schottland.html\"> <span class=\"image-holder\" style=\"background-image: url(' https:\/\/www.urlaubcornwall.de\/blog\/wp-content\/uploads\/2019\/01\/urlaub-schottland-highlands.jpg ');\"><\/span> <span class=\"featured-content\"> \n<h2 class=\"featured-title\">Bei uns finden Sie Ferienh\u00e4user in Schottland zum Verlieben!<\/h2>\n<p class=\"featured-body\">Untenstehend finden Sie eine Auswahl an Ferienh\u00e4usern in Schottland. Hier finden Sie pers\u00f6nlich inspizierte Cottages entlang der schottischen K\u00fcste, in den schottischen Highlands und auf den Inseln&#8230;..<\/p>\n<\/span> <span class=\"featured-link-holder\"> <span class=\"featured-extra-info\"> \n<p>F\u00fcr Paare, Familien &#038; Gruppen<\/p>\n<\/span> \n<p class=\"featured-link\">DETAILS<\/p>\n<\/span> <\/a><\/div>\n","protected":false},"excerpt":{"rendered":"<p>Die kosten f\u00fcr Ferienh\u00e4user in Schottland k\u00f6nnen je nach Lage, Jahreszeit und Gr\u00f6\u00dfe des Hauses variieren. Hier sind ungef\u00e4hre Durchschnittskosten pro Woche basierend auf der Anzahl der Schlafzimmer: 1-Schlafzimmer-Ferienhaus: \u00a3300-\u00a3600 pro Woche 2-Schlafzimmer-Ferienhaus: \u00a3500-\u00a3900 pro Woche 3-Schlafzimmer-Ferienhaus: \u00a3700-\u00a31.200 pro Woche 4-Schlafzimmer-Ferienhaus: \u00a3900-\u00a31.500 pro Woche 5-Schlafzimmer-Ferienhaus: \u00a31.200-\u00a32.000 pro Woche Untenstehend finden Sie eine Auswahl an Ferienh\u00e4usern [&hellip;]<\/p>\n","protected":false},"author":1,"featured_media":0,"parent":0,"menu_order":0,"comment_status":"closed","ping_status":"closed","template":"single-four.php","meta":[],"acf":[],"yoast_head":"<!-- This site is optimized with the Yoast SEO plugin v19.4 - https:\/\/yoast.com\/wordpress\/plugins\/seo\/ -->\n<title>Was kosten Ferienh\u00e4user in Schottland Highlands? - Urlaub &amp; Reisen<\/title>\n<meta name=\"description\" content=\"Die Mietkosten f\u00fcr Ferienh\u00e4user in Schottland k\u00f6nnen je nach Lage, Jahreszeit und Gr\u00f6\u00dfe des Hauses variieren.\" \/>\n<meta name=\"robots\" content=\"index, follow, max-snippet:-1, max-image-preview:large, max-video-preview:-1\" \/>\n<link rel=\"canonical\" href=\"https:\/\/www.urlaubcornwall.de\/blog\/kosten-ferienhaeuser-schottland\/\" \/>\n<meta property=\"og:locale\" content=\"en_US\" \/>\n<meta property=\"og:type\" content=\"article\" \/>\n<meta property=\"og:title\" content=\"Was kosten Ferienh\u00e4user in Schottland Highlands? - Urlaub &amp; Reisen\" \/>\n<meta property=\"og:description\" content=\"Die Mietkosten f\u00fcr Ferienh\u00e4user in Schottland k\u00f6nnen je nach Lage, Jahreszeit und Gr\u00f6\u00dfe des Hauses variieren.\" \/>\n<meta property=\"og:url\" content=\"https:\/\/www.urlaubcornwall.de\/blog\/kosten-ferienhaeuser-schottland\/\" \/>\n<meta property=\"og:site_name\" content=\"Urlaub &amp; Reisen\" \/>\n<meta property=\"article:modified_time\" content=\"2024-04-15T14:26:22+00:00\" \/>\n<meta property=\"og:image\" content=\"https:\/\/www.urlaubcornwall.de\/blog\/wp-content\/uploads\/2015\/10\/ferienhaus-schottland.jpg\" \/>\n<meta name=\"twitter:card\" content=\"summary\" \/>\n<meta name=\"twitter:label1\" content=\"Est. reading time\" \/>\n\t<meta name=\"twitter:data1\" content=\"1 minute\" \/>\n<script type=\"application\/ld+json\" class=\"yoast-schema-graph\">{\"@context\":\"https:\/\/schema.org\",\"@graph\":[{\"@type\":\"WebSite\",\"@id\":\"https:\/\/www.urlaubcornwall.de\/blog\/#website\",\"url\":\"https:\/\/www.urlaubcornwall.de\/blog\/\",\"name\":\"Urlaub &amp; Reisen\",\"description\":\"Urlaub, Reisen, Cornwall und S\u00fcdengland: eine perfekte Kombination\",\"potentialAction\":[{\"@type\":\"SearchAction\",\"target\":{\"@type\":\"EntryPoint\",\"urlTemplate\":\"https:\/\/www.urlaubcornwall.de\/blog\/?s={search_term_string}\"},\"query-input\":\"required name=search_term_string\"}],\"inLanguage\":\"en-US\"},{\"@type\":\"WebPage\",\"@id\":\"https:\/\/www.urlaubcornwall.de\/blog\/kosten-ferienhaeuser-schottland\/\",\"url\":\"https:\/\/www.urlaubcornwall.de\/blog\/kosten-ferienhaeuser-schottland\/\",\"name\":\"Was kosten Ferienh\u00e4user in Schottland Highlands? - Urlaub &amp; Reisen\",\"isPartOf\":{\"@id\":\"https:\/\/www.urlaubcornwall.de\/blog\/#website\"},\"datePublished\":\"2023-04-12T10:48:27+00:00\",\"dateModified\":\"2024-04-15T14:26:22+00:00\",\"description\":\"Die Mietkosten f\u00fcr Ferienh\u00e4user in Schottland k\u00f6nnen je nach Lage, Jahreszeit und Gr\u00f6\u00dfe des Hauses variieren.\",\"breadcrumb\":{\"@id\":\"https:\/\/www.urlaubcornwall.de\/blog\/kosten-ferienhaeuser-schottland\/#breadcrumb\"},\"inLanguage\":\"en-US\",\"potentialAction\":[{\"@type\":\"ReadAction\",\"target\":[\"https:\/\/www.urlaubcornwall.de\/blog\/kosten-ferienhaeuser-schottland\/\"]}]},{\"@type\":\"BreadcrumbList\",\"@id\":\"https:\/\/www.urlaubcornwall.de\/blog\/kosten-ferienhaeuser-schottland\/#breadcrumb\",\"itemListElement\":[{\"@type\":\"ListItem\",\"position\":1,\"name\":\"Home\",\"item\":\"https:\/\/www.urlaubcornwall.de\/blog\/\"},{\"@type\":\"ListItem\",\"position\":2,\"name\":\"Was kosten Ferienh\u00e4user in Schottland Highlands?\"}]}]}<\/script>\n<!-- \/ Yoast SEO plugin. -->","yoast_head_json":{"title":"Was kosten Ferienh\u00e4user in Schottland Highlands? - Urlaub &amp; Reisen","description":"Die Mietkosten f\u00fcr Ferienh\u00e4user in Schottland k\u00f6nnen je nach Lage, Jahreszeit und Gr\u00f6\u00dfe des Hauses variieren.","robots":{"index":"index","follow":"follow","max-snippet":"max-snippet:-1","max-image-preview":"max-image-preview:large","max-video-preview":"max-video-preview:-1"},"canonical":"https:\/\/www.urlaubcornwall.de\/blog\/kosten-ferienhaeuser-schottland\/","og_locale":"en_US","og_type":"article","og_title":"Was kosten Ferienh\u00e4user in Schottland Highlands? - Urlaub &amp; Reisen","og_description":"Die Mietkosten f\u00fcr Ferienh\u00e4user in Schottland k\u00f6nnen je nach Lage, Jahreszeit und Gr\u00f6\u00dfe des Hauses variieren.","og_url":"https:\/\/www.urlaubcornwall.de\/blog\/kosten-ferienhaeuser-schottland\/","og_site_name":"Urlaub &amp; Reisen","article_modified_time":"2024-04-15T14:26:22+00:00","og_image":[{"url":"https:\/\/www.urlaubcornwall.de\/blog\/wp-content\/uploads\/2015\/10\/ferienhaus-schottland.jpg"}],"twitter_card":"summary","twitter_misc":{"Est. reading time":"1 minute"},"schema":{"@context":"https:\/\/schema.org","@graph":[{"@type":"WebSite","@id":"https:\/\/www.urlaubcornwall.de\/blog\/#website","url":"https:\/\/www.urlaubcornwall.de\/blog\/","name":"Urlaub &amp; Reisen","description":"Urlaub, Reisen, Cornwall und S\u00fcdengland: eine perfekte Kombination","potentialAction":[{"@type":"SearchAction","target":{"@type":"EntryPoint","urlTemplate":"https:\/\/www.urlaubcornwall.de\/blog\/?s={search_term_string}"},"query-input":"required name=search_term_string"}],"inLanguage":"en-US"},{"@type":"WebPage","@id":"https:\/\/www.urlaubcornwall.de\/blog\/kosten-ferienhaeuser-schottland\/","url":"https:\/\/www.urlaubcornwall.de\/blog\/kosten-ferienhaeuser-schottland\/","name":"Was kosten Ferienh\u00e4user in Schottland Highlands? - Urlaub &amp; Reisen","isPartOf":{"@id":"https:\/\/www.urlaubcornwall.de\/blog\/#website"},"datePublished":"2023-04-12T10:48:27+00:00","dateModified":"2024-04-15T14:26:22+00:00","description":"Die Mietkosten f\u00fcr Ferienh\u00e4user in Schottland k\u00f6nnen je nach Lage, Jahreszeit und Gr\u00f6\u00dfe des Hauses variieren.","breadcrumb":{"@id":"https:\/\/www.urlaubcornwall.de\/blog\/kosten-ferienhaeuser-schottland\/#breadcrumb"},"inLanguage":"en-US","potentialAction":[{"@type":"ReadAction","target":["https:\/\/www.urlaubcornwall.de\/blog\/kosten-ferienhaeuser-schottland\/"]}]},{"@type":"BreadcrumbList","@id":"https:\/\/www.urlaubcornwall.de\/blog\/kosten-ferienhaeuser-schottland\/#breadcrumb","itemListElement":[{"@type":"ListItem","position":1,"name":"Home","item":"https:\/\/www.urlaubcornwall.de\/blog\/"},{"@type":"ListItem","position":2,"name":"Was kosten Ferienh\u00e4user in Schottland Highlands?"}]}]}},"_links":{"self":[{"href":"https:\/\/www.urlaubcornwall.de\/blog\/wp-json\/wp\/v2\/pages\/46157"}],"collection":[{"href":"https:\/\/www.urlaubcornwall.de\/blog\/wp-json\/wp\/v2\/pages"}],"about":[{"href":"https:\/\/www.urlaubcornwall.de\/blog\/wp-json\/wp\/v2\/types\/page"}],"author":[{"embeddable":true,"href":"https:\/\/www.urlaubcornwall.de\/blog\/wp-json\/wp\/v2\/users\/1"}],"replies":[{"embeddable":true,"href":"https:\/\/www.urlaubcornwall.de\/blog\/wp-json\/wp\/v2\/comments?post=46157"}],"version-history":[{"count":4,"href":"https:\/\/www.urlaubcornwall.de\/blog\/wp-json\/wp\/v2\/pages\/46157\/revisions"}],"predecessor-version":[{"id":49547,"href":"https:\/\/www.urlaubcornwall.de\/blog\/wp-json\/wp\/v2\/pages\/46157\/revisions\/49547"}],"wp:attachment":[{"href":"https:\/\/www.urlaubcornwall.de\/blog\/wp-json\/wp\/v2\/media?parent=46157"}],"curies":[{"name":"wp","href":"https:\/\/api.w.org\/{rel}","templated":true}]}}