{"id":46155,"date":"2023-04-12T10:29:28","date_gmt":"2023-04-12T10:29:28","guid":{"rendered":"https:\/\/www.urlaubcornwall.de\/blog\/?page_id=46155"},"modified":"2023-04-12T15:33:23","modified_gmt":"2023-04-12T15:33:23","slug":"was-kosten-ferienhaeuser-in-cornwall","status":"publish","type":"page","link":"https:\/\/www.urlaubcornwall.de\/blog\/was-kosten-ferienhaeuser-in-cornwall\/","title":{"rendered":"Was kosten Ferienh\u00e4user in Cornwall?"},"content":{"rendered":"<p><img loading=\"lazy\" class=\"aligncenter size-full wp-image-38137\" src=\"https:\/\/www.urlaubcornwall.de\/blog\/wp-content\/uploads\/2019\/04\/Charmante-D\u00f6rfer-cornwall.jpg\" alt=\"Charmante Ferienhaus cornwall\" width=\"750\" height=\"498\"\/><\/p>\n<p>Die kosten f\u00fcr <a href=\"https:\/\/www.urlaubcornwall.de\/ferienhaeuser-fewos\/cornwall.html\">Ferienh\u00e4user in Cornwall<\/a> k\u00f6nnen je nach Lage, Jahreszeit und Gr\u00f6\u00dfe des Hauses variieren. Hier sind ungef\u00e4hre Durchschnittskosten pro Woche basierend auf der Anzahl der Schlafzimmer:<\/p>\n<p><a href=\"https:\/\/www.urlaubcornwall.de\/ferienhaeuser-fewos\/cornwall-fuer-2-personen.html\">1-Schlafzimmer-Ferienhaus<\/a>: \u00a3400-\u00a3600 pro Woche<\/p>\n<p><a href=\"https:\/\/www.urlaubcornwall.de\/ferienhaeuser-fewos\/cornwall-fuer-4-personen.html\">2-Schlafzimmer-Ferienhaus<\/a>: \u00a3600-\u00a31.000 pro Woche<\/p>\n<p><a href=\"https:\/\/www.urlaubcornwall.de\/ferienhaeuser-fewos\/cornwall-fuer-6-personen.html\">3-Schlafzimmer-Ferienhaus<\/a>: \u00a3800-\u00a31.500 pro Woche<\/p>\n<p><a href=\"https:\/\/www.urlaubcornwall.de\/ferienhaeuser-fewos\/cornwall-fuer-8-personen.html\">4-Schlafzimmer-Ferienhaus<\/a>: \u00a31.000-\u00a32.000 pro Woche<\/p>\n<p><a href=\"https:\/\/www.urlaubcornwall.de\/ferienhaeuser-fewos\/cornwall-fuer-10-personen.html\">5-Schlafzimmer-Ferienhaus<\/a>: \u00a31.500-\u00a33.000 pro Woche<\/p>\n<p>Cornwall ist das perfekte Urlaubsziel \u2013 suchen Sie sich also ein Ferienhaus mit Selbstverpflegung in Cornwall aus, wo es auch landeinw\u00e4rts viel zu entdecken gibt. Mit seinem \u00fcberaus milden Klima werden Sie sich fragen, ob Sie sich tats\u00e4chlich in England befinden.Um UrlaubCornwall.de <a href=\"https:\/\/www.urlaubcornwall.de\/ferienhaeuser-fewos\/cornwall.html\">einzigartige Kollektion nach Ihrem idealen Ferienhaus zu durchsuchen<\/a>. <\/p>\n<p style=\"text-align: center;\"><a class=\"tidycta\" href=\"https:\/\/www.urlaubcornwall.de\/ferienhaeuser-fewos\/cornwall.html\">Suche Ferienh\u00e4user in Cornwall<\/a><\/p>\n","protected":false},"excerpt":{"rendered":"<p>Die kosten f\u00fcr Ferienh\u00e4user in Cornwall k\u00f6nnen je nach Lage, Jahreszeit und Gr\u00f6\u00dfe des Hauses variieren. Hier sind ungef\u00e4hre Durchschnittskosten pro Woche basierend auf der Anzahl der Schlafzimmer: 1-Schlafzimmer-Ferienhaus: \u00a3400-\u00a3600 pro Woche 2-Schlafzimmer-Ferienhaus: \u00a3600-\u00a31.000 pro Woche 3-Schlafzimmer-Ferienhaus: \u00a3800-\u00a31.500 pro Woche 4-Schlafzimmer-Ferienhaus: \u00a31.000-\u00a32.000 pro Woche 5-Schlafzimmer-Ferienhaus: \u00a31.500-\u00a33.000 pro Woche Cornwall ist das perfekte Urlaubsziel \u2013 suchen [&hellip;]<\/p>\n","protected":false},"author":1,"featured_media":0,"parent":0,"menu_order":0,"comment_status":"closed","ping_status":"closed","template":"single-four.php","meta":[],"acf":[],"yoast_head":"<!-- This site is optimized with the Yoast SEO plugin v19.4 - https:\/\/yoast.com\/wordpress\/plugins\/seo\/ -->\n<title>Was kosten Ferienh\u00e4user in Cornwall? - Urlaub &amp; Reisen<\/title>\n<meta name=\"description\" content=\"Die kosten f\u00fcr Ferienh\u00e4user in Cornwall k\u00f6nnen je nach Lage, Jahreszeit und Gr\u00f6\u00dfe des Hauses variieren.\" \/>\n<meta name=\"robots\" content=\"index, follow, max-snippet:-1, max-image-preview:large, max-video-preview:-1\" \/>\n<link rel=\"canonical\" href=\"https:\/\/www.urlaubcornwall.de\/blog\/was-kosten-ferienhaeuser-in-cornwall\/\" \/>\n<meta property=\"og:locale\" content=\"en_US\" \/>\n<meta property=\"og:type\" content=\"article\" \/>\n<meta property=\"og:title\" content=\"Was kosten Ferienh\u00e4user in Cornwall? - Urlaub &amp; Reisen\" \/>\n<meta property=\"og:description\" content=\"Die kosten f\u00fcr Ferienh\u00e4user in Cornwall k\u00f6nnen je nach Lage, Jahreszeit und Gr\u00f6\u00dfe des Hauses variieren.\" \/>\n<meta property=\"og:url\" content=\"https:\/\/www.urlaubcornwall.de\/blog\/was-kosten-ferienhaeuser-in-cornwall\/\" \/>\n<meta property=\"og:site_name\" content=\"Urlaub &amp; Reisen\" \/>\n<meta property=\"article:modified_time\" content=\"2023-04-12T15:33:23+00:00\" \/>\n<meta name=\"twitter:card\" content=\"summary\" \/>\n<script type=\"application\/ld+json\" class=\"yoast-schema-graph\">{\"@context\":\"https:\/\/schema.org\",\"@graph\":[{\"@type\":\"WebSite\",\"@id\":\"https:\/\/www.urlaubcornwall.de\/blog\/#website\",\"url\":\"https:\/\/www.urlaubcornwall.de\/blog\/\",\"name\":\"Urlaub &amp; Reisen\",\"description\":\"Urlaub, Reisen, Cornwall und S\u00fcdengland: eine perfekte Kombination\",\"potentialAction\":[{\"@type\":\"SearchAction\",\"target\":{\"@type\":\"EntryPoint\",\"urlTemplate\":\"https:\/\/www.urlaubcornwall.de\/blog\/?s={search_term_string}\"},\"query-input\":\"required name=search_term_string\"}],\"inLanguage\":\"en-US\"},{\"@type\":\"WebPage\",\"@id\":\"https:\/\/www.urlaubcornwall.de\/blog\/was-kosten-ferienhaeuser-in-cornwall\/\",\"url\":\"https:\/\/www.urlaubcornwall.de\/blog\/was-kosten-ferienhaeuser-in-cornwall\/\",\"name\":\"Was kosten Ferienh\u00e4user in Cornwall? - Urlaub &amp; Reisen\",\"isPartOf\":{\"@id\":\"https:\/\/www.urlaubcornwall.de\/blog\/#website\"},\"datePublished\":\"2023-04-12T10:29:28+00:00\",\"dateModified\":\"2023-04-12T15:33:23+00:00\",\"description\":\"Die kosten f\u00fcr Ferienh\u00e4user in Cornwall k\u00f6nnen je nach Lage, Jahreszeit und Gr\u00f6\u00dfe des Hauses variieren.\",\"breadcrumb\":{\"@id\":\"https:\/\/www.urlaubcornwall.de\/blog\/was-kosten-ferienhaeuser-in-cornwall\/#breadcrumb\"},\"inLanguage\":\"en-US\",\"potentialAction\":[{\"@type\":\"ReadAction\",\"target\":[\"https:\/\/www.urlaubcornwall.de\/blog\/was-kosten-ferienhaeuser-in-cornwall\/\"]}]},{\"@type\":\"BreadcrumbList\",\"@id\":\"https:\/\/www.urlaubcornwall.de\/blog\/was-kosten-ferienhaeuser-in-cornwall\/#breadcrumb\",\"itemListElement\":[{\"@type\":\"ListItem\",\"position\":1,\"name\":\"Home\",\"item\":\"https:\/\/www.urlaubcornwall.de\/blog\/\"},{\"@type\":\"ListItem\",\"position\":2,\"name\":\"Was kosten Ferienh\u00e4user in Cornwall?\"}]}]}<\/script>\n<!-- \/ Yoast SEO plugin. -->","yoast_head_json":{"title":"Was kosten Ferienh\u00e4user in Cornwall? - Urlaub &amp; Reisen","description":"Die kosten f\u00fcr Ferienh\u00e4user in Cornwall k\u00f6nnen je nach Lage, Jahreszeit und Gr\u00f6\u00dfe des Hauses variieren.","robots":{"index":"index","follow":"follow","max-snippet":"max-snippet:-1","max-image-preview":"max-image-preview:large","max-video-preview":"max-video-preview:-1"},"canonical":"https:\/\/www.urlaubcornwall.de\/blog\/was-kosten-ferienhaeuser-in-cornwall\/","og_locale":"en_US","og_type":"article","og_title":"Was kosten Ferienh\u00e4user in Cornwall? - Urlaub &amp; Reisen","og_description":"Die kosten f\u00fcr Ferienh\u00e4user in Cornwall k\u00f6nnen je nach Lage, Jahreszeit und Gr\u00f6\u00dfe des Hauses variieren.","og_url":"https:\/\/www.urlaubcornwall.de\/blog\/was-kosten-ferienhaeuser-in-cornwall\/","og_site_name":"Urlaub &amp; Reisen","article_modified_time":"2023-04-12T15:33:23+00:00","twitter_card":"summary","schema":{"@context":"https:\/\/schema.org","@graph":[{"@type":"WebSite","@id":"https:\/\/www.urlaubcornwall.de\/blog\/#website","url":"https:\/\/www.urlaubcornwall.de\/blog\/","name":"Urlaub &amp; Reisen","description":"Urlaub, Reisen, Cornwall und S\u00fcdengland: eine perfekte Kombination","potentialAction":[{"@type":"SearchAction","target":{"@type":"EntryPoint","urlTemplate":"https:\/\/www.urlaubcornwall.de\/blog\/?s={search_term_string}"},"query-input":"required name=search_term_string"}],"inLanguage":"en-US"},{"@type":"WebPage","@id":"https:\/\/www.urlaubcornwall.de\/blog\/was-kosten-ferienhaeuser-in-cornwall\/","url":"https:\/\/www.urlaubcornwall.de\/blog\/was-kosten-ferienhaeuser-in-cornwall\/","name":"Was kosten Ferienh\u00e4user in Cornwall? - Urlaub &amp; Reisen","isPartOf":{"@id":"https:\/\/www.urlaubcornwall.de\/blog\/#website"},"datePublished":"2023-04-12T10:29:28+00:00","dateModified":"2023-04-12T15:33:23+00:00","description":"Die kosten f\u00fcr Ferienh\u00e4user in Cornwall k\u00f6nnen je nach Lage, Jahreszeit und Gr\u00f6\u00dfe des Hauses variieren.","breadcrumb":{"@id":"https:\/\/www.urlaubcornwall.de\/blog\/was-kosten-ferienhaeuser-in-cornwall\/#breadcrumb"},"inLanguage":"en-US","potentialAction":[{"@type":"ReadAction","target":["https:\/\/www.urlaubcornwall.de\/blog\/was-kosten-ferienhaeuser-in-cornwall\/"]}]},{"@type":"BreadcrumbList","@id":"https:\/\/www.urlaubcornwall.de\/blog\/was-kosten-ferienhaeuser-in-cornwall\/#breadcrumb","itemListElement":[{"@type":"ListItem","position":1,"name":"Home","item":"https:\/\/www.urlaubcornwall.de\/blog\/"},{"@type":"ListItem","position":2,"name":"Was kosten Ferienh\u00e4user in Cornwall?"}]}]}},"_links":{"self":[{"href":"https:\/\/www.urlaubcornwall.de\/blog\/wp-json\/wp\/v2\/pages\/46155"}],"collection":[{"href":"https:\/\/www.urlaubcornwall.de\/blog\/wp-json\/wp\/v2\/pages"}],"about":[{"href":"https:\/\/www.urlaubcornwall.de\/blog\/wp-json\/wp\/v2\/types\/page"}],"author":[{"embeddable":true,"href":"https:\/\/www.urlaubcornwall.de\/blog\/wp-json\/wp\/v2\/users\/1"}],"replies":[{"embeddable":true,"href":"https:\/\/www.urlaubcornwall.de\/blog\/wp-json\/wp\/v2\/comments?post=46155"}],"version-history":[{"count":2,"href":"https:\/\/www.urlaubcornwall.de\/blog\/wp-json\/wp\/v2\/pages\/46155\/revisions"}],"predecessor-version":[{"id":46169,"href":"https:\/\/www.urlaubcornwall.de\/blog\/wp-json\/wp\/v2\/pages\/46155\/revisions\/46169"}],"wp:attachment":[{"href":"https:\/\/www.urlaubcornwall.de\/blog\/wp-json\/wp\/v2\/media?parent=46155"}],"curies":[{"name":"wp","href":"https:\/\/api.w.org\/{rel}","templated":true}]}}