{"id":46151,"date":"2023-04-12T10:08:49","date_gmt":"2023-04-12T10:08:49","guid":{"rendered":"https:\/\/www.urlaubcornwall.de\/blog\/?page_id=46151"},"modified":"2024-04-15T14:27:32","modified_gmt":"2024-04-15T14:27:32","slug":"wie-warm-ist-es-im-sommer-in-schottland","status":"publish","type":"page","link":"https:\/\/www.urlaubcornwall.de\/blog\/wie-warm-ist-es-im-sommer-in-schottland\/","title":{"rendered":"Wie warm ist es im Sommer in Schottland?"},"content":{"rendered":"<p><img loading=\"lazy\" class=\"aligncenter size-full wp-image-48099\" src=\"https:\/\/www.urlaubcornwall.de\/blog\/wp-content\/uploads\/2024\/03\/plockton.jpg\" alt=\"plockton\" width=\"750\" height=\"563\" srcset=\"https:\/\/www.urlaubcornwall.de\/blog\/wp-content\/uploads\/2024\/03\/plockton.jpg 750w, https:\/\/www.urlaubcornwall.de\/blog\/wp-content\/uploads\/2024\/03\/plockton-300x225.jpg 300w\" sizes=\"(max-width: 750px) 100vw, 750px\" \/><\/p>\n<p>Die durchschnittlichen Temperaturen im Sommer in Schottland k\u00f6nnen je nach Region variieren, aber im Allgemeinen liegen sie zwischen 15 und 20 Grad Celsius. An manchen Tagen kann die Temperatur jedoch h\u00f6her steigen, insbesondere in den <a href=\"https:\/\/www.urlaubcornwall.de\/ferienhaeuser-fewos\/sco\/suedschottland\/suedschottland.html\">s\u00fcdlicheren Regionen Schottlands<\/a>. <\/p>\n<p>Es ist jedoch wichtig, zu beachten, dass das Wetter in <a href=\"https:\/\/www.urlaubcornwall.de\/reiseziel\/schottland.php\">Schottland<\/a> sehr wechselhaft sein kann und es zu jeder Jahreszeit regnen oder k\u00fchl werden kann. Es ist daher ratsam, Kleidung f\u00fcr verschiedene Wetterbedingungen mitzubringen, wenn Sie im Sommer nach Schottland reisen!<\/p>\n<p style=\"text-align: center;\"><a class=\"tidycta\" href=\"https:\/\/www.urlaubcornwall.de\/ferienhaeuser\/schottland.php\">Suche Ferienh\u00e4user in Schottland<\/a><\/p>\n<div class=\"snippet\"> <a class=\"featured-item\" href=\" https:\/\/www.urlaubcornwall.de\/ferienhaeuser\/schottland.php\"> <span class=\"image-holder\" style=\"background-image: url(' https:\/\/www.urlaubcornwall.de\/blog\/wp-content\/uploads\/2019\/01\/urlaub-schottland-highlands.jpg ');\"><\/span> <span class=\"featured-content\"> \n<h2 class=\"featured-title\">Bei uns finden Sie Ferienh\u00e4user in Schottland zum Verlieben!<\/h2>\n<p class=\"featured-body\">Untenstehend finden Sie eine Auswahl an Ferienh\u00e4usern in Schottland. Hier finden Sie pers\u00f6nlich inspizierte Cottages entlang der schottischen K\u00fcste, in den schottischen Highlands und auf den Inseln&#8230;..<\/p>\n<\/span> <span class=\"featured-link-holder\"> <span class=\"featured-extra-info\"> \n<p>F\u00fcr Paare, Familien &#038; Gruppen<\/p>\n<\/span> \n<p class=\"featured-link\">DETAILS<\/p>\n<\/span> <\/a><\/div>\n","protected":false},"excerpt":{"rendered":"<p>Die durchschnittlichen Temperaturen im Sommer in Schottland k\u00f6nnen je nach Region variieren, aber im Allgemeinen liegen sie zwischen 15 und 20 Grad Celsius. An manchen Tagen kann die Temperatur jedoch h\u00f6her steigen, insbesondere in den s\u00fcdlicheren Regionen Schottlands. Es ist jedoch wichtig, zu beachten, dass das Wetter in Schottland sehr wechselhaft sein kann und es [&hellip;]<\/p>\n","protected":false},"author":1,"featured_media":0,"parent":0,"menu_order":0,"comment_status":"closed","ping_status":"closed","template":"single-four.php","meta":[],"acf":[],"yoast_head":"<!-- This site is optimized with the Yoast SEO plugin v19.4 - https:\/\/yoast.com\/wordpress\/plugins\/seo\/ -->\n<title>Wie warm ist es im Sommer in Schottland? - Urlaub &amp; Reisen<\/title>\n<meta name=\"description\" content=\"Die durchschnittlichen Temperaturen im Sommer in Schottland k\u00f6nnen je nach Region variieren, aber im Allgemeinen liegen sie zwischen 15\" \/>\n<meta name=\"robots\" content=\"index, follow, max-snippet:-1, max-image-preview:large, max-video-preview:-1\" \/>\n<link rel=\"canonical\" href=\"https:\/\/www.urlaubcornwall.de\/blog\/wie-warm-ist-es-im-sommer-in-schottland\/\" \/>\n<meta property=\"og:locale\" content=\"en_US\" \/>\n<meta property=\"og:type\" content=\"article\" \/>\n<meta property=\"og:title\" content=\"Wie warm ist es im Sommer in Schottland? - Urlaub &amp; Reisen\" \/>\n<meta property=\"og:description\" content=\"Die durchschnittlichen Temperaturen im Sommer in Schottland k\u00f6nnen je nach Region variieren, aber im Allgemeinen liegen sie zwischen 15\" \/>\n<meta property=\"og:url\" content=\"https:\/\/www.urlaubcornwall.de\/blog\/wie-warm-ist-es-im-sommer-in-schottland\/\" \/>\n<meta property=\"og:site_name\" content=\"Urlaub &amp; Reisen\" \/>\n<meta property=\"article:modified_time\" content=\"2024-04-15T14:27:32+00:00\" \/>\n<meta property=\"og:image\" content=\"https:\/\/www.urlaubcornwall.de\/blog\/wp-content\/uploads\/2024\/03\/plockton.jpg\" \/>\n<meta name=\"twitter:card\" content=\"summary\" \/>\n<meta name=\"twitter:label1\" content=\"Est. reading time\" \/>\n\t<meta name=\"twitter:data1\" content=\"1 minute\" \/>\n<script type=\"application\/ld+json\" class=\"yoast-schema-graph\">{\"@context\":\"https:\/\/schema.org\",\"@graph\":[{\"@type\":\"WebSite\",\"@id\":\"https:\/\/www.urlaubcornwall.de\/blog\/#website\",\"url\":\"https:\/\/www.urlaubcornwall.de\/blog\/\",\"name\":\"Urlaub &amp; Reisen\",\"description\":\"Urlaub, Reisen, Cornwall und S\u00fcdengland: eine perfekte Kombination\",\"potentialAction\":[{\"@type\":\"SearchAction\",\"target\":{\"@type\":\"EntryPoint\",\"urlTemplate\":\"https:\/\/www.urlaubcornwall.de\/blog\/?s={search_term_string}\"},\"query-input\":\"required name=search_term_string\"}],\"inLanguage\":\"en-US\"},{\"@type\":\"WebPage\",\"@id\":\"https:\/\/www.urlaubcornwall.de\/blog\/wie-warm-ist-es-im-sommer-in-schottland\/\",\"url\":\"https:\/\/www.urlaubcornwall.de\/blog\/wie-warm-ist-es-im-sommer-in-schottland\/\",\"name\":\"Wie warm ist es im Sommer in Schottland? - Urlaub &amp; Reisen\",\"isPartOf\":{\"@id\":\"https:\/\/www.urlaubcornwall.de\/blog\/#website\"},\"datePublished\":\"2023-04-12T10:08:49+00:00\",\"dateModified\":\"2024-04-15T14:27:32+00:00\",\"description\":\"Die durchschnittlichen Temperaturen im Sommer in Schottland k\u00f6nnen je nach Region variieren, aber im Allgemeinen liegen sie zwischen 15\",\"breadcrumb\":{\"@id\":\"https:\/\/www.urlaubcornwall.de\/blog\/wie-warm-ist-es-im-sommer-in-schottland\/#breadcrumb\"},\"inLanguage\":\"en-US\",\"potentialAction\":[{\"@type\":\"ReadAction\",\"target\":[\"https:\/\/www.urlaubcornwall.de\/blog\/wie-warm-ist-es-im-sommer-in-schottland\/\"]}]},{\"@type\":\"BreadcrumbList\",\"@id\":\"https:\/\/www.urlaubcornwall.de\/blog\/wie-warm-ist-es-im-sommer-in-schottland\/#breadcrumb\",\"itemListElement\":[{\"@type\":\"ListItem\",\"position\":1,\"name\":\"Home\",\"item\":\"https:\/\/www.urlaubcornwall.de\/blog\/\"},{\"@type\":\"ListItem\",\"position\":2,\"name\":\"Wie warm ist es im Sommer in Schottland?\"}]}]}<\/script>\n<!-- \/ Yoast SEO plugin. -->","yoast_head_json":{"title":"Wie warm ist es im Sommer in Schottland? - Urlaub &amp; Reisen","description":"Die durchschnittlichen Temperaturen im Sommer in Schottland k\u00f6nnen je nach Region variieren, aber im Allgemeinen liegen sie zwischen 15","robots":{"index":"index","follow":"follow","max-snippet":"max-snippet:-1","max-image-preview":"max-image-preview:large","max-video-preview":"max-video-preview:-1"},"canonical":"https:\/\/www.urlaubcornwall.de\/blog\/wie-warm-ist-es-im-sommer-in-schottland\/","og_locale":"en_US","og_type":"article","og_title":"Wie warm ist es im Sommer in Schottland? - Urlaub &amp; Reisen","og_description":"Die durchschnittlichen Temperaturen im Sommer in Schottland k\u00f6nnen je nach Region variieren, aber im Allgemeinen liegen sie zwischen 15","og_url":"https:\/\/www.urlaubcornwall.de\/blog\/wie-warm-ist-es-im-sommer-in-schottland\/","og_site_name":"Urlaub &amp; Reisen","article_modified_time":"2024-04-15T14:27:32+00:00","og_image":[{"url":"https:\/\/www.urlaubcornwall.de\/blog\/wp-content\/uploads\/2024\/03\/plockton.jpg"}],"twitter_card":"summary","twitter_misc":{"Est. reading time":"1 minute"},"schema":{"@context":"https:\/\/schema.org","@graph":[{"@type":"WebSite","@id":"https:\/\/www.urlaubcornwall.de\/blog\/#website","url":"https:\/\/www.urlaubcornwall.de\/blog\/","name":"Urlaub &amp; Reisen","description":"Urlaub, Reisen, Cornwall und S\u00fcdengland: eine perfekte Kombination","potentialAction":[{"@type":"SearchAction","target":{"@type":"EntryPoint","urlTemplate":"https:\/\/www.urlaubcornwall.de\/blog\/?s={search_term_string}"},"query-input":"required name=search_term_string"}],"inLanguage":"en-US"},{"@type":"WebPage","@id":"https:\/\/www.urlaubcornwall.de\/blog\/wie-warm-ist-es-im-sommer-in-schottland\/","url":"https:\/\/www.urlaubcornwall.de\/blog\/wie-warm-ist-es-im-sommer-in-schottland\/","name":"Wie warm ist es im Sommer in Schottland? - Urlaub &amp; Reisen","isPartOf":{"@id":"https:\/\/www.urlaubcornwall.de\/blog\/#website"},"datePublished":"2023-04-12T10:08:49+00:00","dateModified":"2024-04-15T14:27:32+00:00","description":"Die durchschnittlichen Temperaturen im Sommer in Schottland k\u00f6nnen je nach Region variieren, aber im Allgemeinen liegen sie zwischen 15","breadcrumb":{"@id":"https:\/\/www.urlaubcornwall.de\/blog\/wie-warm-ist-es-im-sommer-in-schottland\/#breadcrumb"},"inLanguage":"en-US","potentialAction":[{"@type":"ReadAction","target":["https:\/\/www.urlaubcornwall.de\/blog\/wie-warm-ist-es-im-sommer-in-schottland\/"]}]},{"@type":"BreadcrumbList","@id":"https:\/\/www.urlaubcornwall.de\/blog\/wie-warm-ist-es-im-sommer-in-schottland\/#breadcrumb","itemListElement":[{"@type":"ListItem","position":1,"name":"Home","item":"https:\/\/www.urlaubcornwall.de\/blog\/"},{"@type":"ListItem","position":2,"name":"Wie warm ist es im Sommer in Schottland?"}]}]}},"_links":{"self":[{"href":"https:\/\/www.urlaubcornwall.de\/blog\/wp-json\/wp\/v2\/pages\/46151"}],"collection":[{"href":"https:\/\/www.urlaubcornwall.de\/blog\/wp-json\/wp\/v2\/pages"}],"about":[{"href":"https:\/\/www.urlaubcornwall.de\/blog\/wp-json\/wp\/v2\/types\/page"}],"author":[{"embeddable":true,"href":"https:\/\/www.urlaubcornwall.de\/blog\/wp-json\/wp\/v2\/users\/1"}],"replies":[{"embeddable":true,"href":"https:\/\/www.urlaubcornwall.de\/blog\/wp-json\/wp\/v2\/comments?post=46151"}],"version-history":[{"count":4,"href":"https:\/\/www.urlaubcornwall.de\/blog\/wp-json\/wp\/v2\/pages\/46151\/revisions"}],"predecessor-version":[{"id":49552,"href":"https:\/\/www.urlaubcornwall.de\/blog\/wp-json\/wp\/v2\/pages\/46151\/revisions\/49552"}],"wp:attachment":[{"href":"https:\/\/www.urlaubcornwall.de\/blog\/wp-json\/wp\/v2\/media?parent=46151"}],"curies":[{"name":"wp","href":"https:\/\/api.w.org\/{rel}","templated":true}]}}