{"id":46150,"date":"2023-04-12T09:54:43","date_gmt":"2023-04-12T09:54:43","guid":{"rendered":"https:\/\/www.urlaubcornwall.de\/blog\/?page_id=46150"},"modified":"2024-04-15T14:27:45","modified_gmt":"2024-04-15T14:27:45","slug":"wo-in-schottland-urlaub-machen","status":"publish","type":"page","link":"https:\/\/www.urlaubcornwall.de\/blog\/wo-in-schottland-urlaub-machen\/","title":{"rendered":"Wo in Schottland Urlaub machen?"},"content":{"rendered":"<p><a href=\"https:\/\/www.urlaubcornwall.de\/blog\/wp-content\/uploads\/2017\/09\/Loch-ness_urlaub.jpg\"><img loading=\"lazy\" src=\"https:\/\/www.urlaubcornwall.de\/blog\/wp-content\/uploads\/2017\/09\/Loch-ness_urlaub.jpg\" alt=\"urlaub Loch Ness\" width=\"750\" height=\"422\" class=\"alignnone size-full wp-image-29375\" \/><\/a><\/p>\n<p><a href=\"https:\/\/www.urlaubcornwall.de\/reiseziel\/schottland.php\">Schottland ist ein wundersch\u00f6nes Land<\/a> mit vielen verschiedenen Regionen und St\u00e4dten, die f\u00fcr Urlauber geeignet sind. Hier sind einige der beliebtesten:<\/p>\n<p>Edinburgh: Die <a href=\"https:\/\/www.urlaubcornwall.de\/ferienhaeuser-fewos\/sco\/zentralschottland\/edinburgh.html\">Hauptstadt von Schottland<\/a> ist bekannt f\u00fcr ihre historischen Geb\u00e4ude, Museen, Kunstgalerien und Einkaufsm\u00f6glichkeiten.<\/p>\n<p>Glasgow: Die gr\u00f6\u00dfte Stadt Schottlands ist bekannt f\u00fcr ihre kulturelle Vielfalt, Musikszene, Architektur und Museen.<\/p>\n<p>Skye: Die <a href=\"https:\/\/www.urlaubcornwall.de\/ferienhaeuser-fewos\/sco\/schottische-inseln\/isle-of-skye.html\">Isle of Skye<\/a> ist eine der beliebtesten Inseln Schottlands mit atemberaubender Landschaft, historischen St\u00e4tten und Outdoor-Aktivit\u00e4ten.<\/p>\n<p>Loch Ness: Der See ist bekannt f\u00fcr seine Verbindung zum legend\u00e4ren Monster von <a href=\"https:\/\/www.urlaubcornwall.de\/ferienhaeuser-fewos\/sco\/nordschottland\/loch-ness.html\">Loch Ness<\/a>, aber auch f\u00fcr seine malerische Sch\u00f6nheit und Outdoor-Aktivit\u00e4ten.<\/p>\n<p>Highlands: Die Highlands sind eine Region im <a href=\"https:\/\/www.urlaubcornwall.de\/ferienhaeuser-fewos\/sco\/nordschottland\/nordschottland.html\">Norden Schottlands<\/a> mit unber\u00fchrter Landschaft, malerischen D\u00f6rfern, historischen St\u00e4tten und Outdoor-Aktivit\u00e4ten.<\/p>\n<p>Aberdeen: Die Stadt ist bekannt f\u00fcr ihre historischen Geb\u00e4ude, Museen und Str\u00e4nde.<\/p>\n<p><a href=\"https:\/\/www.urlaubcornwall.de\/ferienhaeuser-fewos\/sco\/zentralschottland\/st-andrews.html\">St. Andrews<\/a>: Die Stadt ist bekannt f\u00fcr ihre historischen St\u00e4tten, darunter die \u00e4lteste Universit\u00e4t Schottlands und der ber\u00fchmte Golfplatz.<\/p>\n<p>Orkney: Die <a href=\"https:\/\/www.urlaubcornwall.de\/ferienhaeuser-fewos\/sco\/schottische-inseln\/kirkwall.html\">Orkney-Inseln<\/a> sind bekannt f\u00fcr ihre reiche Geschichte, pr\u00e4historischen St\u00e4tten und malerischen Landschaften.<\/p>\n<p><a href=\"https:\/\/www.urlaubcornwall.de\/ferienhaeuser-fewos\/sco\/nordschottland\/inverness.html\">Inverness<\/a>: Die Stadt ist ein beliebter Ausgangspunkt f\u00fcr Reisen in die Highlands und bietet eine Mischung aus Kultur, Geschichte und Natur.<\/p>\n<p>Shetland: Die <a href=\"https:\/\/www.urlaubcornwall.de\/ferienhaeuser-fewos\/sco\/schottische-inseln\/unst.html\">Shetland-Inseln<\/a> sind bekannt f\u00fcr ihre reiche Geschichte, atemberaubende Landschaft und einzigartige Tierwelt.<\/p>\n<p>Diese Liste ist nur ein kleiner Ausschnitt aus den vielen wundersch\u00f6nen Regionen, St\u00e4dten und D\u00f6rfern, die Schottland zu bieten hat.<\/p>\n<p>Wir haben auch eine gro\u00dfe Auswahl an Selbstversorger-Cottages, die Sie in Zentralschottland, S\u00fcdschottland, dem Grenzgebiet und in vielen weiteren schottischen St\u00e4dten und D\u00f6rfern mieten k\u00f6nnen. <\/p>\n<p style=\"text-align: center;\"><a class=\"tidycta\" href=\"https:\/\/www.urlaubcornwall.de\/ferienhaeuser\/schottland.php\">Suche Ferienh\u00e4user in Schottland<\/a><\/p>\n<div class=\"snippet\"> <a class=\"featured-item\" href=\" https:\/\/www.urlaubcornwall.de\/ferienhaeuser\/schottland.php\"> <span class=\"image-holder\" style=\"background-image: url(' https:\/\/www.urlaubcornwall.de\/blog\/wp-content\/uploads\/2019\/01\/urlaub-schottland-highlands.jpg ');\"><\/span> <span class=\"featured-content\"> \n<h2 class=\"featured-title\">Bei uns finden Sie Ferienh\u00e4user in Schottland zum Verlieben!<\/h2>\n<p class=\"featured-body\">Untenstehend finden Sie eine Auswahl an Ferienh\u00e4usern in Schottland. Hier finden Sie pers\u00f6nlich inspizierte Cottages entlang der schottischen K\u00fcste, in den schottischen Highlands und auf den Inseln&#8230;..<\/p>\n<\/span> <span class=\"featured-link-holder\"> <span class=\"featured-extra-info\"> \n<p>F\u00fcr Paare, Familien &#038; Gruppen<\/p>\n<\/span> \n<p class=\"featured-link\">DETAILS<\/p>\n<\/span> <\/a><\/div>\n","protected":false},"excerpt":{"rendered":"<p>Schottland ist ein wundersch\u00f6nes Land mit vielen verschiedenen Regionen und St\u00e4dten, die f\u00fcr Urlauber geeignet sind. Hier sind einige der beliebtesten: Edinburgh: Die Hauptstadt von Schottland ist bekannt f\u00fcr ihre historischen Geb\u00e4ude, Museen, Kunstgalerien und Einkaufsm\u00f6glichkeiten. Glasgow: Die gr\u00f6\u00dfte Stadt Schottlands ist bekannt f\u00fcr ihre kulturelle Vielfalt, Musikszene, Architektur und Museen. Skye: Die Isle of [&hellip;]<\/p>\n","protected":false},"author":1,"featured_media":0,"parent":0,"menu_order":0,"comment_status":"closed","ping_status":"closed","template":"single-four.php","meta":[],"acf":[],"yoast_head":"<!-- This site is optimized with the Yoast SEO plugin v19.4 - https:\/\/yoast.com\/wordpress\/plugins\/seo\/ -->\n<title>Wo in Schottland Urlaub machen? - Urlaub &amp; Reisen<\/title>\n<meta name=\"description\" content=\"Schottland ist ein wundersch\u00f6nes Land mit vielen verschiedenen Regionen und St\u00e4dten, die f\u00fcr Urlauber geeignet sind\" \/>\n<meta name=\"robots\" content=\"index, follow, max-snippet:-1, max-image-preview:large, max-video-preview:-1\" \/>\n<link rel=\"canonical\" href=\"https:\/\/www.urlaubcornwall.de\/blog\/wo-in-schottland-urlaub-machen\/\" \/>\n<meta property=\"og:locale\" content=\"en_US\" \/>\n<meta property=\"og:type\" content=\"article\" \/>\n<meta property=\"og:title\" content=\"Wo in Schottland Urlaub machen? - Urlaub &amp; Reisen\" \/>\n<meta property=\"og:description\" content=\"Schottland ist ein wundersch\u00f6nes Land mit vielen verschiedenen Regionen und St\u00e4dten, die f\u00fcr Urlauber geeignet sind\" \/>\n<meta property=\"og:url\" content=\"https:\/\/www.urlaubcornwall.de\/blog\/wo-in-schottland-urlaub-machen\/\" \/>\n<meta property=\"og:site_name\" content=\"Urlaub &amp; Reisen\" \/>\n<meta property=\"article:modified_time\" content=\"2024-04-15T14:27:45+00:00\" \/>\n<meta property=\"og:image\" content=\"https:\/\/www.urlaubcornwall.de\/blog\/wp-content\/uploads\/2017\/09\/Loch-ness_urlaub.jpg\" \/>\n<meta name=\"twitter:card\" content=\"summary\" \/>\n<meta name=\"twitter:label1\" content=\"Est. reading time\" \/>\n\t<meta name=\"twitter:data1\" content=\"2 minutes\" \/>\n<script type=\"application\/ld+json\" class=\"yoast-schema-graph\">{\"@context\":\"https:\/\/schema.org\",\"@graph\":[{\"@type\":\"WebSite\",\"@id\":\"https:\/\/www.urlaubcornwall.de\/blog\/#website\",\"url\":\"https:\/\/www.urlaubcornwall.de\/blog\/\",\"name\":\"Urlaub &amp; Reisen\",\"description\":\"Urlaub, Reisen, Cornwall und S\u00fcdengland: eine perfekte Kombination\",\"potentialAction\":[{\"@type\":\"SearchAction\",\"target\":{\"@type\":\"EntryPoint\",\"urlTemplate\":\"https:\/\/www.urlaubcornwall.de\/blog\/?s={search_term_string}\"},\"query-input\":\"required name=search_term_string\"}],\"inLanguage\":\"en-US\"},{\"@type\":\"WebPage\",\"@id\":\"https:\/\/www.urlaubcornwall.de\/blog\/wo-in-schottland-urlaub-machen\/\",\"url\":\"https:\/\/www.urlaubcornwall.de\/blog\/wo-in-schottland-urlaub-machen\/\",\"name\":\"Wo in Schottland Urlaub machen? - Urlaub &amp; Reisen\",\"isPartOf\":{\"@id\":\"https:\/\/www.urlaubcornwall.de\/blog\/#website\"},\"datePublished\":\"2023-04-12T09:54:43+00:00\",\"dateModified\":\"2024-04-15T14:27:45+00:00\",\"description\":\"Schottland ist ein wundersch\u00f6nes Land mit vielen verschiedenen Regionen und St\u00e4dten, die f\u00fcr Urlauber geeignet sind\",\"breadcrumb\":{\"@id\":\"https:\/\/www.urlaubcornwall.de\/blog\/wo-in-schottland-urlaub-machen\/#breadcrumb\"},\"inLanguage\":\"en-US\",\"potentialAction\":[{\"@type\":\"ReadAction\",\"target\":[\"https:\/\/www.urlaubcornwall.de\/blog\/wo-in-schottland-urlaub-machen\/\"]}]},{\"@type\":\"BreadcrumbList\",\"@id\":\"https:\/\/www.urlaubcornwall.de\/blog\/wo-in-schottland-urlaub-machen\/#breadcrumb\",\"itemListElement\":[{\"@type\":\"ListItem\",\"position\":1,\"name\":\"Home\",\"item\":\"https:\/\/www.urlaubcornwall.de\/blog\/\"},{\"@type\":\"ListItem\",\"position\":2,\"name\":\"Wo in Schottland Urlaub machen?\"}]}]}<\/script>\n<!-- \/ Yoast SEO plugin. -->","yoast_head_json":{"title":"Wo in Schottland Urlaub machen? - Urlaub &amp; Reisen","description":"Schottland ist ein wundersch\u00f6nes Land mit vielen verschiedenen Regionen und St\u00e4dten, die f\u00fcr Urlauber geeignet sind","robots":{"index":"index","follow":"follow","max-snippet":"max-snippet:-1","max-image-preview":"max-image-preview:large","max-video-preview":"max-video-preview:-1"},"canonical":"https:\/\/www.urlaubcornwall.de\/blog\/wo-in-schottland-urlaub-machen\/","og_locale":"en_US","og_type":"article","og_title":"Wo in Schottland Urlaub machen? - Urlaub &amp; Reisen","og_description":"Schottland ist ein wundersch\u00f6nes Land mit vielen verschiedenen Regionen und St\u00e4dten, die f\u00fcr Urlauber geeignet sind","og_url":"https:\/\/www.urlaubcornwall.de\/blog\/wo-in-schottland-urlaub-machen\/","og_site_name":"Urlaub &amp; Reisen","article_modified_time":"2024-04-15T14:27:45+00:00","og_image":[{"url":"https:\/\/www.urlaubcornwall.de\/blog\/wp-content\/uploads\/2017\/09\/Loch-ness_urlaub.jpg"}],"twitter_card":"summary","twitter_misc":{"Est. reading time":"2 minutes"},"schema":{"@context":"https:\/\/schema.org","@graph":[{"@type":"WebSite","@id":"https:\/\/www.urlaubcornwall.de\/blog\/#website","url":"https:\/\/www.urlaubcornwall.de\/blog\/","name":"Urlaub &amp; Reisen","description":"Urlaub, Reisen, Cornwall und S\u00fcdengland: eine perfekte Kombination","potentialAction":[{"@type":"SearchAction","target":{"@type":"EntryPoint","urlTemplate":"https:\/\/www.urlaubcornwall.de\/blog\/?s={search_term_string}"},"query-input":"required name=search_term_string"}],"inLanguage":"en-US"},{"@type":"WebPage","@id":"https:\/\/www.urlaubcornwall.de\/blog\/wo-in-schottland-urlaub-machen\/","url":"https:\/\/www.urlaubcornwall.de\/blog\/wo-in-schottland-urlaub-machen\/","name":"Wo in Schottland Urlaub machen? - Urlaub &amp; Reisen","isPartOf":{"@id":"https:\/\/www.urlaubcornwall.de\/blog\/#website"},"datePublished":"2023-04-12T09:54:43+00:00","dateModified":"2024-04-15T14:27:45+00:00","description":"Schottland ist ein wundersch\u00f6nes Land mit vielen verschiedenen Regionen und St\u00e4dten, die f\u00fcr Urlauber geeignet sind","breadcrumb":{"@id":"https:\/\/www.urlaubcornwall.de\/blog\/wo-in-schottland-urlaub-machen\/#breadcrumb"},"inLanguage":"en-US","potentialAction":[{"@type":"ReadAction","target":["https:\/\/www.urlaubcornwall.de\/blog\/wo-in-schottland-urlaub-machen\/"]}]},{"@type":"BreadcrumbList","@id":"https:\/\/www.urlaubcornwall.de\/blog\/wo-in-schottland-urlaub-machen\/#breadcrumb","itemListElement":[{"@type":"ListItem","position":1,"name":"Home","item":"https:\/\/www.urlaubcornwall.de\/blog\/"},{"@type":"ListItem","position":2,"name":"Wo in Schottland Urlaub machen?"}]}]}},"_links":{"self":[{"href":"https:\/\/www.urlaubcornwall.de\/blog\/wp-json\/wp\/v2\/pages\/46150"}],"collection":[{"href":"https:\/\/www.urlaubcornwall.de\/blog\/wp-json\/wp\/v2\/pages"}],"about":[{"href":"https:\/\/www.urlaubcornwall.de\/blog\/wp-json\/wp\/v2\/types\/page"}],"author":[{"embeddable":true,"href":"https:\/\/www.urlaubcornwall.de\/blog\/wp-json\/wp\/v2\/users\/1"}],"replies":[{"embeddable":true,"href":"https:\/\/www.urlaubcornwall.de\/blog\/wp-json\/wp\/v2\/comments?post=46150"}],"version-history":[{"count":2,"href":"https:\/\/www.urlaubcornwall.de\/blog\/wp-json\/wp\/v2\/pages\/46150\/revisions"}],"predecessor-version":[{"id":49553,"href":"https:\/\/www.urlaubcornwall.de\/blog\/wp-json\/wp\/v2\/pages\/46150\/revisions\/49553"}],"wp:attachment":[{"href":"https:\/\/www.urlaubcornwall.de\/blog\/wp-json\/wp\/v2\/media?parent=46150"}],"curies":[{"name":"wp","href":"https:\/\/api.w.org\/{rel}","templated":true}]}}