{"id":46148,"date":"2023-04-12T09:07:06","date_gmt":"2023-04-12T09:07:06","guid":{"rendered":"https:\/\/www.urlaubcornwall.de\/blog\/?page_id=46148"},"modified":"2024-04-15T08:11:45","modified_gmt":"2024-04-15T08:11:45","slug":"ist-wales-teuer","status":"publish","type":"page","link":"https:\/\/www.urlaubcornwall.de\/blog\/ist-wales-teuer\/","title":{"rendered":"Ist Wales teuer?"},"content":{"rendered":"<p><a href=\"https:\/\/www.urlaubcornwall.de\/blog\/wp-content\/uploads\/2024\/03\/wales-kueste.jpg\"><img loading=\"lazy\" src=\"https:\/\/www.urlaubcornwall.de\/blog\/wp-content\/uploads\/2024\/03\/wales-kueste.jpg\" alt=\"wales kueste\" width=\"750\" height=\"516\" class=\"alignnone size-full wp-image-47807\" srcset=\"https:\/\/www.urlaubcornwall.de\/blog\/wp-content\/uploads\/2024\/03\/wales-kueste.jpg 750w, https:\/\/www.urlaubcornwall.de\/blog\/wp-content\/uploads\/2024\/03\/wales-kueste-300x206.jpg 300w\" sizes=\"(max-width: 750px) 100vw, 750px\" \/><\/a><\/p>\n<p><a href=\"https:\/\/www.urlaubcornwall.de\/reiseziel\/wales.php\">Wales<\/a> ist im Vergleich zu anderen europ\u00e4ischen Reisezielen nicht unbedingt teuer, aber die Preise k\u00f6nnen je nach Saison und Region variieren. Generell ist es ratsam, im Voraus zu planen und zu buchen, um die besten Preise zu erhalten. <\/p>\n<p><a href=\"https:\/\/www.urlaubcornwall.de\/ferienhaeuser-fewos\/wal\/wales.html\">Ferienh\u00e4user k\u00f6nnen eine gute Option sein<\/a>, da sie oft eine preiswerte Alternative zu Hotels darstellen und auch mehr Platz und Privatsph\u00e4re bieten. Es gibt viele Ferienh\u00e4user zur Auswahl, sowohl in den st\u00e4dtischen als auch in den l\u00e4ndlichen Gebieten von Wales, und Sie k\u00f6nnen je nach Bedarf zwischen kleinen und gro\u00dfen H\u00e4usern w\u00e4hlen.<\/p>\n<p>Als Beispiel f\u00fcr ein beliebtes Ziel in Wales kann man die Gegend um <a href=\"https:\/\/www.urlaubcornwall.de\/ferienhaeuser-fewos\/wal\/nordwales\/snowdonia-national-park.html\">Snowdonia<\/a> nennen. Es ist eine <a href=\"https:\/\/www.urlaubcornwall.de\/ferienhaeuser-fewos\/wal\/nordwales\/nordwales.html\">atemberaubende Region in Nordwales<\/a>, die f\u00fcr ihre Berge, Seen und Landschaften bekannt ist. Es gibt viele Aktivit\u00e4ten wie Wandern, Radfahren und Klettern, sowie <a href=\"https:\/\/www.urlaubcornwall.de\/blog\/top-5-der-malerischsten-doerfer-in-wales\/\">viele charmante D\u00f6rfer<\/a> und St\u00e4dte zu erkunden. Es gibt auch viele Ferienh\u00e4user in der Umgebung von Snowdonia, die eine gute Option f\u00fcr Reisende sein k\u00f6nnen, um das Beste aus ihrem Aufenthalt zu machen.<\/p>\n<p style=\"text-align: center;\"><a class=\"tidycta\" href=\"https:\/\/www.urlaubcornwall.de\/ferienhaeuser-fewos\/wal\/wales.html\">Suche Ferienh\u00e4user in Wales<\/a><\/p>\n<div class=\"snippet\"> <a class=\"featured-item\" href=\" https:\/\/www.urlaubcornwall.de\/ferienhaeuser-fewos\/wal\/wales.html\"> <span class=\"image-holder\" style=\"background-image: url(' https:\/\/www.urlaubcornwall.de\/blog\/wp-content\/uploads\/2018\/12\/busreisen-wales-england.jpg');\"><\/span> <span class=\"featured-content\"> \n<h2 class=\"featured-title\">Bei uns finden Sie Ferienh\u00e4user in Wales zum Verlieben!<\/h2>\n<p class=\"featured-body\">Untenstehend finden Sie eine Auswahl an Selbstversorger-Ferienh\u00e4usern in Wales. Hier finden Sie handverlesene, pers\u00f6nlich inspizierte Cottages entlang der walisischen K\u00fcste&#8230;..<\/p>\n<\/span> <span class=\"featured-link-holder\"> <span class=\"featured-extra-info\"> \n<p>F\u00fcr Paare, Familien &#038; Gruppen<\/p>\n<\/span> \n<p class=\"featured-link\">DETAILS<\/p>\n<\/span> <\/a><\/div>\n","protected":false},"excerpt":{"rendered":"<p>Wales ist im Vergleich zu anderen europ\u00e4ischen Reisezielen nicht unbedingt teuer, aber die Preise k\u00f6nnen je nach Saison und Region variieren. Generell ist es ratsam, im Voraus zu planen und zu buchen, um die besten Preise zu erhalten. Ferienh\u00e4user k\u00f6nnen eine gute Option sein, da sie oft eine preiswerte Alternative zu Hotels darstellen und auch [&hellip;]<\/p>\n","protected":false},"author":1,"featured_media":0,"parent":0,"menu_order":0,"comment_status":"closed","ping_status":"closed","template":"single-four.php","meta":[],"acf":[],"yoast_head":"<!-- This site is optimized with the Yoast SEO plugin v19.4 - https:\/\/yoast.com\/wordpress\/plugins\/seo\/ -->\n<title>Ist Wales teuer? - Urlaub &amp; Reisen<\/title>\n<meta name=\"robots\" content=\"index, follow, max-snippet:-1, max-image-preview:large, max-video-preview:-1\" \/>\n<link rel=\"canonical\" href=\"https:\/\/www.urlaubcornwall.de\/blog\/ist-wales-teuer\/\" \/>\n<meta property=\"og:locale\" content=\"en_US\" \/>\n<meta property=\"og:type\" content=\"article\" \/>\n<meta property=\"og:title\" content=\"Ist Wales teuer? - Urlaub &amp; Reisen\" \/>\n<meta property=\"og:description\" content=\"Wales ist im Vergleich zu anderen europ\u00e4ischen Reisezielen nicht unbedingt teuer, aber die Preise k\u00f6nnen je nach Saison und Region variieren. Generell ist es ratsam, im Voraus zu planen und zu buchen, um die besten Preise zu erhalten. Ferienh\u00e4user k\u00f6nnen eine gute Option sein, da sie oft eine preiswerte Alternative zu Hotels darstellen und auch [&hellip;]\" \/>\n<meta property=\"og:url\" content=\"https:\/\/www.urlaubcornwall.de\/blog\/ist-wales-teuer\/\" \/>\n<meta property=\"og:site_name\" content=\"Urlaub &amp; Reisen\" \/>\n<meta property=\"article:modified_time\" content=\"2024-04-15T08:11:45+00:00\" \/>\n<meta property=\"og:image\" content=\"https:\/\/www.urlaubcornwall.de\/blog\/wp-content\/uploads\/2024\/03\/wales-kueste.jpg\" \/>\n<meta name=\"twitter:card\" content=\"summary\" \/>\n<meta name=\"twitter:label1\" content=\"Est. reading time\" \/>\n\t<meta name=\"twitter:data1\" content=\"2 minutes\" \/>\n<script type=\"application\/ld+json\" class=\"yoast-schema-graph\">{\"@context\":\"https:\/\/schema.org\",\"@graph\":[{\"@type\":\"WebSite\",\"@id\":\"https:\/\/www.urlaubcornwall.de\/blog\/#website\",\"url\":\"https:\/\/www.urlaubcornwall.de\/blog\/\",\"name\":\"Urlaub &amp; Reisen\",\"description\":\"Urlaub, Reisen, Cornwall und S\u00fcdengland: eine perfekte Kombination\",\"potentialAction\":[{\"@type\":\"SearchAction\",\"target\":{\"@type\":\"EntryPoint\",\"urlTemplate\":\"https:\/\/www.urlaubcornwall.de\/blog\/?s={search_term_string}\"},\"query-input\":\"required name=search_term_string\"}],\"inLanguage\":\"en-US\"},{\"@type\":\"WebPage\",\"@id\":\"https:\/\/www.urlaubcornwall.de\/blog\/ist-wales-teuer\/\",\"url\":\"https:\/\/www.urlaubcornwall.de\/blog\/ist-wales-teuer\/\",\"name\":\"Ist Wales teuer? - Urlaub &amp; Reisen\",\"isPartOf\":{\"@id\":\"https:\/\/www.urlaubcornwall.de\/blog\/#website\"},\"datePublished\":\"2023-04-12T09:07:06+00:00\",\"dateModified\":\"2024-04-15T08:11:45+00:00\",\"breadcrumb\":{\"@id\":\"https:\/\/www.urlaubcornwall.de\/blog\/ist-wales-teuer\/#breadcrumb\"},\"inLanguage\":\"en-US\",\"potentialAction\":[{\"@type\":\"ReadAction\",\"target\":[\"https:\/\/www.urlaubcornwall.de\/blog\/ist-wales-teuer\/\"]}]},{\"@type\":\"BreadcrumbList\",\"@id\":\"https:\/\/www.urlaubcornwall.de\/blog\/ist-wales-teuer\/#breadcrumb\",\"itemListElement\":[{\"@type\":\"ListItem\",\"position\":1,\"name\":\"Home\",\"item\":\"https:\/\/www.urlaubcornwall.de\/blog\/\"},{\"@type\":\"ListItem\",\"position\":2,\"name\":\"Ist Wales teuer?\"}]}]}<\/script>\n<!-- \/ Yoast SEO plugin. -->","yoast_head_json":{"title":"Ist Wales teuer? - Urlaub &amp; Reisen","robots":{"index":"index","follow":"follow","max-snippet":"max-snippet:-1","max-image-preview":"max-image-preview:large","max-video-preview":"max-video-preview:-1"},"canonical":"https:\/\/www.urlaubcornwall.de\/blog\/ist-wales-teuer\/","og_locale":"en_US","og_type":"article","og_title":"Ist Wales teuer? - Urlaub &amp; Reisen","og_description":"Wales ist im Vergleich zu anderen europ\u00e4ischen Reisezielen nicht unbedingt teuer, aber die Preise k\u00f6nnen je nach Saison und Region variieren. Generell ist es ratsam, im Voraus zu planen und zu buchen, um die besten Preise zu erhalten. Ferienh\u00e4user k\u00f6nnen eine gute Option sein, da sie oft eine preiswerte Alternative zu Hotels darstellen und auch [&hellip;]","og_url":"https:\/\/www.urlaubcornwall.de\/blog\/ist-wales-teuer\/","og_site_name":"Urlaub &amp; Reisen","article_modified_time":"2024-04-15T08:11:45+00:00","og_image":[{"url":"https:\/\/www.urlaubcornwall.de\/blog\/wp-content\/uploads\/2024\/03\/wales-kueste.jpg"}],"twitter_card":"summary","twitter_misc":{"Est. reading time":"2 minutes"},"schema":{"@context":"https:\/\/schema.org","@graph":[{"@type":"WebSite","@id":"https:\/\/www.urlaubcornwall.de\/blog\/#website","url":"https:\/\/www.urlaubcornwall.de\/blog\/","name":"Urlaub &amp; Reisen","description":"Urlaub, Reisen, Cornwall und S\u00fcdengland: eine perfekte Kombination","potentialAction":[{"@type":"SearchAction","target":{"@type":"EntryPoint","urlTemplate":"https:\/\/www.urlaubcornwall.de\/blog\/?s={search_term_string}"},"query-input":"required name=search_term_string"}],"inLanguage":"en-US"},{"@type":"WebPage","@id":"https:\/\/www.urlaubcornwall.de\/blog\/ist-wales-teuer\/","url":"https:\/\/www.urlaubcornwall.de\/blog\/ist-wales-teuer\/","name":"Ist Wales teuer? - Urlaub &amp; Reisen","isPartOf":{"@id":"https:\/\/www.urlaubcornwall.de\/blog\/#website"},"datePublished":"2023-04-12T09:07:06+00:00","dateModified":"2024-04-15T08:11:45+00:00","breadcrumb":{"@id":"https:\/\/www.urlaubcornwall.de\/blog\/ist-wales-teuer\/#breadcrumb"},"inLanguage":"en-US","potentialAction":[{"@type":"ReadAction","target":["https:\/\/www.urlaubcornwall.de\/blog\/ist-wales-teuer\/"]}]},{"@type":"BreadcrumbList","@id":"https:\/\/www.urlaubcornwall.de\/blog\/ist-wales-teuer\/#breadcrumb","itemListElement":[{"@type":"ListItem","position":1,"name":"Home","item":"https:\/\/www.urlaubcornwall.de\/blog\/"},{"@type":"ListItem","position":2,"name":"Ist Wales teuer?"}]}]}},"_links":{"self":[{"href":"https:\/\/www.urlaubcornwall.de\/blog\/wp-json\/wp\/v2\/pages\/46148"}],"collection":[{"href":"https:\/\/www.urlaubcornwall.de\/blog\/wp-json\/wp\/v2\/pages"}],"about":[{"href":"https:\/\/www.urlaubcornwall.de\/blog\/wp-json\/wp\/v2\/types\/page"}],"author":[{"embeddable":true,"href":"https:\/\/www.urlaubcornwall.de\/blog\/wp-json\/wp\/v2\/users\/1"}],"replies":[{"embeddable":true,"href":"https:\/\/www.urlaubcornwall.de\/blog\/wp-json\/wp\/v2\/comments?post=46148"}],"version-history":[{"count":3,"href":"https:\/\/www.urlaubcornwall.de\/blog\/wp-json\/wp\/v2\/pages\/46148\/revisions"}],"predecessor-version":[{"id":51304,"href":"https:\/\/www.urlaubcornwall.de\/blog\/wp-json\/wp\/v2\/pages\/46148\/revisions\/51304"}],"wp:attachment":[{"href":"https:\/\/www.urlaubcornwall.de\/blog\/wp-json\/wp\/v2\/media?parent=46148"}],"curies":[{"name":"wp","href":"https:\/\/api.w.org\/{rel}","templated":true}]}}