{"id":46146,"date":"2023-04-12T08:14:37","date_gmt":"2023-04-12T08:14:37","guid":{"rendered":"https:\/\/www.urlaubcornwall.de\/blog\/?page_id=46146"},"modified":"2024-04-15T14:20:28","modified_gmt":"2024-04-15T14:20:28","slug":"ist-schottland-teuer","status":"publish","type":"page","link":"https:\/\/www.urlaubcornwall.de\/blog\/ist-schottland-teuer\/","title":{"rendered":"Ist Schottland teuer?"},"content":{"rendered":"<p><img loading=\"lazy\" class=\"aligncenter size-full wp-image-38895\" src=\"https:\/\/www.urlaubcornwall.de\/blog\/wp-content\/uploads\/2019\/10\/Eilean-Donan-Castle-Schottland.jpg\" alt=\"Eilean Donan Castle, Schottland\" width=\"750\" height=\"497\"\/><\/p>\n<p><a href=\"https:\/\/www.urlaubcornwall.de\/reiseziel\/schottland.php\">Schottland<\/a> kann je nach Jahreszeit und Art der Unterkunft ein teures Urlaubsziel sein, insbesondere in den touristischen Hochsaisonzeiten. Die Preise f\u00fcr Hotels und Restaurants k\u00f6nnen in einigen Gegenden hoch sein, insbesondere in den gr\u00f6\u00dferen St\u00e4dten wie Edinburgh oder Glasgow.<\/p>\n<p>Ferienh\u00e4user k\u00f6nnen jedoch eine gute Option sein, um die Kosten zu senken. Sie bieten oft mehr Platz als Hotels und k\u00f6nnen in l\u00e4ndlicheren Gebieten zu finden sein, wo die Preise niedriger sind. Sie bieten auch die M\u00f6glichkeit, Ihre eigenen Mahlzeiten zuzubereiten, was im Vergleich zum Essen in Restaurants oft g\u00fcnstiger ist.<\/p>\n<p style=\"text-align: center;\"><a class=\"tidycta\" href=\"https:\/\/www.urlaubcornwall.de\/ferienhaeuser\/schottland.php\">Suche Ferienh\u00e4user in Schottland<\/a><\/p>\n<div class=\"snippet\"> <a class=\"featured-item\" href=\" https:\/\/www.urlaubcornwall.de\/ferienhaeuser\/schottland.php\"> <span class=\"image-holder\" style=\"background-image: url(' https:\/\/www.urlaubcornwall.de\/blog\/wp-content\/uploads\/2019\/01\/urlaub-schottland-highlands.jpg ');\"><\/span> <span class=\"featured-content\"> \n<h2 class=\"featured-title\">Bei uns finden Sie Ferienh\u00e4user in Schottland zum Verlieben!<\/h2>\n<p class=\"featured-body\">Untenstehend finden Sie eine Auswahl an Ferienh\u00e4usern in Schottland. Hier finden Sie pers\u00f6nlich inspizierte Cottages entlang der schottischen K\u00fcste, in den schottischen Highlands und auf den Inseln&#8230;..<\/p>\n<\/span> <span class=\"featured-link-holder\"> <span class=\"featured-extra-info\"> \n<p>F\u00fcr Paare, Familien &#038; Gruppen<\/p>\n<\/span> \n<p class=\"featured-link\">DETAILS<\/p>\n<\/span> <\/a><\/div>\n","protected":false},"excerpt":{"rendered":"<p>Schottland kann je nach Jahreszeit und Art der Unterkunft ein teures Urlaubsziel sein, insbesondere in den touristischen Hochsaisonzeiten. Die Preise f\u00fcr Hotels und Restaurants k\u00f6nnen in einigen Gegenden hoch sein, insbesondere in den gr\u00f6\u00dferen St\u00e4dten wie Edinburgh oder Glasgow. Ferienh\u00e4user k\u00f6nnen jedoch eine gute Option sein, um die Kosten zu senken. Sie bieten oft mehr [&hellip;]<\/p>\n","protected":false},"author":1,"featured_media":0,"parent":0,"menu_order":0,"comment_status":"closed","ping_status":"closed","template":"single-four.php","meta":[],"acf":[],"yoast_head":"<!-- This site is optimized with the Yoast SEO plugin v19.4 - https:\/\/yoast.com\/wordpress\/plugins\/seo\/ -->\n<title>Ist Schottland teuer? - Urlaub &amp; Reisen<\/title>\n<meta name=\"description\" content=\"Ferienh\u00e4user k\u00f6nnen jedoch eine gute Option sein, um die Kosten zu senken. Sie bieten oft mehr Platz als Hotels\" \/>\n<meta name=\"robots\" content=\"index, follow, max-snippet:-1, max-image-preview:large, max-video-preview:-1\" \/>\n<link rel=\"canonical\" href=\"https:\/\/www.urlaubcornwall.de\/blog\/ist-schottland-teuer\/\" \/>\n<meta property=\"og:locale\" content=\"en_US\" \/>\n<meta property=\"og:type\" content=\"article\" \/>\n<meta property=\"og:title\" content=\"Ist Schottland teuer? - Urlaub &amp; Reisen\" \/>\n<meta property=\"og:description\" content=\"Ferienh\u00e4user k\u00f6nnen jedoch eine gute Option sein, um die Kosten zu senken. Sie bieten oft mehr Platz als Hotels\" \/>\n<meta property=\"og:url\" content=\"https:\/\/www.urlaubcornwall.de\/blog\/ist-schottland-teuer\/\" \/>\n<meta property=\"og:site_name\" content=\"Urlaub &amp; Reisen\" \/>\n<meta property=\"article:modified_time\" content=\"2024-04-15T14:20:28+00:00\" \/>\n<meta property=\"og:image\" content=\"https:\/\/www.urlaubcornwall.de\/blog\/wp-content\/uploads\/2019\/10\/Eilean-Donan-Castle-Schottland.jpg\" \/>\n<meta name=\"twitter:card\" content=\"summary\" \/>\n<meta name=\"twitter:label1\" content=\"Est. reading time\" \/>\n\t<meta name=\"twitter:data1\" content=\"1 minute\" \/>\n<script type=\"application\/ld+json\" class=\"yoast-schema-graph\">{\"@context\":\"https:\/\/schema.org\",\"@graph\":[{\"@type\":\"WebSite\",\"@id\":\"https:\/\/www.urlaubcornwall.de\/blog\/#website\",\"url\":\"https:\/\/www.urlaubcornwall.de\/blog\/\",\"name\":\"Urlaub &amp; Reisen\",\"description\":\"Urlaub, Reisen, Cornwall und S\u00fcdengland: eine perfekte Kombination\",\"potentialAction\":[{\"@type\":\"SearchAction\",\"target\":{\"@type\":\"EntryPoint\",\"urlTemplate\":\"https:\/\/www.urlaubcornwall.de\/blog\/?s={search_term_string}\"},\"query-input\":\"required name=search_term_string\"}],\"inLanguage\":\"en-US\"},{\"@type\":\"WebPage\",\"@id\":\"https:\/\/www.urlaubcornwall.de\/blog\/ist-schottland-teuer\/\",\"url\":\"https:\/\/www.urlaubcornwall.de\/blog\/ist-schottland-teuer\/\",\"name\":\"Ist Schottland teuer? - Urlaub &amp; Reisen\",\"isPartOf\":{\"@id\":\"https:\/\/www.urlaubcornwall.de\/blog\/#website\"},\"datePublished\":\"2023-04-12T08:14:37+00:00\",\"dateModified\":\"2024-04-15T14:20:28+00:00\",\"description\":\"Ferienh\u00e4user k\u00f6nnen jedoch eine gute Option sein, um die Kosten zu senken. Sie bieten oft mehr Platz als Hotels\",\"breadcrumb\":{\"@id\":\"https:\/\/www.urlaubcornwall.de\/blog\/ist-schottland-teuer\/#breadcrumb\"},\"inLanguage\":\"en-US\",\"potentialAction\":[{\"@type\":\"ReadAction\",\"target\":[\"https:\/\/www.urlaubcornwall.de\/blog\/ist-schottland-teuer\/\"]}]},{\"@type\":\"BreadcrumbList\",\"@id\":\"https:\/\/www.urlaubcornwall.de\/blog\/ist-schottland-teuer\/#breadcrumb\",\"itemListElement\":[{\"@type\":\"ListItem\",\"position\":1,\"name\":\"Home\",\"item\":\"https:\/\/www.urlaubcornwall.de\/blog\/\"},{\"@type\":\"ListItem\",\"position\":2,\"name\":\"Ist Schottland teuer?\"}]}]}<\/script>\n<!-- \/ Yoast SEO plugin. -->","yoast_head_json":{"title":"Ist Schottland teuer? - Urlaub &amp; Reisen","description":"Ferienh\u00e4user k\u00f6nnen jedoch eine gute Option sein, um die Kosten zu senken. Sie bieten oft mehr Platz als Hotels","robots":{"index":"index","follow":"follow","max-snippet":"max-snippet:-1","max-image-preview":"max-image-preview:large","max-video-preview":"max-video-preview:-1"},"canonical":"https:\/\/www.urlaubcornwall.de\/blog\/ist-schottland-teuer\/","og_locale":"en_US","og_type":"article","og_title":"Ist Schottland teuer? - Urlaub &amp; Reisen","og_description":"Ferienh\u00e4user k\u00f6nnen jedoch eine gute Option sein, um die Kosten zu senken. Sie bieten oft mehr Platz als Hotels","og_url":"https:\/\/www.urlaubcornwall.de\/blog\/ist-schottland-teuer\/","og_site_name":"Urlaub &amp; Reisen","article_modified_time":"2024-04-15T14:20:28+00:00","og_image":[{"url":"https:\/\/www.urlaubcornwall.de\/blog\/wp-content\/uploads\/2019\/10\/Eilean-Donan-Castle-Schottland.jpg"}],"twitter_card":"summary","twitter_misc":{"Est. reading time":"1 minute"},"schema":{"@context":"https:\/\/schema.org","@graph":[{"@type":"WebSite","@id":"https:\/\/www.urlaubcornwall.de\/blog\/#website","url":"https:\/\/www.urlaubcornwall.de\/blog\/","name":"Urlaub &amp; Reisen","description":"Urlaub, Reisen, Cornwall und S\u00fcdengland: eine perfekte Kombination","potentialAction":[{"@type":"SearchAction","target":{"@type":"EntryPoint","urlTemplate":"https:\/\/www.urlaubcornwall.de\/blog\/?s={search_term_string}"},"query-input":"required name=search_term_string"}],"inLanguage":"en-US"},{"@type":"WebPage","@id":"https:\/\/www.urlaubcornwall.de\/blog\/ist-schottland-teuer\/","url":"https:\/\/www.urlaubcornwall.de\/blog\/ist-schottland-teuer\/","name":"Ist Schottland teuer? - Urlaub &amp; Reisen","isPartOf":{"@id":"https:\/\/www.urlaubcornwall.de\/blog\/#website"},"datePublished":"2023-04-12T08:14:37+00:00","dateModified":"2024-04-15T14:20:28+00:00","description":"Ferienh\u00e4user k\u00f6nnen jedoch eine gute Option sein, um die Kosten zu senken. Sie bieten oft mehr Platz als Hotels","breadcrumb":{"@id":"https:\/\/www.urlaubcornwall.de\/blog\/ist-schottland-teuer\/#breadcrumb"},"inLanguage":"en-US","potentialAction":[{"@type":"ReadAction","target":["https:\/\/www.urlaubcornwall.de\/blog\/ist-schottland-teuer\/"]}]},{"@type":"BreadcrumbList","@id":"https:\/\/www.urlaubcornwall.de\/blog\/ist-schottland-teuer\/#breadcrumb","itemListElement":[{"@type":"ListItem","position":1,"name":"Home","item":"https:\/\/www.urlaubcornwall.de\/blog\/"},{"@type":"ListItem","position":2,"name":"Ist Schottland teuer?"}]}]}},"_links":{"self":[{"href":"https:\/\/www.urlaubcornwall.de\/blog\/wp-json\/wp\/v2\/pages\/46146"}],"collection":[{"href":"https:\/\/www.urlaubcornwall.de\/blog\/wp-json\/wp\/v2\/pages"}],"about":[{"href":"https:\/\/www.urlaubcornwall.de\/blog\/wp-json\/wp\/v2\/types\/page"}],"author":[{"embeddable":true,"href":"https:\/\/www.urlaubcornwall.de\/blog\/wp-json\/wp\/v2\/users\/1"}],"replies":[{"embeddable":true,"href":"https:\/\/www.urlaubcornwall.de\/blog\/wp-json\/wp\/v2\/comments?post=46146"}],"version-history":[{"count":2,"href":"https:\/\/www.urlaubcornwall.de\/blog\/wp-json\/wp\/v2\/pages\/46146\/revisions"}],"predecessor-version":[{"id":49523,"href":"https:\/\/www.urlaubcornwall.de\/blog\/wp-json\/wp\/v2\/pages\/46146\/revisions\/49523"}],"wp:attachment":[{"href":"https:\/\/www.urlaubcornwall.de\/blog\/wp-json\/wp\/v2\/media?parent=46146"}],"curies":[{"name":"wp","href":"https:\/\/api.w.org\/{rel}","templated":true}]}}