{"id":46142,"date":"2023-04-12T07:20:46","date_gmt":"2023-04-12T07:20:46","guid":{"rendered":"https:\/\/www.urlaubcornwall.de\/blog\/?page_id=46142"},"modified":"2023-04-12T07:42:00","modified_gmt":"2023-04-12T07:42:00","slug":"so-wird-die-beruehmte-cornish-pasty-zubereitet","status":"publish","type":"page","link":"https:\/\/www.urlaubcornwall.de\/blog\/so-wird-die-beruehmte-cornish-pasty-zubereitet\/","title":{"rendered":"So wird die ber\u00fchmte Cornish Pasty zubereitet"},"content":{"rendered":"<p><img loading=\"lazy\" class=\"aligncenter size-full wp-image-46143\" src=\"https:\/\/www.urlaubcornwall.de\/blog\/wp-content\/uploads\/2023\/04\/cornish-pasty-am-meer-cornwall.jpg\" alt=\"cornish-pasty-am-meer-cornwall\" width=\"750\" height=\"394\" srcset=\"https:\/\/www.urlaubcornwall.de\/blog\/wp-content\/uploads\/2023\/04\/cornish-pasty-am-meer-cornwall.jpg 750w, https:\/\/www.urlaubcornwall.de\/blog\/wp-content\/uploads\/2023\/04\/cornish-pasty-am-meer-cornwall-300x158.jpg 300w\" sizes=\"(max-width: 750px) 100vw, 750px\" \/><\/p>\n<p>Eine traditionelle Cornish Pasty ist ein herzhaftes Geb\u00e4ck, das normalerweise eine F\u00fcllung aus Rindfleisch, Kartoffeln, Zwiebeln und Steckr\u00fcben enth\u00e4lt, alles gew\u00fcrzt mit Salz und Pfeffer. <\/p>\n<p>Traditionell wurden Cornish Pasties f\u00fcr Bergleute gemacht, um sie zur Arbeit mitzunehmen und zum Mittagessen zu essen. Daher mussten sie robust und s\u00e4ttigend sein. Der Teig wurde oft mit Schweineschmalz oder Rindertalg hergestellt, aber Sie k\u00f6nnen auch M\u00fcrbeteig als einfachere Alternative verwenden. Wichtig ist, dass die F\u00fcllung gut gew\u00fcrzt ist und der Teig fest verschlossen ist, um beim Backen keine Leckagen zu verursachen. Genie\u00dfen Sie Ihre leckeren Cornish Pasties!<\/p>\n<p>Hier ist ein Rezept, um eine traditionelle Cornish Pasty zuzubereiten:<\/p>\n<p><strong>Zutaten:<\/strong><\/p>\n<p>500g M\u00fcrbeteig (selbstgemacht oder fertig gekauft)<\/p>\n<p>250g Rindfleisch, in W\u00fcrfel geschnitten<\/p>\n<p>2 mittelgro\u00dfe Kartoffeln, gesch\u00e4lt und gew\u00fcrfelt<\/p>\n<p>1\/2 kleine Steckr\u00fcbe, gesch\u00e4lt und gew\u00fcrfelt<\/p>\n<p>1 kleine Zwiebel, gesch\u00e4lt und gew\u00fcrfelt<\/p>\n<p>Salz und Pfeffer nach Geschmack<\/p>\n<p>50g ungesalzene Butter, in kleine W\u00fcrfel geschnitten<\/p>\n<p>1 Ei, verquirlt (zum Bestreichen)<\/p>\n<p><strong>Anleitung:<\/strong><\/p>\n<p>Den Ofen auf 200\u00b0C\/180\u00b0C Umluft\/Gas Stufe 6 vorheizen.<\/p>\n<p>In einer gro\u00dfen Sch\u00fcssel das Rindfleisch, die Kartoffeln, die Steckr\u00fcbe, die Zwiebel, das Salz und den Pfeffer gut vermischen.<\/p>\n<p>Den M\u00fcrbeteig auf einer bemehlten Oberfl\u00e4che ausrollen, bis er etwa 3mm dick ist. Mit einem Durchmesser von 20 cm (oder kleiner, wenn gew\u00fcnscht) Kreise ausschneiden.<\/p>\n<p>F\u00fcgen Sie jedem Teigkreis eine kleine Menge gew\u00fcrfelter Butter hinzu.<\/p>\n<p>Auf eine H\u00e4lfte jedes Teigkreises eine gro\u00dfz\u00fcgige Portion der Fleisch- und Gem\u00fcsemischung geben, dabei einen Rand frei lassen.<\/p>\n<p>Die R\u00e4nder des Teigs mit dem verquirlten Ei bestreichen.<\/p>\n<p>Den Teig \u00fcber die F\u00fcllung klappen, um eine halbmondf\u00f6rmige Pasty zu formen und die R\u00e4nder zusammendr\u00fccken, um zu verschlie\u00dfen.<br \/>\nDie R\u00e4nder der Pasties mit einer Gabel einkr\u00e4useln.<\/p>\n<p>Die Pasties auf ein mit Backpapier ausgelegtes Backblech legen und mit dem verquirlten Ei bestreichen.<\/p>\n<p>Im vorgeheizten Ofen 45-50 Minuten backen, bis die Pasties goldbraun sind.<\/p>\n<p style=\"text-align: center;\"><a class=\"tidycta\" href=\"https:\/\/www.urlaubcornwall.de\/ferienhaeuser-fewos\/cornwall.html\">Suche Ferienh\u00e4user in Cornwall<\/a><\/p>\n","protected":false},"excerpt":{"rendered":"<p>Eine traditionelle Cornish Pasty ist ein herzhaftes Geb\u00e4ck, das normalerweise eine F\u00fcllung aus Rindfleisch, Kartoffeln, Zwiebeln und Steckr\u00fcben enth\u00e4lt, alles gew\u00fcrzt mit Salz und Pfeffer. Traditionell wurden Cornish Pasties f\u00fcr Bergleute gemacht, um sie zur Arbeit mitzunehmen und zum Mittagessen zu essen. Daher mussten sie robust und s\u00e4ttigend sein. Der Teig wurde oft mit Schweineschmalz [&hellip;]<\/p>\n","protected":false},"author":1,"featured_media":0,"parent":0,"menu_order":0,"comment_status":"closed","ping_status":"closed","template":"single-four.php","meta":[],"acf":[],"yoast_head":"<!-- This site is optimized with the Yoast SEO plugin v19.4 - https:\/\/yoast.com\/wordpress\/plugins\/seo\/ -->\n<title>So wird die ber\u00fchmte Cornish Pasty zubereitet - Urlaub &amp; Reisen<\/title>\n<meta name=\"description\" content=\"Traditionell wurden Cornish Pasties f\u00fcr Bergleute gemacht, um sie zur Arbeit mitzunehmen und zum Mittagessen zu essen\" \/>\n<meta name=\"robots\" content=\"index, follow, max-snippet:-1, max-image-preview:large, max-video-preview:-1\" \/>\n<link rel=\"canonical\" href=\"https:\/\/www.urlaubcornwall.de\/blog\/so-wird-die-beruehmte-cornish-pasty-zubereitet\/\" \/>\n<meta property=\"og:locale\" content=\"en_US\" \/>\n<meta property=\"og:type\" content=\"article\" \/>\n<meta property=\"og:title\" content=\"So wird die ber\u00fchmte Cornish Pasty zubereitet - Urlaub &amp; Reisen\" \/>\n<meta property=\"og:description\" content=\"Traditionell wurden Cornish Pasties f\u00fcr Bergleute gemacht, um sie zur Arbeit mitzunehmen und zum Mittagessen zu essen\" \/>\n<meta property=\"og:url\" content=\"https:\/\/www.urlaubcornwall.de\/blog\/so-wird-die-beruehmte-cornish-pasty-zubereitet\/\" \/>\n<meta property=\"og:site_name\" content=\"Urlaub &amp; Reisen\" \/>\n<meta property=\"article:modified_time\" content=\"2023-04-12T07:42:00+00:00\" \/>\n<meta property=\"og:image\" content=\"https:\/\/www.urlaubcornwall.de\/blog\/wp-content\/uploads\/2023\/04\/cornish-pasty-am-meer-cornwall.jpg\" \/>\n<meta name=\"twitter:card\" content=\"summary\" \/>\n<meta name=\"twitter:label1\" content=\"Est. reading time\" \/>\n\t<meta name=\"twitter:data1\" content=\"2 minutes\" \/>\n<script type=\"application\/ld+json\" class=\"yoast-schema-graph\">{\"@context\":\"https:\/\/schema.org\",\"@graph\":[{\"@type\":\"WebSite\",\"@id\":\"https:\/\/www.urlaubcornwall.de\/blog\/#website\",\"url\":\"https:\/\/www.urlaubcornwall.de\/blog\/\",\"name\":\"Urlaub &amp; Reisen\",\"description\":\"Urlaub, Reisen, Cornwall und S\u00fcdengland: eine perfekte Kombination\",\"potentialAction\":[{\"@type\":\"SearchAction\",\"target\":{\"@type\":\"EntryPoint\",\"urlTemplate\":\"https:\/\/www.urlaubcornwall.de\/blog\/?s={search_term_string}\"},\"query-input\":\"required name=search_term_string\"}],\"inLanguage\":\"en-US\"},{\"@type\":\"WebPage\",\"@id\":\"https:\/\/www.urlaubcornwall.de\/blog\/so-wird-die-beruehmte-cornish-pasty-zubereitet\/\",\"url\":\"https:\/\/www.urlaubcornwall.de\/blog\/so-wird-die-beruehmte-cornish-pasty-zubereitet\/\",\"name\":\"So wird die ber\u00fchmte Cornish Pasty zubereitet - Urlaub &amp; Reisen\",\"isPartOf\":{\"@id\":\"https:\/\/www.urlaubcornwall.de\/blog\/#website\"},\"datePublished\":\"2023-04-12T07:20:46+00:00\",\"dateModified\":\"2023-04-12T07:42:00+00:00\",\"description\":\"Traditionell wurden Cornish Pasties f\u00fcr Bergleute gemacht, um sie zur Arbeit mitzunehmen und zum Mittagessen zu essen\",\"breadcrumb\":{\"@id\":\"https:\/\/www.urlaubcornwall.de\/blog\/so-wird-die-beruehmte-cornish-pasty-zubereitet\/#breadcrumb\"},\"inLanguage\":\"en-US\",\"potentialAction\":[{\"@type\":\"ReadAction\",\"target\":[\"https:\/\/www.urlaubcornwall.de\/blog\/so-wird-die-beruehmte-cornish-pasty-zubereitet\/\"]}]},{\"@type\":\"BreadcrumbList\",\"@id\":\"https:\/\/www.urlaubcornwall.de\/blog\/so-wird-die-beruehmte-cornish-pasty-zubereitet\/#breadcrumb\",\"itemListElement\":[{\"@type\":\"ListItem\",\"position\":1,\"name\":\"Home\",\"item\":\"https:\/\/www.urlaubcornwall.de\/blog\/\"},{\"@type\":\"ListItem\",\"position\":2,\"name\":\"So wird die ber\u00fchmte Cornish Pasty zubereitet\"}]}]}<\/script>\n<!-- \/ Yoast SEO plugin. -->","yoast_head_json":{"title":"So wird die ber\u00fchmte Cornish Pasty zubereitet - Urlaub &amp; Reisen","description":"Traditionell wurden Cornish Pasties f\u00fcr Bergleute gemacht, um sie zur Arbeit mitzunehmen und zum Mittagessen zu essen","robots":{"index":"index","follow":"follow","max-snippet":"max-snippet:-1","max-image-preview":"max-image-preview:large","max-video-preview":"max-video-preview:-1"},"canonical":"https:\/\/www.urlaubcornwall.de\/blog\/so-wird-die-beruehmte-cornish-pasty-zubereitet\/","og_locale":"en_US","og_type":"article","og_title":"So wird die ber\u00fchmte Cornish Pasty zubereitet - Urlaub &amp; Reisen","og_description":"Traditionell wurden Cornish Pasties f\u00fcr Bergleute gemacht, um sie zur Arbeit mitzunehmen und zum Mittagessen zu essen","og_url":"https:\/\/www.urlaubcornwall.de\/blog\/so-wird-die-beruehmte-cornish-pasty-zubereitet\/","og_site_name":"Urlaub &amp; Reisen","article_modified_time":"2023-04-12T07:42:00+00:00","og_image":[{"url":"https:\/\/www.urlaubcornwall.de\/blog\/wp-content\/uploads\/2023\/04\/cornish-pasty-am-meer-cornwall.jpg"}],"twitter_card":"summary","twitter_misc":{"Est. reading time":"2 minutes"},"schema":{"@context":"https:\/\/schema.org","@graph":[{"@type":"WebSite","@id":"https:\/\/www.urlaubcornwall.de\/blog\/#website","url":"https:\/\/www.urlaubcornwall.de\/blog\/","name":"Urlaub &amp; Reisen","description":"Urlaub, Reisen, Cornwall und S\u00fcdengland: eine perfekte Kombination","potentialAction":[{"@type":"SearchAction","target":{"@type":"EntryPoint","urlTemplate":"https:\/\/www.urlaubcornwall.de\/blog\/?s={search_term_string}"},"query-input":"required name=search_term_string"}],"inLanguage":"en-US"},{"@type":"WebPage","@id":"https:\/\/www.urlaubcornwall.de\/blog\/so-wird-die-beruehmte-cornish-pasty-zubereitet\/","url":"https:\/\/www.urlaubcornwall.de\/blog\/so-wird-die-beruehmte-cornish-pasty-zubereitet\/","name":"So wird die ber\u00fchmte Cornish Pasty zubereitet - Urlaub &amp; Reisen","isPartOf":{"@id":"https:\/\/www.urlaubcornwall.de\/blog\/#website"},"datePublished":"2023-04-12T07:20:46+00:00","dateModified":"2023-04-12T07:42:00+00:00","description":"Traditionell wurden Cornish Pasties f\u00fcr Bergleute gemacht, um sie zur Arbeit mitzunehmen und zum Mittagessen zu essen","breadcrumb":{"@id":"https:\/\/www.urlaubcornwall.de\/blog\/so-wird-die-beruehmte-cornish-pasty-zubereitet\/#breadcrumb"},"inLanguage":"en-US","potentialAction":[{"@type":"ReadAction","target":["https:\/\/www.urlaubcornwall.de\/blog\/so-wird-die-beruehmte-cornish-pasty-zubereitet\/"]}]},{"@type":"BreadcrumbList","@id":"https:\/\/www.urlaubcornwall.de\/blog\/so-wird-die-beruehmte-cornish-pasty-zubereitet\/#breadcrumb","itemListElement":[{"@type":"ListItem","position":1,"name":"Home","item":"https:\/\/www.urlaubcornwall.de\/blog\/"},{"@type":"ListItem","position":2,"name":"So wird die ber\u00fchmte Cornish Pasty zubereitet"}]}]}},"_links":{"self":[{"href":"https:\/\/www.urlaubcornwall.de\/blog\/wp-json\/wp\/v2\/pages\/46142"}],"collection":[{"href":"https:\/\/www.urlaubcornwall.de\/blog\/wp-json\/wp\/v2\/pages"}],"about":[{"href":"https:\/\/www.urlaubcornwall.de\/blog\/wp-json\/wp\/v2\/types\/page"}],"author":[{"embeddable":true,"href":"https:\/\/www.urlaubcornwall.de\/blog\/wp-json\/wp\/v2\/users\/1"}],"replies":[{"embeddable":true,"href":"https:\/\/www.urlaubcornwall.de\/blog\/wp-json\/wp\/v2\/comments?post=46142"}],"version-history":[{"count":2,"href":"https:\/\/www.urlaubcornwall.de\/blog\/wp-json\/wp\/v2\/pages\/46142\/revisions"}],"predecessor-version":[{"id":46145,"href":"https:\/\/www.urlaubcornwall.de\/blog\/wp-json\/wp\/v2\/pages\/46142\/revisions\/46145"}],"wp:attachment":[{"href":"https:\/\/www.urlaubcornwall.de\/blog\/wp-json\/wp\/v2\/media?parent=46142"}],"curies":[{"name":"wp","href":"https:\/\/api.w.org\/{rel}","templated":true}]}}