{"id":46131,"date":"2023-04-11T09:21:21","date_gmt":"2023-04-11T09:21:21","guid":{"rendered":"https:\/\/www.urlaubcornwall.de\/blog\/?page_id=46131"},"modified":"2024-04-30T15:43:48","modified_gmt":"2024-04-30T15:43:48","slug":"wohin-soll-ich-in-suedwestengland-zum-ersten-mal-gehen","status":"publish","type":"page","link":"https:\/\/www.urlaubcornwall.de\/blog\/wohin-soll-ich-in-suedwestengland-zum-ersten-mal-gehen\/","title":{"rendered":"Wohin soll ich in S\u00fcdwestengland zum ersten Mal gehen?"},"content":{"rendered":"<p><img loading=\"lazy\" class=\"aligncenter size-full wp-image-47909\" src=\"https:\/\/www.urlaubcornwall.de\/blog\/wp-content\/uploads\/2024\/03\/lyme-regis-dorset.jpg\" alt=\"lyme regis dorset\" width=\"750\" height=\"379\" srcset=\"https:\/\/www.urlaubcornwall.de\/blog\/wp-content\/uploads\/2024\/03\/lyme-regis-dorset.jpg 750w, https:\/\/www.urlaubcornwall.de\/blog\/wp-content\/uploads\/2024\/03\/lyme-regis-dorset-300x152.jpg 300w\" sizes=\"(max-width: 750px) 100vw, 750px\" \/><\/p>\n<p><a href=\"https:\/\/www.urlaubcornwall.de\/reiseziel\/suedwestengland.php\">S\u00fcdwestengland ist eine wundersch\u00f6ne Region <\/a>mit einer Vielzahl von Sehensw\u00fcrdigkeiten und Aktivit\u00e4ten f\u00fcr jeden Besucher. Hier sind einige Vorschl\u00e4ge f\u00fcr Orte, die Sie in S\u00fcdwestengland besuchen sollten, wenn Sie zum ersten Mal dorthin reisen:<\/p>\n<p><strong>Bath:<\/strong> <a href=\"https:\/\/www.urlaubcornwall.de\/blog\/ist-bath-schoen\/\">Eine historische Stadt<\/a>, die bekannt ist f\u00fcr ihre r\u00f6mischen B\u00e4der, ihre georgianische Architektur und ihre entspannenden Thermalquellen.<\/p>\n<p><strong>Stonehenge:<\/strong> Eine mysteri\u00f6se pr\u00e4historische St\u00e4tte in <a href=\"https:\/\/www.urlaubcornwall.de\/ferienhaeuser-fewos\/eng\/wiltshire\/wiltshire.html\">Wiltshire<\/a>, die aus riesigen Steinen besteht und seit Jahrhunderten die Fantasie der Menschen anregt.<\/p>\n<p><strong>Cornwall:<\/strong> <a href=\"https:\/\/www.urlaubcornwall.de\/ferienhaeuser\/cornwall.php\">Eine Grafschaft, die f\u00fcr ihre wundersch\u00f6nen Str\u00e4nde<\/a>, ihre Fischerd\u00f6rfer, ihre Surfm\u00f6glichkeiten und ihre Geschichte der Bergbauindustrie bekannt ist.<\/p>\n<p><strong>Cotswolds:<\/strong> <a href=\"https:\/\/www.urlaubcornwall.de\/ferienhaeuser\/cotswolds.php\">Eine malerische Region mit h\u00fcbschen D\u00f6rfern<\/a>, reetgedeckten H\u00e4usern und sanften H\u00fcgeln. Ideal f\u00fcr Wanderungen und Radtouren.<\/p>\n<p><strong>Jurassic Coast:<\/strong> <a href=\"https:\/\/www.urlaubcornwall.de\/ferienhaeuser-fewos\/eng\/dorset\/dorset.html\">Eine atemberaubende K\u00fcstenlandschaft in Dorset<\/a>, die f\u00fcr ihre Klippen, Fossilien und malerischen Buchten bekannt ist. Ideal f\u00fcr Spazierg\u00e4nge und Bootsfahrten.<\/p>\n<p><strong>Bristol:<\/strong> Eine aufregende Stadt, die f\u00fcr ihre Street Art, ihre Musikszene, ihre historischen Sehensw\u00fcrdigkeiten und ihre kulinarischen K\u00f6stlichkeiten bekannt ist.<\/p>\n<p><strong>Devon:<\/strong> Eine Grafschaft, <a href=\"https:\/\/www.urlaubcornwall.de\/ferienhaeuser-fewos\/eng\/devon\/devon.html\">die f\u00fcr ihre atemberaubenden Landschaften<\/a>, ihre historischen St\u00e4dte und ihre K\u00fcstend\u00f6rfer bekannt ist. Ideal f\u00fcr Outdoor-Aktivit\u00e4ten und Entspannung.<\/p>\n<p>Das sind nur einige der vielen gro\u00dfartigen Orte in S\u00fcdwestengland, die man besuchen kann.<\/p>\n<p style=\"text-align: center;\"><a class=\"tidycta\" href=\"https:\/\/www.urlaubcornwall.de\/ferienhaeuser\/suedwesten-englands.php\">Suche Ferienh\u00e4user in S\u00fcdwestengland<\/a><\/p>\n<div class=\"snippet\"> <a class=\"featured-item\" href=\"https:\/\/www.urlaubcornwall.de\/ferienhaeuser\/suedengland.php\"> <span class=\"image-holder\" style=\"background-image: url('https:\/\/www.urlaubcornwall.de\/blog\/wp-content\/uploads\/2024\/03\/ferienhaus-england-cornwall.jpg');\"><\/span> <span class=\"featured-content\"> \n<h2 class=\"featured-title\">Ferienh\u00e4user in S\u00fcdengland<\/h2>\n<p class=\"featured-body\">Bei uns finden Sie Ferienh\u00e4user zum Verlieben &#8211; so einfach ist das! Dank seiner langen Geschichte, der reizvollen Landschaften und seinen vielen Attraktionen ist S\u00fcdengland ein wahres Mekka f\u00fcr Urlauber&#8230;..<\/p><\/span> <span class=\"featured-link-holder\"> <span class=\"featured-extra-info\"> \n<p>Pers\u00f6nlich inspizierter Ferienh\u00e4user<\/p>\n<\/span> \n<p class=\"featured-link\">DETAILS<\/p>\n<\/span> <\/a><\/div>\n","protected":false},"excerpt":{"rendered":"<p>S\u00fcdwestengland ist eine wundersch\u00f6ne Region mit einer Vielzahl von Sehensw\u00fcrdigkeiten und Aktivit\u00e4ten f\u00fcr jeden Besucher. Hier sind einige Vorschl\u00e4ge f\u00fcr Orte, die Sie in S\u00fcdwestengland besuchen sollten, wenn Sie zum ersten Mal dorthin reisen: Bath: Eine historische Stadt, die bekannt ist f\u00fcr ihre r\u00f6mischen B\u00e4der, ihre georgianische Architektur und ihre entspannenden Thermalquellen. Stonehenge: Eine mysteri\u00f6se [&hellip;]<\/p>\n","protected":false},"author":1,"featured_media":0,"parent":0,"menu_order":0,"comment_status":"closed","ping_status":"closed","template":"single-four.php","meta":[],"acf":[],"yoast_head":"<!-- This site is optimized with the Yoast SEO plugin v19.4 - https:\/\/yoast.com\/wordpress\/plugins\/seo\/ -->\n<title>Wohin soll ich in S\u00fcdwestengland zum ersten Mal gehen? - Urlaub &amp; Reisen<\/title>\n<meta name=\"description\" content=\"Hier sind einige Vorschl\u00e4ge f\u00fcr Orte, die Sie in S\u00fcdwestengland besuchen sollten, wenn Sie zum ersten Mal dorthin reisen:\" \/>\n<meta name=\"robots\" content=\"index, follow, max-snippet:-1, max-image-preview:large, max-video-preview:-1\" \/>\n<link rel=\"canonical\" href=\"https:\/\/www.urlaubcornwall.de\/blog\/wohin-soll-ich-in-suedwestengland-zum-ersten-mal-gehen\/\" \/>\n<meta property=\"og:locale\" content=\"en_US\" \/>\n<meta property=\"og:type\" content=\"article\" \/>\n<meta property=\"og:title\" content=\"Wohin soll ich in S\u00fcdwestengland zum ersten Mal gehen? - Urlaub &amp; Reisen\" \/>\n<meta property=\"og:description\" content=\"Hier sind einige Vorschl\u00e4ge f\u00fcr Orte, die Sie in S\u00fcdwestengland besuchen sollten, wenn Sie zum ersten Mal dorthin reisen:\" \/>\n<meta property=\"og:url\" content=\"https:\/\/www.urlaubcornwall.de\/blog\/wohin-soll-ich-in-suedwestengland-zum-ersten-mal-gehen\/\" \/>\n<meta property=\"og:site_name\" content=\"Urlaub &amp; Reisen\" \/>\n<meta property=\"article:modified_time\" content=\"2024-04-30T15:43:48+00:00\" \/>\n<meta property=\"og:image\" content=\"https:\/\/www.urlaubcornwall.de\/blog\/wp-content\/uploads\/2024\/03\/lyme-regis-dorset.jpg\" \/>\n<meta name=\"twitter:card\" content=\"summary\" \/>\n<meta name=\"twitter:label1\" content=\"Est. reading time\" \/>\n\t<meta name=\"twitter:data1\" content=\"2 minutes\" \/>\n<script type=\"application\/ld+json\" class=\"yoast-schema-graph\">{\"@context\":\"https:\/\/schema.org\",\"@graph\":[{\"@type\":\"WebSite\",\"@id\":\"https:\/\/www.urlaubcornwall.de\/blog\/#website\",\"url\":\"https:\/\/www.urlaubcornwall.de\/blog\/\",\"name\":\"Urlaub &amp; Reisen\",\"description\":\"Urlaub, Reisen, Cornwall und S\u00fcdengland: eine perfekte Kombination\",\"potentialAction\":[{\"@type\":\"SearchAction\",\"target\":{\"@type\":\"EntryPoint\",\"urlTemplate\":\"https:\/\/www.urlaubcornwall.de\/blog\/?s={search_term_string}\"},\"query-input\":\"required name=search_term_string\"}],\"inLanguage\":\"en-US\"},{\"@type\":\"WebPage\",\"@id\":\"https:\/\/www.urlaubcornwall.de\/blog\/wohin-soll-ich-in-suedwestengland-zum-ersten-mal-gehen\/\",\"url\":\"https:\/\/www.urlaubcornwall.de\/blog\/wohin-soll-ich-in-suedwestengland-zum-ersten-mal-gehen\/\",\"name\":\"Wohin soll ich in S\u00fcdwestengland zum ersten Mal gehen? - Urlaub &amp; Reisen\",\"isPartOf\":{\"@id\":\"https:\/\/www.urlaubcornwall.de\/blog\/#website\"},\"datePublished\":\"2023-04-11T09:21:21+00:00\",\"dateModified\":\"2024-04-30T15:43:48+00:00\",\"description\":\"Hier sind einige Vorschl\u00e4ge f\u00fcr Orte, die Sie in S\u00fcdwestengland besuchen sollten, wenn Sie zum ersten Mal dorthin reisen:\",\"breadcrumb\":{\"@id\":\"https:\/\/www.urlaubcornwall.de\/blog\/wohin-soll-ich-in-suedwestengland-zum-ersten-mal-gehen\/#breadcrumb\"},\"inLanguage\":\"en-US\",\"potentialAction\":[{\"@type\":\"ReadAction\",\"target\":[\"https:\/\/www.urlaubcornwall.de\/blog\/wohin-soll-ich-in-suedwestengland-zum-ersten-mal-gehen\/\"]}]},{\"@type\":\"BreadcrumbList\",\"@id\":\"https:\/\/www.urlaubcornwall.de\/blog\/wohin-soll-ich-in-suedwestengland-zum-ersten-mal-gehen\/#breadcrumb\",\"itemListElement\":[{\"@type\":\"ListItem\",\"position\":1,\"name\":\"Home\",\"item\":\"https:\/\/www.urlaubcornwall.de\/blog\/\"},{\"@type\":\"ListItem\",\"position\":2,\"name\":\"Wohin soll ich in S\u00fcdwestengland zum ersten Mal gehen?\"}]}]}<\/script>\n<!-- \/ Yoast SEO plugin. -->","yoast_head_json":{"title":"Wohin soll ich in S\u00fcdwestengland zum ersten Mal gehen? - Urlaub &amp; Reisen","description":"Hier sind einige Vorschl\u00e4ge f\u00fcr Orte, die Sie in S\u00fcdwestengland besuchen sollten, wenn Sie zum ersten Mal dorthin reisen:","robots":{"index":"index","follow":"follow","max-snippet":"max-snippet:-1","max-image-preview":"max-image-preview:large","max-video-preview":"max-video-preview:-1"},"canonical":"https:\/\/www.urlaubcornwall.de\/blog\/wohin-soll-ich-in-suedwestengland-zum-ersten-mal-gehen\/","og_locale":"en_US","og_type":"article","og_title":"Wohin soll ich in S\u00fcdwestengland zum ersten Mal gehen? - Urlaub &amp; Reisen","og_description":"Hier sind einige Vorschl\u00e4ge f\u00fcr Orte, die Sie in S\u00fcdwestengland besuchen sollten, wenn Sie zum ersten Mal dorthin reisen:","og_url":"https:\/\/www.urlaubcornwall.de\/blog\/wohin-soll-ich-in-suedwestengland-zum-ersten-mal-gehen\/","og_site_name":"Urlaub &amp; Reisen","article_modified_time":"2024-04-30T15:43:48+00:00","og_image":[{"url":"https:\/\/www.urlaubcornwall.de\/blog\/wp-content\/uploads\/2024\/03\/lyme-regis-dorset.jpg"}],"twitter_card":"summary","twitter_misc":{"Est. reading time":"2 minutes"},"schema":{"@context":"https:\/\/schema.org","@graph":[{"@type":"WebSite","@id":"https:\/\/www.urlaubcornwall.de\/blog\/#website","url":"https:\/\/www.urlaubcornwall.de\/blog\/","name":"Urlaub &amp; Reisen","description":"Urlaub, Reisen, Cornwall und S\u00fcdengland: eine perfekte Kombination","potentialAction":[{"@type":"SearchAction","target":{"@type":"EntryPoint","urlTemplate":"https:\/\/www.urlaubcornwall.de\/blog\/?s={search_term_string}"},"query-input":"required name=search_term_string"}],"inLanguage":"en-US"},{"@type":"WebPage","@id":"https:\/\/www.urlaubcornwall.de\/blog\/wohin-soll-ich-in-suedwestengland-zum-ersten-mal-gehen\/","url":"https:\/\/www.urlaubcornwall.de\/blog\/wohin-soll-ich-in-suedwestengland-zum-ersten-mal-gehen\/","name":"Wohin soll ich in S\u00fcdwestengland zum ersten Mal gehen? - Urlaub &amp; Reisen","isPartOf":{"@id":"https:\/\/www.urlaubcornwall.de\/blog\/#website"},"datePublished":"2023-04-11T09:21:21+00:00","dateModified":"2024-04-30T15:43:48+00:00","description":"Hier sind einige Vorschl\u00e4ge f\u00fcr Orte, die Sie in S\u00fcdwestengland besuchen sollten, wenn Sie zum ersten Mal dorthin reisen:","breadcrumb":{"@id":"https:\/\/www.urlaubcornwall.de\/blog\/wohin-soll-ich-in-suedwestengland-zum-ersten-mal-gehen\/#breadcrumb"},"inLanguage":"en-US","potentialAction":[{"@type":"ReadAction","target":["https:\/\/www.urlaubcornwall.de\/blog\/wohin-soll-ich-in-suedwestengland-zum-ersten-mal-gehen\/"]}]},{"@type":"BreadcrumbList","@id":"https:\/\/www.urlaubcornwall.de\/blog\/wohin-soll-ich-in-suedwestengland-zum-ersten-mal-gehen\/#breadcrumb","itemListElement":[{"@type":"ListItem","position":1,"name":"Home","item":"https:\/\/www.urlaubcornwall.de\/blog\/"},{"@type":"ListItem","position":2,"name":"Wohin soll ich in S\u00fcdwestengland zum ersten Mal gehen?"}]}]}},"_links":{"self":[{"href":"https:\/\/www.urlaubcornwall.de\/blog\/wp-json\/wp\/v2\/pages\/46131"}],"collection":[{"href":"https:\/\/www.urlaubcornwall.de\/blog\/wp-json\/wp\/v2\/pages"}],"about":[{"href":"https:\/\/www.urlaubcornwall.de\/blog\/wp-json\/wp\/v2\/types\/page"}],"author":[{"embeddable":true,"href":"https:\/\/www.urlaubcornwall.de\/blog\/wp-json\/wp\/v2\/users\/1"}],"replies":[{"embeddable":true,"href":"https:\/\/www.urlaubcornwall.de\/blog\/wp-json\/wp\/v2\/comments?post=46131"}],"version-history":[{"count":4,"href":"https:\/\/www.urlaubcornwall.de\/blog\/wp-json\/wp\/v2\/pages\/46131\/revisions"}],"predecessor-version":[{"id":49995,"href":"https:\/\/www.urlaubcornwall.de\/blog\/wp-json\/wp\/v2\/pages\/46131\/revisions\/49995"}],"wp:attachment":[{"href":"https:\/\/www.urlaubcornwall.de\/blog\/wp-json\/wp\/v2\/media?parent=46131"}],"curies":[{"name":"wp","href":"https:\/\/api.w.org\/{rel}","templated":true}]}}