{"id":46129,"date":"2023-04-11T09:03:09","date_gmt":"2023-04-11T09:03:09","guid":{"rendered":"https:\/\/www.urlaubcornwall.de\/blog\/?page_id=46129"},"modified":"2024-04-30T15:44:02","modified_gmt":"2024-04-30T15:44:02","slug":"wohin-soll-ich-in-devon-zum-ersten-mal-gehen","status":"publish","type":"page","link":"https:\/\/www.urlaubcornwall.de\/blog\/wohin-soll-ich-in-devon-zum-ersten-mal-gehen\/","title":{"rendered":"Wohin soll ich in Devon zum ersten Mal gehen?"},"content":{"rendered":"<p><img loading=\"lazy\" class=\"aligncenter size-full wp-image-33395\" src=\"https:\/\/www.urlaubcornwall.de\/blog\/wp-content\/uploads\/2018\/03\/hotel-sonderangebote-devon.jpg\" alt=\"Bigbury on Sea\" width=\"745\" height=\"362\" srcset=\"https:\/\/www.urlaubcornwall.de\/blog\/wp-content\/uploads\/2018\/03\/hotel-sonderangebote-devon.jpg 745w, https:\/\/www.urlaubcornwall.de\/blog\/wp-content\/uploads\/2018\/03\/hotel-sonderangebote-devon-300x146.jpg 300w\" sizes=\"(max-width: 745px) 100vw, 745px\" \/><\/p>\n<p>Devon ist eine wundersch\u00f6ne Grafschaft in <a href=\"https:\/\/www.urlaubcornwall.de\/ferienhaeuser\/suedwesten-englands.php\">S\u00fcdwestengland<\/a> und hat f\u00fcr jeden Besucher viel zu bieten. Hier sind einige Vorschl\u00e4ge f\u00fcr Orte, die Sie in <a href=\"https:\/\/www.urlaubcornwall.de\/ferienhaeuser-fewos\/eng\/devon\/devon.html\">Devon<\/a> besuchen sollten, wenn Sie zum ersten Mal dorthin reisen:<\/p>\n<p><strong>Dartmoor National Park:<\/strong> <a href=\"https:\/\/www.urlaubcornwall.de\/ferienhaeuser-fewos\/eng\/sued-devon\/devon-dartmoor.html\">Eine atemberaubende Landschaft<\/a> mit Wildpferden, hohen Granitfelsen und Wasserf\u00e4llen. Ideal f\u00fcr Wanderungen und Naturerkundungen.<\/p>\n<p><strong>Exeter:<\/strong> <a href=\"https:\/\/www.urlaubcornwall.de\/ferienhaeuser-fewos\/eng\/sued-devon\/exeter.html\">Eine historische Stadt<\/a>, die f\u00fcr ihre Kathedrale, ihre mittelalterliche Architektur und ihre Universit\u00e4t bekannt ist.<\/p>\n<p><strong>Exmouth:<\/strong> Ein <a href=\"https:\/\/www.urlaubcornwall.de\/ferienhaeuser-fewos\/eng\/sued-devon\/exmouth.html\">beliebtes K\u00fcstenst\u00e4dtchen<\/a>, das f\u00fcr seine Str\u00e4nde, Wassersportaktivit\u00e4ten und das sch\u00f6ne Stadtzentrum bekannt ist.<\/p>\n<p><strong>Torquay:<\/strong> Ein weiteres beliebtes K\u00fcstenst\u00e4dtchen, das f\u00fcr seine Str\u00e4nde, das Nachtleben und das Stadtzentrum bekannt ist. Auch bekannt als die &#8220;<a href=\"https:\/\/www.urlaubcornwall.de\/ferienhaeuser-fewos\/eng\/sued-devon\/torquay.html\">Englische Riviera<\/a>&#8220;.<\/p>\n<p><strong>Plymouth:<\/strong> Eine Stadt mit einer reichen maritimen Geschichte, bekannt f\u00fcr ihre Hafenpromenade, ihre historischen Sehensw\u00fcrdigkeiten und ihr Nachtleben.<\/p>\n<p><strong>Clovelly:<\/strong> <a href=\"https:\/\/www.urlaubcornwall.de\/ferienhaeuser-fewos\/eng\/nord-devon\/clovelly.html\">Ein traditionelles Fischerdorf<\/a>, das f\u00fcr seine h\u00fcbschen, steilen Gassen und seine malerische Lage an der K\u00fcste bekannt ist.<\/p>\n<p><strong>Salcombe:<\/strong> <a href=\"https:\/\/www.urlaubcornwall.de\/ferienhaeuser-fewos\/eng\/sued-devon\/salcombe.html\">Ein charmantes Dorf an der K\u00fcste<\/a>, das f\u00fcr seine Str\u00e4nde, seine Yachth\u00e4fen und seine Meeresfr\u00fcchte-Restaurants bekannt ist.<\/p>\n<p>Das sind nur einige der vielen gro\u00dfartigen Orte in Devon, die man besuchen kann.<\/p>\n<div class=\"snippet\"> <a class=\"featured-item\" href=\"https:\/\/www.urlaubcornwall.de\/ferienhaeuser\/suedengland.php\"> <span class=\"image-holder\" style=\"background-image: url('https:\/\/www.urlaubcornwall.de\/blog\/wp-content\/uploads\/2024\/03\/ferienhaus-england-cornwall.jpg');\"><\/span> <span class=\"featured-content\"> \n<h2 class=\"featured-title\">Ferienh\u00e4user in S\u00fcdengland<\/h2>\n<p class=\"featured-body\">Bei uns finden Sie Ferienh\u00e4user zum Verlieben &#8211; so einfach ist das! Dank seiner langen Geschichte, der reizvollen Landschaften und seinen vielen Attraktionen ist S\u00fcdengland ein wahres Mekka f\u00fcr Urlauber&#8230;..<\/p><\/span> <span class=\"featured-link-holder\"> <span class=\"featured-extra-info\"> \n<p>Pers\u00f6nlich inspizierter Ferienh\u00e4user<\/p>\n<\/span> \n<p class=\"featured-link\">DETAILS<\/p>\n<\/span> <\/a><\/div>\n","protected":false},"excerpt":{"rendered":"<p>Devon ist eine wundersch\u00f6ne Grafschaft in S\u00fcdwestengland und hat f\u00fcr jeden Besucher viel zu bieten. Hier sind einige Vorschl\u00e4ge f\u00fcr Orte, die Sie in Devon besuchen sollten, wenn Sie zum ersten Mal dorthin reisen: Dartmoor National Park: Eine atemberaubende Landschaft mit Wildpferden, hohen Granitfelsen und Wasserf\u00e4llen. Ideal f\u00fcr Wanderungen und Naturerkundungen. Exeter: Eine historische Stadt, [&hellip;]<\/p>\n","protected":false},"author":1,"featured_media":0,"parent":0,"menu_order":0,"comment_status":"closed","ping_status":"closed","template":"single-four.php","meta":[],"acf":[],"yoast_head":"<!-- This site is optimized with the Yoast SEO plugin v19.4 - https:\/\/yoast.com\/wordpress\/plugins\/seo\/ -->\n<title>Wohin soll ich in Devon zum ersten Mal gehen? - Urlaub &amp; Reisen<\/title>\n<meta name=\"robots\" content=\"index, follow, max-snippet:-1, max-image-preview:large, max-video-preview:-1\" \/>\n<link rel=\"canonical\" href=\"https:\/\/www.urlaubcornwall.de\/blog\/wohin-soll-ich-in-devon-zum-ersten-mal-gehen\/\" \/>\n<meta property=\"og:locale\" content=\"en_US\" \/>\n<meta property=\"og:type\" content=\"article\" \/>\n<meta property=\"og:title\" content=\"Wohin soll ich in Devon zum ersten Mal gehen? - Urlaub &amp; Reisen\" \/>\n<meta property=\"og:description\" content=\"Devon ist eine wundersch\u00f6ne Grafschaft in S\u00fcdwestengland und hat f\u00fcr jeden Besucher viel zu bieten. Hier sind einige Vorschl\u00e4ge f\u00fcr Orte, die Sie in Devon besuchen sollten, wenn Sie zum ersten Mal dorthin reisen: Dartmoor National Park: Eine atemberaubende Landschaft mit Wildpferden, hohen Granitfelsen und Wasserf\u00e4llen. Ideal f\u00fcr Wanderungen und Naturerkundungen. Exeter: Eine historische Stadt, [&hellip;]\" \/>\n<meta property=\"og:url\" content=\"https:\/\/www.urlaubcornwall.de\/blog\/wohin-soll-ich-in-devon-zum-ersten-mal-gehen\/\" \/>\n<meta property=\"og:site_name\" content=\"Urlaub &amp; Reisen\" \/>\n<meta property=\"article:modified_time\" content=\"2024-04-30T15:44:02+00:00\" \/>\n<meta property=\"og:image\" content=\"https:\/\/www.urlaubcornwall.de\/blog\/wp-content\/uploads\/2018\/03\/hotel-sonderangebote-devon.jpg\" \/>\n<meta name=\"twitter:card\" content=\"summary\" \/>\n<meta name=\"twitter:label1\" content=\"Est. reading time\" \/>\n\t<meta name=\"twitter:data1\" content=\"2 minutes\" \/>\n<script type=\"application\/ld+json\" class=\"yoast-schema-graph\">{\"@context\":\"https:\/\/schema.org\",\"@graph\":[{\"@type\":\"WebSite\",\"@id\":\"https:\/\/www.urlaubcornwall.de\/blog\/#website\",\"url\":\"https:\/\/www.urlaubcornwall.de\/blog\/\",\"name\":\"Urlaub &amp; Reisen\",\"description\":\"Urlaub, Reisen, Cornwall und S\u00fcdengland: eine perfekte Kombination\",\"potentialAction\":[{\"@type\":\"SearchAction\",\"target\":{\"@type\":\"EntryPoint\",\"urlTemplate\":\"https:\/\/www.urlaubcornwall.de\/blog\/?s={search_term_string}\"},\"query-input\":\"required name=search_term_string\"}],\"inLanguage\":\"en-US\"},{\"@type\":\"WebPage\",\"@id\":\"https:\/\/www.urlaubcornwall.de\/blog\/wohin-soll-ich-in-devon-zum-ersten-mal-gehen\/\",\"url\":\"https:\/\/www.urlaubcornwall.de\/blog\/wohin-soll-ich-in-devon-zum-ersten-mal-gehen\/\",\"name\":\"Wohin soll ich in Devon zum ersten Mal gehen? - Urlaub &amp; Reisen\",\"isPartOf\":{\"@id\":\"https:\/\/www.urlaubcornwall.de\/blog\/#website\"},\"datePublished\":\"2023-04-11T09:03:09+00:00\",\"dateModified\":\"2024-04-30T15:44:02+00:00\",\"breadcrumb\":{\"@id\":\"https:\/\/www.urlaubcornwall.de\/blog\/wohin-soll-ich-in-devon-zum-ersten-mal-gehen\/#breadcrumb\"},\"inLanguage\":\"en-US\",\"potentialAction\":[{\"@type\":\"ReadAction\",\"target\":[\"https:\/\/www.urlaubcornwall.de\/blog\/wohin-soll-ich-in-devon-zum-ersten-mal-gehen\/\"]}]},{\"@type\":\"BreadcrumbList\",\"@id\":\"https:\/\/www.urlaubcornwall.de\/blog\/wohin-soll-ich-in-devon-zum-ersten-mal-gehen\/#breadcrumb\",\"itemListElement\":[{\"@type\":\"ListItem\",\"position\":1,\"name\":\"Home\",\"item\":\"https:\/\/www.urlaubcornwall.de\/blog\/\"},{\"@type\":\"ListItem\",\"position\":2,\"name\":\"Wohin soll ich in Devon zum ersten Mal gehen?\"}]}]}<\/script>\n<!-- \/ Yoast SEO plugin. -->","yoast_head_json":{"title":"Wohin soll ich in Devon zum ersten Mal gehen? - Urlaub &amp; Reisen","robots":{"index":"index","follow":"follow","max-snippet":"max-snippet:-1","max-image-preview":"max-image-preview:large","max-video-preview":"max-video-preview:-1"},"canonical":"https:\/\/www.urlaubcornwall.de\/blog\/wohin-soll-ich-in-devon-zum-ersten-mal-gehen\/","og_locale":"en_US","og_type":"article","og_title":"Wohin soll ich in Devon zum ersten Mal gehen? - Urlaub &amp; Reisen","og_description":"Devon ist eine wundersch\u00f6ne Grafschaft in S\u00fcdwestengland und hat f\u00fcr jeden Besucher viel zu bieten. Hier sind einige Vorschl\u00e4ge f\u00fcr Orte, die Sie in Devon besuchen sollten, wenn Sie zum ersten Mal dorthin reisen: Dartmoor National Park: Eine atemberaubende Landschaft mit Wildpferden, hohen Granitfelsen und Wasserf\u00e4llen. Ideal f\u00fcr Wanderungen und Naturerkundungen. Exeter: Eine historische Stadt, [&hellip;]","og_url":"https:\/\/www.urlaubcornwall.de\/blog\/wohin-soll-ich-in-devon-zum-ersten-mal-gehen\/","og_site_name":"Urlaub &amp; Reisen","article_modified_time":"2024-04-30T15:44:02+00:00","og_image":[{"url":"https:\/\/www.urlaubcornwall.de\/blog\/wp-content\/uploads\/2018\/03\/hotel-sonderangebote-devon.jpg"}],"twitter_card":"summary","twitter_misc":{"Est. reading time":"2 minutes"},"schema":{"@context":"https:\/\/schema.org","@graph":[{"@type":"WebSite","@id":"https:\/\/www.urlaubcornwall.de\/blog\/#website","url":"https:\/\/www.urlaubcornwall.de\/blog\/","name":"Urlaub &amp; Reisen","description":"Urlaub, Reisen, Cornwall und S\u00fcdengland: eine perfekte Kombination","potentialAction":[{"@type":"SearchAction","target":{"@type":"EntryPoint","urlTemplate":"https:\/\/www.urlaubcornwall.de\/blog\/?s={search_term_string}"},"query-input":"required name=search_term_string"}],"inLanguage":"en-US"},{"@type":"WebPage","@id":"https:\/\/www.urlaubcornwall.de\/blog\/wohin-soll-ich-in-devon-zum-ersten-mal-gehen\/","url":"https:\/\/www.urlaubcornwall.de\/blog\/wohin-soll-ich-in-devon-zum-ersten-mal-gehen\/","name":"Wohin soll ich in Devon zum ersten Mal gehen? - Urlaub &amp; Reisen","isPartOf":{"@id":"https:\/\/www.urlaubcornwall.de\/blog\/#website"},"datePublished":"2023-04-11T09:03:09+00:00","dateModified":"2024-04-30T15:44:02+00:00","breadcrumb":{"@id":"https:\/\/www.urlaubcornwall.de\/blog\/wohin-soll-ich-in-devon-zum-ersten-mal-gehen\/#breadcrumb"},"inLanguage":"en-US","potentialAction":[{"@type":"ReadAction","target":["https:\/\/www.urlaubcornwall.de\/blog\/wohin-soll-ich-in-devon-zum-ersten-mal-gehen\/"]}]},{"@type":"BreadcrumbList","@id":"https:\/\/www.urlaubcornwall.de\/blog\/wohin-soll-ich-in-devon-zum-ersten-mal-gehen\/#breadcrumb","itemListElement":[{"@type":"ListItem","position":1,"name":"Home","item":"https:\/\/www.urlaubcornwall.de\/blog\/"},{"@type":"ListItem","position":2,"name":"Wohin soll ich in Devon zum ersten Mal gehen?"}]}]}},"_links":{"self":[{"href":"https:\/\/www.urlaubcornwall.de\/blog\/wp-json\/wp\/v2\/pages\/46129"}],"collection":[{"href":"https:\/\/www.urlaubcornwall.de\/blog\/wp-json\/wp\/v2\/pages"}],"about":[{"href":"https:\/\/www.urlaubcornwall.de\/blog\/wp-json\/wp\/v2\/types\/page"}],"author":[{"embeddable":true,"href":"https:\/\/www.urlaubcornwall.de\/blog\/wp-json\/wp\/v2\/users\/1"}],"replies":[{"embeddable":true,"href":"https:\/\/www.urlaubcornwall.de\/blog\/wp-json\/wp\/v2\/comments?post=46129"}],"version-history":[{"count":2,"href":"https:\/\/www.urlaubcornwall.de\/blog\/wp-json\/wp\/v2\/pages\/46129\/revisions"}],"predecessor-version":[{"id":49996,"href":"https:\/\/www.urlaubcornwall.de\/blog\/wp-json\/wp\/v2\/pages\/46129\/revisions\/49996"}],"wp:attachment":[{"href":"https:\/\/www.urlaubcornwall.de\/blog\/wp-json\/wp\/v2\/media?parent=46129"}],"curies":[{"name":"wp","href":"https:\/\/api.w.org\/{rel}","templated":true}]}}