{"id":46127,"date":"2023-04-11T08:45:37","date_gmt":"2023-04-11T08:45:37","guid":{"rendered":"https:\/\/www.urlaubcornwall.de\/blog\/?page_id=46127"},"modified":"2024-04-15T14:27:57","modified_gmt":"2024-04-15T14:27:57","slug":"wohin-soll-ich-in-schottland-zum-ersten-mal-gehen","status":"publish","type":"page","link":"https:\/\/www.urlaubcornwall.de\/blog\/wohin-soll-ich-in-schottland-zum-ersten-mal-gehen\/","title":{"rendered":"Wohin soll ich in Schottland zum ersten Mal gehen?"},"content":{"rendered":"<p><img loading=\"lazy\" class=\"aligncenter size-full wp-image-25422\" src=\"https:\/\/www.urlaubcornwall.de\/blog\/wp-content\/uploads\/2016\/11\/trossachs-urlaub-schottland.jpg\" alt=\"Trossachs schottland\" height=\"379\" width=\"750\"\/><\/p>\n<p><a href=\"https:\/\/www.urlaubcornwall.de\/reiseziel\/schottland.php\">Schottland ist ein wundersch\u00f6nes Land<\/a> mit einer reichen Geschichte und Kultur, atemberaubenden Landschaften und freundlichen Menschen. Wenn Sie zum ersten Mal nach Schottland reisen, gibt es einige Orte, die Sie auf jeden Fall besuchen sollten. Hier sind einige Vorschl\u00e4ge:<\/p>\n<p><strong>Edinburgh:<\/strong> Die <a href=\"https:\/\/www.urlaubcornwall.de\/ferienhaeuser-fewos\/sco\/zentralschottland\/edinburgh.html\">Hauptstadt Schottlands<\/a> ist ein Muss f\u00fcr jeden Erstbesucher. Es gibt so viele Sehensw\u00fcrdigkeiten zu besuchen, wie das Edinburgh Castle, die Royal Mile, das National Museum of Scotland und vieles mehr. Auch das Nachtleben und die Einkaufsm\u00f6glichkeiten sind sehr reizvoll.<\/p>\n<p><strong>Isle of Skye:<\/strong> Die <a href=\"https:\/\/www.urlaubcornwall.de\/ferienhaeuser-fewos\/sco\/schottische-inseln\/isle-of-skye.html\">Isle of Skye ist eine wundersch\u00f6ne Insel<\/a> mit atemberaubender Landschaft, einschlie\u00dflich der ber\u00fchmten Felsformationen &#8220;The Old Man of Storr&#8221; und der &#8220;Quiraing&#8221;.<\/p>\n<p><strong>Loch Ness:<\/strong> Der legend\u00e4re See ist bekannt f\u00fcr die Suche nach dem Nessie Monster und bietet auch <a href=\"https:\/\/www.urlaubcornwall.de\/ferienhaeuser-fewos\/sco\/nordschottland\/nordschottland.html\">eine wundersch\u00f6ne Landschaft<\/a>.<\/p>\n<p><strong>Stirling:<\/strong> Eine historische Stadt, die bekannt ist f\u00fcr ihre Burg und ihre Verbindung zur schottischen Geschichte, einschlie\u00dflich der Schlacht von Stirling Bridge und der Schlacht von Bannockburn.<\/p>\n<p><strong>Glasgow:<\/strong> Die gr\u00f6\u00dfte Stadt Schottlands, bekannt f\u00fcr ihre Architektur, ihre Museen und Galerien, ihre Musikszene und ihre Einkaufsm\u00f6glichkeiten.<\/p>\n<p><strong>Glencoe:<\/strong> Ein Tal mit <a href=\"https:\/\/www.urlaubcornwall.de\/blog\/urlaub-glencoe-unternehmungen-unterkuenfte\/\">einer dramatischen Landschaft<\/a> und einer reichen Geschichte, einschlie\u00dflich des Massakers von Glencoe.<\/p>\n<p><strong>Cairngorms National Park:<\/strong> Der gr\u00f6\u00dfte <a href=\"https:\/\/www.urlaubcornwall.de\/ferienhaeuser-fewos\/sco\/nordschottland\/cairngorms.html\">Nationalpark in Schottland<\/a>, bekannt f\u00fcr seine Berge, W\u00e4lder, Seen und Tiere wie Rothirsche, Otter und Fischadler.<\/p>\n<p>Das sind nur einige der vielen gro\u00dfartigen Orte in Schottland, die man besuchen kann. <\/p>\n<p style=\"text-align: center;\"><a class=\"tidycta\" href=\"https:\/\/www.urlaubcornwall.de\/ferienhaeuser-fewos\/sco\/schottland.html\">Suche Ferienh\u00e4user in Schottland<\/a><\/p>\n<div class=\"snippet\"> <a class=\"featured-item\" href=\" https:\/\/www.urlaubcornwall.de\/ferienhaeuser\/schottland.php\"> <span class=\"image-holder\" style=\"background-image: url(' https:\/\/www.urlaubcornwall.de\/blog\/wp-content\/uploads\/2019\/01\/urlaub-schottland-highlands.jpg ');\"><\/span> <span class=\"featured-content\"> \n<h2 class=\"featured-title\">Bei uns finden Sie Ferienh\u00e4user in Schottland zum Verlieben!<\/h2>\n<p class=\"featured-body\">Untenstehend finden Sie eine Auswahl an Ferienh\u00e4usern in Schottland. Hier finden Sie pers\u00f6nlich inspizierte Cottages entlang der schottischen K\u00fcste, in den schottischen Highlands und auf den Inseln&#8230;..<\/p>\n<\/span> <span class=\"featured-link-holder\"> <span class=\"featured-extra-info\"> \n<p>F\u00fcr Paare, Familien &#038; Gruppen<\/p>\n<\/span> \n<p class=\"featured-link\">DETAILS<\/p>\n<\/span> <\/a><\/div>\n","protected":false},"excerpt":{"rendered":"<p>Schottland ist ein wundersch\u00f6nes Land mit einer reichen Geschichte und Kultur, atemberaubenden Landschaften und freundlichen Menschen. Wenn Sie zum ersten Mal nach Schottland reisen, gibt es einige Orte, die Sie auf jeden Fall besuchen sollten. Hier sind einige Vorschl\u00e4ge: Edinburgh: Die Hauptstadt Schottlands ist ein Muss f\u00fcr jeden Erstbesucher. Es gibt so viele Sehensw\u00fcrdigkeiten zu [&hellip;]<\/p>\n","protected":false},"author":1,"featured_media":0,"parent":0,"menu_order":0,"comment_status":"closed","ping_status":"closed","template":"single-four.php","meta":[],"acf":[],"yoast_head":"<!-- This site is optimized with the Yoast SEO plugin v19.4 - https:\/\/yoast.com\/wordpress\/plugins\/seo\/ -->\n<title>Wohin soll ich in Schottland zum ersten Mal gehen? - Urlaub &amp; Reisen<\/title>\n<meta name=\"robots\" content=\"index, follow, max-snippet:-1, max-image-preview:large, max-video-preview:-1\" \/>\n<link rel=\"canonical\" href=\"https:\/\/www.urlaubcornwall.de\/blog\/wohin-soll-ich-in-schottland-zum-ersten-mal-gehen\/\" \/>\n<meta property=\"og:locale\" content=\"en_US\" \/>\n<meta property=\"og:type\" content=\"article\" \/>\n<meta property=\"og:title\" content=\"Wohin soll ich in Schottland zum ersten Mal gehen? - Urlaub &amp; Reisen\" \/>\n<meta property=\"og:description\" content=\"Schottland ist ein wundersch\u00f6nes Land mit einer reichen Geschichte und Kultur, atemberaubenden Landschaften und freundlichen Menschen. Wenn Sie zum ersten Mal nach Schottland reisen, gibt es einige Orte, die Sie auf jeden Fall besuchen sollten. Hier sind einige Vorschl\u00e4ge: Edinburgh: Die Hauptstadt Schottlands ist ein Muss f\u00fcr jeden Erstbesucher. Es gibt so viele Sehensw\u00fcrdigkeiten zu [&hellip;]\" \/>\n<meta property=\"og:url\" content=\"https:\/\/www.urlaubcornwall.de\/blog\/wohin-soll-ich-in-schottland-zum-ersten-mal-gehen\/\" \/>\n<meta property=\"og:site_name\" content=\"Urlaub &amp; Reisen\" \/>\n<meta property=\"article:modified_time\" content=\"2024-04-15T14:27:57+00:00\" \/>\n<meta property=\"og:image\" content=\"https:\/\/www.urlaubcornwall.de\/blog\/wp-content\/uploads\/2016\/11\/trossachs-urlaub-schottland.jpg\" \/>\n<meta name=\"twitter:card\" content=\"summary\" \/>\n<meta name=\"twitter:label1\" content=\"Est. reading time\" \/>\n\t<meta name=\"twitter:data1\" content=\"2 minutes\" \/>\n<script type=\"application\/ld+json\" class=\"yoast-schema-graph\">{\"@context\":\"https:\/\/schema.org\",\"@graph\":[{\"@type\":\"WebSite\",\"@id\":\"https:\/\/www.urlaubcornwall.de\/blog\/#website\",\"url\":\"https:\/\/www.urlaubcornwall.de\/blog\/\",\"name\":\"Urlaub &amp; Reisen\",\"description\":\"Urlaub, Reisen, Cornwall und S\u00fcdengland: eine perfekte Kombination\",\"potentialAction\":[{\"@type\":\"SearchAction\",\"target\":{\"@type\":\"EntryPoint\",\"urlTemplate\":\"https:\/\/www.urlaubcornwall.de\/blog\/?s={search_term_string}\"},\"query-input\":\"required name=search_term_string\"}],\"inLanguage\":\"en-US\"},{\"@type\":\"WebPage\",\"@id\":\"https:\/\/www.urlaubcornwall.de\/blog\/wohin-soll-ich-in-schottland-zum-ersten-mal-gehen\/\",\"url\":\"https:\/\/www.urlaubcornwall.de\/blog\/wohin-soll-ich-in-schottland-zum-ersten-mal-gehen\/\",\"name\":\"Wohin soll ich in Schottland zum ersten Mal gehen? - Urlaub &amp; Reisen\",\"isPartOf\":{\"@id\":\"https:\/\/www.urlaubcornwall.de\/blog\/#website\"},\"datePublished\":\"2023-04-11T08:45:37+00:00\",\"dateModified\":\"2024-04-15T14:27:57+00:00\",\"breadcrumb\":{\"@id\":\"https:\/\/www.urlaubcornwall.de\/blog\/wohin-soll-ich-in-schottland-zum-ersten-mal-gehen\/#breadcrumb\"},\"inLanguage\":\"en-US\",\"potentialAction\":[{\"@type\":\"ReadAction\",\"target\":[\"https:\/\/www.urlaubcornwall.de\/blog\/wohin-soll-ich-in-schottland-zum-ersten-mal-gehen\/\"]}]},{\"@type\":\"BreadcrumbList\",\"@id\":\"https:\/\/www.urlaubcornwall.de\/blog\/wohin-soll-ich-in-schottland-zum-ersten-mal-gehen\/#breadcrumb\",\"itemListElement\":[{\"@type\":\"ListItem\",\"position\":1,\"name\":\"Home\",\"item\":\"https:\/\/www.urlaubcornwall.de\/blog\/\"},{\"@type\":\"ListItem\",\"position\":2,\"name\":\"Wohin soll ich in Schottland zum ersten Mal gehen?\"}]}]}<\/script>\n<!-- \/ Yoast SEO plugin. -->","yoast_head_json":{"title":"Wohin soll ich in Schottland zum ersten Mal gehen? - Urlaub &amp; Reisen","robots":{"index":"index","follow":"follow","max-snippet":"max-snippet:-1","max-image-preview":"max-image-preview:large","max-video-preview":"max-video-preview:-1"},"canonical":"https:\/\/www.urlaubcornwall.de\/blog\/wohin-soll-ich-in-schottland-zum-ersten-mal-gehen\/","og_locale":"en_US","og_type":"article","og_title":"Wohin soll ich in Schottland zum ersten Mal gehen? - Urlaub &amp; Reisen","og_description":"Schottland ist ein wundersch\u00f6nes Land mit einer reichen Geschichte und Kultur, atemberaubenden Landschaften und freundlichen Menschen. Wenn Sie zum ersten Mal nach Schottland reisen, gibt es einige Orte, die Sie auf jeden Fall besuchen sollten. Hier sind einige Vorschl\u00e4ge: Edinburgh: Die Hauptstadt Schottlands ist ein Muss f\u00fcr jeden Erstbesucher. Es gibt so viele Sehensw\u00fcrdigkeiten zu [&hellip;]","og_url":"https:\/\/www.urlaubcornwall.de\/blog\/wohin-soll-ich-in-schottland-zum-ersten-mal-gehen\/","og_site_name":"Urlaub &amp; Reisen","article_modified_time":"2024-04-15T14:27:57+00:00","og_image":[{"url":"https:\/\/www.urlaubcornwall.de\/blog\/wp-content\/uploads\/2016\/11\/trossachs-urlaub-schottland.jpg"}],"twitter_card":"summary","twitter_misc":{"Est. reading time":"2 minutes"},"schema":{"@context":"https:\/\/schema.org","@graph":[{"@type":"WebSite","@id":"https:\/\/www.urlaubcornwall.de\/blog\/#website","url":"https:\/\/www.urlaubcornwall.de\/blog\/","name":"Urlaub &amp; Reisen","description":"Urlaub, Reisen, Cornwall und S\u00fcdengland: eine perfekte Kombination","potentialAction":[{"@type":"SearchAction","target":{"@type":"EntryPoint","urlTemplate":"https:\/\/www.urlaubcornwall.de\/blog\/?s={search_term_string}"},"query-input":"required name=search_term_string"}],"inLanguage":"en-US"},{"@type":"WebPage","@id":"https:\/\/www.urlaubcornwall.de\/blog\/wohin-soll-ich-in-schottland-zum-ersten-mal-gehen\/","url":"https:\/\/www.urlaubcornwall.de\/blog\/wohin-soll-ich-in-schottland-zum-ersten-mal-gehen\/","name":"Wohin soll ich in Schottland zum ersten Mal gehen? - Urlaub &amp; Reisen","isPartOf":{"@id":"https:\/\/www.urlaubcornwall.de\/blog\/#website"},"datePublished":"2023-04-11T08:45:37+00:00","dateModified":"2024-04-15T14:27:57+00:00","breadcrumb":{"@id":"https:\/\/www.urlaubcornwall.de\/blog\/wohin-soll-ich-in-schottland-zum-ersten-mal-gehen\/#breadcrumb"},"inLanguage":"en-US","potentialAction":[{"@type":"ReadAction","target":["https:\/\/www.urlaubcornwall.de\/blog\/wohin-soll-ich-in-schottland-zum-ersten-mal-gehen\/"]}]},{"@type":"BreadcrumbList","@id":"https:\/\/www.urlaubcornwall.de\/blog\/wohin-soll-ich-in-schottland-zum-ersten-mal-gehen\/#breadcrumb","itemListElement":[{"@type":"ListItem","position":1,"name":"Home","item":"https:\/\/www.urlaubcornwall.de\/blog\/"},{"@type":"ListItem","position":2,"name":"Wohin soll ich in Schottland zum ersten Mal gehen?"}]}]}},"_links":{"self":[{"href":"https:\/\/www.urlaubcornwall.de\/blog\/wp-json\/wp\/v2\/pages\/46127"}],"collection":[{"href":"https:\/\/www.urlaubcornwall.de\/blog\/wp-json\/wp\/v2\/pages"}],"about":[{"href":"https:\/\/www.urlaubcornwall.de\/blog\/wp-json\/wp\/v2\/types\/page"}],"author":[{"embeddable":true,"href":"https:\/\/www.urlaubcornwall.de\/blog\/wp-json\/wp\/v2\/users\/1"}],"replies":[{"embeddable":true,"href":"https:\/\/www.urlaubcornwall.de\/blog\/wp-json\/wp\/v2\/comments?post=46127"}],"version-history":[{"count":3,"href":"https:\/\/www.urlaubcornwall.de\/blog\/wp-json\/wp\/v2\/pages\/46127\/revisions"}],"predecessor-version":[{"id":49554,"href":"https:\/\/www.urlaubcornwall.de\/blog\/wp-json\/wp\/v2\/pages\/46127\/revisions\/49554"}],"wp:attachment":[{"href":"https:\/\/www.urlaubcornwall.de\/blog\/wp-json\/wp\/v2\/media?parent=46127"}],"curies":[{"name":"wp","href":"https:\/\/api.w.org\/{rel}","templated":true}]}}