{"id":46120,"date":"2023-04-11T08:06:54","date_gmt":"2023-04-11T08:06:54","guid":{"rendered":"https:\/\/www.urlaubcornwall.de\/blog\/?page_id=46120"},"modified":"2024-05-31T11:10:41","modified_gmt":"2024-05-31T11:10:41","slug":"wohin-soll-ich-in-suedengland-zum-ersten-mal-gehen","status":"publish","type":"page","link":"https:\/\/www.urlaubcornwall.de\/blog\/wohin-soll-ich-in-suedengland-zum-ersten-mal-gehen\/","title":{"rendered":"Wohin soll ich in S\u00fcdengland zum ersten Mal gehen?"},"content":{"rendered":"<p><a href=\"https:\/\/www.urlaubcornwall.de\/blog\/wp-content\/uploads\/2024\/03\/sussex-am-meer-rotated.jpg\"><img loading=\"lazy\" src=\"https:\/\/www.urlaubcornwall.de\/blog\/wp-content\/uploads\/2024\/03\/sussex-am-meer-rotated.jpg\" alt=\"sussex am meer\" width=\"750\" height=\"563\" class=\"alignnone size-full wp-image-47767\" srcset=\"https:\/\/www.urlaubcornwall.de\/blog\/wp-content\/uploads\/2024\/03\/sussex-am-meer-rotated.jpg 750w, https:\/\/www.urlaubcornwall.de\/blog\/wp-content\/uploads\/2024\/03\/sussex-am-meer-300x225.jpg 300w\" sizes=\"(max-width: 750px) 100vw, 750px\" \/><\/a><br \/>\nEs gibt viele wunderbare Orte, die man in <a href=\"https:\/\/www.urlaubcornwall.de\/ferienhaeuser\/suedengland.php\">S\u00fcdengland<\/a> besuchen kann, je nachdem, welche Art von Aktivit\u00e4ten und Sehensw\u00fcrdigkeiten Sie bevorzugen. Hier sind jedoch einige Vorschl\u00e4ge f\u00fcr einen ersten Besuch:<\/p>\n<p><strong>London:<\/strong> Die Hauptstadt Englands ist ein Muss f\u00fcr jeden, der zum ersten Mal nach S\u00fcdengland reist. Es gibt so viele Sehensw\u00fcrdigkeiten zu besuchen, darunter den Buckingham Palace, das British Museum, den Tower of London, das London Eye und vieles mehr. Auch das Nachtleben und die Einkaufsm\u00f6glichkeiten sind sehr reizvoll.<\/p>\n<p><strong>Stonehenge:<\/strong> Eines der bekanntesten Wahrzeichen Englands ist das pr\u00e4historische Steinkreis von Stonehenge, das sich in der N\u00e4he von <a href=\"https:\/\/www.urlaubcornwall.de\/ferienhaeuser-fewos\/eng\/wiltshire\/salisbury.html\">Salisbury<\/a> befindet.<\/p>\n<p><strong>Die Jurassic K\u00fcste:<\/strong> Die <a href=\"https:\/\/www.urlaubcornwall.de\/ferienhaeuser-fewos\/eng\/dorset\/dorset.html\">Jurassic Coast in Dorset<\/a> ist ein Weltkulturerbe und bietet atemberaubende Ausblicke auf die K\u00fcste sowie eine Vielzahl von Aktivit\u00e4ten, wie Wandern, Schwimmen und Kajakfahren.<\/p>\n<p><strong>Bath:<\/strong> <a href=\"https:\/\/www.urlaubcornwall.de\/ferienhaeuser-fewos\/eng\/somerset\/bath.html\">Eine wundersch\u00f6ne Stadt<\/a>, die bekannt ist f\u00fcr ihre r\u00f6mischen B\u00e4der und ihre georgianische Architektur.<\/p>\n<p><strong>Brighton:<\/strong> <a href=\"https:\/\/www.urlaubcornwall.de\/ferienhaeuser-fewos\/eng\/sussex\/brighton.html\">Eine beliebte K\u00fcstenstadt<\/a>, die f\u00fcr ihr Nachtleben, ihre Str\u00e4nde und ihre bunte Pier bekannt ist.<\/p>\n<p><strong>Oxford:<\/strong> <a href=\"https:\/\/www.urlaubcornwall.de\/ferienhaeuser-fewos\/eng\/oxfordshire\/oxford.html\">Eine historische Stadt<\/a>, die bekannt ist f\u00fcr ihre renommierte Universit\u00e4t, ihre sch\u00f6nen Parks und ihre mittelalterliche Architektur.<\/p>\n<p><strong>Cornwall:<\/strong> <a href=\"https:\/\/www.urlaubcornwall.de\/ferienhaeuser-fewos\/cornwall.html\">Eine malerische Grafschaft<\/a>, die f\u00fcr ihre K\u00fcstenlandschaft, ihre Str\u00e4nde und ihre traditionellen Fischerd\u00f6rfer bekannt ist.<\/p>\n<p>Das sind nur einige der vielen gro\u00dfartigen Orte in S\u00fcdengland, die man besuchen kann. <\/p>\n<p style=\"text-align: center;\"><a class=\"tidycta\" href=\"https:\/\/www.urlaubcornwall.de\/ferienhaeuser\/suedengland.php\">Suche Ferienh\u00e4user in S\u00fcdengland<\/a><\/p>\n<div class=\"snippet\"> <a class=\"featured-item\" href=\"https:\/\/www.urlaubcornwall.de\/ferienhaeuser\/suedengland.php\"> <span class=\"image-holder\" style=\"background-image: url('https:\/\/www.urlaubcornwall.de\/blog\/wp-content\/uploads\/2024\/03\/ferienhaus-england-cornwall.jpg');\"><\/span> <span class=\"featured-content\"> \n<h2 class=\"featured-title\">Ferienh\u00e4user in S\u00fcdengland<\/h2>\n<p class=\"featured-body\">Bei uns finden Sie Ferienh\u00e4user zum Verlieben &#8211; so einfach ist das! Dank seiner langen Geschichte, der reizvollen Landschaften und seinen vielen Attraktionen ist S\u00fcdengland ein wahres Mekka f\u00fcr Urlauber&#8230;..<\/p><\/span> <span class=\"featured-link-holder\"> <span class=\"featured-extra-info\"> \n<p>Pers\u00f6nlich inspizierter Ferienh\u00e4user<\/p>\n<\/span> \n<p class=\"featured-link\">DETAILS<\/p>\n<\/span> <\/a><\/div>\n","protected":false},"excerpt":{"rendered":"<p>Es gibt viele wunderbare Orte, die man in S\u00fcdengland besuchen kann, je nachdem, welche Art von Aktivit\u00e4ten und Sehensw\u00fcrdigkeiten Sie bevorzugen. Hier sind jedoch einige Vorschl\u00e4ge f\u00fcr einen ersten Besuch: London: Die Hauptstadt Englands ist ein Muss f\u00fcr jeden, der zum ersten Mal nach S\u00fcdengland reist. Es gibt so viele Sehensw\u00fcrdigkeiten zu besuchen, darunter den [&hellip;]<\/p>\n","protected":false},"author":1,"featured_media":0,"parent":0,"menu_order":0,"comment_status":"closed","ping_status":"closed","template":"single-four.php","meta":[],"acf":[],"yoast_head":"<!-- This site is optimized with the Yoast SEO plugin v19.4 - https:\/\/yoast.com\/wordpress\/plugins\/seo\/ -->\n<title>Wohin soll ich in S\u00fcdengland zum ersten Mal gehen? - Urlaub &amp; Reisen<\/title>\n<meta name=\"robots\" content=\"index, follow, max-snippet:-1, max-image-preview:large, max-video-preview:-1\" \/>\n<link rel=\"canonical\" href=\"https:\/\/www.urlaubcornwall.de\/blog\/wohin-soll-ich-in-suedengland-zum-ersten-mal-gehen\/\" \/>\n<meta property=\"og:locale\" content=\"en_US\" \/>\n<meta property=\"og:type\" content=\"article\" \/>\n<meta property=\"og:title\" content=\"Wohin soll ich in S\u00fcdengland zum ersten Mal gehen? - Urlaub &amp; Reisen\" \/>\n<meta property=\"og:description\" content=\"Es gibt viele wunderbare Orte, die man in S\u00fcdengland besuchen kann, je nachdem, welche Art von Aktivit\u00e4ten und Sehensw\u00fcrdigkeiten Sie bevorzugen. Hier sind jedoch einige Vorschl\u00e4ge f\u00fcr einen ersten Besuch: London: Die Hauptstadt Englands ist ein Muss f\u00fcr jeden, der zum ersten Mal nach S\u00fcdengland reist. Es gibt so viele Sehensw\u00fcrdigkeiten zu besuchen, darunter den [&hellip;]\" \/>\n<meta property=\"og:url\" content=\"https:\/\/www.urlaubcornwall.de\/blog\/wohin-soll-ich-in-suedengland-zum-ersten-mal-gehen\/\" \/>\n<meta property=\"og:site_name\" content=\"Urlaub &amp; Reisen\" \/>\n<meta property=\"article:modified_time\" content=\"2024-05-31T11:10:41+00:00\" \/>\n<meta property=\"og:image\" content=\"https:\/\/www.urlaubcornwall.de\/blog\/wp-content\/uploads\/2024\/03\/sussex-am-meer-rotated.jpg\" \/>\n<meta name=\"twitter:card\" content=\"summary\" \/>\n<meta name=\"twitter:label1\" content=\"Est. reading time\" \/>\n\t<meta name=\"twitter:data1\" content=\"2 minutes\" \/>\n<script type=\"application\/ld+json\" class=\"yoast-schema-graph\">{\"@context\":\"https:\/\/schema.org\",\"@graph\":[{\"@type\":\"WebSite\",\"@id\":\"https:\/\/www.urlaubcornwall.de\/blog\/#website\",\"url\":\"https:\/\/www.urlaubcornwall.de\/blog\/\",\"name\":\"Urlaub &amp; Reisen\",\"description\":\"Urlaub, Reisen, Cornwall und S\u00fcdengland: eine perfekte Kombination\",\"potentialAction\":[{\"@type\":\"SearchAction\",\"target\":{\"@type\":\"EntryPoint\",\"urlTemplate\":\"https:\/\/www.urlaubcornwall.de\/blog\/?s={search_term_string}\"},\"query-input\":\"required name=search_term_string\"}],\"inLanguage\":\"en-US\"},{\"@type\":\"WebPage\",\"@id\":\"https:\/\/www.urlaubcornwall.de\/blog\/wohin-soll-ich-in-suedengland-zum-ersten-mal-gehen\/\",\"url\":\"https:\/\/www.urlaubcornwall.de\/blog\/wohin-soll-ich-in-suedengland-zum-ersten-mal-gehen\/\",\"name\":\"Wohin soll ich in S\u00fcdengland zum ersten Mal gehen? - Urlaub &amp; Reisen\",\"isPartOf\":{\"@id\":\"https:\/\/www.urlaubcornwall.de\/blog\/#website\"},\"datePublished\":\"2023-04-11T08:06:54+00:00\",\"dateModified\":\"2024-05-31T11:10:41+00:00\",\"breadcrumb\":{\"@id\":\"https:\/\/www.urlaubcornwall.de\/blog\/wohin-soll-ich-in-suedengland-zum-ersten-mal-gehen\/#breadcrumb\"},\"inLanguage\":\"en-US\",\"potentialAction\":[{\"@type\":\"ReadAction\",\"target\":[\"https:\/\/www.urlaubcornwall.de\/blog\/wohin-soll-ich-in-suedengland-zum-ersten-mal-gehen\/\"]}]},{\"@type\":\"BreadcrumbList\",\"@id\":\"https:\/\/www.urlaubcornwall.de\/blog\/wohin-soll-ich-in-suedengland-zum-ersten-mal-gehen\/#breadcrumb\",\"itemListElement\":[{\"@type\":\"ListItem\",\"position\":1,\"name\":\"Home\",\"item\":\"https:\/\/www.urlaubcornwall.de\/blog\/\"},{\"@type\":\"ListItem\",\"position\":2,\"name\":\"Wohin soll ich in S\u00fcdengland zum ersten Mal gehen?\"}]}]}<\/script>\n<!-- \/ Yoast SEO plugin. -->","yoast_head_json":{"title":"Wohin soll ich in S\u00fcdengland zum ersten Mal gehen? - Urlaub &amp; Reisen","robots":{"index":"index","follow":"follow","max-snippet":"max-snippet:-1","max-image-preview":"max-image-preview:large","max-video-preview":"max-video-preview:-1"},"canonical":"https:\/\/www.urlaubcornwall.de\/blog\/wohin-soll-ich-in-suedengland-zum-ersten-mal-gehen\/","og_locale":"en_US","og_type":"article","og_title":"Wohin soll ich in S\u00fcdengland zum ersten Mal gehen? - Urlaub &amp; Reisen","og_description":"Es gibt viele wunderbare Orte, die man in S\u00fcdengland besuchen kann, je nachdem, welche Art von Aktivit\u00e4ten und Sehensw\u00fcrdigkeiten Sie bevorzugen. Hier sind jedoch einige Vorschl\u00e4ge f\u00fcr einen ersten Besuch: London: Die Hauptstadt Englands ist ein Muss f\u00fcr jeden, der zum ersten Mal nach S\u00fcdengland reist. Es gibt so viele Sehensw\u00fcrdigkeiten zu besuchen, darunter den [&hellip;]","og_url":"https:\/\/www.urlaubcornwall.de\/blog\/wohin-soll-ich-in-suedengland-zum-ersten-mal-gehen\/","og_site_name":"Urlaub &amp; Reisen","article_modified_time":"2024-05-31T11:10:41+00:00","og_image":[{"url":"https:\/\/www.urlaubcornwall.de\/blog\/wp-content\/uploads\/2024\/03\/sussex-am-meer-rotated.jpg"}],"twitter_card":"summary","twitter_misc":{"Est. reading time":"2 minutes"},"schema":{"@context":"https:\/\/schema.org","@graph":[{"@type":"WebSite","@id":"https:\/\/www.urlaubcornwall.de\/blog\/#website","url":"https:\/\/www.urlaubcornwall.de\/blog\/","name":"Urlaub &amp; Reisen","description":"Urlaub, Reisen, Cornwall und S\u00fcdengland: eine perfekte Kombination","potentialAction":[{"@type":"SearchAction","target":{"@type":"EntryPoint","urlTemplate":"https:\/\/www.urlaubcornwall.de\/blog\/?s={search_term_string}"},"query-input":"required name=search_term_string"}],"inLanguage":"en-US"},{"@type":"WebPage","@id":"https:\/\/www.urlaubcornwall.de\/blog\/wohin-soll-ich-in-suedengland-zum-ersten-mal-gehen\/","url":"https:\/\/www.urlaubcornwall.de\/blog\/wohin-soll-ich-in-suedengland-zum-ersten-mal-gehen\/","name":"Wohin soll ich in S\u00fcdengland zum ersten Mal gehen? - Urlaub &amp; Reisen","isPartOf":{"@id":"https:\/\/www.urlaubcornwall.de\/blog\/#website"},"datePublished":"2023-04-11T08:06:54+00:00","dateModified":"2024-05-31T11:10:41+00:00","breadcrumb":{"@id":"https:\/\/www.urlaubcornwall.de\/blog\/wohin-soll-ich-in-suedengland-zum-ersten-mal-gehen\/#breadcrumb"},"inLanguage":"en-US","potentialAction":[{"@type":"ReadAction","target":["https:\/\/www.urlaubcornwall.de\/blog\/wohin-soll-ich-in-suedengland-zum-ersten-mal-gehen\/"]}]},{"@type":"BreadcrumbList","@id":"https:\/\/www.urlaubcornwall.de\/blog\/wohin-soll-ich-in-suedengland-zum-ersten-mal-gehen\/#breadcrumb","itemListElement":[{"@type":"ListItem","position":1,"name":"Home","item":"https:\/\/www.urlaubcornwall.de\/blog\/"},{"@type":"ListItem","position":2,"name":"Wohin soll ich in S\u00fcdengland zum ersten Mal gehen?"}]}]}},"_links":{"self":[{"href":"https:\/\/www.urlaubcornwall.de\/blog\/wp-json\/wp\/v2\/pages\/46120"}],"collection":[{"href":"https:\/\/www.urlaubcornwall.de\/blog\/wp-json\/wp\/v2\/pages"}],"about":[{"href":"https:\/\/www.urlaubcornwall.de\/blog\/wp-json\/wp\/v2\/types\/page"}],"author":[{"embeddable":true,"href":"https:\/\/www.urlaubcornwall.de\/blog\/wp-json\/wp\/v2\/users\/1"}],"replies":[{"embeddable":true,"href":"https:\/\/www.urlaubcornwall.de\/blog\/wp-json\/wp\/v2\/comments?post=46120"}],"version-history":[{"count":7,"href":"https:\/\/www.urlaubcornwall.de\/blog\/wp-json\/wp\/v2\/pages\/46120\/revisions"}],"predecessor-version":[{"id":51308,"href":"https:\/\/www.urlaubcornwall.de\/blog\/wp-json\/wp\/v2\/pages\/46120\/revisions\/51308"}],"wp:attachment":[{"href":"https:\/\/www.urlaubcornwall.de\/blog\/wp-json\/wp\/v2\/media?parent=46120"}],"curies":[{"name":"wp","href":"https:\/\/api.w.org\/{rel}","templated":true}]}}