{"id":46116,"date":"2023-04-11T09:32:26","date_gmt":"2023-04-11T09:32:26","guid":{"rendered":"https:\/\/www.urlaubcornwall.de\/blog\/?page_id=46116"},"modified":"2024-05-31T11:09:55","modified_gmt":"2024-05-31T11:09:55","slug":"wo-in-suffolk-urlaub-machen","status":"publish","type":"page","link":"https:\/\/www.urlaubcornwall.de\/blog\/wo-in-suffolk-urlaub-machen\/","title":{"rendered":"Wo in Suffolk Urlaub machen?"},"content":{"rendered":"<p><a href=\"https:\/\/www.urlaubcornwall.de\/blog\/wp-content\/uploads\/2024\/03\/suffolk.jpg\"><img loading=\"lazy\" src=\"https:\/\/www.urlaubcornwall.de\/blog\/wp-content\/uploads\/2024\/03\/suffolk.jpg\" alt=\"suffolk\" width=\"750\" height=\"500\" class=\"alignnone size-full wp-image-48000\" srcset=\"https:\/\/www.urlaubcornwall.de\/blog\/wp-content\/uploads\/2024\/03\/suffolk.jpg 750w, https:\/\/www.urlaubcornwall.de\/blog\/wp-content\/uploads\/2024\/03\/suffolk-300x200.jpg 300w\" sizes=\"(max-width: 750px) 100vw, 750px\" \/><\/a><\/p>\n<p><a href=\"https:\/\/www.urlaubcornwall.de\/blog\/urlaub-in-suffolk-die-grafschaft-von-constable-und-das-zuhause-mittelalterlicher-staedte-und-doerfer\/\">Suffolk<\/a> ist eine Grafschaft im Osten Englands, die f\u00fcr ihre wundersch\u00f6ne Landschaft, die historischen St\u00e4dte und <a href=\"https:\/\/www.urlaubcornwall.de\/blog\/die-schoensten-straende-in-suffolk-east-anglia\/\">die K\u00fcstenorte<\/a> bekannt ist. Hier sind einige Orte, die Sie in Suffolk besuchen und in denen Sie Urlaub machen k\u00f6nnen:<\/p>\n<p><strong>Aldeburgh:<\/strong> <a href=\"https:\/\/www.urlaubcornwall.de\/ferienhaeuser-fewos\/eng\/suffolk\/aldeburgh.html\">Ein charmantes K\u00fcstenst\u00e4dtchen<\/a>, das f\u00fcr seine sch\u00f6nen Str\u00e4nde, seinen malerischen Fischerhafen und seine leckere Fischk\u00fcche bekannt ist.<\/p>\n<p><strong>Southwold:<\/strong> Ein weiteres <a href=\"https:\/\/www.urlaubcornwall.de\/ferienhaeuser-fewos\/eng\/suffolk\/southwold.html\">malerisches K\u00fcstenst\u00e4dtchen<\/a>, das f\u00fcr seine bunten Strandh\u00fctten, seinen historischen Leuchtturm und seine Brauerei bekannt ist.<\/p>\n<p><strong>Bury St. Edmunds:<\/strong> Eine <a href=\"https:\/\/www.urlaubcornwall.de\/ferienhaeuser-fewos\/eng\/suffolk\/bury-st-edmunds.html\">historische Marktstadt<\/a>, die f\u00fcr ihre gotische Kathedrale, ihre alten Gasth\u00e4user und ihre h\u00fcbschen Gassen bekannt ist.<\/p>\n<p><strong>Framlingham:<\/strong> <a href=\"https:\/\/www.urlaubcornwall.de\/ferienhaeuser-fewos\/eng\/suffolk\/framlingham.html\">Eine h\u00fcbsche Marktstadt<\/a>, die f\u00fcr ihre mittelalterliche Burg, ihre h\u00fcbschen Gesch\u00e4fte und Restaurants und ihre malerische Landschaft bekannt ist.<\/p>\n<p><strong>Woodbridge:<\/strong> Eine <a href=\"https:\/\/www.urlaubcornwall.de\/ferienhaeuser-fewos\/eng\/suffolk\/woodbridge.html\">charmante Stadt am Fluss Deben<\/a>, die f\u00fcr ihre historische Architektur, ihre Kunstgalerien und ihre unabh\u00e4ngigen Gesch\u00e4fte bekannt ist.<\/p>\n<p><strong>Newmarket:<\/strong> Eine Stadt, die f\u00fcr ihre Verbindung zum Pferderennsport und ihre historische Rennbahn bekannt ist.<\/p>\n<p><strong>Constable Country:<\/strong> Eine Region in Suffolk, die f\u00fcr ihre malerische Landschaft bekannt ist und von dem Maler John Constable oft als Motiv f\u00fcr seine Gem\u00e4lde verwendet wurde.<\/p>\n<p>Das sind nur einige der vielen gro\u00dfartigen Orte, die Sie in Suffolk besuchen und in denen Sie Urlaub machen k\u00f6nnen. Ob Sie an der K\u00fcste entspannen, historische St\u00e4dte erkunden oder die Landschaft genie\u00dfen m\u00f6chten, Suffolk hat f\u00fcr jeden etwas zu bieten.<\/p>\n<p style=\"text-align: center;\"><a class=\"tidycta\" href=\"https:\/\/www.urlaubcornwall.de\/ferienhaeuser-fewos\/eng\/suffolk\/suffolk.html\">Suche Ferienh\u00e4user in Suffolk<\/a><\/p>\n","protected":false},"excerpt":{"rendered":"<p>Suffolk ist eine Grafschaft im Osten Englands, die f\u00fcr ihre wundersch\u00f6ne Landschaft, die historischen St\u00e4dte und die K\u00fcstenorte bekannt ist. Hier sind einige Orte, die Sie in Suffolk besuchen und in denen Sie Urlaub machen k\u00f6nnen: Aldeburgh: Ein charmantes K\u00fcstenst\u00e4dtchen, das f\u00fcr seine sch\u00f6nen Str\u00e4nde, seinen malerischen Fischerhafen und seine leckere Fischk\u00fcche bekannt ist. Southwold: [&hellip;]<\/p>\n","protected":false},"author":1,"featured_media":0,"parent":0,"menu_order":0,"comment_status":"closed","ping_status":"closed","template":"single-four.php","meta":[],"acf":[],"yoast_head":"<!-- This site is optimized with the Yoast SEO plugin v19.4 - https:\/\/yoast.com\/wordpress\/plugins\/seo\/ -->\n<title>Wo in Suffolk Urlaub machen? - Urlaub &amp; Reisen<\/title>\n<meta name=\"robots\" content=\"index, follow, max-snippet:-1, max-image-preview:large, max-video-preview:-1\" \/>\n<link rel=\"canonical\" href=\"https:\/\/www.urlaubcornwall.de\/blog\/wo-in-suffolk-urlaub-machen\/\" \/>\n<meta property=\"og:locale\" content=\"en_US\" \/>\n<meta property=\"og:type\" content=\"article\" \/>\n<meta property=\"og:title\" content=\"Wo in Suffolk Urlaub machen? - Urlaub &amp; Reisen\" \/>\n<meta property=\"og:description\" content=\"Suffolk ist eine Grafschaft im Osten Englands, die f\u00fcr ihre wundersch\u00f6ne Landschaft, die historischen St\u00e4dte und die K\u00fcstenorte bekannt ist. Hier sind einige Orte, die Sie in Suffolk besuchen und in denen Sie Urlaub machen k\u00f6nnen: Aldeburgh: Ein charmantes K\u00fcstenst\u00e4dtchen, das f\u00fcr seine sch\u00f6nen Str\u00e4nde, seinen malerischen Fischerhafen und seine leckere Fischk\u00fcche bekannt ist. Southwold: [&hellip;]\" \/>\n<meta property=\"og:url\" content=\"https:\/\/www.urlaubcornwall.de\/blog\/wo-in-suffolk-urlaub-machen\/\" \/>\n<meta property=\"og:site_name\" content=\"Urlaub &amp; Reisen\" \/>\n<meta property=\"article:modified_time\" content=\"2024-05-31T11:09:55+00:00\" \/>\n<meta property=\"og:image\" content=\"https:\/\/www.urlaubcornwall.de\/blog\/wp-content\/uploads\/2024\/03\/suffolk.jpg\" \/>\n<meta name=\"twitter:card\" content=\"summary\" \/>\n<meta name=\"twitter:label1\" content=\"Est. reading time\" \/>\n\t<meta name=\"twitter:data1\" content=\"2 minutes\" \/>\n<script type=\"application\/ld+json\" class=\"yoast-schema-graph\">{\"@context\":\"https:\/\/schema.org\",\"@graph\":[{\"@type\":\"WebSite\",\"@id\":\"https:\/\/www.urlaubcornwall.de\/blog\/#website\",\"url\":\"https:\/\/www.urlaubcornwall.de\/blog\/\",\"name\":\"Urlaub &amp; Reisen\",\"description\":\"Urlaub, Reisen, Cornwall und S\u00fcdengland: eine perfekte Kombination\",\"potentialAction\":[{\"@type\":\"SearchAction\",\"target\":{\"@type\":\"EntryPoint\",\"urlTemplate\":\"https:\/\/www.urlaubcornwall.de\/blog\/?s={search_term_string}\"},\"query-input\":\"required name=search_term_string\"}],\"inLanguage\":\"en-US\"},{\"@type\":\"WebPage\",\"@id\":\"https:\/\/www.urlaubcornwall.de\/blog\/wo-in-suffolk-urlaub-machen\/\",\"url\":\"https:\/\/www.urlaubcornwall.de\/blog\/wo-in-suffolk-urlaub-machen\/\",\"name\":\"Wo in Suffolk Urlaub machen? - Urlaub &amp; Reisen\",\"isPartOf\":{\"@id\":\"https:\/\/www.urlaubcornwall.de\/blog\/#website\"},\"datePublished\":\"2023-04-11T09:32:26+00:00\",\"dateModified\":\"2024-05-31T11:09:55+00:00\",\"breadcrumb\":{\"@id\":\"https:\/\/www.urlaubcornwall.de\/blog\/wo-in-suffolk-urlaub-machen\/#breadcrumb\"},\"inLanguage\":\"en-US\",\"potentialAction\":[{\"@type\":\"ReadAction\",\"target\":[\"https:\/\/www.urlaubcornwall.de\/blog\/wo-in-suffolk-urlaub-machen\/\"]}]},{\"@type\":\"BreadcrumbList\",\"@id\":\"https:\/\/www.urlaubcornwall.de\/blog\/wo-in-suffolk-urlaub-machen\/#breadcrumb\",\"itemListElement\":[{\"@type\":\"ListItem\",\"position\":1,\"name\":\"Home\",\"item\":\"https:\/\/www.urlaubcornwall.de\/blog\/\"},{\"@type\":\"ListItem\",\"position\":2,\"name\":\"Wo in Suffolk Urlaub machen?\"}]}]}<\/script>\n<!-- \/ Yoast SEO plugin. -->","yoast_head_json":{"title":"Wo in Suffolk Urlaub machen? - Urlaub &amp; Reisen","robots":{"index":"index","follow":"follow","max-snippet":"max-snippet:-1","max-image-preview":"max-image-preview:large","max-video-preview":"max-video-preview:-1"},"canonical":"https:\/\/www.urlaubcornwall.de\/blog\/wo-in-suffolk-urlaub-machen\/","og_locale":"en_US","og_type":"article","og_title":"Wo in Suffolk Urlaub machen? - Urlaub &amp; Reisen","og_description":"Suffolk ist eine Grafschaft im Osten Englands, die f\u00fcr ihre wundersch\u00f6ne Landschaft, die historischen St\u00e4dte und die K\u00fcstenorte bekannt ist. Hier sind einige Orte, die Sie in Suffolk besuchen und in denen Sie Urlaub machen k\u00f6nnen: Aldeburgh: Ein charmantes K\u00fcstenst\u00e4dtchen, das f\u00fcr seine sch\u00f6nen Str\u00e4nde, seinen malerischen Fischerhafen und seine leckere Fischk\u00fcche bekannt ist. Southwold: [&hellip;]","og_url":"https:\/\/www.urlaubcornwall.de\/blog\/wo-in-suffolk-urlaub-machen\/","og_site_name":"Urlaub &amp; Reisen","article_modified_time":"2024-05-31T11:09:55+00:00","og_image":[{"url":"https:\/\/www.urlaubcornwall.de\/blog\/wp-content\/uploads\/2024\/03\/suffolk.jpg"}],"twitter_card":"summary","twitter_misc":{"Est. reading time":"2 minutes"},"schema":{"@context":"https:\/\/schema.org","@graph":[{"@type":"WebSite","@id":"https:\/\/www.urlaubcornwall.de\/blog\/#website","url":"https:\/\/www.urlaubcornwall.de\/blog\/","name":"Urlaub &amp; Reisen","description":"Urlaub, Reisen, Cornwall und S\u00fcdengland: eine perfekte Kombination","potentialAction":[{"@type":"SearchAction","target":{"@type":"EntryPoint","urlTemplate":"https:\/\/www.urlaubcornwall.de\/blog\/?s={search_term_string}"},"query-input":"required name=search_term_string"}],"inLanguage":"en-US"},{"@type":"WebPage","@id":"https:\/\/www.urlaubcornwall.de\/blog\/wo-in-suffolk-urlaub-machen\/","url":"https:\/\/www.urlaubcornwall.de\/blog\/wo-in-suffolk-urlaub-machen\/","name":"Wo in Suffolk Urlaub machen? - Urlaub &amp; Reisen","isPartOf":{"@id":"https:\/\/www.urlaubcornwall.de\/blog\/#website"},"datePublished":"2023-04-11T09:32:26+00:00","dateModified":"2024-05-31T11:09:55+00:00","breadcrumb":{"@id":"https:\/\/www.urlaubcornwall.de\/blog\/wo-in-suffolk-urlaub-machen\/#breadcrumb"},"inLanguage":"en-US","potentialAction":[{"@type":"ReadAction","target":["https:\/\/www.urlaubcornwall.de\/blog\/wo-in-suffolk-urlaub-machen\/"]}]},{"@type":"BreadcrumbList","@id":"https:\/\/www.urlaubcornwall.de\/blog\/wo-in-suffolk-urlaub-machen\/#breadcrumb","itemListElement":[{"@type":"ListItem","position":1,"name":"Home","item":"https:\/\/www.urlaubcornwall.de\/blog\/"},{"@type":"ListItem","position":2,"name":"Wo in Suffolk Urlaub machen?"}]}]}},"_links":{"self":[{"href":"https:\/\/www.urlaubcornwall.de\/blog\/wp-json\/wp\/v2\/pages\/46116"}],"collection":[{"href":"https:\/\/www.urlaubcornwall.de\/blog\/wp-json\/wp\/v2\/pages"}],"about":[{"href":"https:\/\/www.urlaubcornwall.de\/blog\/wp-json\/wp\/v2\/types\/page"}],"author":[{"embeddable":true,"href":"https:\/\/www.urlaubcornwall.de\/blog\/wp-json\/wp\/v2\/users\/1"}],"replies":[{"embeddable":true,"href":"https:\/\/www.urlaubcornwall.de\/blog\/wp-json\/wp\/v2\/comments?post=46116"}],"version-history":[{"count":3,"href":"https:\/\/www.urlaubcornwall.de\/blog\/wp-json\/wp\/v2\/pages\/46116\/revisions"}],"predecessor-version":[{"id":51306,"href":"https:\/\/www.urlaubcornwall.de\/blog\/wp-json\/wp\/v2\/pages\/46116\/revisions\/51306"}],"wp:attachment":[{"href":"https:\/\/www.urlaubcornwall.de\/blog\/wp-json\/wp\/v2\/media?parent=46116"}],"curies":[{"name":"wp","href":"https:\/\/api.w.org\/{rel}","templated":true}]}}