{"id":46112,"date":"2023-03-29T14:57:59","date_gmt":"2023-03-29T14:57:59","guid":{"rendered":"https:\/\/www.urlaubcornwall.de\/blog\/?page_id=46112"},"modified":"2024-04-03T11:42:55","modified_gmt":"2024-04-03T11:42:55","slug":"wo-in-devon-uebernachten","status":"publish","type":"page","link":"https:\/\/www.urlaubcornwall.de\/blog\/wo-in-devon-uebernachten\/","title":{"rendered":"Wo in Devon \u00fcbernachten?"},"content":{"rendered":"<p><img loading=\"lazy\" class=\"aligncenter size-full wp-image-48149\" src=\"https:\/\/www.urlaubcornwall.de\/blog\/wp-content\/uploads\/2024\/03\/Woolacombe.jpg\" alt=\"Woolacombe\" width=\"750\" height=\"422\" srcset=\"https:\/\/www.urlaubcornwall.de\/blog\/wp-content\/uploads\/2024\/03\/Woolacombe.jpg 750w, https:\/\/www.urlaubcornwall.de\/blog\/wp-content\/uploads\/2024\/03\/Woolacombe-300x169.jpg 300w\" sizes=\"(max-width: 750px) 100vw, 750px\" \/><\/p>\n<p><a href=\"https:\/\/www.urlaubcornwall.de\/ferienhaeuser-fewos\/eng\/devon\/devon.html\">Devon ist eine wundersch\u00f6ne Grafschaft<\/a> im S\u00fcdwesten Englands und bietet eine Vielzahl von Unterkunftsm\u00f6glichkeiten. Die Entscheidung dar\u00fcber, wo Sie \u00fcbernachten sollten, h\u00e4ngt von Ihren Pr\u00e4ferenzen, Ihrem Budget und Ihrem Reiseplan ab. Hier sind einige Vorschl\u00e4ge:<\/p>\n<p><strong>Exeter:<\/strong> Die historische Stadt Exeter bietet viele M\u00f6glichkeiten f\u00fcr Unterk\u00fcnfte, von Hotels und Bed &amp; Breakfasts bis hin zu <a href=\"https:\/\/www.urlaubcornwall.de\/ferienhaeuser-fewos\/eng\/sued-devon\/exeter.html\">Ferienh\u00e4user und Ferienwohnungen<\/a>.<\/p>\n<p><strong>Dartmoor:<\/strong> Wenn Sie die Natur lieben, k\u00f6nnen Sie in einer der vielen Pensionen, Ferienh\u00e4usern oder Campingpl\u00e4tzen im Dartmoor National Park \u00fcbernachten und die atemberaubende Landschaft genie\u00dfen.<\/p>\n<p><strong>K\u00fcstenorte:<\/strong> Devon hat viele malerische K\u00fcstenorte wie <a href=\"https:\/\/www.urlaubcornwall.de\/ferienhaeuser-fewos\/eng\/sued-devon\/torquay.html\">Torquay<\/a>, <a href=\"https:\/\/www.urlaubcornwall.de\/ferienhaeuser-fewos\/eng\/sued-devon\/paignton.html\">Paignton<\/a>, <a href=\"https:\/\/www.urlaubcornwall.de\/ferienhaeuser-fewos\/eng\/sued-devon\/brixham.html\">Brixham<\/a>, <a href=\"https:\/\/www.urlaubcornwall.de\/ferienhaeuser-fewos\/eng\/sued-devon\/salcombe.html\">Salcombe<\/a> und <a href=\"https:\/\/www.urlaubcornwall.de\/ferienhaeuser-fewos\/eng\/sued-devon\/dartmouth.html\">Dartmouth<\/a>. Diese Orte bieten eine Vielzahl von Unterkunftsm\u00f6glichkeiten, von Luxushotels bis hin zu preisg\u00fcnstigen https:\/\/www.urlaubcornwall.de\/ferienhaeuser-fewos\/eng\/devon\/devon-am-meer.html.<\/p>\n<p><strong>National Trust Eigenschaften:<\/strong> Wenn Sie auf der Suche nach etwas Besonderem sind, k\u00f6nnen Sie in einem der vielen <a href=\"https:\/\/www.urlaubcornwall.de\/blog\/national-trust-historische-haeuser-cornwall-devon\/\">National Trust-H\u00e4user<\/a> \u00fcbernachten, die in der Region Devon zu finden sind. Diese historischen Geb\u00e4ude bieten eine einzigartige und authentische Erfahrung.<\/p>\n<p>Egal, f\u00fcr welche Art der Unterkunft Sie sich entscheiden, es lohnt sich, im Voraus zu buchen, da Devon ein sehr beliebtes Reiseziel ist, insbesondere in den Sommermonaten.<\/p>\n<p><a class=\"tidycta\" href=\"https:\/\/www.urlaubcornwall.de\/ferienhaeuser-fewos\/eng\/devon\/devon.html\">Suche Ferienh\u00e4user in Devon<\/a><\/p>\n","protected":false},"excerpt":{"rendered":"<p>Devon ist eine wundersch\u00f6ne Grafschaft im S\u00fcdwesten Englands und bietet eine Vielzahl von Unterkunftsm\u00f6glichkeiten. Die Entscheidung dar\u00fcber, wo Sie \u00fcbernachten sollten, h\u00e4ngt von Ihren Pr\u00e4ferenzen, Ihrem Budget und Ihrem Reiseplan ab. Hier sind einige Vorschl\u00e4ge: Exeter: Die historische Stadt Exeter bietet viele M\u00f6glichkeiten f\u00fcr Unterk\u00fcnfte, von Hotels und Bed &amp; Breakfasts bis hin zu Ferienh\u00e4user [&hellip;]<\/p>\n","protected":false},"author":1,"featured_media":0,"parent":0,"menu_order":0,"comment_status":"closed","ping_status":"closed","template":"single-four.php","meta":[],"acf":[],"yoast_head":"<!-- This site is optimized with the Yoast SEO plugin v19.4 - https:\/\/yoast.com\/wordpress\/plugins\/seo\/ -->\n<title>Wo in Devon \u00fcbernachten? - Urlaub &amp; Reisen<\/title>\n<meta name=\"robots\" content=\"index, follow, max-snippet:-1, max-image-preview:large, max-video-preview:-1\" \/>\n<link rel=\"canonical\" href=\"https:\/\/www.urlaubcornwall.de\/blog\/wo-in-devon-uebernachten\/\" \/>\n<meta property=\"og:locale\" content=\"en_US\" \/>\n<meta property=\"og:type\" content=\"article\" \/>\n<meta property=\"og:title\" content=\"Wo in Devon \u00fcbernachten? - Urlaub &amp; Reisen\" \/>\n<meta property=\"og:description\" content=\"Devon ist eine wundersch\u00f6ne Grafschaft im S\u00fcdwesten Englands und bietet eine Vielzahl von Unterkunftsm\u00f6glichkeiten. Die Entscheidung dar\u00fcber, wo Sie \u00fcbernachten sollten, h\u00e4ngt von Ihren Pr\u00e4ferenzen, Ihrem Budget und Ihrem Reiseplan ab. Hier sind einige Vorschl\u00e4ge: Exeter: Die historische Stadt Exeter bietet viele M\u00f6glichkeiten f\u00fcr Unterk\u00fcnfte, von Hotels und Bed &amp; Breakfasts bis hin zu Ferienh\u00e4user [&hellip;]\" \/>\n<meta property=\"og:url\" content=\"https:\/\/www.urlaubcornwall.de\/blog\/wo-in-devon-uebernachten\/\" \/>\n<meta property=\"og:site_name\" content=\"Urlaub &amp; Reisen\" \/>\n<meta property=\"article:modified_time\" content=\"2024-04-03T11:42:55+00:00\" \/>\n<meta property=\"og:image\" content=\"https:\/\/www.urlaubcornwall.de\/blog\/wp-content\/uploads\/2024\/03\/Woolacombe.jpg\" \/>\n<meta name=\"twitter:card\" content=\"summary\" \/>\n<meta name=\"twitter:label1\" content=\"Est. reading time\" \/>\n\t<meta name=\"twitter:data1\" content=\"1 minute\" \/>\n<script type=\"application\/ld+json\" class=\"yoast-schema-graph\">{\"@context\":\"https:\/\/schema.org\",\"@graph\":[{\"@type\":\"WebSite\",\"@id\":\"https:\/\/www.urlaubcornwall.de\/blog\/#website\",\"url\":\"https:\/\/www.urlaubcornwall.de\/blog\/\",\"name\":\"Urlaub &amp; Reisen\",\"description\":\"Urlaub, Reisen, Cornwall und S\u00fcdengland: eine perfekte Kombination\",\"potentialAction\":[{\"@type\":\"SearchAction\",\"target\":{\"@type\":\"EntryPoint\",\"urlTemplate\":\"https:\/\/www.urlaubcornwall.de\/blog\/?s={search_term_string}\"},\"query-input\":\"required name=search_term_string\"}],\"inLanguage\":\"en-US\"},{\"@type\":\"WebPage\",\"@id\":\"https:\/\/www.urlaubcornwall.de\/blog\/wo-in-devon-uebernachten\/\",\"url\":\"https:\/\/www.urlaubcornwall.de\/blog\/wo-in-devon-uebernachten\/\",\"name\":\"Wo in Devon \u00fcbernachten? - Urlaub &amp; Reisen\",\"isPartOf\":{\"@id\":\"https:\/\/www.urlaubcornwall.de\/blog\/#website\"},\"datePublished\":\"2023-03-29T14:57:59+00:00\",\"dateModified\":\"2024-04-03T11:42:55+00:00\",\"breadcrumb\":{\"@id\":\"https:\/\/www.urlaubcornwall.de\/blog\/wo-in-devon-uebernachten\/#breadcrumb\"},\"inLanguage\":\"en-US\",\"potentialAction\":[{\"@type\":\"ReadAction\",\"target\":[\"https:\/\/www.urlaubcornwall.de\/blog\/wo-in-devon-uebernachten\/\"]}]},{\"@type\":\"BreadcrumbList\",\"@id\":\"https:\/\/www.urlaubcornwall.de\/blog\/wo-in-devon-uebernachten\/#breadcrumb\",\"itemListElement\":[{\"@type\":\"ListItem\",\"position\":1,\"name\":\"Home\",\"item\":\"https:\/\/www.urlaubcornwall.de\/blog\/\"},{\"@type\":\"ListItem\",\"position\":2,\"name\":\"Wo in Devon \u00fcbernachten?\"}]}]}<\/script>\n<!-- \/ Yoast SEO plugin. -->","yoast_head_json":{"title":"Wo in Devon \u00fcbernachten? - Urlaub &amp; Reisen","robots":{"index":"index","follow":"follow","max-snippet":"max-snippet:-1","max-image-preview":"max-image-preview:large","max-video-preview":"max-video-preview:-1"},"canonical":"https:\/\/www.urlaubcornwall.de\/blog\/wo-in-devon-uebernachten\/","og_locale":"en_US","og_type":"article","og_title":"Wo in Devon \u00fcbernachten? - Urlaub &amp; Reisen","og_description":"Devon ist eine wundersch\u00f6ne Grafschaft im S\u00fcdwesten Englands und bietet eine Vielzahl von Unterkunftsm\u00f6glichkeiten. Die Entscheidung dar\u00fcber, wo Sie \u00fcbernachten sollten, h\u00e4ngt von Ihren Pr\u00e4ferenzen, Ihrem Budget und Ihrem Reiseplan ab. Hier sind einige Vorschl\u00e4ge: Exeter: Die historische Stadt Exeter bietet viele M\u00f6glichkeiten f\u00fcr Unterk\u00fcnfte, von Hotels und Bed &amp; Breakfasts bis hin zu Ferienh\u00e4user [&hellip;]","og_url":"https:\/\/www.urlaubcornwall.de\/blog\/wo-in-devon-uebernachten\/","og_site_name":"Urlaub &amp; Reisen","article_modified_time":"2024-04-03T11:42:55+00:00","og_image":[{"url":"https:\/\/www.urlaubcornwall.de\/blog\/wp-content\/uploads\/2024\/03\/Woolacombe.jpg"}],"twitter_card":"summary","twitter_misc":{"Est. reading time":"1 minute"},"schema":{"@context":"https:\/\/schema.org","@graph":[{"@type":"WebSite","@id":"https:\/\/www.urlaubcornwall.de\/blog\/#website","url":"https:\/\/www.urlaubcornwall.de\/blog\/","name":"Urlaub &amp; Reisen","description":"Urlaub, Reisen, Cornwall und S\u00fcdengland: eine perfekte Kombination","potentialAction":[{"@type":"SearchAction","target":{"@type":"EntryPoint","urlTemplate":"https:\/\/www.urlaubcornwall.de\/blog\/?s={search_term_string}"},"query-input":"required name=search_term_string"}],"inLanguage":"en-US"},{"@type":"WebPage","@id":"https:\/\/www.urlaubcornwall.de\/blog\/wo-in-devon-uebernachten\/","url":"https:\/\/www.urlaubcornwall.de\/blog\/wo-in-devon-uebernachten\/","name":"Wo in Devon \u00fcbernachten? - Urlaub &amp; Reisen","isPartOf":{"@id":"https:\/\/www.urlaubcornwall.de\/blog\/#website"},"datePublished":"2023-03-29T14:57:59+00:00","dateModified":"2024-04-03T11:42:55+00:00","breadcrumb":{"@id":"https:\/\/www.urlaubcornwall.de\/blog\/wo-in-devon-uebernachten\/#breadcrumb"},"inLanguage":"en-US","potentialAction":[{"@type":"ReadAction","target":["https:\/\/www.urlaubcornwall.de\/blog\/wo-in-devon-uebernachten\/"]}]},{"@type":"BreadcrumbList","@id":"https:\/\/www.urlaubcornwall.de\/blog\/wo-in-devon-uebernachten\/#breadcrumb","itemListElement":[{"@type":"ListItem","position":1,"name":"Home","item":"https:\/\/www.urlaubcornwall.de\/blog\/"},{"@type":"ListItem","position":2,"name":"Wo in Devon \u00fcbernachten?"}]}]}},"_links":{"self":[{"href":"https:\/\/www.urlaubcornwall.de\/blog\/wp-json\/wp\/v2\/pages\/46112"}],"collection":[{"href":"https:\/\/www.urlaubcornwall.de\/blog\/wp-json\/wp\/v2\/pages"}],"about":[{"href":"https:\/\/www.urlaubcornwall.de\/blog\/wp-json\/wp\/v2\/types\/page"}],"author":[{"embeddable":true,"href":"https:\/\/www.urlaubcornwall.de\/blog\/wp-json\/wp\/v2\/users\/1"}],"replies":[{"embeddable":true,"href":"https:\/\/www.urlaubcornwall.de\/blog\/wp-json\/wp\/v2\/comments?post=46112"}],"version-history":[{"count":4,"href":"https:\/\/www.urlaubcornwall.de\/blog\/wp-json\/wp\/v2\/pages\/46112\/revisions"}],"predecessor-version":[{"id":48780,"href":"https:\/\/www.urlaubcornwall.de\/blog\/wp-json\/wp\/v2\/pages\/46112\/revisions\/48780"}],"wp:attachment":[{"href":"https:\/\/www.urlaubcornwall.de\/blog\/wp-json\/wp\/v2\/media?parent=46112"}],"curies":[{"name":"wp","href":"https:\/\/api.w.org\/{rel}","templated":true}]}}