{"id":46110,"date":"2023-03-29T14:42:14","date_gmt":"2023-03-29T14:42:14","guid":{"rendered":"https:\/\/www.urlaubcornwall.de\/blog\/?page_id=46110"},"modified":"2024-05-31T11:11:24","modified_gmt":"2024-05-31T11:11:24","slug":"wo-in-sussex-uebernachten","status":"publish","type":"page","link":"https:\/\/www.urlaubcornwall.de\/blog\/wo-in-sussex-uebernachten\/","title":{"rendered":"Wo in Sussex \u00fcbernachten?"},"content":{"rendered":"<p><a href=\"https:\/\/www.urlaubcornwall.de\/blog\/wp-content\/uploads\/2024\/03\/pavillion-brighton.jpg\"><img loading=\"lazy\" src=\"https:\/\/www.urlaubcornwall.de\/blog\/wp-content\/uploads\/2024\/03\/pavillion-brighton.jpg\" alt=\"pavillion brighton\" width=\"750\" height=\"563\" class=\"alignnone size-full wp-image-48029\" srcset=\"https:\/\/www.urlaubcornwall.de\/blog\/wp-content\/uploads\/2024\/03\/pavillion-brighton.jpg 750w, https:\/\/www.urlaubcornwall.de\/blog\/wp-content\/uploads\/2024\/03\/pavillion-brighton-300x225.jpg 300w\" sizes=\"(max-width: 750px) 100vw, 750px\" \/><\/a><br \/>\n<a href=\"https:\/\/www.urlaubcornwall.de\/reiseziel\/sussex.php\">Sussex im S\u00fcdosten Englands<\/a> ist ein Gebiet au\u00dferordentlicher nat\u00fcrlicher Sch\u00f6nheit, wobei der South Downs National Park besonders beeindruckt. Nehmen Sie sich also die Muse f\u00fcr eine Wanderung oder eine Radfahrt auf dem South Downs Way, oder entspannen Sie sich an den K\u00fcstenorten mit Badestr\u00e4nden, die mit der Blauen Flagge ausgezeichnet sind. <\/p>\n<p style=\"text-align: center;\"><a class=\"tidycta\" href=\"https:\/\/www.urlaubcornwall.de\/ferienhaeuser-fewos\/eng\/sussex\/sussex.html\">Suche Ferienh\u00e4user in Sussex<\/a><\/p>\n<p>Sussex ist eine Grafschaft mit vielen sch\u00f6nen St\u00e4dten und D\u00f6rfern, die sich gut f\u00fcr \u00dcbernachtungen eignen. Hier sind einige Empfehlungen:<\/p>\n<p><strong>Brighton:<\/strong> Diese <a href=\"https:\/\/www.urlaubcornwall.de\/ferienhaeuser-fewos\/eng\/sussex\/brighton.html\">Stadt am Meer<\/a> ist bekannt f\u00fcr ihre lebendige Atmosph\u00e4re, ihre wundersch\u00f6nen Str\u00e4nde und ihre kosmopolitische Kultur. Es gibt eine Auswahl an Ferienh\u00e4user und Ferienwohnungen.<\/p>\n<p><strong>Lewes:<\/strong> Diese mittelalterliche Stadt hat eine reiche Geschichte und viele historische Geb\u00e4ude. <\/p>\n<p><strong>Chichester:<\/strong> Diese <a href=\"https:\/\/www.urlaubcornwall.de\/ferienhaeuser-fewos\/eng\/sussex\/chichester.html\">Stadt hat eine wundersch\u00f6ne Kathedrale<\/a>, ein Theater und ein r\u00f6misches Amphitheater. Es gibt eine Auswahl an Ferienh\u00e4user und Ferienwohnungen.<\/p>\n<p><strong>Arundel:<\/strong> Diese Stadt ist bekannt f\u00fcr ihr Schloss und ihre sch\u00f6ne Landschaft. <\/p>\n<p><strong>Eastbourne:<\/strong> Diese <a href=\"https:\/\/www.urlaubcornwall.de\/ferienhaeuser-fewos\/eng\/sussex\/eastbourne.html\">K\u00fcstenstadt hat viele Parks und G\u00e4rten<\/a> sowie einen sch\u00f6nen Pier. Es gibt eine Auswahl an  Ferienh\u00e4user und Ferienwohnungen.<\/p>\n<p><strong>Rye:<\/strong> Diese mittelalterliche Stadt hat eine befestigte Stadtmauer und viele historische Geb\u00e4ude. <\/p>\n<p><strong>Hastings:<\/strong> Diese <a href=\"https:\/\/www.urlaubcornwall.de\/ferienhaeuser-fewos\/eng\/sussex\/hastings.html\">Stadt ist bekannt f\u00fcr ihre alte Fischereiflotte<\/a> und das ber\u00fchmte Schlachtfeld von 1066. Es gibt eine Auswahl an Ferienh\u00e4user und Ferienwohnungen.<\/p>\n<p>Ich hoffe, diese Empfehlungen helfen Ihnen bei Ihrer Entscheidung!<\/p>\n<p style=\"text-align: center;\"><a class=\"tidycta\" href=\"https:\/\/www.urlaubcornwall.de\/ferienhaeuser-fewos\/eng\/sussex\/sussex.html\">Suche Ferienh\u00e4user in Sussex<\/a><\/p>\n","protected":false},"excerpt":{"rendered":"<p>Sussex im S\u00fcdosten Englands ist ein Gebiet au\u00dferordentlicher nat\u00fcrlicher Sch\u00f6nheit, wobei der South Downs National Park besonders beeindruckt. Nehmen Sie sich also die Muse f\u00fcr eine Wanderung oder eine Radfahrt auf dem South Downs Way, oder entspannen Sie sich an den K\u00fcstenorten mit Badestr\u00e4nden, die mit der Blauen Flagge ausgezeichnet sind. Suche Ferienh\u00e4user in Sussex [&hellip;]<\/p>\n","protected":false},"author":1,"featured_media":0,"parent":0,"menu_order":0,"comment_status":"closed","ping_status":"closed","template":"single-four.php","meta":[],"acf":[],"yoast_head":"<!-- This site is optimized with the Yoast SEO plugin v19.4 - https:\/\/yoast.com\/wordpress\/plugins\/seo\/ -->\n<title>Wo in Sussex \u00fcbernachten? - Urlaub &amp; Reisen<\/title>\n<meta name=\"description\" content=\"Sussex ist eine Grafschaft im S\u00fcden Englands mit vielen sch\u00f6nen St\u00e4dten und D\u00f6rfern, die sich gut f\u00fcr \u00dcbernachtungen eignen\" \/>\n<meta name=\"robots\" content=\"index, follow, max-snippet:-1, max-image-preview:large, max-video-preview:-1\" \/>\n<link rel=\"canonical\" href=\"https:\/\/www.urlaubcornwall.de\/blog\/wo-in-sussex-uebernachten\/\" \/>\n<meta property=\"og:locale\" content=\"en_US\" \/>\n<meta property=\"og:type\" content=\"article\" \/>\n<meta property=\"og:title\" content=\"Wo in Sussex \u00fcbernachten? - Urlaub &amp; Reisen\" \/>\n<meta property=\"og:description\" content=\"Sussex ist eine Grafschaft im S\u00fcden Englands mit vielen sch\u00f6nen St\u00e4dten und D\u00f6rfern, die sich gut f\u00fcr \u00dcbernachtungen eignen\" \/>\n<meta property=\"og:url\" content=\"https:\/\/www.urlaubcornwall.de\/blog\/wo-in-sussex-uebernachten\/\" \/>\n<meta property=\"og:site_name\" content=\"Urlaub &amp; Reisen\" \/>\n<meta property=\"article:modified_time\" content=\"2024-05-31T11:11:24+00:00\" \/>\n<meta property=\"og:image\" content=\"https:\/\/www.urlaubcornwall.de\/blog\/wp-content\/uploads\/2024\/03\/pavillion-brighton.jpg\" \/>\n<meta name=\"twitter:card\" content=\"summary\" \/>\n<meta name=\"twitter:label1\" content=\"Est. reading time\" \/>\n\t<meta name=\"twitter:data1\" content=\"1 minute\" \/>\n<script type=\"application\/ld+json\" class=\"yoast-schema-graph\">{\"@context\":\"https:\/\/schema.org\",\"@graph\":[{\"@type\":\"WebSite\",\"@id\":\"https:\/\/www.urlaubcornwall.de\/blog\/#website\",\"url\":\"https:\/\/www.urlaubcornwall.de\/blog\/\",\"name\":\"Urlaub &amp; Reisen\",\"description\":\"Urlaub, Reisen, Cornwall und S\u00fcdengland: eine perfekte Kombination\",\"potentialAction\":[{\"@type\":\"SearchAction\",\"target\":{\"@type\":\"EntryPoint\",\"urlTemplate\":\"https:\/\/www.urlaubcornwall.de\/blog\/?s={search_term_string}\"},\"query-input\":\"required name=search_term_string\"}],\"inLanguage\":\"en-US\"},{\"@type\":\"WebPage\",\"@id\":\"https:\/\/www.urlaubcornwall.de\/blog\/wo-in-sussex-uebernachten\/\",\"url\":\"https:\/\/www.urlaubcornwall.de\/blog\/wo-in-sussex-uebernachten\/\",\"name\":\"Wo in Sussex \u00fcbernachten? - Urlaub &amp; Reisen\",\"isPartOf\":{\"@id\":\"https:\/\/www.urlaubcornwall.de\/blog\/#website\"},\"datePublished\":\"2023-03-29T14:42:14+00:00\",\"dateModified\":\"2024-05-31T11:11:24+00:00\",\"description\":\"Sussex ist eine Grafschaft im S\u00fcden Englands mit vielen sch\u00f6nen St\u00e4dten und D\u00f6rfern, die sich gut f\u00fcr \u00dcbernachtungen eignen\",\"breadcrumb\":{\"@id\":\"https:\/\/www.urlaubcornwall.de\/blog\/wo-in-sussex-uebernachten\/#breadcrumb\"},\"inLanguage\":\"en-US\",\"potentialAction\":[{\"@type\":\"ReadAction\",\"target\":[\"https:\/\/www.urlaubcornwall.de\/blog\/wo-in-sussex-uebernachten\/\"]}]},{\"@type\":\"BreadcrumbList\",\"@id\":\"https:\/\/www.urlaubcornwall.de\/blog\/wo-in-sussex-uebernachten\/#breadcrumb\",\"itemListElement\":[{\"@type\":\"ListItem\",\"position\":1,\"name\":\"Home\",\"item\":\"https:\/\/www.urlaubcornwall.de\/blog\/\"},{\"@type\":\"ListItem\",\"position\":2,\"name\":\"Wo in Sussex \u00fcbernachten?\"}]}]}<\/script>\n<!-- \/ Yoast SEO plugin. -->","yoast_head_json":{"title":"Wo in Sussex \u00fcbernachten? - Urlaub &amp; Reisen","description":"Sussex ist eine Grafschaft im S\u00fcden Englands mit vielen sch\u00f6nen St\u00e4dten und D\u00f6rfern, die sich gut f\u00fcr \u00dcbernachtungen eignen","robots":{"index":"index","follow":"follow","max-snippet":"max-snippet:-1","max-image-preview":"max-image-preview:large","max-video-preview":"max-video-preview:-1"},"canonical":"https:\/\/www.urlaubcornwall.de\/blog\/wo-in-sussex-uebernachten\/","og_locale":"en_US","og_type":"article","og_title":"Wo in Sussex \u00fcbernachten? - Urlaub &amp; Reisen","og_description":"Sussex ist eine Grafschaft im S\u00fcden Englands mit vielen sch\u00f6nen St\u00e4dten und D\u00f6rfern, die sich gut f\u00fcr \u00dcbernachtungen eignen","og_url":"https:\/\/www.urlaubcornwall.de\/blog\/wo-in-sussex-uebernachten\/","og_site_name":"Urlaub &amp; Reisen","article_modified_time":"2024-05-31T11:11:24+00:00","og_image":[{"url":"https:\/\/www.urlaubcornwall.de\/blog\/wp-content\/uploads\/2024\/03\/pavillion-brighton.jpg"}],"twitter_card":"summary","twitter_misc":{"Est. reading time":"1 minute"},"schema":{"@context":"https:\/\/schema.org","@graph":[{"@type":"WebSite","@id":"https:\/\/www.urlaubcornwall.de\/blog\/#website","url":"https:\/\/www.urlaubcornwall.de\/blog\/","name":"Urlaub &amp; Reisen","description":"Urlaub, Reisen, Cornwall und S\u00fcdengland: eine perfekte Kombination","potentialAction":[{"@type":"SearchAction","target":{"@type":"EntryPoint","urlTemplate":"https:\/\/www.urlaubcornwall.de\/blog\/?s={search_term_string}"},"query-input":"required name=search_term_string"}],"inLanguage":"en-US"},{"@type":"WebPage","@id":"https:\/\/www.urlaubcornwall.de\/blog\/wo-in-sussex-uebernachten\/","url":"https:\/\/www.urlaubcornwall.de\/blog\/wo-in-sussex-uebernachten\/","name":"Wo in Sussex \u00fcbernachten? - Urlaub &amp; Reisen","isPartOf":{"@id":"https:\/\/www.urlaubcornwall.de\/blog\/#website"},"datePublished":"2023-03-29T14:42:14+00:00","dateModified":"2024-05-31T11:11:24+00:00","description":"Sussex ist eine Grafschaft im S\u00fcden Englands mit vielen sch\u00f6nen St\u00e4dten und D\u00f6rfern, die sich gut f\u00fcr \u00dcbernachtungen eignen","breadcrumb":{"@id":"https:\/\/www.urlaubcornwall.de\/blog\/wo-in-sussex-uebernachten\/#breadcrumb"},"inLanguage":"en-US","potentialAction":[{"@type":"ReadAction","target":["https:\/\/www.urlaubcornwall.de\/blog\/wo-in-sussex-uebernachten\/"]}]},{"@type":"BreadcrumbList","@id":"https:\/\/www.urlaubcornwall.de\/blog\/wo-in-sussex-uebernachten\/#breadcrumb","itemListElement":[{"@type":"ListItem","position":1,"name":"Home","item":"https:\/\/www.urlaubcornwall.de\/blog\/"},{"@type":"ListItem","position":2,"name":"Wo in Sussex \u00fcbernachten?"}]}]}},"_links":{"self":[{"href":"https:\/\/www.urlaubcornwall.de\/blog\/wp-json\/wp\/v2\/pages\/46110"}],"collection":[{"href":"https:\/\/www.urlaubcornwall.de\/blog\/wp-json\/wp\/v2\/pages"}],"about":[{"href":"https:\/\/www.urlaubcornwall.de\/blog\/wp-json\/wp\/v2\/types\/page"}],"author":[{"embeddable":true,"href":"https:\/\/www.urlaubcornwall.de\/blog\/wp-json\/wp\/v2\/users\/1"}],"replies":[{"embeddable":true,"href":"https:\/\/www.urlaubcornwall.de\/blog\/wp-json\/wp\/v2\/comments?post=46110"}],"version-history":[{"count":3,"href":"https:\/\/www.urlaubcornwall.de\/blog\/wp-json\/wp\/v2\/pages\/46110\/revisions"}],"predecessor-version":[{"id":51309,"href":"https:\/\/www.urlaubcornwall.de\/blog\/wp-json\/wp\/v2\/pages\/46110\/revisions\/51309"}],"wp:attachment":[{"href":"https:\/\/www.urlaubcornwall.de\/blog\/wp-json\/wp\/v2\/media?parent=46110"}],"curies":[{"name":"wp","href":"https:\/\/api.w.org\/{rel}","templated":true}]}}