{"id":46096,"date":"2023-03-29T09:40:30","date_gmt":"2023-03-29T09:40:30","guid":{"rendered":"https:\/\/www.urlaubcornwall.de\/blog\/?page_id=46096"},"modified":"2023-03-29T09:40:30","modified_gmt":"2023-03-29T09:40:30","slug":"budget-unterkuenfte-in-kent-familien-oder-paare","status":"publish","type":"page","link":"https:\/\/www.urlaubcornwall.de\/blog\/budget-unterkuenfte-in-kent-familien-oder-paare\/","title":{"rendered":"Budget Unterk\u00fcnfte in Kent \u2013 Familien oder Paare"},"content":{"rendered":"<p><img loading=\"lazy\" class=\"aligncenter size-full wp-image-41215\" src=\"https:\/\/www.urlaubcornwall.de\/blog\/wp-content\/uploads\/2020\/11\/leeds_schloss_kent.jpg\" alt=\"leeds_schloss_kent\" width=\"750\" height=\"497\" srcset=\"https:\/\/www.urlaubcornwall.de\/blog\/wp-content\/uploads\/2020\/11\/leeds_schloss_kent.jpg 748w, https:\/\/www.urlaubcornwall.de\/blog\/wp-content\/uploads\/2020\/11\/leeds_schloss_kent-300x199.jpg 300w\" sizes=\"(max-width: 750px) 100vw, 750px\" \/><\/p>\n<p><strong>Ferienh\u00e4user, Ferienwohnungen &amp; Cottages in Kent<\/strong><\/p>\n<p>Wenn es um Unterk\u00fcnfte in Kent geht, sind <a href=\"https:\/\/www.urlaubcornwall.de\/ferienhaeuser-fewos\/eng\/kent\/kent.html\">Ferienwohnungen und -h\u00e4user eine gute Option<\/a>. Es gibt eine Vielzahl von Optionen zur Auswahl, die f\u00fcr verschiedene Budgets und Gruppengr\u00f6\u00dfen geeignet sind. Ferienwohnungen und -h\u00e4user bieten mehr Platz und Privatsph\u00e4re als Hotels und erm\u00f6glichen es den Reisenden, ihre eigene K\u00fcche zu haben, was Kosten f\u00fcr Restaurantbesuche sparen kann. Au\u00dferdem k\u00f6nnen Ferienwohnungen und -h\u00e4user eine gro\u00dfartige Option f\u00fcr Familien und Gruppen sein, die zusammen reisen und ein gemeinsames Wohnzimmer und eine K\u00fcche teilen m\u00f6chten.<\/p>\n<p style=\"text-align: center;\"><a class=\"tidycta\" href=\"https:\/\/www.urlaubcornwall.de\/ferienhaeuser-fewos\/eng\/kent\/kent.html\">Suche Ferienh\u00e4user in Kent<\/a><\/p>\n<p>Warum ist Kent ein gro\u00dfartiger Ort f\u00fcr einen Urlaubsbesuch? <\/p>\n<p><strong>Sch\u00f6ne Landschaften:<\/strong> Kent hat eine reiche Landschaft, einschlie\u00dflich der wei\u00dfen Kreidefelsen von Dover, sanften H\u00fcgeln und T\u00e4lern sowie zahlreichen Str\u00e4nden und Buchten.<\/p>\n<p><strong>Kulturelles Erbe:<\/strong> <a href=\"https:\/\/www.urlaubcornwall.de\/reiseziel\/kent.php\">Kent hat eine lange Geschichte<\/a>, die bis in die R\u00f6merzeit zur\u00fcckreicht. Es gibt viele historische Geb\u00e4ude, Schl\u00f6sser und Herrenh\u00e4user, darunter das Leeds Castle, Canterbury Cathedral und Dover Castle.<\/p>\n<p><strong>Essen und Trinken:<\/strong> Kent ist bekannt f\u00fcr seine lokale K\u00fcche, insbesondere f\u00fcr seine Austern und Cidre. Es gibt auch viele Brauereien und Weing\u00fcter in der Region, die man besuchen und probieren kann.<\/p>\n<p><strong>Aktivit\u00e4ten:<\/strong> Kent bietet viele Aktivit\u00e4ten f\u00fcr Besucher, wie Wandern, Radfahren, Angeln, Golfen und Wassersport.<\/p>\n<p><strong>N\u00e4he zu London:<\/strong> Kent ist nur eine kurze Zugfahrt von London entfernt, so dass Besucher die Vorteile der Stadt genie\u00dfen und trotzdem in einer l\u00e4ndlichen Umgebung \u00fcbernachten k\u00f6nnen.<\/p>\n<p>Diese Gr\u00fcnde k\u00f6nnten erkl\u00e4ren, warum Kent als Reiseziel beliebt sein k\u00f6nnte. Nat\u00fcrlich h\u00e4ngt es auch davon ab, welche Art von Urlaub man plant und welche pers\u00f6nlichen Vorlieben man hat.<\/p>\n","protected":false},"excerpt":{"rendered":"<p>Ferienh\u00e4user, Ferienwohnungen &amp; Cottages in Kent Wenn es um Unterk\u00fcnfte in Kent geht, sind Ferienwohnungen und -h\u00e4user eine gute Option. Es gibt eine Vielzahl von Optionen zur Auswahl, die f\u00fcr verschiedene Budgets und Gruppengr\u00f6\u00dfen geeignet sind. Ferienwohnungen und -h\u00e4user bieten mehr Platz und Privatsph\u00e4re als Hotels und erm\u00f6glichen es den Reisenden, ihre eigene K\u00fcche zu [&hellip;]<\/p>\n","protected":false},"author":1,"featured_media":0,"parent":0,"menu_order":0,"comment_status":"closed","ping_status":"closed","template":"single-four.php","meta":[],"acf":[],"yoast_head":"<!-- This site is optimized with the Yoast SEO plugin v19.4 - https:\/\/yoast.com\/wordpress\/plugins\/seo\/ -->\n<title>Budget Unterk\u00fcnfte in Kent \u2013 Familien oder Paare - Urlaub &amp; Reisen<\/title>\n<meta name=\"robots\" content=\"index, follow, max-snippet:-1, max-image-preview:large, max-video-preview:-1\" \/>\n<link rel=\"canonical\" href=\"https:\/\/www.urlaubcornwall.de\/blog\/budget-unterkuenfte-in-kent-familien-oder-paare\/\" \/>\n<meta property=\"og:locale\" content=\"en_US\" \/>\n<meta property=\"og:type\" content=\"article\" \/>\n<meta property=\"og:title\" content=\"Budget Unterk\u00fcnfte in Kent \u2013 Familien oder Paare - Urlaub &amp; Reisen\" \/>\n<meta property=\"og:description\" content=\"Ferienh\u00e4user, Ferienwohnungen &amp; Cottages in Kent Wenn es um Unterk\u00fcnfte in Kent geht, sind Ferienwohnungen und -h\u00e4user eine gute Option. Es gibt eine Vielzahl von Optionen zur Auswahl, die f\u00fcr verschiedene Budgets und Gruppengr\u00f6\u00dfen geeignet sind. Ferienwohnungen und -h\u00e4user bieten mehr Platz und Privatsph\u00e4re als Hotels und erm\u00f6glichen es den Reisenden, ihre eigene K\u00fcche zu [&hellip;]\" \/>\n<meta property=\"og:url\" content=\"https:\/\/www.urlaubcornwall.de\/blog\/budget-unterkuenfte-in-kent-familien-oder-paare\/\" \/>\n<meta property=\"og:site_name\" content=\"Urlaub &amp; Reisen\" \/>\n<meta property=\"og:image\" content=\"https:\/\/www.urlaubcornwall.de\/blog\/wp-content\/uploads\/2020\/11\/leeds_schloss_kent.jpg\" \/>\n<meta name=\"twitter:card\" content=\"summary\" \/>\n<meta name=\"twitter:label1\" content=\"Est. reading time\" \/>\n\t<meta name=\"twitter:data1\" content=\"1 minute\" \/>\n<script type=\"application\/ld+json\" class=\"yoast-schema-graph\">{\"@context\":\"https:\/\/schema.org\",\"@graph\":[{\"@type\":\"WebSite\",\"@id\":\"https:\/\/www.urlaubcornwall.de\/blog\/#website\",\"url\":\"https:\/\/www.urlaubcornwall.de\/blog\/\",\"name\":\"Urlaub &amp; Reisen\",\"description\":\"Urlaub, Reisen, Cornwall und S\u00fcdengland: eine perfekte Kombination\",\"potentialAction\":[{\"@type\":\"SearchAction\",\"target\":{\"@type\":\"EntryPoint\",\"urlTemplate\":\"https:\/\/www.urlaubcornwall.de\/blog\/?s={search_term_string}\"},\"query-input\":\"required name=search_term_string\"}],\"inLanguage\":\"en-US\"},{\"@type\":\"WebPage\",\"@id\":\"https:\/\/www.urlaubcornwall.de\/blog\/budget-unterkuenfte-in-kent-familien-oder-paare\/\",\"url\":\"https:\/\/www.urlaubcornwall.de\/blog\/budget-unterkuenfte-in-kent-familien-oder-paare\/\",\"name\":\"Budget Unterk\u00fcnfte in Kent \u2013 Familien oder Paare - Urlaub &amp; Reisen\",\"isPartOf\":{\"@id\":\"https:\/\/www.urlaubcornwall.de\/blog\/#website\"},\"datePublished\":\"2023-03-29T09:40:30+00:00\",\"dateModified\":\"2023-03-29T09:40:30+00:00\",\"breadcrumb\":{\"@id\":\"https:\/\/www.urlaubcornwall.de\/blog\/budget-unterkuenfte-in-kent-familien-oder-paare\/#breadcrumb\"},\"inLanguage\":\"en-US\",\"potentialAction\":[{\"@type\":\"ReadAction\",\"target\":[\"https:\/\/www.urlaubcornwall.de\/blog\/budget-unterkuenfte-in-kent-familien-oder-paare\/\"]}]},{\"@type\":\"BreadcrumbList\",\"@id\":\"https:\/\/www.urlaubcornwall.de\/blog\/budget-unterkuenfte-in-kent-familien-oder-paare\/#breadcrumb\",\"itemListElement\":[{\"@type\":\"ListItem\",\"position\":1,\"name\":\"Home\",\"item\":\"https:\/\/www.urlaubcornwall.de\/blog\/\"},{\"@type\":\"ListItem\",\"position\":2,\"name\":\"Budget Unterk\u00fcnfte in Kent \u2013 Familien oder Paare\"}]}]}<\/script>\n<!-- \/ Yoast SEO plugin. -->","yoast_head_json":{"title":"Budget Unterk\u00fcnfte in Kent \u2013 Familien oder Paare - Urlaub &amp; Reisen","robots":{"index":"index","follow":"follow","max-snippet":"max-snippet:-1","max-image-preview":"max-image-preview:large","max-video-preview":"max-video-preview:-1"},"canonical":"https:\/\/www.urlaubcornwall.de\/blog\/budget-unterkuenfte-in-kent-familien-oder-paare\/","og_locale":"en_US","og_type":"article","og_title":"Budget Unterk\u00fcnfte in Kent \u2013 Familien oder Paare - Urlaub &amp; Reisen","og_description":"Ferienh\u00e4user, Ferienwohnungen &amp; Cottages in Kent Wenn es um Unterk\u00fcnfte in Kent geht, sind Ferienwohnungen und -h\u00e4user eine gute Option. Es gibt eine Vielzahl von Optionen zur Auswahl, die f\u00fcr verschiedene Budgets und Gruppengr\u00f6\u00dfen geeignet sind. Ferienwohnungen und -h\u00e4user bieten mehr Platz und Privatsph\u00e4re als Hotels und erm\u00f6glichen es den Reisenden, ihre eigene K\u00fcche zu [&hellip;]","og_url":"https:\/\/www.urlaubcornwall.de\/blog\/budget-unterkuenfte-in-kent-familien-oder-paare\/","og_site_name":"Urlaub &amp; Reisen","og_image":[{"url":"https:\/\/www.urlaubcornwall.de\/blog\/wp-content\/uploads\/2020\/11\/leeds_schloss_kent.jpg"}],"twitter_card":"summary","twitter_misc":{"Est. reading time":"1 minute"},"schema":{"@context":"https:\/\/schema.org","@graph":[{"@type":"WebSite","@id":"https:\/\/www.urlaubcornwall.de\/blog\/#website","url":"https:\/\/www.urlaubcornwall.de\/blog\/","name":"Urlaub &amp; Reisen","description":"Urlaub, Reisen, Cornwall und S\u00fcdengland: eine perfekte Kombination","potentialAction":[{"@type":"SearchAction","target":{"@type":"EntryPoint","urlTemplate":"https:\/\/www.urlaubcornwall.de\/blog\/?s={search_term_string}"},"query-input":"required name=search_term_string"}],"inLanguage":"en-US"},{"@type":"WebPage","@id":"https:\/\/www.urlaubcornwall.de\/blog\/budget-unterkuenfte-in-kent-familien-oder-paare\/","url":"https:\/\/www.urlaubcornwall.de\/blog\/budget-unterkuenfte-in-kent-familien-oder-paare\/","name":"Budget Unterk\u00fcnfte in Kent \u2013 Familien oder Paare - Urlaub &amp; Reisen","isPartOf":{"@id":"https:\/\/www.urlaubcornwall.de\/blog\/#website"},"datePublished":"2023-03-29T09:40:30+00:00","dateModified":"2023-03-29T09:40:30+00:00","breadcrumb":{"@id":"https:\/\/www.urlaubcornwall.de\/blog\/budget-unterkuenfte-in-kent-familien-oder-paare\/#breadcrumb"},"inLanguage":"en-US","potentialAction":[{"@type":"ReadAction","target":["https:\/\/www.urlaubcornwall.de\/blog\/budget-unterkuenfte-in-kent-familien-oder-paare\/"]}]},{"@type":"BreadcrumbList","@id":"https:\/\/www.urlaubcornwall.de\/blog\/budget-unterkuenfte-in-kent-familien-oder-paare\/#breadcrumb","itemListElement":[{"@type":"ListItem","position":1,"name":"Home","item":"https:\/\/www.urlaubcornwall.de\/blog\/"},{"@type":"ListItem","position":2,"name":"Budget Unterk\u00fcnfte in Kent \u2013 Familien oder Paare"}]}]}},"_links":{"self":[{"href":"https:\/\/www.urlaubcornwall.de\/blog\/wp-json\/wp\/v2\/pages\/46096"}],"collection":[{"href":"https:\/\/www.urlaubcornwall.de\/blog\/wp-json\/wp\/v2\/pages"}],"about":[{"href":"https:\/\/www.urlaubcornwall.de\/blog\/wp-json\/wp\/v2\/types\/page"}],"author":[{"embeddable":true,"href":"https:\/\/www.urlaubcornwall.de\/blog\/wp-json\/wp\/v2\/users\/1"}],"replies":[{"embeddable":true,"href":"https:\/\/www.urlaubcornwall.de\/blog\/wp-json\/wp\/v2\/comments?post=46096"}],"version-history":[{"count":2,"href":"https:\/\/www.urlaubcornwall.de\/blog\/wp-json\/wp\/v2\/pages\/46096\/revisions"}],"predecessor-version":[{"id":46099,"href":"https:\/\/www.urlaubcornwall.de\/blog\/wp-json\/wp\/v2\/pages\/46096\/revisions\/46099"}],"wp:attachment":[{"href":"https:\/\/www.urlaubcornwall.de\/blog\/wp-json\/wp\/v2\/media?parent=46096"}],"curies":[{"name":"wp","href":"https:\/\/api.w.org\/{rel}","templated":true}]}}