{"id":46082,"date":"2023-03-28T07:09:26","date_gmt":"2023-03-28T07:09:26","guid":{"rendered":"https:\/\/www.urlaubcornwall.de\/blog\/?page_id=46082"},"modified":"2024-04-02T10:28:25","modified_gmt":"2024-04-02T10:28:25","slug":"wo-ist-die-englische-kueste-am-schoensten","status":"publish","type":"page","link":"https:\/\/www.urlaubcornwall.de\/blog\/wo-ist-die-englische-kueste-am-schoensten\/","title":{"rendered":"Wo ist die englische K\u00fcste am sch\u00f6nsten?"},"content":{"rendered":"<p><img loading=\"lazy\" class=\"aligncenter size-full wp-image-47900\" src=\"https:\/\/www.urlaubcornwall.de\/blog\/wp-content\/uploads\/2024\/03\/lizard.jpg\" alt=\"lizard kynance\" width=\"750\" height=\"563\" srcset=\"https:\/\/www.urlaubcornwall.de\/blog\/wp-content\/uploads\/2024\/03\/lizard.jpg 750w, https:\/\/www.urlaubcornwall.de\/blog\/wp-content\/uploads\/2024\/03\/lizard-300x225.jpg 300w\" sizes=\"(max-width: 750px) 100vw, 750px\" \/><\/p>\n<p>Die englische K\u00fcste hat viele wundersch\u00f6ne Orte zu bieten und es ist schwer, eine spezifische K\u00fcste als die sch\u00f6nste zu benennen, da dies von den pers\u00f6nlichen Vorlieben abh\u00e4ngt.<\/p>\n<p>Einige der beliebtesten K\u00fcstenabschnitte in England sind:<\/p>\n<p><strong>Cornwall:<\/strong> Die <a href=\"https:\/\/www.urlaubcornwall.de\/reiseziel\/cornwall.php\">K\u00fcste von Cornwall im S\u00fcdwesten Englands<\/a> ist bekannt f\u00fcr ihre atemberaubenden Klippen, malerischen Fischerd\u00f6rfer und langen Sandstr\u00e4nde. Sie bietet auch eine reiche Geschichte und eine Vielzahl von Aktivit\u00e4ten wie Surfen, Wandern und Bootsfahrten.<\/p>\n<p><strong>Jurassic K\u00fcste:<\/strong> An der s\u00fcdlichen K\u00fcste von England erstreckt sich die <a href=\"https:\/\/www.urlaubcornwall.de\/reiseziel\/dorset.php\">Jurassic Coast in Dorset<\/a>, die f\u00fcr ihre geologische Vielfalt und ihre dramatischen Klippen bekannt ist. Hier k\u00f6nnen Sie Fossilien sammeln, entlang der K\u00fcste wandern und historische St\u00e4dte wie Lyme Regis besuchen.<\/p>\n<p><strong>Northumberland:<\/strong> Im Nordosten Englands liegt die <a href=\"https:\/\/www.urlaubcornwall.de\/ferienhaeuser-fewos\/eng\/northumberland\/northumberland.html\">K\u00fcste von Northumberland<\/a>, die bekannt ist f\u00fcr ihre unber\u00fchrte Natur und ihre spektakul\u00e4ren Burgen und Schl\u00f6sser. Hier k\u00f6nnen Sie auch Delfine und Robben beobachten und auf Sandd\u00fcnen wandern.<\/p>\n<p><strong>Norfolk:<\/strong> Die K\u00fcste von <a href=\"https:\/\/www.urlaubcornwall.de\/ferienhaeuser-fewos\/eng\/norfolk\/norfolk.html\">Norfolk im Osten Englands<\/a> ist bekannt f\u00fcr ihre malerischen Fischerd\u00f6rfer, wei\u00dfen Sandstr\u00e4nde und Salzwiesen. Hier k\u00f6nnen Sie auch die Robbenkolonien besuchen und die idyllische Landschaft genie\u00dfen.<\/p>\n<p><strong>Devon:<\/strong> Die K\u00fcste von <a href=\"https:\/\/www.urlaubcornwall.de\/reiseziel\/devon.php\">Devon im S\u00fcdwesten Englands<\/a> ist bekannt f\u00fcr ihre malerischen Buchten, Felsformationen und Sandstr\u00e4nde. Hier k\u00f6nnen Sie auch historische St\u00e4dte wie Dartmouth und Exeter besuchen und eine Vielzahl von Aktivit\u00e4ten wie Surfen, Wandern und Radfahren genie\u00dfen.<\/p>\n<p>Insgesamt ist die englische K\u00fcste ein wundersch\u00f6ner Teil des Landes mit vielen verschiedenen Orten, die es zu entdecken gilt.<\/p>\n<p style=\"text-align: center;\"><a class=\"tidycta\" href=\"https:\/\/www.urlaubcornwall.de\/ferienhaeuser\/suedengland.php\">Suche Ferienh\u00e4user in England am Meer<\/a><\/p>\n","protected":false},"excerpt":{"rendered":"<p>Die englische K\u00fcste hat viele wundersch\u00f6ne Orte zu bieten und es ist schwer, eine spezifische K\u00fcste als die sch\u00f6nste zu benennen, da dies von den pers\u00f6nlichen Vorlieben abh\u00e4ngt. Einige der beliebtesten K\u00fcstenabschnitte in England sind: Cornwall: Die K\u00fcste von Cornwall im S\u00fcdwesten Englands ist bekannt f\u00fcr ihre atemberaubenden Klippen, malerischen Fischerd\u00f6rfer und langen Sandstr\u00e4nde. Sie [&hellip;]<\/p>\n","protected":false},"author":1,"featured_media":0,"parent":0,"menu_order":0,"comment_status":"closed","ping_status":"closed","template":"single-four.php","meta":[],"acf":[],"yoast_head":"<!-- This site is optimized with the Yoast SEO plugin v19.4 - https:\/\/yoast.com\/wordpress\/plugins\/seo\/ -->\n<title>Wo ist die englische K\u00fcste am sch\u00f6nsten? - Urlaub &amp; Reisen<\/title>\n<meta name=\"description\" content=\"Die englische K\u00fcste hat viele wundersch\u00f6ne Orte zu bieten und es ist schwer, eine spezifische K\u00fcste als die sch\u00f6nste zu benennen\" \/>\n<meta name=\"robots\" content=\"index, follow, max-snippet:-1, max-image-preview:large, max-video-preview:-1\" \/>\n<link rel=\"canonical\" href=\"https:\/\/www.urlaubcornwall.de\/blog\/wo-ist-die-englische-kueste-am-schoensten\/\" \/>\n<meta property=\"og:locale\" content=\"en_US\" \/>\n<meta property=\"og:type\" content=\"article\" \/>\n<meta property=\"og:title\" content=\"Wo ist die englische K\u00fcste am sch\u00f6nsten? - Urlaub &amp; Reisen\" \/>\n<meta property=\"og:description\" content=\"Die englische K\u00fcste hat viele wundersch\u00f6ne Orte zu bieten und es ist schwer, eine spezifische K\u00fcste als die sch\u00f6nste zu benennen\" \/>\n<meta property=\"og:url\" content=\"https:\/\/www.urlaubcornwall.de\/blog\/wo-ist-die-englische-kueste-am-schoensten\/\" \/>\n<meta property=\"og:site_name\" content=\"Urlaub &amp; Reisen\" \/>\n<meta property=\"article:modified_time\" content=\"2024-04-02T10:28:25+00:00\" \/>\n<meta property=\"og:image\" content=\"https:\/\/www.urlaubcornwall.de\/blog\/wp-content\/uploads\/2024\/03\/lizard.jpg\" \/>\n<meta name=\"twitter:card\" content=\"summary\" \/>\n<meta name=\"twitter:label1\" content=\"Est. reading time\" \/>\n\t<meta name=\"twitter:data1\" content=\"2 minutes\" \/>\n<script type=\"application\/ld+json\" class=\"yoast-schema-graph\">{\"@context\":\"https:\/\/schema.org\",\"@graph\":[{\"@type\":\"WebSite\",\"@id\":\"https:\/\/www.urlaubcornwall.de\/blog\/#website\",\"url\":\"https:\/\/www.urlaubcornwall.de\/blog\/\",\"name\":\"Urlaub &amp; Reisen\",\"description\":\"Urlaub, Reisen, Cornwall und S\u00fcdengland: eine perfekte Kombination\",\"potentialAction\":[{\"@type\":\"SearchAction\",\"target\":{\"@type\":\"EntryPoint\",\"urlTemplate\":\"https:\/\/www.urlaubcornwall.de\/blog\/?s={search_term_string}\"},\"query-input\":\"required name=search_term_string\"}],\"inLanguage\":\"en-US\"},{\"@type\":\"WebPage\",\"@id\":\"https:\/\/www.urlaubcornwall.de\/blog\/wo-ist-die-englische-kueste-am-schoensten\/\",\"url\":\"https:\/\/www.urlaubcornwall.de\/blog\/wo-ist-die-englische-kueste-am-schoensten\/\",\"name\":\"Wo ist die englische K\u00fcste am sch\u00f6nsten? - Urlaub &amp; Reisen\",\"isPartOf\":{\"@id\":\"https:\/\/www.urlaubcornwall.de\/blog\/#website\"},\"datePublished\":\"2023-03-28T07:09:26+00:00\",\"dateModified\":\"2024-04-02T10:28:25+00:00\",\"description\":\"Die englische K\u00fcste hat viele wundersch\u00f6ne Orte zu bieten und es ist schwer, eine spezifische K\u00fcste als die sch\u00f6nste zu benennen\",\"breadcrumb\":{\"@id\":\"https:\/\/www.urlaubcornwall.de\/blog\/wo-ist-die-englische-kueste-am-schoensten\/#breadcrumb\"},\"inLanguage\":\"en-US\",\"potentialAction\":[{\"@type\":\"ReadAction\",\"target\":[\"https:\/\/www.urlaubcornwall.de\/blog\/wo-ist-die-englische-kueste-am-schoensten\/\"]}]},{\"@type\":\"BreadcrumbList\",\"@id\":\"https:\/\/www.urlaubcornwall.de\/blog\/wo-ist-die-englische-kueste-am-schoensten\/#breadcrumb\",\"itemListElement\":[{\"@type\":\"ListItem\",\"position\":1,\"name\":\"Home\",\"item\":\"https:\/\/www.urlaubcornwall.de\/blog\/\"},{\"@type\":\"ListItem\",\"position\":2,\"name\":\"Wo ist die englische K\u00fcste am sch\u00f6nsten?\"}]}]}<\/script>\n<!-- \/ Yoast SEO plugin. -->","yoast_head_json":{"title":"Wo ist die englische K\u00fcste am sch\u00f6nsten? - Urlaub &amp; Reisen","description":"Die englische K\u00fcste hat viele wundersch\u00f6ne Orte zu bieten und es ist schwer, eine spezifische K\u00fcste als die sch\u00f6nste zu benennen","robots":{"index":"index","follow":"follow","max-snippet":"max-snippet:-1","max-image-preview":"max-image-preview:large","max-video-preview":"max-video-preview:-1"},"canonical":"https:\/\/www.urlaubcornwall.de\/blog\/wo-ist-die-englische-kueste-am-schoensten\/","og_locale":"en_US","og_type":"article","og_title":"Wo ist die englische K\u00fcste am sch\u00f6nsten? - Urlaub &amp; Reisen","og_description":"Die englische K\u00fcste hat viele wundersch\u00f6ne Orte zu bieten und es ist schwer, eine spezifische K\u00fcste als die sch\u00f6nste zu benennen","og_url":"https:\/\/www.urlaubcornwall.de\/blog\/wo-ist-die-englische-kueste-am-schoensten\/","og_site_name":"Urlaub &amp; Reisen","article_modified_time":"2024-04-02T10:28:25+00:00","og_image":[{"url":"https:\/\/www.urlaubcornwall.de\/blog\/wp-content\/uploads\/2024\/03\/lizard.jpg"}],"twitter_card":"summary","twitter_misc":{"Est. reading time":"2 minutes"},"schema":{"@context":"https:\/\/schema.org","@graph":[{"@type":"WebSite","@id":"https:\/\/www.urlaubcornwall.de\/blog\/#website","url":"https:\/\/www.urlaubcornwall.de\/blog\/","name":"Urlaub &amp; Reisen","description":"Urlaub, Reisen, Cornwall und S\u00fcdengland: eine perfekte Kombination","potentialAction":[{"@type":"SearchAction","target":{"@type":"EntryPoint","urlTemplate":"https:\/\/www.urlaubcornwall.de\/blog\/?s={search_term_string}"},"query-input":"required name=search_term_string"}],"inLanguage":"en-US"},{"@type":"WebPage","@id":"https:\/\/www.urlaubcornwall.de\/blog\/wo-ist-die-englische-kueste-am-schoensten\/","url":"https:\/\/www.urlaubcornwall.de\/blog\/wo-ist-die-englische-kueste-am-schoensten\/","name":"Wo ist die englische K\u00fcste am sch\u00f6nsten? - Urlaub &amp; Reisen","isPartOf":{"@id":"https:\/\/www.urlaubcornwall.de\/blog\/#website"},"datePublished":"2023-03-28T07:09:26+00:00","dateModified":"2024-04-02T10:28:25+00:00","description":"Die englische K\u00fcste hat viele wundersch\u00f6ne Orte zu bieten und es ist schwer, eine spezifische K\u00fcste als die sch\u00f6nste zu benennen","breadcrumb":{"@id":"https:\/\/www.urlaubcornwall.de\/blog\/wo-ist-die-englische-kueste-am-schoensten\/#breadcrumb"},"inLanguage":"en-US","potentialAction":[{"@type":"ReadAction","target":["https:\/\/www.urlaubcornwall.de\/blog\/wo-ist-die-englische-kueste-am-schoensten\/"]}]},{"@type":"BreadcrumbList","@id":"https:\/\/www.urlaubcornwall.de\/blog\/wo-ist-die-englische-kueste-am-schoensten\/#breadcrumb","itemListElement":[{"@type":"ListItem","position":1,"name":"Home","item":"https:\/\/www.urlaubcornwall.de\/blog\/"},{"@type":"ListItem","position":2,"name":"Wo ist die englische K\u00fcste am sch\u00f6nsten?"}]}]}},"_links":{"self":[{"href":"https:\/\/www.urlaubcornwall.de\/blog\/wp-json\/wp\/v2\/pages\/46082"}],"collection":[{"href":"https:\/\/www.urlaubcornwall.de\/blog\/wp-json\/wp\/v2\/pages"}],"about":[{"href":"https:\/\/www.urlaubcornwall.de\/blog\/wp-json\/wp\/v2\/types\/page"}],"author":[{"embeddable":true,"href":"https:\/\/www.urlaubcornwall.de\/blog\/wp-json\/wp\/v2\/users\/1"}],"replies":[{"embeddable":true,"href":"https:\/\/www.urlaubcornwall.de\/blog\/wp-json\/wp\/v2\/comments?post=46082"}],"version-history":[{"count":3,"href":"https:\/\/www.urlaubcornwall.de\/blog\/wp-json\/wp\/v2\/pages\/46082\/revisions"}],"predecessor-version":[{"id":48542,"href":"https:\/\/www.urlaubcornwall.de\/blog\/wp-json\/wp\/v2\/pages\/46082\/revisions\/48542"}],"wp:attachment":[{"href":"https:\/\/www.urlaubcornwall.de\/blog\/wp-json\/wp\/v2\/media?parent=46082"}],"curies":[{"name":"wp","href":"https:\/\/api.w.org\/{rel}","templated":true}]}}