{"id":46080,"date":"2023-03-27T13:48:25","date_gmt":"2023-03-27T13:48:25","guid":{"rendered":"https:\/\/www.urlaubcornwall.de\/blog\/?page_id=46080"},"modified":"2024-04-15T14:05:10","modified_gmt":"2024-04-15T14:05:10","slug":"welche-kueste-in-cornwall-liegt-am-besten-im-norden-oder-sueden","status":"publish","type":"page","link":"https:\/\/www.urlaubcornwall.de\/blog\/welche-kueste-in-cornwall-liegt-am-besten-im-norden-oder-sueden\/","title":{"rendered":"Welche K\u00fcste in Cornwall liegt am besten im Norden oder S\u00fcden?"},"content":{"rendered":"<p><img loading=\"lazy\" class=\"aligncenter size-full wp-image-48084\" src=\"https:\/\/www.urlaubcornwall.de\/blog\/wp-content\/uploads\/2024\/03\/st-ives-mmer.jpg\" alt=\"st ives meer\" width=\"750\" height=\"486\" srcset=\"https:\/\/www.urlaubcornwall.de\/blog\/wp-content\/uploads\/2024\/03\/st-ives-mmer.jpg 750w, https:\/\/www.urlaubcornwall.de\/blog\/wp-content\/uploads\/2024\/03\/st-ives-mmer-300x194.jpg 300w\" sizes=\"(max-width: 750px) 100vw, 750px\" \/><\/p>\n<p>Beide K\u00fcsten Cornwalls haben ihre eigenen Vorz\u00fcge und es h\u00e4ngt von Ihren Interessen ab, welche f\u00fcr Sie am besten geeignet ist.<\/p>\n<p>Die <a href=\"https:\/\/www.urlaubcornwall.de\/ferienhaeuser-fewos\/nordkueste-cornwall.html\">Nordk\u00fcste Cornwalls<\/a> ist bekannt f\u00fcr ihre beeindruckenden Klippen und langen Sandstr\u00e4nde, die sich ideal zum Surfen eignen. Es gibt auch eine Reihe von charmanten Fischerd\u00f6rfern entlang der K\u00fcste, wie zum Beispiel <a href=\"https:\/\/www.urlaubcornwall.de\/ferienhaeuser-fewos\/st-ives.html\">St. Ives<\/a> und <a href=\"https:\/\/www.urlaubcornwall.de\/ferienhaeuser-fewos\/padstow.html\">Padstow<\/a>, sowie historische St\u00e4dte wie <a href=\"https:\/\/www.urlaubcornwall.de\/ferienhaeuser-fewos\/tintagel.html\">Tintagel<\/a>, die eng mit der Artuslegende verbunden sind.<\/p>\n<p>Die <a href=\"https:\/\/www.urlaubcornwall.de\/ferienhaeuser-fewos\/suedkueste-cornwall.html\">S\u00fcdk\u00fcste<\/a> hingegen ist bekannt f\u00fcr ihre gesch\u00fctzten Buchten und malerischen Fischerd\u00f6rfer wie Mousehole und Mevagissey. Hier finden Sie auch einige der sch\u00f6nsten G\u00e4rten in Gro\u00dfbritannien, wie zum Beispiel den ber\u00fchmten Lost Gardens of Heligan und den Eden Project. Die K\u00fcste im S\u00fcden bietet auch eine reiche Geschichte, die bis zur R\u00f6merzeit zur\u00fcckreicht, und es gibt eine Vielzahl von historischen St\u00e4tten zu besichtigen, wie zum Beispiel das St. Michael&#8217;s Mount und das Pendennis Castle.<\/p>\n<p style=\"text-align: center;\"><a class=\"tidycta\" href=\"https:\/\/www.urlaubcornwall.de\/ferienhaeuser-fewos\/cornwall.html\">Suche Ferienh\u00e4user in Cornwall am Meer<\/a><\/p>\n","protected":false},"excerpt":{"rendered":"<p>Beide K\u00fcsten Cornwalls haben ihre eigenen Vorz\u00fcge und es h\u00e4ngt von Ihren Interessen ab, welche f\u00fcr Sie am besten geeignet ist. Die Nordk\u00fcste Cornwalls ist bekannt f\u00fcr ihre beeindruckenden Klippen und langen Sandstr\u00e4nde, die sich ideal zum Surfen eignen. Es gibt auch eine Reihe von charmanten Fischerd\u00f6rfern entlang der K\u00fcste, wie zum Beispiel St. Ives [&hellip;]<\/p>\n","protected":false},"author":1,"featured_media":0,"parent":0,"menu_order":0,"comment_status":"closed","ping_status":"closed","template":"single-four.php","meta":[],"acf":[],"yoast_head":"<!-- This site is optimized with the Yoast SEO plugin v19.4 - https:\/\/yoast.com\/wordpress\/plugins\/seo\/ -->\n<title>Welche K\u00fcste in Cornwall liegt am besten im Norden oder S\u00fcden? - Urlaub &amp; Reisen<\/title>\n<meta name=\"description\" content=\"Beide K\u00fcsten Cornwalls haben ihre eigenen Vorz\u00fcge und es h\u00e4ngt von Ihren Interessen ab, welche f\u00fcr Sie am besten geeignet ist.\" \/>\n<meta name=\"robots\" content=\"index, follow, max-snippet:-1, max-image-preview:large, max-video-preview:-1\" \/>\n<link rel=\"canonical\" href=\"https:\/\/www.urlaubcornwall.de\/blog\/welche-kueste-in-cornwall-liegt-am-besten-im-norden-oder-sueden\/\" \/>\n<meta property=\"og:locale\" content=\"en_US\" \/>\n<meta property=\"og:type\" content=\"article\" \/>\n<meta property=\"og:title\" content=\"Welche K\u00fcste in Cornwall liegt am besten im Norden oder S\u00fcden? - Urlaub &amp; Reisen\" \/>\n<meta property=\"og:description\" content=\"Beide K\u00fcsten Cornwalls haben ihre eigenen Vorz\u00fcge und es h\u00e4ngt von Ihren Interessen ab, welche f\u00fcr Sie am besten geeignet ist.\" \/>\n<meta property=\"og:url\" content=\"https:\/\/www.urlaubcornwall.de\/blog\/welche-kueste-in-cornwall-liegt-am-besten-im-norden-oder-sueden\/\" \/>\n<meta property=\"og:site_name\" content=\"Urlaub &amp; Reisen\" \/>\n<meta property=\"article:modified_time\" content=\"2024-04-15T14:05:10+00:00\" \/>\n<meta property=\"og:image\" content=\"https:\/\/www.urlaubcornwall.de\/blog\/wp-content\/uploads\/2024\/03\/st-ives-mmer.jpg\" \/>\n<meta name=\"twitter:card\" content=\"summary\" \/>\n<meta name=\"twitter:label1\" content=\"Est. reading time\" \/>\n\t<meta name=\"twitter:data1\" content=\"1 minute\" \/>\n<script type=\"application\/ld+json\" class=\"yoast-schema-graph\">{\"@context\":\"https:\/\/schema.org\",\"@graph\":[{\"@type\":\"WebSite\",\"@id\":\"https:\/\/www.urlaubcornwall.de\/blog\/#website\",\"url\":\"https:\/\/www.urlaubcornwall.de\/blog\/\",\"name\":\"Urlaub &amp; Reisen\",\"description\":\"Urlaub, Reisen, Cornwall und S\u00fcdengland: eine perfekte Kombination\",\"potentialAction\":[{\"@type\":\"SearchAction\",\"target\":{\"@type\":\"EntryPoint\",\"urlTemplate\":\"https:\/\/www.urlaubcornwall.de\/blog\/?s={search_term_string}\"},\"query-input\":\"required name=search_term_string\"}],\"inLanguage\":\"en-US\"},{\"@type\":\"WebPage\",\"@id\":\"https:\/\/www.urlaubcornwall.de\/blog\/welche-kueste-in-cornwall-liegt-am-besten-im-norden-oder-sueden\/\",\"url\":\"https:\/\/www.urlaubcornwall.de\/blog\/welche-kueste-in-cornwall-liegt-am-besten-im-norden-oder-sueden\/\",\"name\":\"Welche K\u00fcste in Cornwall liegt am besten im Norden oder S\u00fcden? - Urlaub &amp; Reisen\",\"isPartOf\":{\"@id\":\"https:\/\/www.urlaubcornwall.de\/blog\/#website\"},\"datePublished\":\"2023-03-27T13:48:25+00:00\",\"dateModified\":\"2024-04-15T14:05:10+00:00\",\"description\":\"Beide K\u00fcsten Cornwalls haben ihre eigenen Vorz\u00fcge und es h\u00e4ngt von Ihren Interessen ab, welche f\u00fcr Sie am besten geeignet ist.\",\"breadcrumb\":{\"@id\":\"https:\/\/www.urlaubcornwall.de\/blog\/welche-kueste-in-cornwall-liegt-am-besten-im-norden-oder-sueden\/#breadcrumb\"},\"inLanguage\":\"en-US\",\"potentialAction\":[{\"@type\":\"ReadAction\",\"target\":[\"https:\/\/www.urlaubcornwall.de\/blog\/welche-kueste-in-cornwall-liegt-am-besten-im-norden-oder-sueden\/\"]}]},{\"@type\":\"BreadcrumbList\",\"@id\":\"https:\/\/www.urlaubcornwall.de\/blog\/welche-kueste-in-cornwall-liegt-am-besten-im-norden-oder-sueden\/#breadcrumb\",\"itemListElement\":[{\"@type\":\"ListItem\",\"position\":1,\"name\":\"Home\",\"item\":\"https:\/\/www.urlaubcornwall.de\/blog\/\"},{\"@type\":\"ListItem\",\"position\":2,\"name\":\"Welche K\u00fcste in Cornwall liegt am besten im Norden oder S\u00fcden?\"}]}]}<\/script>\n<!-- \/ Yoast SEO plugin. -->","yoast_head_json":{"title":"Welche K\u00fcste in Cornwall liegt am besten im Norden oder S\u00fcden? - Urlaub &amp; Reisen","description":"Beide K\u00fcsten Cornwalls haben ihre eigenen Vorz\u00fcge und es h\u00e4ngt von Ihren Interessen ab, welche f\u00fcr Sie am besten geeignet ist.","robots":{"index":"index","follow":"follow","max-snippet":"max-snippet:-1","max-image-preview":"max-image-preview:large","max-video-preview":"max-video-preview:-1"},"canonical":"https:\/\/www.urlaubcornwall.de\/blog\/welche-kueste-in-cornwall-liegt-am-besten-im-norden-oder-sueden\/","og_locale":"en_US","og_type":"article","og_title":"Welche K\u00fcste in Cornwall liegt am besten im Norden oder S\u00fcden? - Urlaub &amp; Reisen","og_description":"Beide K\u00fcsten Cornwalls haben ihre eigenen Vorz\u00fcge und es h\u00e4ngt von Ihren Interessen ab, welche f\u00fcr Sie am besten geeignet ist.","og_url":"https:\/\/www.urlaubcornwall.de\/blog\/welche-kueste-in-cornwall-liegt-am-besten-im-norden-oder-sueden\/","og_site_name":"Urlaub &amp; Reisen","article_modified_time":"2024-04-15T14:05:10+00:00","og_image":[{"url":"https:\/\/www.urlaubcornwall.de\/blog\/wp-content\/uploads\/2024\/03\/st-ives-mmer.jpg"}],"twitter_card":"summary","twitter_misc":{"Est. reading time":"1 minute"},"schema":{"@context":"https:\/\/schema.org","@graph":[{"@type":"WebSite","@id":"https:\/\/www.urlaubcornwall.de\/blog\/#website","url":"https:\/\/www.urlaubcornwall.de\/blog\/","name":"Urlaub &amp; Reisen","description":"Urlaub, Reisen, Cornwall und S\u00fcdengland: eine perfekte Kombination","potentialAction":[{"@type":"SearchAction","target":{"@type":"EntryPoint","urlTemplate":"https:\/\/www.urlaubcornwall.de\/blog\/?s={search_term_string}"},"query-input":"required name=search_term_string"}],"inLanguage":"en-US"},{"@type":"WebPage","@id":"https:\/\/www.urlaubcornwall.de\/blog\/welche-kueste-in-cornwall-liegt-am-besten-im-norden-oder-sueden\/","url":"https:\/\/www.urlaubcornwall.de\/blog\/welche-kueste-in-cornwall-liegt-am-besten-im-norden-oder-sueden\/","name":"Welche K\u00fcste in Cornwall liegt am besten im Norden oder S\u00fcden? - Urlaub &amp; Reisen","isPartOf":{"@id":"https:\/\/www.urlaubcornwall.de\/blog\/#website"},"datePublished":"2023-03-27T13:48:25+00:00","dateModified":"2024-04-15T14:05:10+00:00","description":"Beide K\u00fcsten Cornwalls haben ihre eigenen Vorz\u00fcge und es h\u00e4ngt von Ihren Interessen ab, welche f\u00fcr Sie am besten geeignet ist.","breadcrumb":{"@id":"https:\/\/www.urlaubcornwall.de\/blog\/welche-kueste-in-cornwall-liegt-am-besten-im-norden-oder-sueden\/#breadcrumb"},"inLanguage":"en-US","potentialAction":[{"@type":"ReadAction","target":["https:\/\/www.urlaubcornwall.de\/blog\/welche-kueste-in-cornwall-liegt-am-besten-im-norden-oder-sueden\/"]}]},{"@type":"BreadcrumbList","@id":"https:\/\/www.urlaubcornwall.de\/blog\/welche-kueste-in-cornwall-liegt-am-besten-im-norden-oder-sueden\/#breadcrumb","itemListElement":[{"@type":"ListItem","position":1,"name":"Home","item":"https:\/\/www.urlaubcornwall.de\/blog\/"},{"@type":"ListItem","position":2,"name":"Welche K\u00fcste in Cornwall liegt am besten im Norden oder S\u00fcden?"}]}]}},"_links":{"self":[{"href":"https:\/\/www.urlaubcornwall.de\/blog\/wp-json\/wp\/v2\/pages\/46080"}],"collection":[{"href":"https:\/\/www.urlaubcornwall.de\/blog\/wp-json\/wp\/v2\/pages"}],"about":[{"href":"https:\/\/www.urlaubcornwall.de\/blog\/wp-json\/wp\/v2\/types\/page"}],"author":[{"embeddable":true,"href":"https:\/\/www.urlaubcornwall.de\/blog\/wp-json\/wp\/v2\/users\/1"}],"replies":[{"embeddable":true,"href":"https:\/\/www.urlaubcornwall.de\/blog\/wp-json\/wp\/v2\/comments?post=46080"}],"version-history":[{"count":6,"href":"https:\/\/www.urlaubcornwall.de\/blog\/wp-json\/wp\/v2\/pages\/46080\/revisions"}],"predecessor-version":[{"id":49504,"href":"https:\/\/www.urlaubcornwall.de\/blog\/wp-json\/wp\/v2\/pages\/46080\/revisions\/49504"}],"wp:attachment":[{"href":"https:\/\/www.urlaubcornwall.de\/blog\/wp-json\/wp\/v2\/media?parent=46080"}],"curies":[{"name":"wp","href":"https:\/\/api.w.org\/{rel}","templated":true}]}}