{"id":46078,"date":"2023-03-27T07:56:23","date_gmt":"2023-03-27T07:56:23","guid":{"rendered":"https:\/\/www.urlaubcornwall.de\/blog\/?page_id=46078"},"modified":"2023-03-27T07:56:23","modified_gmt":"2023-03-27T07:56:23","slug":"welcher-monat-ist-der-beste-in-cornwall","status":"publish","type":"page","link":"https:\/\/www.urlaubcornwall.de\/blog\/welcher-monat-ist-der-beste-in-cornwall\/","title":{"rendered":"Welcher Monat ist der beste in Cornwall?"},"content":{"rendered":"<p><img loading=\"lazy\" class=\"aligncenter size-full wp-image-40101\" src=\"https:\/\/www.urlaubcornwall.de\/blog\/wp-content\/uploads\/2020\/05\/st-martins-blick.jpg\" alt=\"Urlaub in Cornwall \" width=\"750\" height=\"607\" srcset=\"https:\/\/www.urlaubcornwall.de\/blog\/wp-content\/uploads\/2020\/05\/st-martins-blick.jpg 750w, https:\/\/www.urlaubcornwall.de\/blog\/wp-content\/uploads\/2020\/05\/st-martins-blick-300x243.jpg 300w\" sizes=\"(max-width: 750px) 100vw, 750px\" \/><\/p>\n<p>Cornwall ist eine wundersch\u00f6ne Region im <a href=\"https:\/\/www.urlaubcornwall.de\/reiseziel\/suedwestengland.php\">S\u00fcdwesten Englands<\/a> und hat zu jeder Jahreszeit etwas zu bieten. Der beste Monat f\u00fcr einen Besuch h\u00e4ngt jedoch von Ihren Interessen ab.<\/p>\n<p>Wenn Sie warmes Wetter bevorzugen und die Str\u00e4nde genie\u00dfen m\u00f6chten, ist die beste Zeit, um <a href=\"https:\/\/www.urlaubcornwall.de\/reiseziel\/cornwall.php\">Cornwall<\/a> zu besuchen, normalerweise zwischen Juni und September. Juli und August sind die w\u00e4rmsten Monate, aber auch die belebtesten, da viele Touristen in dieser Zeit kommen. Wenn Sie weniger Menschenmassen m\u00f6gen, aber immer noch warmes Wetter genie\u00dfen m\u00f6chten, k\u00f6nnte der September eine gute Wahl sein.<\/p>\n<p>Wenn Sie jedoch die Landschaft und die Kultur von Cornwall erleben m\u00f6chten, k\u00f6nnen Sie jederzeit zwischen April und Oktober reisen. Im Fr\u00fchling (April bis Mai) und Herbst (Oktober) sind die Temperaturen etwas k\u00fchler, aber immer noch angenehm, und die Landschaft ist wundersch\u00f6n mit bl\u00fchenden Pflanzen und herbstlichen Farben.<\/p>\n<p>Es ist jedoch zu beachten, dass das Wetter in Cornwall sehr wechselhaft sein kann, unabh\u00e4ngig von der Jahreszeit. Es ist immer ratsam, wetterfeste Kleidung und Ausr\u00fcstung mitzubringen, um auf alle Eventualit\u00e4ten vorbereitet zu sein.<\/p>\n<p style=\"text-align: center;\"><a class=\"tidycta\" href=\"https:\/\/www.urlaubcornwall.de\/ferienhaeuser-fewos\/cornwall.html\">Suche Ferienh\u00e4user in Cornwall<\/a><\/p>\n","protected":false},"excerpt":{"rendered":"<p>Cornwall ist eine wundersch\u00f6ne Region im S\u00fcdwesten Englands und hat zu jeder Jahreszeit etwas zu bieten. Der beste Monat f\u00fcr einen Besuch h\u00e4ngt jedoch von Ihren Interessen ab. Wenn Sie warmes Wetter bevorzugen und die Str\u00e4nde genie\u00dfen m\u00f6chten, ist die beste Zeit, um Cornwall zu besuchen, normalerweise zwischen Juni und September. Juli und August sind [&hellip;]<\/p>\n","protected":false},"author":1,"featured_media":0,"parent":0,"menu_order":0,"comment_status":"closed","ping_status":"closed","template":"single-four.php","meta":[],"acf":[],"yoast_head":"<!-- This site is optimized with the Yoast SEO plugin v19.4 - https:\/\/yoast.com\/wordpress\/plugins\/seo\/ -->\n<title>Welcher Monat ist der beste in Cornwall? - Urlaub &amp; Reisen<\/title>\n<meta name=\"description\" content=\"Cornwall ist eine wundersch\u00f6ne Region im S\u00fcdwesten Englands und hat zu jeder Jahreszeit etwas zu bieten.\" \/>\n<meta name=\"robots\" content=\"index, follow, max-snippet:-1, max-image-preview:large, max-video-preview:-1\" \/>\n<link rel=\"canonical\" href=\"https:\/\/www.urlaubcornwall.de\/blog\/welcher-monat-ist-der-beste-in-cornwall\/\" \/>\n<meta property=\"og:locale\" content=\"en_US\" \/>\n<meta property=\"og:type\" content=\"article\" \/>\n<meta property=\"og:title\" content=\"Welcher Monat ist der beste in Cornwall? - Urlaub &amp; Reisen\" \/>\n<meta property=\"og:description\" content=\"Cornwall ist eine wundersch\u00f6ne Region im S\u00fcdwesten Englands und hat zu jeder Jahreszeit etwas zu bieten.\" \/>\n<meta property=\"og:url\" content=\"https:\/\/www.urlaubcornwall.de\/blog\/welcher-monat-ist-der-beste-in-cornwall\/\" \/>\n<meta property=\"og:site_name\" content=\"Urlaub &amp; Reisen\" \/>\n<meta property=\"og:image\" content=\"https:\/\/www.urlaubcornwall.de\/blog\/wp-content\/uploads\/2020\/05\/st-martins-blick.jpg\" \/>\n<meta name=\"twitter:card\" content=\"summary\" \/>\n<script type=\"application\/ld+json\" class=\"yoast-schema-graph\">{\"@context\":\"https:\/\/schema.org\",\"@graph\":[{\"@type\":\"WebSite\",\"@id\":\"https:\/\/www.urlaubcornwall.de\/blog\/#website\",\"url\":\"https:\/\/www.urlaubcornwall.de\/blog\/\",\"name\":\"Urlaub &amp; Reisen\",\"description\":\"Urlaub, Reisen, Cornwall und S\u00fcdengland: eine perfekte Kombination\",\"potentialAction\":[{\"@type\":\"SearchAction\",\"target\":{\"@type\":\"EntryPoint\",\"urlTemplate\":\"https:\/\/www.urlaubcornwall.de\/blog\/?s={search_term_string}\"},\"query-input\":\"required name=search_term_string\"}],\"inLanguage\":\"en-US\"},{\"@type\":\"WebPage\",\"@id\":\"https:\/\/www.urlaubcornwall.de\/blog\/welcher-monat-ist-der-beste-in-cornwall\/\",\"url\":\"https:\/\/www.urlaubcornwall.de\/blog\/welcher-monat-ist-der-beste-in-cornwall\/\",\"name\":\"Welcher Monat ist der beste in Cornwall? - Urlaub &amp; Reisen\",\"isPartOf\":{\"@id\":\"https:\/\/www.urlaubcornwall.de\/blog\/#website\"},\"datePublished\":\"2023-03-27T07:56:23+00:00\",\"dateModified\":\"2023-03-27T07:56:23+00:00\",\"description\":\"Cornwall ist eine wundersch\u00f6ne Region im S\u00fcdwesten Englands und hat zu jeder Jahreszeit etwas zu bieten.\",\"breadcrumb\":{\"@id\":\"https:\/\/www.urlaubcornwall.de\/blog\/welcher-monat-ist-der-beste-in-cornwall\/#breadcrumb\"},\"inLanguage\":\"en-US\",\"potentialAction\":[{\"@type\":\"ReadAction\",\"target\":[\"https:\/\/www.urlaubcornwall.de\/blog\/welcher-monat-ist-der-beste-in-cornwall\/\"]}]},{\"@type\":\"BreadcrumbList\",\"@id\":\"https:\/\/www.urlaubcornwall.de\/blog\/welcher-monat-ist-der-beste-in-cornwall\/#breadcrumb\",\"itemListElement\":[{\"@type\":\"ListItem\",\"position\":1,\"name\":\"Home\",\"item\":\"https:\/\/www.urlaubcornwall.de\/blog\/\"},{\"@type\":\"ListItem\",\"position\":2,\"name\":\"Welcher Monat ist der beste in Cornwall?\"}]}]}<\/script>\n<!-- \/ Yoast SEO plugin. -->","yoast_head_json":{"title":"Welcher Monat ist der beste in Cornwall? - Urlaub &amp; Reisen","description":"Cornwall ist eine wundersch\u00f6ne Region im S\u00fcdwesten Englands und hat zu jeder Jahreszeit etwas zu bieten.","robots":{"index":"index","follow":"follow","max-snippet":"max-snippet:-1","max-image-preview":"max-image-preview:large","max-video-preview":"max-video-preview:-1"},"canonical":"https:\/\/www.urlaubcornwall.de\/blog\/welcher-monat-ist-der-beste-in-cornwall\/","og_locale":"en_US","og_type":"article","og_title":"Welcher Monat ist der beste in Cornwall? - Urlaub &amp; Reisen","og_description":"Cornwall ist eine wundersch\u00f6ne Region im S\u00fcdwesten Englands und hat zu jeder Jahreszeit etwas zu bieten.","og_url":"https:\/\/www.urlaubcornwall.de\/blog\/welcher-monat-ist-der-beste-in-cornwall\/","og_site_name":"Urlaub &amp; Reisen","og_image":[{"url":"https:\/\/www.urlaubcornwall.de\/blog\/wp-content\/uploads\/2020\/05\/st-martins-blick.jpg"}],"twitter_card":"summary","schema":{"@context":"https:\/\/schema.org","@graph":[{"@type":"WebSite","@id":"https:\/\/www.urlaubcornwall.de\/blog\/#website","url":"https:\/\/www.urlaubcornwall.de\/blog\/","name":"Urlaub &amp; Reisen","description":"Urlaub, Reisen, Cornwall und S\u00fcdengland: eine perfekte Kombination","potentialAction":[{"@type":"SearchAction","target":{"@type":"EntryPoint","urlTemplate":"https:\/\/www.urlaubcornwall.de\/blog\/?s={search_term_string}"},"query-input":"required name=search_term_string"}],"inLanguage":"en-US"},{"@type":"WebPage","@id":"https:\/\/www.urlaubcornwall.de\/blog\/welcher-monat-ist-der-beste-in-cornwall\/","url":"https:\/\/www.urlaubcornwall.de\/blog\/welcher-monat-ist-der-beste-in-cornwall\/","name":"Welcher Monat ist der beste in Cornwall? - Urlaub &amp; Reisen","isPartOf":{"@id":"https:\/\/www.urlaubcornwall.de\/blog\/#website"},"datePublished":"2023-03-27T07:56:23+00:00","dateModified":"2023-03-27T07:56:23+00:00","description":"Cornwall ist eine wundersch\u00f6ne Region im S\u00fcdwesten Englands und hat zu jeder Jahreszeit etwas zu bieten.","breadcrumb":{"@id":"https:\/\/www.urlaubcornwall.de\/blog\/welcher-monat-ist-der-beste-in-cornwall\/#breadcrumb"},"inLanguage":"en-US","potentialAction":[{"@type":"ReadAction","target":["https:\/\/www.urlaubcornwall.de\/blog\/welcher-monat-ist-der-beste-in-cornwall\/"]}]},{"@type":"BreadcrumbList","@id":"https:\/\/www.urlaubcornwall.de\/blog\/welcher-monat-ist-der-beste-in-cornwall\/#breadcrumb","itemListElement":[{"@type":"ListItem","position":1,"name":"Home","item":"https:\/\/www.urlaubcornwall.de\/blog\/"},{"@type":"ListItem","position":2,"name":"Welcher Monat ist der beste in Cornwall?"}]}]}},"_links":{"self":[{"href":"https:\/\/www.urlaubcornwall.de\/blog\/wp-json\/wp\/v2\/pages\/46078"}],"collection":[{"href":"https:\/\/www.urlaubcornwall.de\/blog\/wp-json\/wp\/v2\/pages"}],"about":[{"href":"https:\/\/www.urlaubcornwall.de\/blog\/wp-json\/wp\/v2\/types\/page"}],"author":[{"embeddable":true,"href":"https:\/\/www.urlaubcornwall.de\/blog\/wp-json\/wp\/v2\/users\/1"}],"replies":[{"embeddable":true,"href":"https:\/\/www.urlaubcornwall.de\/blog\/wp-json\/wp\/v2\/comments?post=46078"}],"version-history":[{"count":1,"href":"https:\/\/www.urlaubcornwall.de\/blog\/wp-json\/wp\/v2\/pages\/46078\/revisions"}],"predecessor-version":[{"id":46079,"href":"https:\/\/www.urlaubcornwall.de\/blog\/wp-json\/wp\/v2\/pages\/46078\/revisions\/46079"}],"wp:attachment":[{"href":"https:\/\/www.urlaubcornwall.de\/blog\/wp-json\/wp\/v2\/media?parent=46078"}],"curies":[{"name":"wp","href":"https:\/\/api.w.org\/{rel}","templated":true}]}}