{"id":46071,"date":"2023-03-26T15:28:34","date_gmt":"2023-03-26T15:28:34","guid":{"rendered":"https:\/\/www.urlaubcornwall.de\/blog\/?page_id=46071"},"modified":"2023-04-12T10:23:31","modified_gmt":"2023-04-12T10:23:31","slug":"cornwall-ist-ein-juwel","status":"publish","type":"page","link":"https:\/\/www.urlaubcornwall.de\/blog\/cornwall-ist-ein-juwel\/","title":{"rendered":"Cornwall ist ein Juwel"},"content":{"rendered":"<p><img loading=\"lazy\" class=\"aligncenter size-full wp-image-34620\" src=\"https:\/\/www.urlaubcornwall.de\/blog\/wp-content\/uploads\/2018\/11\/rundreise_cornwall_suedengland.jpg\" alt=\"Cornwall Port Isaac\" width=\"750\" height=\"443\" srcset=\"https:\/\/www.urlaubcornwall.de\/blog\/wp-content\/uploads\/2018\/11\/rundreise_cornwall_suedengland.jpg 752w, https:\/\/www.urlaubcornwall.de\/blog\/wp-content\/uploads\/2018\/11\/rundreise_cornwall_suedengland-300x177.jpg 300w\" sizes=\"(max-width: 750px) 100vw, 750px\" \/><\/p>\n<p>Cornwall ist ein Juwel, das auf der englischen Landkarte glitzert und funkelt. Die wilde Sch\u00f6nheit dieser K\u00fcstenregion wird Sie mit ihrem unvergleichlichen Charme und ihrer Magie verzaubern. Von zerkl\u00fcfteten Klippen bis hin zu <a href=\"https:\/\/www.urlaubcornwall.de\/ferienhaeuser-fewos\/cornwall-am-meer.html\">goldenen Sandstr\u00e4nden bietet Cornwall<\/a> ein Spektrum an Natursch\u00f6nheiten, das einfach atemberaubend ist.<\/p>\n<p>Das Herzst\u00fcck dieser Region ist das Meer &#8211; wild, ungest\u00fcm und unvergesslich. Die tosenden Wellen und das Rauschen des Wassers werden Ihre Sinne erf\u00fcllen und Ihren Geist befl\u00fcgeln. An der K\u00fcste entlangzuschlendern und die salzige Luft zu atmen, wird Ihnen ein Gef\u00fchl von Freiheit und Abenteuer vermitteln.<\/p>\n<p>Aber Cornwall hat noch viel mehr zu bieten als nur das Meer. Die Landschaft ist gepr\u00e4gt von sanften H\u00fcgeln und gr\u00fcnen T\u00e4lern, in denen sich vertr\u00e4umte D\u00f6rfer und geschichtstr\u00e4chtige St\u00e4dte verstecken. Hier k\u00f6nnen Sie die Ruhe und Gelassenheit der Natur genie\u00dfen und gleichzeitig in die reiche Kulturgeschichte eintauchen.<\/p>\n<p>Und dann sind da noch die G\u00e4rten, die in Cornwall zu finden sind. Diese kleinen Paradiese auf Erden sind einzigartig und wundersch\u00f6n. Die Pflanzen und Blumen, die hier gedeihen, sind speziell auf das Klima und den Boden abgestimmt und lassen sich in ihrer Sch\u00f6nheit kaum \u00fcbertreffen.<\/p>\n<p>Wenn Sie also ein Reisender sind, der auf der Suche nach einer einzigartigen Natursch\u00f6nheit ist, dann ist Cornwall genau das Richtige f\u00fcr Sie. Kommen Sie und lassen Sie sich von dieser wilden und wunderbaren K\u00fcstenregion verzaubern. Es wird eine Erfahrung sein, die Sie niemals vergessen werden.<\/p>\n<p style=\"text-align: center;\"><a class=\"tidycta\" href=\"https:\/\/www.urlaubcornwall.de\/ferienhaeuser-fewos\/cornwall.html\">Suche Ferienh\u00e4user in Cornwall<\/a><\/p>\n","protected":false},"excerpt":{"rendered":"<p>Cornwall ist ein Juwel, das auf der englischen Landkarte glitzert und funkelt. Die wilde Sch\u00f6nheit dieser K\u00fcstenregion wird Sie mit ihrem unvergleichlichen Charme und ihrer Magie verzaubern. Von zerkl\u00fcfteten Klippen bis hin zu goldenen Sandstr\u00e4nden bietet Cornwall ein Spektrum an Natursch\u00f6nheiten, das einfach atemberaubend ist. Das Herzst\u00fcck dieser Region ist das Meer &#8211; wild, ungest\u00fcm [&hellip;]<\/p>\n","protected":false},"author":1,"featured_media":0,"parent":0,"menu_order":0,"comment_status":"closed","ping_status":"closed","template":"single-four.php","meta":[],"acf":[],"yoast_head":"<!-- This site is optimized with the Yoast SEO plugin v19.4 - https:\/\/yoast.com\/wordpress\/plugins\/seo\/ -->\n<title>Cornwall ist ein Juwel - Urlaub &amp; Reisen<\/title>\n<meta name=\"description\" content=\"Cornwall ist ein Juwel, das auf der englischen Landkarte glitzert und funkelt. Die wilde Sch\u00f6nheit dieser K\u00fcstenregion\" \/>\n<meta name=\"robots\" content=\"index, follow, max-snippet:-1, max-image-preview:large, max-video-preview:-1\" \/>\n<link rel=\"canonical\" href=\"https:\/\/www.urlaubcornwall.de\/blog\/cornwall-ist-ein-juwel\/\" \/>\n<meta property=\"og:locale\" content=\"en_US\" \/>\n<meta property=\"og:type\" content=\"article\" \/>\n<meta property=\"og:title\" content=\"Cornwall ist ein Juwel - Urlaub &amp; Reisen\" \/>\n<meta property=\"og:description\" content=\"Cornwall ist ein Juwel, das auf der englischen Landkarte glitzert und funkelt. Die wilde Sch\u00f6nheit dieser K\u00fcstenregion\" \/>\n<meta property=\"og:url\" content=\"https:\/\/www.urlaubcornwall.de\/blog\/cornwall-ist-ein-juwel\/\" \/>\n<meta property=\"og:site_name\" content=\"Urlaub &amp; Reisen\" \/>\n<meta property=\"article:modified_time\" content=\"2023-04-12T10:23:31+00:00\" \/>\n<meta property=\"og:image\" content=\"https:\/\/www.urlaubcornwall.de\/blog\/wp-content\/uploads\/2018\/11\/rundreise_cornwall_suedengland.jpg\" \/>\n<meta name=\"twitter:card\" content=\"summary\" \/>\n<meta name=\"twitter:label1\" content=\"Est. reading time\" \/>\n\t<meta name=\"twitter:data1\" content=\"2 minutes\" \/>\n<script type=\"application\/ld+json\" class=\"yoast-schema-graph\">{\"@context\":\"https:\/\/schema.org\",\"@graph\":[{\"@type\":\"WebSite\",\"@id\":\"https:\/\/www.urlaubcornwall.de\/blog\/#website\",\"url\":\"https:\/\/www.urlaubcornwall.de\/blog\/\",\"name\":\"Urlaub &amp; Reisen\",\"description\":\"Urlaub, Reisen, Cornwall und S\u00fcdengland: eine perfekte Kombination\",\"potentialAction\":[{\"@type\":\"SearchAction\",\"target\":{\"@type\":\"EntryPoint\",\"urlTemplate\":\"https:\/\/www.urlaubcornwall.de\/blog\/?s={search_term_string}\"},\"query-input\":\"required name=search_term_string\"}],\"inLanguage\":\"en-US\"},{\"@type\":\"WebPage\",\"@id\":\"https:\/\/www.urlaubcornwall.de\/blog\/cornwall-ist-ein-juwel\/\",\"url\":\"https:\/\/www.urlaubcornwall.de\/blog\/cornwall-ist-ein-juwel\/\",\"name\":\"Cornwall ist ein Juwel - Urlaub &amp; Reisen\",\"isPartOf\":{\"@id\":\"https:\/\/www.urlaubcornwall.de\/blog\/#website\"},\"datePublished\":\"2023-03-26T15:28:34+00:00\",\"dateModified\":\"2023-04-12T10:23:31+00:00\",\"description\":\"Cornwall ist ein Juwel, das auf der englischen Landkarte glitzert und funkelt. Die wilde Sch\u00f6nheit dieser K\u00fcstenregion\",\"breadcrumb\":{\"@id\":\"https:\/\/www.urlaubcornwall.de\/blog\/cornwall-ist-ein-juwel\/#breadcrumb\"},\"inLanguage\":\"en-US\",\"potentialAction\":[{\"@type\":\"ReadAction\",\"target\":[\"https:\/\/www.urlaubcornwall.de\/blog\/cornwall-ist-ein-juwel\/\"]}]},{\"@type\":\"BreadcrumbList\",\"@id\":\"https:\/\/www.urlaubcornwall.de\/blog\/cornwall-ist-ein-juwel\/#breadcrumb\",\"itemListElement\":[{\"@type\":\"ListItem\",\"position\":1,\"name\":\"Home\",\"item\":\"https:\/\/www.urlaubcornwall.de\/blog\/\"},{\"@type\":\"ListItem\",\"position\":2,\"name\":\"Cornwall ist ein Juwel\"}]}]}<\/script>\n<!-- \/ Yoast SEO plugin. -->","yoast_head_json":{"title":"Cornwall ist ein Juwel - Urlaub &amp; Reisen","description":"Cornwall ist ein Juwel, das auf der englischen Landkarte glitzert und funkelt. Die wilde Sch\u00f6nheit dieser K\u00fcstenregion","robots":{"index":"index","follow":"follow","max-snippet":"max-snippet:-1","max-image-preview":"max-image-preview:large","max-video-preview":"max-video-preview:-1"},"canonical":"https:\/\/www.urlaubcornwall.de\/blog\/cornwall-ist-ein-juwel\/","og_locale":"en_US","og_type":"article","og_title":"Cornwall ist ein Juwel - Urlaub &amp; Reisen","og_description":"Cornwall ist ein Juwel, das auf der englischen Landkarte glitzert und funkelt. Die wilde Sch\u00f6nheit dieser K\u00fcstenregion","og_url":"https:\/\/www.urlaubcornwall.de\/blog\/cornwall-ist-ein-juwel\/","og_site_name":"Urlaub &amp; Reisen","article_modified_time":"2023-04-12T10:23:31+00:00","og_image":[{"url":"https:\/\/www.urlaubcornwall.de\/blog\/wp-content\/uploads\/2018\/11\/rundreise_cornwall_suedengland.jpg"}],"twitter_card":"summary","twitter_misc":{"Est. reading time":"2 minutes"},"schema":{"@context":"https:\/\/schema.org","@graph":[{"@type":"WebSite","@id":"https:\/\/www.urlaubcornwall.de\/blog\/#website","url":"https:\/\/www.urlaubcornwall.de\/blog\/","name":"Urlaub &amp; Reisen","description":"Urlaub, Reisen, Cornwall und S\u00fcdengland: eine perfekte Kombination","potentialAction":[{"@type":"SearchAction","target":{"@type":"EntryPoint","urlTemplate":"https:\/\/www.urlaubcornwall.de\/blog\/?s={search_term_string}"},"query-input":"required name=search_term_string"}],"inLanguage":"en-US"},{"@type":"WebPage","@id":"https:\/\/www.urlaubcornwall.de\/blog\/cornwall-ist-ein-juwel\/","url":"https:\/\/www.urlaubcornwall.de\/blog\/cornwall-ist-ein-juwel\/","name":"Cornwall ist ein Juwel - Urlaub &amp; Reisen","isPartOf":{"@id":"https:\/\/www.urlaubcornwall.de\/blog\/#website"},"datePublished":"2023-03-26T15:28:34+00:00","dateModified":"2023-04-12T10:23:31+00:00","description":"Cornwall ist ein Juwel, das auf der englischen Landkarte glitzert und funkelt. Die wilde Sch\u00f6nheit dieser K\u00fcstenregion","breadcrumb":{"@id":"https:\/\/www.urlaubcornwall.de\/blog\/cornwall-ist-ein-juwel\/#breadcrumb"},"inLanguage":"en-US","potentialAction":[{"@type":"ReadAction","target":["https:\/\/www.urlaubcornwall.de\/blog\/cornwall-ist-ein-juwel\/"]}]},{"@type":"BreadcrumbList","@id":"https:\/\/www.urlaubcornwall.de\/blog\/cornwall-ist-ein-juwel\/#breadcrumb","itemListElement":[{"@type":"ListItem","position":1,"name":"Home","item":"https:\/\/www.urlaubcornwall.de\/blog\/"},{"@type":"ListItem","position":2,"name":"Cornwall ist ein Juwel"}]}]}},"_links":{"self":[{"href":"https:\/\/www.urlaubcornwall.de\/blog\/wp-json\/wp\/v2\/pages\/46071"}],"collection":[{"href":"https:\/\/www.urlaubcornwall.de\/blog\/wp-json\/wp\/v2\/pages"}],"about":[{"href":"https:\/\/www.urlaubcornwall.de\/blog\/wp-json\/wp\/v2\/types\/page"}],"author":[{"embeddable":true,"href":"https:\/\/www.urlaubcornwall.de\/blog\/wp-json\/wp\/v2\/users\/1"}],"replies":[{"embeddable":true,"href":"https:\/\/www.urlaubcornwall.de\/blog\/wp-json\/wp\/v2\/comments?post=46071"}],"version-history":[{"count":2,"href":"https:\/\/www.urlaubcornwall.de\/blog\/wp-json\/wp\/v2\/pages\/46071\/revisions"}],"predecessor-version":[{"id":46076,"href":"https:\/\/www.urlaubcornwall.de\/blog\/wp-json\/wp\/v2\/pages\/46071\/revisions\/46076"}],"wp:attachment":[{"href":"https:\/\/www.urlaubcornwall.de\/blog\/wp-json\/wp\/v2\/media?parent=46071"}],"curies":[{"name":"wp","href":"https:\/\/api.w.org\/{rel}","templated":true}]}}