{"id":46068,"date":"2023-03-26T10:57:24","date_gmt":"2023-03-26T10:57:24","guid":{"rendered":"https:\/\/www.urlaubcornwall.de\/blog\/?page_id=46068"},"modified":"2024-05-30T14:34:52","modified_gmt":"2024-05-30T14:34:52","slug":"was-ist-die-schoenheit-von-cornwall","status":"publish","type":"page","link":"https:\/\/www.urlaubcornwall.de\/blog\/was-ist-die-schoenheit-von-cornwall\/","title":{"rendered":"Was ist die Sch\u00f6nheit von Cornwall?"},"content":{"rendered":"<p><a href=\"https:\/\/www.urlaubcornwall.de\/blog\/wp-content\/uploads\/2024\/03\/mousehole_urlaub.jpg\"><img loading=\"lazy\" src=\"https:\/\/www.urlaubcornwall.de\/blog\/wp-content\/uploads\/2024\/03\/mousehole_urlaub.jpg\" alt=\"\" width=\"750\" height=\"665\" class=\"alignnone size-full wp-image-48071\" srcset=\"https:\/\/www.urlaubcornwall.de\/blog\/wp-content\/uploads\/2024\/03\/mousehole_urlaub.jpg 750w, https:\/\/www.urlaubcornwall.de\/blog\/wp-content\/uploads\/2024\/03\/mousehole_urlaub-300x266.jpg 300w\" sizes=\"(max-width: 750px) 100vw, 750px\" \/><\/a><\/p>\n<p>Cornwall ist eine absolut wundersch\u00f6ne Region im Vereinigten K\u00f6nigreich, mit vielen atemberaubenden Orten zu entdecken. Einige der <a href=\"https:\/\/www.urlaubcornwall.de\/ferienhaeuser-fewos\/cornwall.html\">sch\u00f6nsten Orte in Cornwall<\/a> sind:<\/p>\n<p><strong>St. Ives<\/strong> &#8211; Mit seinen wei\u00dfen Sandstr\u00e4nden, t\u00fcrkisfarbenen Gew\u00e4ssern und malerischen Hafen ist <a href=\"https:\/\/www.urlaubcornwall.de\/ferienhaeuser-fewos\/st-ives.html\">St. Ives<\/a> eine der malerischsten St\u00e4dte in Cornwall. Die Stadt ist auch bekannt f\u00fcr ihre bl\u00fchende Kunstszene mit zahlreichen Galerien und Studios zum Entdecken.<\/p>\n<p><strong>Die Lizard-Halbinsel<\/strong> &#8211; Gelegen an der s\u00fcdlichsten Spitze von Cornwall, bietet die Lizard-Halbinsel dramatische Klippen, versteckte Buchten und einige der besten K\u00fcstenwanderungen der Region. Verpassen Sie nicht einen Besuch in Kynance Cove, einem malerischen Strand mit kristallklarem Wasser und einzigartigen Felsformationen.<\/p>\n<p><strong>Padstow<\/strong> &#8211; Dieses <a href=\"https:\/\/www.urlaubcornwall.de\/ferienhaeuser-fewos\/padstow.html\">charmante Fischerdorf an der Nordk\u00fcste von Cornwall<\/a> ist bekannt f\u00fcr seine ausgezeichnete Meeresfr\u00fcchte und malerischen Hafen. Machen Sie einen Spaziergang entlang des Camel Trail, einer malerischen Route entlang des Flusses Camel von Padstow nach Wadebridge.<\/p>\n<p><strong>Tintagel Castle<\/strong> &#8211; Auf einem Felsen hoch \u00fcber dem Atlantik gelegen, ist <a href=\"https:\/\/www.urlaubcornwall.de\/ferienhaeuser-fewos\/tintagel.html\">Tintagel Castle<\/a> eines der bekanntesten Wahrzeichen von Cornwall. Legende besagt, dass K\u00f6nig Arthur hier geboren wurde, was zum mystischen Reiz des Schlosses beitr\u00e4gt.<\/p>\n<p><strong>Das Eden Project<\/strong> &#8211; Diese einzigartige Attraktion verf\u00fcgt \u00fcber zwei riesige Biome, die Tausende von Pflanzenarten aus der ganzen Welt beherbergen. Das <a href=\"https:\/\/www.urlaubcornwall.de\/blog\/all-das-was-sie-schon-immer-ueber-das-eden-project-wissen-wollten\/\">Eden Project<\/a> ist ein Muss f\u00fcr alle, die sich f\u00fcr Botanik, Architektur oder nachhaltiges Leben interessieren.<\/p>\n<p>Insgesamt liegt die Sch\u00f6nheit von Cornwall in seinen atemberaubenden Landschaften, charmanten St\u00e4dten und D\u00f6rfern und reichem kulturellen Erbe. Egal, ob Sie ein Naturliebhaber, Geschichtsfan oder Feinschmecker sind, Cornwall hat f\u00fcr jeden etwas zu bieten. Warum also nicht eine Reise planen und es selbst erleben?<\/p>\n<p style=\"text-align: center;\"><a class=\"tidycta\" href=\"https:\/\/www.urlaubcornwall.de\/ferienhaeuser-fewos\/cornwall.html\">Suche Ferienh\u00e4user in Cornwall<\/a><\/p>\n","protected":false},"excerpt":{"rendered":"<p>Cornwall ist eine absolut wundersch\u00f6ne Region im Vereinigten K\u00f6nigreich, mit vielen atemberaubenden Orten zu entdecken. Einige der sch\u00f6nsten Orte in Cornwall sind: St. Ives &#8211; Mit seinen wei\u00dfen Sandstr\u00e4nden, t\u00fcrkisfarbenen Gew\u00e4ssern und malerischen Hafen ist St. Ives eine der malerischsten St\u00e4dte in Cornwall. Die Stadt ist auch bekannt f\u00fcr ihre bl\u00fchende Kunstszene mit zahlreichen Galerien [&hellip;]<\/p>\n","protected":false},"author":1,"featured_media":0,"parent":0,"menu_order":0,"comment_status":"closed","ping_status":"closed","template":"single-four.php","meta":[],"acf":[],"yoast_head":"<!-- This site is optimized with the Yoast SEO plugin v19.4 - https:\/\/yoast.com\/wordpress\/plugins\/seo\/ -->\n<title>Was ist die Sch\u00f6nheit von Cornwall? - Urlaub &amp; Reisen<\/title>\n<meta name=\"robots\" content=\"index, follow, max-snippet:-1, max-image-preview:large, max-video-preview:-1\" \/>\n<link rel=\"canonical\" href=\"https:\/\/www.urlaubcornwall.de\/blog\/was-ist-die-schoenheit-von-cornwall\/\" \/>\n<meta property=\"og:locale\" content=\"en_US\" \/>\n<meta property=\"og:type\" content=\"article\" \/>\n<meta property=\"og:title\" content=\"Was ist die Sch\u00f6nheit von Cornwall? - Urlaub &amp; Reisen\" \/>\n<meta property=\"og:description\" content=\"Cornwall ist eine absolut wundersch\u00f6ne Region im Vereinigten K\u00f6nigreich, mit vielen atemberaubenden Orten zu entdecken. Einige der sch\u00f6nsten Orte in Cornwall sind: St. Ives &#8211; Mit seinen wei\u00dfen Sandstr\u00e4nden, t\u00fcrkisfarbenen Gew\u00e4ssern und malerischen Hafen ist St. Ives eine der malerischsten St\u00e4dte in Cornwall. Die Stadt ist auch bekannt f\u00fcr ihre bl\u00fchende Kunstszene mit zahlreichen Galerien [&hellip;]\" \/>\n<meta property=\"og:url\" content=\"https:\/\/www.urlaubcornwall.de\/blog\/was-ist-die-schoenheit-von-cornwall\/\" \/>\n<meta property=\"og:site_name\" content=\"Urlaub &amp; Reisen\" \/>\n<meta property=\"article:modified_time\" content=\"2024-05-30T14:34:52+00:00\" \/>\n<meta property=\"og:image\" content=\"https:\/\/www.urlaubcornwall.de\/blog\/wp-content\/uploads\/2024\/03\/mousehole_urlaub.jpg\" \/>\n<meta name=\"twitter:card\" content=\"summary\" \/>\n<meta name=\"twitter:label1\" content=\"Est. reading time\" \/>\n\t<meta name=\"twitter:data1\" content=\"2 minutes\" \/>\n<script type=\"application\/ld+json\" class=\"yoast-schema-graph\">{\"@context\":\"https:\/\/schema.org\",\"@graph\":[{\"@type\":\"WebSite\",\"@id\":\"https:\/\/www.urlaubcornwall.de\/blog\/#website\",\"url\":\"https:\/\/www.urlaubcornwall.de\/blog\/\",\"name\":\"Urlaub &amp; Reisen\",\"description\":\"Urlaub, Reisen, Cornwall und S\u00fcdengland: eine perfekte Kombination\",\"potentialAction\":[{\"@type\":\"SearchAction\",\"target\":{\"@type\":\"EntryPoint\",\"urlTemplate\":\"https:\/\/www.urlaubcornwall.de\/blog\/?s={search_term_string}\"},\"query-input\":\"required name=search_term_string\"}],\"inLanguage\":\"en-US\"},{\"@type\":\"WebPage\",\"@id\":\"https:\/\/www.urlaubcornwall.de\/blog\/was-ist-die-schoenheit-von-cornwall\/\",\"url\":\"https:\/\/www.urlaubcornwall.de\/blog\/was-ist-die-schoenheit-von-cornwall\/\",\"name\":\"Was ist die Sch\u00f6nheit von Cornwall? - Urlaub &amp; Reisen\",\"isPartOf\":{\"@id\":\"https:\/\/www.urlaubcornwall.de\/blog\/#website\"},\"datePublished\":\"2023-03-26T10:57:24+00:00\",\"dateModified\":\"2024-05-30T14:34:52+00:00\",\"breadcrumb\":{\"@id\":\"https:\/\/www.urlaubcornwall.de\/blog\/was-ist-die-schoenheit-von-cornwall\/#breadcrumb\"},\"inLanguage\":\"en-US\",\"potentialAction\":[{\"@type\":\"ReadAction\",\"target\":[\"https:\/\/www.urlaubcornwall.de\/blog\/was-ist-die-schoenheit-von-cornwall\/\"]}]},{\"@type\":\"BreadcrumbList\",\"@id\":\"https:\/\/www.urlaubcornwall.de\/blog\/was-ist-die-schoenheit-von-cornwall\/#breadcrumb\",\"itemListElement\":[{\"@type\":\"ListItem\",\"position\":1,\"name\":\"Home\",\"item\":\"https:\/\/www.urlaubcornwall.de\/blog\/\"},{\"@type\":\"ListItem\",\"position\":2,\"name\":\"Was ist die Sch\u00f6nheit von Cornwall?\"}]}]}<\/script>\n<!-- \/ Yoast SEO plugin. -->","yoast_head_json":{"title":"Was ist die Sch\u00f6nheit von Cornwall? - Urlaub &amp; Reisen","robots":{"index":"index","follow":"follow","max-snippet":"max-snippet:-1","max-image-preview":"max-image-preview:large","max-video-preview":"max-video-preview:-1"},"canonical":"https:\/\/www.urlaubcornwall.de\/blog\/was-ist-die-schoenheit-von-cornwall\/","og_locale":"en_US","og_type":"article","og_title":"Was ist die Sch\u00f6nheit von Cornwall? - Urlaub &amp; Reisen","og_description":"Cornwall ist eine absolut wundersch\u00f6ne Region im Vereinigten K\u00f6nigreich, mit vielen atemberaubenden Orten zu entdecken. Einige der sch\u00f6nsten Orte in Cornwall sind: St. Ives &#8211; Mit seinen wei\u00dfen Sandstr\u00e4nden, t\u00fcrkisfarbenen Gew\u00e4ssern und malerischen Hafen ist St. Ives eine der malerischsten St\u00e4dte in Cornwall. Die Stadt ist auch bekannt f\u00fcr ihre bl\u00fchende Kunstszene mit zahlreichen Galerien [&hellip;]","og_url":"https:\/\/www.urlaubcornwall.de\/blog\/was-ist-die-schoenheit-von-cornwall\/","og_site_name":"Urlaub &amp; Reisen","article_modified_time":"2024-05-30T14:34:52+00:00","og_image":[{"url":"https:\/\/www.urlaubcornwall.de\/blog\/wp-content\/uploads\/2024\/03\/mousehole_urlaub.jpg"}],"twitter_card":"summary","twitter_misc":{"Est. reading time":"2 minutes"},"schema":{"@context":"https:\/\/schema.org","@graph":[{"@type":"WebSite","@id":"https:\/\/www.urlaubcornwall.de\/blog\/#website","url":"https:\/\/www.urlaubcornwall.de\/blog\/","name":"Urlaub &amp; Reisen","description":"Urlaub, Reisen, Cornwall und S\u00fcdengland: eine perfekte Kombination","potentialAction":[{"@type":"SearchAction","target":{"@type":"EntryPoint","urlTemplate":"https:\/\/www.urlaubcornwall.de\/blog\/?s={search_term_string}"},"query-input":"required name=search_term_string"}],"inLanguage":"en-US"},{"@type":"WebPage","@id":"https:\/\/www.urlaubcornwall.de\/blog\/was-ist-die-schoenheit-von-cornwall\/","url":"https:\/\/www.urlaubcornwall.de\/blog\/was-ist-die-schoenheit-von-cornwall\/","name":"Was ist die Sch\u00f6nheit von Cornwall? - Urlaub &amp; Reisen","isPartOf":{"@id":"https:\/\/www.urlaubcornwall.de\/blog\/#website"},"datePublished":"2023-03-26T10:57:24+00:00","dateModified":"2024-05-30T14:34:52+00:00","breadcrumb":{"@id":"https:\/\/www.urlaubcornwall.de\/blog\/was-ist-die-schoenheit-von-cornwall\/#breadcrumb"},"inLanguage":"en-US","potentialAction":[{"@type":"ReadAction","target":["https:\/\/www.urlaubcornwall.de\/blog\/was-ist-die-schoenheit-von-cornwall\/"]}]},{"@type":"BreadcrumbList","@id":"https:\/\/www.urlaubcornwall.de\/blog\/was-ist-die-schoenheit-von-cornwall\/#breadcrumb","itemListElement":[{"@type":"ListItem","position":1,"name":"Home","item":"https:\/\/www.urlaubcornwall.de\/blog\/"},{"@type":"ListItem","position":2,"name":"Was ist die Sch\u00f6nheit von Cornwall?"}]}]}},"_links":{"self":[{"href":"https:\/\/www.urlaubcornwall.de\/blog\/wp-json\/wp\/v2\/pages\/46068"}],"collection":[{"href":"https:\/\/www.urlaubcornwall.de\/blog\/wp-json\/wp\/v2\/pages"}],"about":[{"href":"https:\/\/www.urlaubcornwall.de\/blog\/wp-json\/wp\/v2\/types\/page"}],"author":[{"embeddable":true,"href":"https:\/\/www.urlaubcornwall.de\/blog\/wp-json\/wp\/v2\/users\/1"}],"replies":[{"embeddable":true,"href":"https:\/\/www.urlaubcornwall.de\/blog\/wp-json\/wp\/v2\/comments?post=46068"}],"version-history":[{"count":2,"href":"https:\/\/www.urlaubcornwall.de\/blog\/wp-json\/wp\/v2\/pages\/46068\/revisions"}],"predecessor-version":[{"id":51111,"href":"https:\/\/www.urlaubcornwall.de\/blog\/wp-json\/wp\/v2\/pages\/46068\/revisions\/51111"}],"wp:attachment":[{"href":"https:\/\/www.urlaubcornwall.de\/blog\/wp-json\/wp\/v2\/media?parent=46068"}],"curies":[{"name":"wp","href":"https:\/\/api.w.org\/{rel}","templated":true}]}}