{"id":46050,"date":"2023-03-23T15:16:55","date_gmt":"2023-03-23T15:16:55","guid":{"rendered":"https:\/\/www.urlaubcornwall.de\/blog\/?page_id=46050"},"modified":"2024-04-03T09:34:07","modified_gmt":"2024-04-03T09:34:07","slug":"budget-unterkuenfte-in-st-ives-familien-oder-paare","status":"publish","type":"page","link":"https:\/\/www.urlaubcornwall.de\/blog\/budget-unterkuenfte-in-st-ives-familien-oder-paare\/","title":{"rendered":"Budget Unterk\u00fcnfte in St Ives &#8211; Familien oder Paare"},"content":{"rendered":"<p><img loading=\"lazy\" class=\"aligncenter size-full wp-image-48084\" src=\"https:\/\/www.urlaubcornwall.de\/blog\/wp-content\/uploads\/2024\/03\/st-ives-mmer.jpg\" alt=\"st ives meer\" width=\"750\" height=\"486\" srcset=\"https:\/\/www.urlaubcornwall.de\/blog\/wp-content\/uploads\/2024\/03\/st-ives-mmer.jpg 750w, https:\/\/www.urlaubcornwall.de\/blog\/wp-content\/uploads\/2024\/03\/st-ives-mmer-300x194.jpg 300w\" sizes=\"(max-width: 750px) 100vw, 750px\" \/><\/p>\n<p>St Ives ist ein hervorragendes Reiseziel in <a href=\"https:\/\/www.urlaubcornwall.de\/ferienhaeuser-fewos\/cornwall.html\">Cornwall<\/a> aufgrund seiner atemberaubenden nat\u00fcrlichen Sch\u00f6nheit, seiner reichen Geschichte und Kultur sowie seiner vielf\u00e4ltigen Freizeitm\u00f6glichkeiten. Die Stadt liegt an der K\u00fcste und ist von einer malerischen Landschaft umgeben, die von Sandstr\u00e4nden, Klippen und einer atemberaubenden K\u00fcstenlandschaft gepr\u00e4gt ist.<\/p>\n<p>Einer der Hauptgr\u00fcnde, warum <a href=\"https:\/\/www.urlaubcornwall.de\/ferienhaeuser-fewos\/st-ives.html\">St Ives<\/a> ein gro\u00dfartiges Reiseziel ist, ist seine k\u00fcnstlerische Szene. Die Stadt ist bekannt f\u00fcr ihre Kunstgalerien und Studios, die einige der besten K\u00fcnstler Gro\u00dfbritanniens beherbergen. Die K\u00fcnstlerkolonie wurde von K\u00fcnstlern wie JMW Turner und Barbara Hepworth begr\u00fcndet und zieht bis heute K\u00fcnstler und Kunstliebhaber aus der ganzen Welt an.<\/p>\n<p>Dar\u00fcber hinaus bietet St Ives auch eine breite Palette von Outdoor-Aktivit\u00e4ten wie Wandern, Schwimmen, Surfen und Angeln. Die Stadt ist auch ein gro\u00dfartiger Ausgangspunkt f\u00fcr Erkundungstouren in der Umgebung von Cornwall, einschlie\u00dflich der malerischen St\u00e4dte und D\u00f6rfer, die entlang der K\u00fcste und im Landesinneren verstreut sind.<\/p>\n<p><strong>Ferienh\u00e4user, Ferienwohnungen &#038; Cottages in St Ives<\/strong><\/p>\n<p>Wenn es um Unterk\u00fcnfte in St Ives geht, sind Ferienwohnungen und -h\u00e4user eine gute Option. Es gibt eine Vielzahl von Optionen zur Auswahl, die f\u00fcr verschiedene Budgets und Gruppengr\u00f6\u00dfen geeignet sind. Ferienwohnungen und -h\u00e4user bieten mehr Platz und Privatsph\u00e4re als Hotels und erm\u00f6glichen es den Reisenden, ihre eigene K\u00fcche zu haben, was Kosten f\u00fcr Restaurantbesuche sparen kann. Au\u00dferdem k\u00f6nnen Ferienwohnungen und -h\u00e4user eine gro\u00dfartige Option f\u00fcr Familien und Gruppen sein, die zusammen reisen und ein gemeinsames Wohnzimmer und eine K\u00fcche teilen m\u00f6chten.<\/p>\n<p style=\"text-align: center;\"><a class=\"tidycta\" href=\"https:\/\/www.urlaubcornwall.de\/ferienhaeuser-fewos\/st-ives.html\">Suche Ferienh\u00e4user in St Ives<\/a><\/p>\n","protected":false},"excerpt":{"rendered":"<p>St Ives ist ein hervorragendes Reiseziel in Cornwall aufgrund seiner atemberaubenden nat\u00fcrlichen Sch\u00f6nheit, seiner reichen Geschichte und Kultur sowie seiner vielf\u00e4ltigen Freizeitm\u00f6glichkeiten. Die Stadt liegt an der K\u00fcste und ist von einer malerischen Landschaft umgeben, die von Sandstr\u00e4nden, Klippen und einer atemberaubenden K\u00fcstenlandschaft gepr\u00e4gt ist. Einer der Hauptgr\u00fcnde, warum St Ives ein gro\u00dfartiges Reiseziel ist, [&hellip;]<\/p>\n","protected":false},"author":1,"featured_media":0,"parent":0,"menu_order":0,"comment_status":"closed","ping_status":"closed","template":"single-four.php","meta":[],"acf":[],"yoast_head":"<!-- This site is optimized with the Yoast SEO plugin v19.4 - https:\/\/yoast.com\/wordpress\/plugins\/seo\/ -->\n<title>Budget Unterk\u00fcnfte in St Ives - Familien oder Paare - Urlaub &amp; Reisen<\/title>\n<meta name=\"description\" content=\"St Ives ist ein hervorragendes Reiseziel in Cornwall aufgrund seiner atemberaubenden nat\u00fcrlichen Sch\u00f6nheit\" \/>\n<meta name=\"robots\" content=\"index, follow, max-snippet:-1, max-image-preview:large, max-video-preview:-1\" \/>\n<link rel=\"canonical\" href=\"https:\/\/www.urlaubcornwall.de\/blog\/budget-unterkuenfte-in-st-ives-familien-oder-paare\/\" \/>\n<meta property=\"og:locale\" content=\"en_US\" \/>\n<meta property=\"og:type\" content=\"article\" \/>\n<meta property=\"og:title\" content=\"Budget Unterk\u00fcnfte in St Ives - Familien oder Paare - Urlaub &amp; Reisen\" \/>\n<meta property=\"og:description\" content=\"St Ives ist ein hervorragendes Reiseziel in Cornwall aufgrund seiner atemberaubenden nat\u00fcrlichen Sch\u00f6nheit\" \/>\n<meta property=\"og:url\" content=\"https:\/\/www.urlaubcornwall.de\/blog\/budget-unterkuenfte-in-st-ives-familien-oder-paare\/\" \/>\n<meta property=\"og:site_name\" content=\"Urlaub &amp; Reisen\" \/>\n<meta property=\"article:modified_time\" content=\"2024-04-03T09:34:07+00:00\" \/>\n<meta property=\"og:image\" content=\"https:\/\/www.urlaubcornwall.de\/blog\/wp-content\/uploads\/2024\/03\/st-ives-mmer.jpg\" \/>\n<meta name=\"twitter:card\" content=\"summary\" \/>\n<meta name=\"twitter:label1\" content=\"Est. reading time\" \/>\n\t<meta name=\"twitter:data1\" content=\"2 minutes\" \/>\n<script type=\"application\/ld+json\" class=\"yoast-schema-graph\">{\"@context\":\"https:\/\/schema.org\",\"@graph\":[{\"@type\":\"WebSite\",\"@id\":\"https:\/\/www.urlaubcornwall.de\/blog\/#website\",\"url\":\"https:\/\/www.urlaubcornwall.de\/blog\/\",\"name\":\"Urlaub &amp; Reisen\",\"description\":\"Urlaub, Reisen, Cornwall und S\u00fcdengland: eine perfekte Kombination\",\"potentialAction\":[{\"@type\":\"SearchAction\",\"target\":{\"@type\":\"EntryPoint\",\"urlTemplate\":\"https:\/\/www.urlaubcornwall.de\/blog\/?s={search_term_string}\"},\"query-input\":\"required name=search_term_string\"}],\"inLanguage\":\"en-US\"},{\"@type\":\"WebPage\",\"@id\":\"https:\/\/www.urlaubcornwall.de\/blog\/budget-unterkuenfte-in-st-ives-familien-oder-paare\/\",\"url\":\"https:\/\/www.urlaubcornwall.de\/blog\/budget-unterkuenfte-in-st-ives-familien-oder-paare\/\",\"name\":\"Budget Unterk\u00fcnfte in St Ives - Familien oder Paare - Urlaub &amp; Reisen\",\"isPartOf\":{\"@id\":\"https:\/\/www.urlaubcornwall.de\/blog\/#website\"},\"datePublished\":\"2023-03-23T15:16:55+00:00\",\"dateModified\":\"2024-04-03T09:34:07+00:00\",\"description\":\"St Ives ist ein hervorragendes Reiseziel in Cornwall aufgrund seiner atemberaubenden nat\u00fcrlichen Sch\u00f6nheit\",\"breadcrumb\":{\"@id\":\"https:\/\/www.urlaubcornwall.de\/blog\/budget-unterkuenfte-in-st-ives-familien-oder-paare\/#breadcrumb\"},\"inLanguage\":\"en-US\",\"potentialAction\":[{\"@type\":\"ReadAction\",\"target\":[\"https:\/\/www.urlaubcornwall.de\/blog\/budget-unterkuenfte-in-st-ives-familien-oder-paare\/\"]}]},{\"@type\":\"BreadcrumbList\",\"@id\":\"https:\/\/www.urlaubcornwall.de\/blog\/budget-unterkuenfte-in-st-ives-familien-oder-paare\/#breadcrumb\",\"itemListElement\":[{\"@type\":\"ListItem\",\"position\":1,\"name\":\"Home\",\"item\":\"https:\/\/www.urlaubcornwall.de\/blog\/\"},{\"@type\":\"ListItem\",\"position\":2,\"name\":\"Budget Unterk\u00fcnfte in St Ives &#8211; Familien oder Paare\"}]}]}<\/script>\n<!-- \/ Yoast SEO plugin. -->","yoast_head_json":{"title":"Budget Unterk\u00fcnfte in St Ives - Familien oder Paare - Urlaub &amp; Reisen","description":"St Ives ist ein hervorragendes Reiseziel in Cornwall aufgrund seiner atemberaubenden nat\u00fcrlichen Sch\u00f6nheit","robots":{"index":"index","follow":"follow","max-snippet":"max-snippet:-1","max-image-preview":"max-image-preview:large","max-video-preview":"max-video-preview:-1"},"canonical":"https:\/\/www.urlaubcornwall.de\/blog\/budget-unterkuenfte-in-st-ives-familien-oder-paare\/","og_locale":"en_US","og_type":"article","og_title":"Budget Unterk\u00fcnfte in St Ives - Familien oder Paare - Urlaub &amp; Reisen","og_description":"St Ives ist ein hervorragendes Reiseziel in Cornwall aufgrund seiner atemberaubenden nat\u00fcrlichen Sch\u00f6nheit","og_url":"https:\/\/www.urlaubcornwall.de\/blog\/budget-unterkuenfte-in-st-ives-familien-oder-paare\/","og_site_name":"Urlaub &amp; Reisen","article_modified_time":"2024-04-03T09:34:07+00:00","og_image":[{"url":"https:\/\/www.urlaubcornwall.de\/blog\/wp-content\/uploads\/2024\/03\/st-ives-mmer.jpg"}],"twitter_card":"summary","twitter_misc":{"Est. reading time":"2 minutes"},"schema":{"@context":"https:\/\/schema.org","@graph":[{"@type":"WebSite","@id":"https:\/\/www.urlaubcornwall.de\/blog\/#website","url":"https:\/\/www.urlaubcornwall.de\/blog\/","name":"Urlaub &amp; Reisen","description":"Urlaub, Reisen, Cornwall und S\u00fcdengland: eine perfekte Kombination","potentialAction":[{"@type":"SearchAction","target":{"@type":"EntryPoint","urlTemplate":"https:\/\/www.urlaubcornwall.de\/blog\/?s={search_term_string}"},"query-input":"required name=search_term_string"}],"inLanguage":"en-US"},{"@type":"WebPage","@id":"https:\/\/www.urlaubcornwall.de\/blog\/budget-unterkuenfte-in-st-ives-familien-oder-paare\/","url":"https:\/\/www.urlaubcornwall.de\/blog\/budget-unterkuenfte-in-st-ives-familien-oder-paare\/","name":"Budget Unterk\u00fcnfte in St Ives - Familien oder Paare - Urlaub &amp; Reisen","isPartOf":{"@id":"https:\/\/www.urlaubcornwall.de\/blog\/#website"},"datePublished":"2023-03-23T15:16:55+00:00","dateModified":"2024-04-03T09:34:07+00:00","description":"St Ives ist ein hervorragendes Reiseziel in Cornwall aufgrund seiner atemberaubenden nat\u00fcrlichen Sch\u00f6nheit","breadcrumb":{"@id":"https:\/\/www.urlaubcornwall.de\/blog\/budget-unterkuenfte-in-st-ives-familien-oder-paare\/#breadcrumb"},"inLanguage":"en-US","potentialAction":[{"@type":"ReadAction","target":["https:\/\/www.urlaubcornwall.de\/blog\/budget-unterkuenfte-in-st-ives-familien-oder-paare\/"]}]},{"@type":"BreadcrumbList","@id":"https:\/\/www.urlaubcornwall.de\/blog\/budget-unterkuenfte-in-st-ives-familien-oder-paare\/#breadcrumb","itemListElement":[{"@type":"ListItem","position":1,"name":"Home","item":"https:\/\/www.urlaubcornwall.de\/blog\/"},{"@type":"ListItem","position":2,"name":"Budget Unterk\u00fcnfte in St Ives &#8211; Familien oder Paare"}]}]}},"_links":{"self":[{"href":"https:\/\/www.urlaubcornwall.de\/blog\/wp-json\/wp\/v2\/pages\/46050"}],"collection":[{"href":"https:\/\/www.urlaubcornwall.de\/blog\/wp-json\/wp\/v2\/pages"}],"about":[{"href":"https:\/\/www.urlaubcornwall.de\/blog\/wp-json\/wp\/v2\/types\/page"}],"author":[{"embeddable":true,"href":"https:\/\/www.urlaubcornwall.de\/blog\/wp-json\/wp\/v2\/users\/1"}],"replies":[{"embeddable":true,"href":"https:\/\/www.urlaubcornwall.de\/blog\/wp-json\/wp\/v2\/comments?post=46050"}],"version-history":[{"count":4,"href":"https:\/\/www.urlaubcornwall.de\/blog\/wp-json\/wp\/v2\/pages\/46050\/revisions"}],"predecessor-version":[{"id":48707,"href":"https:\/\/www.urlaubcornwall.de\/blog\/wp-json\/wp\/v2\/pages\/46050\/revisions\/48707"}],"wp:attachment":[{"href":"https:\/\/www.urlaubcornwall.de\/blog\/wp-json\/wp\/v2\/media?parent=46050"}],"curies":[{"name":"wp","href":"https:\/\/api.w.org\/{rel}","templated":true}]}}