{"id":46046,"date":"2023-03-23T15:07:31","date_gmt":"2023-03-23T15:07:31","guid":{"rendered":"https:\/\/www.urlaubcornwall.de\/blog\/?page_id=46046"},"modified":"2023-03-23T15:07:31","modified_gmt":"2023-03-23T15:07:31","slug":"budget-unterkuenfte-in-brighton-familien-oder-paare","status":"publish","type":"page","link":"https:\/\/www.urlaubcornwall.de\/blog\/budget-unterkuenfte-in-brighton-familien-oder-paare\/","title":{"rendered":"Budget Unterk\u00fcnfte in Brighton &#8211; Familien oder Paare"},"content":{"rendered":"<p><img loading=\"lazy\" class=\"aligncenter size-full wp-image-33960\" src=\"https:\/\/www.urlaubcornwall.de\/blog\/wp-content\/uploads\/2018\/07\/urlaub-brighton-am-meer.jpg\" alt=\"urlaub brighton am meer\" width=\"750\" height=\"390\"\/><\/p>\n<p>Brighton ist <a href=\"https:\/\/www.urlaubcornwall.de\/ferienhaeuser-fewos\/eng\/sussex\/brighton.html\">eine wundersch\u00f6ne Stadt an der S\u00fcdk\u00fcste Englands<\/a> und ein gro\u00dfartiges Reiseziel in Sussex. Es gibt viele Gr\u00fcnde, warum Brighton als Reiseziel so beliebt ist.<\/p>\n<p>Erstens hat Brighton eine reiche Geschichte und Kultur zu bieten. Die Stadt ist bekannt f\u00fcr ihre beeindruckende Architektur, einschlie\u00dflich des Royal Pavilion, einer der bekanntesten Sehensw\u00fcrdigkeiten der Stadt. Auch das Brighton Museum and Art Gallery und das Theater Royal sind beliebte Attraktionen f\u00fcr kulturell Interessierte.<\/p>\n<p>Zweitens ist Brighton ein wichtiger Veranstaltungsort f\u00fcr Musik und Kunst. Die Stadt hat eine lebendige Musikszene und beherbergt jedes Jahr zahlreiche Festivals, darunter das Great Escape Festival und das Brighton Fringe Festival. Kunstgalerien und -ausstellungen sind das ganze Jahr \u00fcber zu finden.<\/p>\n<p>Drittens hat Brighton einen herrlichen Strand und eine wundersch\u00f6ne K\u00fcste. Der Brighton Pier ist eine Attraktion, die man sich nicht entgehen lassen sollte. Auch ein Spaziergang entlang der Strandpromenade und ein Besuch der Brighton Beach Boxes sind ein Muss.<\/p>\n<p><strong>Ferienh\u00e4user, Ferienwohnungen &#038; Cottages in Brighton<\/strong><\/p>\n<p>All diese Gr\u00fcnde machen Brighton zu einem beliebten Reiseziel in Sussex und eine gute Option f\u00fcr die Unterkunft sind Ferienwohnungen und -h\u00e4user. Ferienwohnungen und -h\u00e4user bieten eine private und komfortable Unterkunftsoption, die oft g\u00fcnstiger als Hotels sind. Sie bieten auch mehr Platz und Flexibilit\u00e4t, da Sie Ihre eigenen Mahlzeiten zubereiten k\u00f6nnen und Zugang zu einer Waschmaschine und einem Trockner haben. Eine Ferienwohnung oder ein Ferienhaus in Brighton ist somit eine hervorragende Option, um das Beste aus Ihrem Aufenthalt in der Stadt zu machen und ein Zuhause fern von Zuhause zu haben.<\/p>\n<p style=\"text-align: center;\"><a class=\"tidycta\" href=\"https:\/\/www.urlaubcornwall.de\/ferienhaeuser-fewos\/eng\/sussex\/brighton.html\">Suche Ferienh\u00e4user in Brighton<\/a><\/p>\n","protected":false},"excerpt":{"rendered":"<p>Brighton ist eine wundersch\u00f6ne Stadt an der S\u00fcdk\u00fcste Englands und ein gro\u00dfartiges Reiseziel in Sussex. Es gibt viele Gr\u00fcnde, warum Brighton als Reiseziel so beliebt ist. Erstens hat Brighton eine reiche Geschichte und Kultur zu bieten. Die Stadt ist bekannt f\u00fcr ihre beeindruckende Architektur, einschlie\u00dflich des Royal Pavilion, einer der bekanntesten Sehensw\u00fcrdigkeiten der Stadt. Auch [&hellip;]<\/p>\n","protected":false},"author":1,"featured_media":0,"parent":0,"menu_order":0,"comment_status":"closed","ping_status":"closed","template":"single-four.php","meta":[],"acf":[],"yoast_head":"<!-- This site is optimized with the Yoast SEO plugin v19.4 - https:\/\/yoast.com\/wordpress\/plugins\/seo\/ -->\n<title>Budget Unterk\u00fcnfte in Brighton - Familien oder Paare - Urlaub &amp; Reisen<\/title>\n<meta name=\"description\" content=\"Brighton ist eine wundersch\u00f6ne Stadt an der S\u00fcdk\u00fcste Englands und ein gro\u00dfartiges Reiseziel in Sussex\" \/>\n<meta name=\"robots\" content=\"index, follow, max-snippet:-1, max-image-preview:large, max-video-preview:-1\" \/>\n<link rel=\"canonical\" href=\"https:\/\/www.urlaubcornwall.de\/blog\/budget-unterkuenfte-in-brighton-familien-oder-paare\/\" \/>\n<meta property=\"og:locale\" content=\"en_US\" \/>\n<meta property=\"og:type\" content=\"article\" \/>\n<meta property=\"og:title\" content=\"Budget Unterk\u00fcnfte in Brighton - Familien oder Paare - Urlaub &amp; Reisen\" \/>\n<meta property=\"og:description\" content=\"Brighton ist eine wundersch\u00f6ne Stadt an der S\u00fcdk\u00fcste Englands und ein gro\u00dfartiges Reiseziel in Sussex\" \/>\n<meta property=\"og:url\" content=\"https:\/\/www.urlaubcornwall.de\/blog\/budget-unterkuenfte-in-brighton-familien-oder-paare\/\" \/>\n<meta property=\"og:site_name\" content=\"Urlaub &amp; Reisen\" \/>\n<meta property=\"og:image\" content=\"https:\/\/www.urlaubcornwall.de\/blog\/wp-content\/uploads\/2018\/07\/urlaub-brighton-am-meer.jpg\" \/>\n<meta name=\"twitter:card\" content=\"summary\" \/>\n<script type=\"application\/ld+json\" class=\"yoast-schema-graph\">{\"@context\":\"https:\/\/schema.org\",\"@graph\":[{\"@type\":\"WebSite\",\"@id\":\"https:\/\/www.urlaubcornwall.de\/blog\/#website\",\"url\":\"https:\/\/www.urlaubcornwall.de\/blog\/\",\"name\":\"Urlaub &amp; Reisen\",\"description\":\"Urlaub, Reisen, Cornwall und S\u00fcdengland: eine perfekte Kombination\",\"potentialAction\":[{\"@type\":\"SearchAction\",\"target\":{\"@type\":\"EntryPoint\",\"urlTemplate\":\"https:\/\/www.urlaubcornwall.de\/blog\/?s={search_term_string}\"},\"query-input\":\"required name=search_term_string\"}],\"inLanguage\":\"en-US\"},{\"@type\":\"WebPage\",\"@id\":\"https:\/\/www.urlaubcornwall.de\/blog\/budget-unterkuenfte-in-brighton-familien-oder-paare\/\",\"url\":\"https:\/\/www.urlaubcornwall.de\/blog\/budget-unterkuenfte-in-brighton-familien-oder-paare\/\",\"name\":\"Budget Unterk\u00fcnfte in Brighton - Familien oder Paare - Urlaub &amp; Reisen\",\"isPartOf\":{\"@id\":\"https:\/\/www.urlaubcornwall.de\/blog\/#website\"},\"datePublished\":\"2023-03-23T15:07:31+00:00\",\"dateModified\":\"2023-03-23T15:07:31+00:00\",\"description\":\"Brighton ist eine wundersch\u00f6ne Stadt an der S\u00fcdk\u00fcste Englands und ein gro\u00dfartiges Reiseziel in Sussex\",\"breadcrumb\":{\"@id\":\"https:\/\/www.urlaubcornwall.de\/blog\/budget-unterkuenfte-in-brighton-familien-oder-paare\/#breadcrumb\"},\"inLanguage\":\"en-US\",\"potentialAction\":[{\"@type\":\"ReadAction\",\"target\":[\"https:\/\/www.urlaubcornwall.de\/blog\/budget-unterkuenfte-in-brighton-familien-oder-paare\/\"]}]},{\"@type\":\"BreadcrumbList\",\"@id\":\"https:\/\/www.urlaubcornwall.de\/blog\/budget-unterkuenfte-in-brighton-familien-oder-paare\/#breadcrumb\",\"itemListElement\":[{\"@type\":\"ListItem\",\"position\":1,\"name\":\"Home\",\"item\":\"https:\/\/www.urlaubcornwall.de\/blog\/\"},{\"@type\":\"ListItem\",\"position\":2,\"name\":\"Budget Unterk\u00fcnfte in Brighton &#8211; Familien oder Paare\"}]}]}<\/script>\n<!-- \/ Yoast SEO plugin. -->","yoast_head_json":{"title":"Budget Unterk\u00fcnfte in Brighton - Familien oder Paare - Urlaub &amp; Reisen","description":"Brighton ist eine wundersch\u00f6ne Stadt an der S\u00fcdk\u00fcste Englands und ein gro\u00dfartiges Reiseziel in Sussex","robots":{"index":"index","follow":"follow","max-snippet":"max-snippet:-1","max-image-preview":"max-image-preview:large","max-video-preview":"max-video-preview:-1"},"canonical":"https:\/\/www.urlaubcornwall.de\/blog\/budget-unterkuenfte-in-brighton-familien-oder-paare\/","og_locale":"en_US","og_type":"article","og_title":"Budget Unterk\u00fcnfte in Brighton - Familien oder Paare - Urlaub &amp; Reisen","og_description":"Brighton ist eine wundersch\u00f6ne Stadt an der S\u00fcdk\u00fcste Englands und ein gro\u00dfartiges Reiseziel in Sussex","og_url":"https:\/\/www.urlaubcornwall.de\/blog\/budget-unterkuenfte-in-brighton-familien-oder-paare\/","og_site_name":"Urlaub &amp; Reisen","og_image":[{"url":"https:\/\/www.urlaubcornwall.de\/blog\/wp-content\/uploads\/2018\/07\/urlaub-brighton-am-meer.jpg"}],"twitter_card":"summary","schema":{"@context":"https:\/\/schema.org","@graph":[{"@type":"WebSite","@id":"https:\/\/www.urlaubcornwall.de\/blog\/#website","url":"https:\/\/www.urlaubcornwall.de\/blog\/","name":"Urlaub &amp; Reisen","description":"Urlaub, Reisen, Cornwall und S\u00fcdengland: eine perfekte Kombination","potentialAction":[{"@type":"SearchAction","target":{"@type":"EntryPoint","urlTemplate":"https:\/\/www.urlaubcornwall.de\/blog\/?s={search_term_string}"},"query-input":"required name=search_term_string"}],"inLanguage":"en-US"},{"@type":"WebPage","@id":"https:\/\/www.urlaubcornwall.de\/blog\/budget-unterkuenfte-in-brighton-familien-oder-paare\/","url":"https:\/\/www.urlaubcornwall.de\/blog\/budget-unterkuenfte-in-brighton-familien-oder-paare\/","name":"Budget Unterk\u00fcnfte in Brighton - Familien oder Paare - Urlaub &amp; Reisen","isPartOf":{"@id":"https:\/\/www.urlaubcornwall.de\/blog\/#website"},"datePublished":"2023-03-23T15:07:31+00:00","dateModified":"2023-03-23T15:07:31+00:00","description":"Brighton ist eine wundersch\u00f6ne Stadt an der S\u00fcdk\u00fcste Englands und ein gro\u00dfartiges Reiseziel in Sussex","breadcrumb":{"@id":"https:\/\/www.urlaubcornwall.de\/blog\/budget-unterkuenfte-in-brighton-familien-oder-paare\/#breadcrumb"},"inLanguage":"en-US","potentialAction":[{"@type":"ReadAction","target":["https:\/\/www.urlaubcornwall.de\/blog\/budget-unterkuenfte-in-brighton-familien-oder-paare\/"]}]},{"@type":"BreadcrumbList","@id":"https:\/\/www.urlaubcornwall.de\/blog\/budget-unterkuenfte-in-brighton-familien-oder-paare\/#breadcrumb","itemListElement":[{"@type":"ListItem","position":1,"name":"Home","item":"https:\/\/www.urlaubcornwall.de\/blog\/"},{"@type":"ListItem","position":2,"name":"Budget Unterk\u00fcnfte in Brighton &#8211; Familien oder Paare"}]}]}},"_links":{"self":[{"href":"https:\/\/www.urlaubcornwall.de\/blog\/wp-json\/wp\/v2\/pages\/46046"}],"collection":[{"href":"https:\/\/www.urlaubcornwall.de\/blog\/wp-json\/wp\/v2\/pages"}],"about":[{"href":"https:\/\/www.urlaubcornwall.de\/blog\/wp-json\/wp\/v2\/types\/page"}],"author":[{"embeddable":true,"href":"https:\/\/www.urlaubcornwall.de\/blog\/wp-json\/wp\/v2\/users\/1"}],"replies":[{"embeddable":true,"href":"https:\/\/www.urlaubcornwall.de\/blog\/wp-json\/wp\/v2\/comments?post=46046"}],"version-history":[{"count":2,"href":"https:\/\/www.urlaubcornwall.de\/blog\/wp-json\/wp\/v2\/pages\/46046\/revisions"}],"predecessor-version":[{"id":46048,"href":"https:\/\/www.urlaubcornwall.de\/blog\/wp-json\/wp\/v2\/pages\/46046\/revisions\/46048"}],"wp:attachment":[{"href":"https:\/\/www.urlaubcornwall.de\/blog\/wp-json\/wp\/v2\/media?parent=46046"}],"curies":[{"name":"wp","href":"https:\/\/api.w.org\/{rel}","templated":true}]}}