{"id":46037,"date":"2023-03-23T10:55:09","date_gmt":"2023-03-23T10:55:09","guid":{"rendered":"https:\/\/www.urlaubcornwall.de\/blog\/?page_id=46037"},"modified":"2024-04-15T11:20:02","modified_gmt":"2024-04-15T11:20:02","slug":"budget-unterkuenfte-in-newquay-familien-oder-paare","status":"publish","type":"page","link":"https:\/\/www.urlaubcornwall.de\/blog\/budget-unterkuenfte-in-newquay-familien-oder-paare\/","title":{"rendered":"Budget Unterk\u00fcnfte in Newquay &#8211; Familien oder Paare"},"content":{"rendered":"<p><img loading=\"lazy\" class=\"aligncenter size-full wp-image-47783\" src=\"https:\/\/www.urlaubcornwall.de\/blog\/wp-content\/uploads\/2024\/03\/Fistral-strand.jpg\" alt=\"Fistral strand\" width=\"750\" height=\"482\" srcset=\"https:\/\/www.urlaubcornwall.de\/blog\/wp-content\/uploads\/2024\/03\/Fistral-strand.jpg 750w, https:\/\/www.urlaubcornwall.de\/blog\/wp-content\/uploads\/2024\/03\/Fistral-strand-300x193.jpg 300w\" sizes=\"(max-width: 750px) 100vw, 750px\" \/><\/p>\n<p>Ja, eine Selbstversorger-Unterkunft in Newquay kann eine gute Option sein, wenn Sie mit einem kleinen Budget Urlaub machen m\u00f6chten. Eine solche Unterkunft bietet Ihnen die M\u00f6glichkeit, Ihre eigenen Mahlzeiten zuzubereiten und somit Geld f\u00fcr teure Restaurantbesuche zu sparen. Zudem sind Selbstversorger-Unterk\u00fcnfte wie Ferienwohnungen oder Ferienh\u00e4user oft g\u00fcnstiger als herk\u00f6mmliche Hotels, wodurch Sie Ihr Budget besser nutzen k\u00f6nnen. Wichtig ist jedoch, dass Sie Ihre Optionen sorgf\u00e4ltig recherchieren und eine Unterkunft ausw\u00e4hlen, die Ihren Bed\u00fcrfnissen und Ihrem Budget entspricht.<\/p>\n<p style=\"text-align: center;\"><a class=\"tidycta\" href=\"https:\/\/www.urlaubcornwall.de\/ferienhaeuser-fewos\/newquay.html\">Suche Ferienh\u00e4user in Newquay<\/a><\/p>\n<div class=\"snippet\"> <a class=\"featured-item\" href=\"https:\/\/www.urlaubcornwall.de\/ferienhaeuser\/cornwall.php\"> <span class=\"image-holder\" style=\"background-image: url('https:\/\/www.urlaubcornwall.de\/blog\/wp-content\/uploads\/2018\/12\/familienurlaub-corwnall-snippet.jpg');\"><\/span> <span class=\"featured-content\"> \n<h2 class=\"featured-title\">Ferienh\u00e4user in Cornwall am Meer<\/h2>\n<p class=\"featured-body\">Cornwall besitzt mehr K\u00fcstenlinien als jede andere Grafschaft und bietet einige der besten Str\u00e4nde, K\u00fcstenwanderwege und Klippenlandschaften, die man \u00fcberhaupt finden kann&#8230; <\/p><\/span> <span class=\"featured-link-holder\"> <span class=\"featured-extra-info\"> \n<p>F\u00fcr Paare, Familien &#038; Gruppen<\/p>\n<\/span> \n<p class=\"featured-link\">DETAILS<\/p>\n<\/span> <\/a><\/div>\n","protected":false},"excerpt":{"rendered":"<p>Ja, eine Selbstversorger-Unterkunft in Newquay kann eine gute Option sein, wenn Sie mit einem kleinen Budget Urlaub machen m\u00f6chten. Eine solche Unterkunft bietet Ihnen die M\u00f6glichkeit, Ihre eigenen Mahlzeiten zuzubereiten und somit Geld f\u00fcr teure Restaurantbesuche zu sparen. Zudem sind Selbstversorger-Unterk\u00fcnfte wie Ferienwohnungen oder Ferienh\u00e4user oft g\u00fcnstiger als herk\u00f6mmliche Hotels, wodurch Sie Ihr Budget besser [&hellip;]<\/p>\n","protected":false},"author":1,"featured_media":0,"parent":0,"menu_order":0,"comment_status":"closed","ping_status":"closed","template":"single-four.php","meta":[],"acf":[],"yoast_head":"<!-- This site is optimized with the Yoast SEO plugin v19.4 - https:\/\/yoast.com\/wordpress\/plugins\/seo\/ -->\n<title>Budget Unterk\u00fcnfte in Newquay - Familien oder Paare - Urlaub &amp; Reisen<\/title>\n<meta name=\"description\" content=\"Ja, eine Selbstversorger-Unterkunft in Newquay kann eine gute Option sein, wenn Sie mit einem kleinen Budget\" \/>\n<meta name=\"robots\" content=\"index, follow, max-snippet:-1, max-image-preview:large, max-video-preview:-1\" \/>\n<link rel=\"canonical\" href=\"https:\/\/www.urlaubcornwall.de\/blog\/budget-unterkuenfte-in-newquay-familien-oder-paare\/\" \/>\n<meta property=\"og:locale\" content=\"en_US\" \/>\n<meta property=\"og:type\" content=\"article\" \/>\n<meta property=\"og:title\" content=\"Budget Unterk\u00fcnfte in Newquay - Familien oder Paare - Urlaub &amp; Reisen\" \/>\n<meta property=\"og:description\" content=\"Ja, eine Selbstversorger-Unterkunft in Newquay kann eine gute Option sein, wenn Sie mit einem kleinen Budget\" \/>\n<meta property=\"og:url\" content=\"https:\/\/www.urlaubcornwall.de\/blog\/budget-unterkuenfte-in-newquay-familien-oder-paare\/\" \/>\n<meta property=\"og:site_name\" content=\"Urlaub &amp; Reisen\" \/>\n<meta property=\"article:modified_time\" content=\"2024-04-15T11:20:02+00:00\" \/>\n<meta property=\"og:image\" content=\"https:\/\/www.urlaubcornwall.de\/blog\/wp-content\/uploads\/2024\/03\/Fistral-strand.jpg\" \/>\n<meta name=\"twitter:card\" content=\"summary\" \/>\n<meta name=\"twitter:label1\" content=\"Est. reading time\" \/>\n\t<meta name=\"twitter:data1\" content=\"1 minute\" \/>\n<script type=\"application\/ld+json\" class=\"yoast-schema-graph\">{\"@context\":\"https:\/\/schema.org\",\"@graph\":[{\"@type\":\"WebSite\",\"@id\":\"https:\/\/www.urlaubcornwall.de\/blog\/#website\",\"url\":\"https:\/\/www.urlaubcornwall.de\/blog\/\",\"name\":\"Urlaub &amp; Reisen\",\"description\":\"Urlaub, Reisen, Cornwall und S\u00fcdengland: eine perfekte Kombination\",\"potentialAction\":[{\"@type\":\"SearchAction\",\"target\":{\"@type\":\"EntryPoint\",\"urlTemplate\":\"https:\/\/www.urlaubcornwall.de\/blog\/?s={search_term_string}\"},\"query-input\":\"required name=search_term_string\"}],\"inLanguage\":\"en-US\"},{\"@type\":\"WebPage\",\"@id\":\"https:\/\/www.urlaubcornwall.de\/blog\/budget-unterkuenfte-in-newquay-familien-oder-paare\/\",\"url\":\"https:\/\/www.urlaubcornwall.de\/blog\/budget-unterkuenfte-in-newquay-familien-oder-paare\/\",\"name\":\"Budget Unterk\u00fcnfte in Newquay - Familien oder Paare - Urlaub &amp; Reisen\",\"isPartOf\":{\"@id\":\"https:\/\/www.urlaubcornwall.de\/blog\/#website\"},\"datePublished\":\"2023-03-23T10:55:09+00:00\",\"dateModified\":\"2024-04-15T11:20:02+00:00\",\"description\":\"Ja, eine Selbstversorger-Unterkunft in Newquay kann eine gute Option sein, wenn Sie mit einem kleinen Budget\",\"breadcrumb\":{\"@id\":\"https:\/\/www.urlaubcornwall.de\/blog\/budget-unterkuenfte-in-newquay-familien-oder-paare\/#breadcrumb\"},\"inLanguage\":\"en-US\",\"potentialAction\":[{\"@type\":\"ReadAction\",\"target\":[\"https:\/\/www.urlaubcornwall.de\/blog\/budget-unterkuenfte-in-newquay-familien-oder-paare\/\"]}]},{\"@type\":\"BreadcrumbList\",\"@id\":\"https:\/\/www.urlaubcornwall.de\/blog\/budget-unterkuenfte-in-newquay-familien-oder-paare\/#breadcrumb\",\"itemListElement\":[{\"@type\":\"ListItem\",\"position\":1,\"name\":\"Home\",\"item\":\"https:\/\/www.urlaubcornwall.de\/blog\/\"},{\"@type\":\"ListItem\",\"position\":2,\"name\":\"Budget Unterk\u00fcnfte in Newquay &#8211; Familien oder Paare\"}]}]}<\/script>\n<!-- \/ Yoast SEO plugin. -->","yoast_head_json":{"title":"Budget Unterk\u00fcnfte in Newquay - Familien oder Paare - Urlaub &amp; Reisen","description":"Ja, eine Selbstversorger-Unterkunft in Newquay kann eine gute Option sein, wenn Sie mit einem kleinen Budget","robots":{"index":"index","follow":"follow","max-snippet":"max-snippet:-1","max-image-preview":"max-image-preview:large","max-video-preview":"max-video-preview:-1"},"canonical":"https:\/\/www.urlaubcornwall.de\/blog\/budget-unterkuenfte-in-newquay-familien-oder-paare\/","og_locale":"en_US","og_type":"article","og_title":"Budget Unterk\u00fcnfte in Newquay - Familien oder Paare - Urlaub &amp; Reisen","og_description":"Ja, eine Selbstversorger-Unterkunft in Newquay kann eine gute Option sein, wenn Sie mit einem kleinen Budget","og_url":"https:\/\/www.urlaubcornwall.de\/blog\/budget-unterkuenfte-in-newquay-familien-oder-paare\/","og_site_name":"Urlaub &amp; Reisen","article_modified_time":"2024-04-15T11:20:02+00:00","og_image":[{"url":"https:\/\/www.urlaubcornwall.de\/blog\/wp-content\/uploads\/2024\/03\/Fistral-strand.jpg"}],"twitter_card":"summary","twitter_misc":{"Est. reading time":"1 minute"},"schema":{"@context":"https:\/\/schema.org","@graph":[{"@type":"WebSite","@id":"https:\/\/www.urlaubcornwall.de\/blog\/#website","url":"https:\/\/www.urlaubcornwall.de\/blog\/","name":"Urlaub &amp; Reisen","description":"Urlaub, Reisen, Cornwall und S\u00fcdengland: eine perfekte Kombination","potentialAction":[{"@type":"SearchAction","target":{"@type":"EntryPoint","urlTemplate":"https:\/\/www.urlaubcornwall.de\/blog\/?s={search_term_string}"},"query-input":"required name=search_term_string"}],"inLanguage":"en-US"},{"@type":"WebPage","@id":"https:\/\/www.urlaubcornwall.de\/blog\/budget-unterkuenfte-in-newquay-familien-oder-paare\/","url":"https:\/\/www.urlaubcornwall.de\/blog\/budget-unterkuenfte-in-newquay-familien-oder-paare\/","name":"Budget Unterk\u00fcnfte in Newquay - Familien oder Paare - Urlaub &amp; Reisen","isPartOf":{"@id":"https:\/\/www.urlaubcornwall.de\/blog\/#website"},"datePublished":"2023-03-23T10:55:09+00:00","dateModified":"2024-04-15T11:20:02+00:00","description":"Ja, eine Selbstversorger-Unterkunft in Newquay kann eine gute Option sein, wenn Sie mit einem kleinen Budget","breadcrumb":{"@id":"https:\/\/www.urlaubcornwall.de\/blog\/budget-unterkuenfte-in-newquay-familien-oder-paare\/#breadcrumb"},"inLanguage":"en-US","potentialAction":[{"@type":"ReadAction","target":["https:\/\/www.urlaubcornwall.de\/blog\/budget-unterkuenfte-in-newquay-familien-oder-paare\/"]}]},{"@type":"BreadcrumbList","@id":"https:\/\/www.urlaubcornwall.de\/blog\/budget-unterkuenfte-in-newquay-familien-oder-paare\/#breadcrumb","itemListElement":[{"@type":"ListItem","position":1,"name":"Home","item":"https:\/\/www.urlaubcornwall.de\/blog\/"},{"@type":"ListItem","position":2,"name":"Budget Unterk\u00fcnfte in Newquay &#8211; Familien oder Paare"}]}]}},"_links":{"self":[{"href":"https:\/\/www.urlaubcornwall.de\/blog\/wp-json\/wp\/v2\/pages\/46037"}],"collection":[{"href":"https:\/\/www.urlaubcornwall.de\/blog\/wp-json\/wp\/v2\/pages"}],"about":[{"href":"https:\/\/www.urlaubcornwall.de\/blog\/wp-json\/wp\/v2\/types\/page"}],"author":[{"embeddable":true,"href":"https:\/\/www.urlaubcornwall.de\/blog\/wp-json\/wp\/v2\/users\/1"}],"replies":[{"embeddable":true,"href":"https:\/\/www.urlaubcornwall.de\/blog\/wp-json\/wp\/v2\/comments?post=46037"}],"version-history":[{"count":3,"href":"https:\/\/www.urlaubcornwall.de\/blog\/wp-json\/wp\/v2\/pages\/46037\/revisions"}],"predecessor-version":[{"id":49455,"href":"https:\/\/www.urlaubcornwall.de\/blog\/wp-json\/wp\/v2\/pages\/46037\/revisions\/49455"}],"wp:attachment":[{"href":"https:\/\/www.urlaubcornwall.de\/blog\/wp-json\/wp\/v2\/media?parent=46037"}],"curies":[{"name":"wp","href":"https:\/\/api.w.org\/{rel}","templated":true}]}}