{"id":46031,"date":"2023-03-20T11:15:24","date_gmt":"2023-03-20T11:15:24","guid":{"rendered":"https:\/\/www.urlaubcornwall.de\/blog\/?page_id=46031"},"modified":"2024-04-03T09:25:05","modified_gmt":"2024-04-03T09:25:05","slug":"cornwall-straende-abseits-der-ausgetretenen-pfade","status":"publish","type":"page","link":"https:\/\/www.urlaubcornwall.de\/blog\/cornwall-straende-abseits-der-ausgetretenen-pfade\/","title":{"rendered":"Cornwall Str\u00e4nde abseits der ausgetretenen Pfade"},"content":{"rendered":"<p><img loading=\"lazy\" class=\"aligncenter size-full wp-image-40600\" src=\"https:\/\/www.urlaubcornwall.de\/blog\/wp-content\/uploads\/2020\/08\/porthluney-cove-strand-caerhays.jpg\" alt=\"porthluney cove strand caerhays\" width=\"750\" height=\"562\" srcset=\"https:\/\/www.urlaubcornwall.de\/blog\/wp-content\/uploads\/2020\/08\/porthluney-cove-strand-caerhays.jpg 750w, https:\/\/www.urlaubcornwall.de\/blog\/wp-content\/uploads\/2020\/08\/porthluney-cove-strand-caerhays-300x225.jpg 300w\" sizes=\"(max-width: 750px) 100vw, 750px\" \/><\/p>\n<p>Cornwall ist bekannt f\u00fcr seine spektakul\u00e4ren Str\u00e4nde, die jedes Jahr Touristen aus der ganzen Welt anziehen. Wenn Sie jedoch auf der Suche nach weniger bekannten Str\u00e4nden abseits der ausgetretenen Pfade sind, gibt es in Cornwall viele versteckte Juwelen zu entdecken. Hier sind einige der weniger bekannten <a href=\"https:\/\/www.urlaubcornwall.de\/blog\/schoensten-straende-in-cornwall\/\">Str\u00e4nde in Cornwall<\/a>:<\/p>\n<p><strong>Porthluney Cove<\/strong> &#8211; Dieser Strand ist weniger bekannt als einige der anderen Str\u00e4nde in der N\u00e4he, aber es ist ein wundersch\u00f6ner Ort mit goldenem Sand und kristallklarem Wasser. Es ist auch ein gro\u00dfartiger Ort, um Wassersportarten wie Kajakfahren und Stand-Up-Paddleboarding auszuprobieren.<\/p>\n<p><img loading=\"lazy\" class=\"aligncenter size-full wp-image-48165\" src=\"https:\/\/www.urlaubcornwall.de\/blog\/wp-content\/uploads\/2024\/03\/polly-joke-1.jpg\" alt=\"polly joke Strandspazierg\u00e4nge in Cornwall\" width=\"750\" height=\"500\" srcset=\"https:\/\/www.urlaubcornwall.de\/blog\/wp-content\/uploads\/2024\/03\/polly-joke-1.jpg 750w, https:\/\/www.urlaubcornwall.de\/blog\/wp-content\/uploads\/2024\/03\/polly-joke-1-300x200.jpg 300w\" sizes=\"(max-width: 750px) 100vw, 750px\" \/><\/p>\n<p><strong>Porth Joke<\/strong> &#8211; Auch bekannt als Polly Joke, ist dieser Strand ein versteckter Ort an der <a href=\"https:\/\/www.urlaubcornwall.de\/ferienhaeuser-fewos\/nordkueste-cornwall.html\">Nordk\u00fcste Cornwalls<\/a>. Es ist ein wilder und abgelegener Ort mit goldenem Sand und kristallklarem Wasser. Es gibt keine Einrichtungen, so dass Sie alles, was Sie ben\u00f6tigen, mitbringen m\u00fcssen.<\/p>\n<p><strong>Lantic Bay<\/strong> &#8211; Dieser Strand ist bekannt f\u00fcr seine atemberaubende Sch\u00f6nheit und ist nur \u00fcber einen steilen Pfad zu erreichen. Es ist ein ruhiger und friedlicher Ort, an dem Sie sich zur\u00fcckziehen und die Aussicht genie\u00dfen k\u00f6nnen.<\/p>\n<p><strong>Porthcurnick Beach<\/strong> &#8211; Dieser Strand ist bekannt f\u00fcr seine ruhige und entspannte Atmosph\u00e4re. Es ist ein gro\u00dfartiger Ort zum Schwimmen und Schnorcheln, und es gibt auch ein kleines Caf\u00e9 in der N\u00e4he, das lokale Spezialit\u00e4ten serviert.<\/p>\n<p><strong>Kynance Cove<\/strong> &#8211; Obwohl Kynance Cove kein Geheimtipp ist, ist es immer noch einen Besuch wert. Es ist ein spektakul\u00e4rer Ort mit t\u00fcrkisblauem Wasser, dramatischen Klippen und goldenem Sand. Es kann jedoch in der Hochsaison sehr voll werden, also ist es am besten, fr\u00fchzeitig anzukommen.<\/p>\n<p>Das sind nur einige der weniger bekannten Str\u00e4nde in Cornwall, die Sie besuchen k\u00f6nnen. Es gibt viele weitere versteckte Juwelen zu entdecken, wenn Sie bereit sind, ein wenig zu wandern oder abseits der ausgetretenen Pfade zu suchen.<\/p>\n<p><strong>Alternativen zu einem Hotel<\/strong> &#8211; Es gibt in Cornwall viele wundersch\u00f6ne Ferienh\u00e4user &#038; Ferienwohnungen, die anstelle eines Hotels eine perfekte Option f\u00fcr Familien und Paare darstellen. Sie bieten flexible Unterkunft und darunter finden Sie viele tierfreundliche H\u00e4user in den beliebtesten Urlaubsorten.<\/p>\n<p>Wir haben die beste Auswahl an <a href=\"https:\/\/www.urlaubcornwall.de\/ferienhaeuser-fewos\/cornwall.html\">pers\u00f6nlich inspizierten Ferienh\u00e4usern im Angebot<\/a>.<\/p>\n<div class=\"snippet\"> <a class=\"featured-item\" href=\"https:\/\/www.urlaubcornwall.de\/ferienhaeuser\/cornwall.php\"> <span class=\"image-holder\" style=\"background-image: url('https:\/\/www.urlaubcornwall.de\/blog\/wp-content\/uploads\/2018\/12\/familienurlaub-corwnall-snippet.jpg');\"><\/span> <span class=\"featured-content\"> \n<h2 class=\"featured-title\">Ferienh\u00e4user in Cornwall am Strand<\/h2>\n<p class=\"featured-body\">Cornwall besitzt mehr K\u00fcstenlinien als jede andere Grafschaft und bietet einige der besten Str\u00e4nde, K\u00fcstenwanderwege und Klippenlandschaften, die man \u00fcberhaupt finden kann&#8230; <\/p><\/span> <span class=\"featured-link-holder\"> <span class=\"featured-extra-info\"> \n<p>F\u00fcr Paare, Familien &#038; Gruppen<\/p>\n<\/span> \n<p class=\"featured-link\">DETAILS<\/p>\n<\/span> <\/a><\/div>\n","protected":false},"excerpt":{"rendered":"<p>Cornwall ist bekannt f\u00fcr seine spektakul\u00e4ren Str\u00e4nde, die jedes Jahr Touristen aus der ganzen Welt anziehen. Wenn Sie jedoch auf der Suche nach weniger bekannten Str\u00e4nden abseits der ausgetretenen Pfade sind, gibt es in Cornwall viele versteckte Juwelen zu entdecken. Hier sind einige der weniger bekannten Str\u00e4nde in Cornwall: Porthluney Cove &#8211; Dieser Strand ist [&hellip;]<\/p>\n","protected":false},"author":1,"featured_media":0,"parent":0,"menu_order":0,"comment_status":"closed","ping_status":"closed","template":"single-four.php","meta":[],"acf":[],"yoast_head":"<!-- This site is optimized with the Yoast SEO plugin v19.4 - https:\/\/yoast.com\/wordpress\/plugins\/seo\/ -->\n<title>Cornwall Str\u00e4nde abseits der ausgetretenen Pfade - Urlaub &amp; Reisen<\/title>\n<meta name=\"description\" content=\"Cornwall ist bekannt f\u00fcr seine spektakul\u00e4ren Str\u00e4nde, die jedes Jahr Touristen aus der ganzen Welt anziehen. Wenn Sie jedoch auf der Suche\" \/>\n<meta name=\"robots\" content=\"index, follow, max-snippet:-1, max-image-preview:large, max-video-preview:-1\" \/>\n<link rel=\"canonical\" href=\"https:\/\/www.urlaubcornwall.de\/blog\/cornwall-straende-abseits-der-ausgetretenen-pfade\/\" \/>\n<meta property=\"og:locale\" content=\"en_US\" \/>\n<meta property=\"og:type\" content=\"article\" \/>\n<meta property=\"og:title\" content=\"Cornwall Str\u00e4nde abseits der ausgetretenen Pfade - Urlaub &amp; Reisen\" \/>\n<meta property=\"og:description\" content=\"Cornwall ist bekannt f\u00fcr seine spektakul\u00e4ren Str\u00e4nde, die jedes Jahr Touristen aus der ganzen Welt anziehen. Wenn Sie jedoch auf der Suche\" \/>\n<meta property=\"og:url\" content=\"https:\/\/www.urlaubcornwall.de\/blog\/cornwall-straende-abseits-der-ausgetretenen-pfade\/\" \/>\n<meta property=\"og:site_name\" content=\"Urlaub &amp; Reisen\" \/>\n<meta property=\"article:modified_time\" content=\"2024-04-03T09:25:05+00:00\" \/>\n<meta property=\"og:image\" content=\"https:\/\/www.urlaubcornwall.de\/blog\/wp-content\/uploads\/2020\/08\/porthluney-cove-strand-caerhays.jpg\" \/>\n<meta name=\"twitter:card\" content=\"summary\" \/>\n<meta name=\"twitter:label1\" content=\"Est. reading time\" \/>\n\t<meta name=\"twitter:data1\" content=\"2 minutes\" \/>\n<script type=\"application\/ld+json\" class=\"yoast-schema-graph\">{\"@context\":\"https:\/\/schema.org\",\"@graph\":[{\"@type\":\"WebSite\",\"@id\":\"https:\/\/www.urlaubcornwall.de\/blog\/#website\",\"url\":\"https:\/\/www.urlaubcornwall.de\/blog\/\",\"name\":\"Urlaub &amp; Reisen\",\"description\":\"Urlaub, Reisen, Cornwall und S\u00fcdengland: eine perfekte Kombination\",\"potentialAction\":[{\"@type\":\"SearchAction\",\"target\":{\"@type\":\"EntryPoint\",\"urlTemplate\":\"https:\/\/www.urlaubcornwall.de\/blog\/?s={search_term_string}\"},\"query-input\":\"required name=search_term_string\"}],\"inLanguage\":\"en-US\"},{\"@type\":\"WebPage\",\"@id\":\"https:\/\/www.urlaubcornwall.de\/blog\/cornwall-straende-abseits-der-ausgetretenen-pfade\/\",\"url\":\"https:\/\/www.urlaubcornwall.de\/blog\/cornwall-straende-abseits-der-ausgetretenen-pfade\/\",\"name\":\"Cornwall Str\u00e4nde abseits der ausgetretenen Pfade - Urlaub &amp; Reisen\",\"isPartOf\":{\"@id\":\"https:\/\/www.urlaubcornwall.de\/blog\/#website\"},\"datePublished\":\"2023-03-20T11:15:24+00:00\",\"dateModified\":\"2024-04-03T09:25:05+00:00\",\"description\":\"Cornwall ist bekannt f\u00fcr seine spektakul\u00e4ren Str\u00e4nde, die jedes Jahr Touristen aus der ganzen Welt anziehen. Wenn Sie jedoch auf der Suche\",\"breadcrumb\":{\"@id\":\"https:\/\/www.urlaubcornwall.de\/blog\/cornwall-straende-abseits-der-ausgetretenen-pfade\/#breadcrumb\"},\"inLanguage\":\"en-US\",\"potentialAction\":[{\"@type\":\"ReadAction\",\"target\":[\"https:\/\/www.urlaubcornwall.de\/blog\/cornwall-straende-abseits-der-ausgetretenen-pfade\/\"]}]},{\"@type\":\"BreadcrumbList\",\"@id\":\"https:\/\/www.urlaubcornwall.de\/blog\/cornwall-straende-abseits-der-ausgetretenen-pfade\/#breadcrumb\",\"itemListElement\":[{\"@type\":\"ListItem\",\"position\":1,\"name\":\"Home\",\"item\":\"https:\/\/www.urlaubcornwall.de\/blog\/\"},{\"@type\":\"ListItem\",\"position\":2,\"name\":\"Cornwall Str\u00e4nde abseits der ausgetretenen Pfade\"}]}]}<\/script>\n<!-- \/ Yoast SEO plugin. -->","yoast_head_json":{"title":"Cornwall Str\u00e4nde abseits der ausgetretenen Pfade - Urlaub &amp; Reisen","description":"Cornwall ist bekannt f\u00fcr seine spektakul\u00e4ren Str\u00e4nde, die jedes Jahr Touristen aus der ganzen Welt anziehen. Wenn Sie jedoch auf der Suche","robots":{"index":"index","follow":"follow","max-snippet":"max-snippet:-1","max-image-preview":"max-image-preview:large","max-video-preview":"max-video-preview:-1"},"canonical":"https:\/\/www.urlaubcornwall.de\/blog\/cornwall-straende-abseits-der-ausgetretenen-pfade\/","og_locale":"en_US","og_type":"article","og_title":"Cornwall Str\u00e4nde abseits der ausgetretenen Pfade - Urlaub &amp; Reisen","og_description":"Cornwall ist bekannt f\u00fcr seine spektakul\u00e4ren Str\u00e4nde, die jedes Jahr Touristen aus der ganzen Welt anziehen. Wenn Sie jedoch auf der Suche","og_url":"https:\/\/www.urlaubcornwall.de\/blog\/cornwall-straende-abseits-der-ausgetretenen-pfade\/","og_site_name":"Urlaub &amp; Reisen","article_modified_time":"2024-04-03T09:25:05+00:00","og_image":[{"url":"https:\/\/www.urlaubcornwall.de\/blog\/wp-content\/uploads\/2020\/08\/porthluney-cove-strand-caerhays.jpg"}],"twitter_card":"summary","twitter_misc":{"Est. reading time":"2 minutes"},"schema":{"@context":"https:\/\/schema.org","@graph":[{"@type":"WebSite","@id":"https:\/\/www.urlaubcornwall.de\/blog\/#website","url":"https:\/\/www.urlaubcornwall.de\/blog\/","name":"Urlaub &amp; Reisen","description":"Urlaub, Reisen, Cornwall und S\u00fcdengland: eine perfekte Kombination","potentialAction":[{"@type":"SearchAction","target":{"@type":"EntryPoint","urlTemplate":"https:\/\/www.urlaubcornwall.de\/blog\/?s={search_term_string}"},"query-input":"required name=search_term_string"}],"inLanguage":"en-US"},{"@type":"WebPage","@id":"https:\/\/www.urlaubcornwall.de\/blog\/cornwall-straende-abseits-der-ausgetretenen-pfade\/","url":"https:\/\/www.urlaubcornwall.de\/blog\/cornwall-straende-abseits-der-ausgetretenen-pfade\/","name":"Cornwall Str\u00e4nde abseits der ausgetretenen Pfade - Urlaub &amp; Reisen","isPartOf":{"@id":"https:\/\/www.urlaubcornwall.de\/blog\/#website"},"datePublished":"2023-03-20T11:15:24+00:00","dateModified":"2024-04-03T09:25:05+00:00","description":"Cornwall ist bekannt f\u00fcr seine spektakul\u00e4ren Str\u00e4nde, die jedes Jahr Touristen aus der ganzen Welt anziehen. Wenn Sie jedoch auf der Suche","breadcrumb":{"@id":"https:\/\/www.urlaubcornwall.de\/blog\/cornwall-straende-abseits-der-ausgetretenen-pfade\/#breadcrumb"},"inLanguage":"en-US","potentialAction":[{"@type":"ReadAction","target":["https:\/\/www.urlaubcornwall.de\/blog\/cornwall-straende-abseits-der-ausgetretenen-pfade\/"]}]},{"@type":"BreadcrumbList","@id":"https:\/\/www.urlaubcornwall.de\/blog\/cornwall-straende-abseits-der-ausgetretenen-pfade\/#breadcrumb","itemListElement":[{"@type":"ListItem","position":1,"name":"Home","item":"https:\/\/www.urlaubcornwall.de\/blog\/"},{"@type":"ListItem","position":2,"name":"Cornwall Str\u00e4nde abseits der ausgetretenen Pfade"}]}]}},"_links":{"self":[{"href":"https:\/\/www.urlaubcornwall.de\/blog\/wp-json\/wp\/v2\/pages\/46031"}],"collection":[{"href":"https:\/\/www.urlaubcornwall.de\/blog\/wp-json\/wp\/v2\/pages"}],"about":[{"href":"https:\/\/www.urlaubcornwall.de\/blog\/wp-json\/wp\/v2\/types\/page"}],"author":[{"embeddable":true,"href":"https:\/\/www.urlaubcornwall.de\/blog\/wp-json\/wp\/v2\/users\/1"}],"replies":[{"embeddable":true,"href":"https:\/\/www.urlaubcornwall.de\/blog\/wp-json\/wp\/v2\/comments?post=46031"}],"version-history":[{"count":3,"href":"https:\/\/www.urlaubcornwall.de\/blog\/wp-json\/wp\/v2\/pages\/46031\/revisions"}],"predecessor-version":[{"id":48695,"href":"https:\/\/www.urlaubcornwall.de\/blog\/wp-json\/wp\/v2\/pages\/46031\/revisions\/48695"}],"wp:attachment":[{"href":"https:\/\/www.urlaubcornwall.de\/blog\/wp-json\/wp\/v2\/media?parent=46031"}],"curies":[{"name":"wp","href":"https:\/\/api.w.org\/{rel}","templated":true}]}}