{"id":46025,"date":"2023-03-20T11:02:24","date_gmt":"2023-03-20T11:02:24","guid":{"rendered":"https:\/\/www.urlaubcornwall.de\/blog\/?page_id=46025"},"modified":"2024-05-30T08:36:14","modified_gmt":"2024-05-30T08:36:14","slug":"was-sind-die-kulturellen-erlebnisse-in-cornwall-die-man-gesehen-haben-muss","status":"publish","type":"page","link":"https:\/\/www.urlaubcornwall.de\/blog\/was-sind-die-kulturellen-erlebnisse-in-cornwall-die-man-gesehen-haben-muss\/","title":{"rendered":"Was sind die kulturellen Erlebnisse in Cornwall, die man gesehen haben muss?"},"content":{"rendered":"<p><img loading=\"lazy\" class=\"aligncenter size-full wp-image-47547\" src=\"https:\/\/www.urlaubcornwall.de\/blog\/wp-content\/uploads\/2024\/02\/credit-minack-theatre.jpg\" alt=\"minack-theatre\" width=\"750\" height=\"501\" srcset=\"https:\/\/www.urlaubcornwall.de\/blog\/wp-content\/uploads\/2024\/02\/credit-minack-theatre.jpg 750w, https:\/\/www.urlaubcornwall.de\/blog\/wp-content\/uploads\/2024\/02\/credit-minack-theatre-300x200.jpg 300w\" sizes=\"(max-width: 750px) 100vw, 750px\" \/><br \/>\ncredit-minack-theatre<\/p>\n<p>Cornwall ist eine Region mit reichem kulturellem Erbe und es gibt viele kulturelle Erlebnisse, die man in Cornwall gesehen haben sollte. Hier sind einige davon:<\/p>\n<p><strong>Tintagel Castle:<\/strong> Tintagel Castle ist eine der ber\u00fchmtesten Burgruinen in <a href=\"https:\/\/www.urlaubcornwall.de\/ferienhaeuser-fewos\/cornwall.html\">Cornwall<\/a> und wird oft mit der Legende von K\u00f6nig Artus in Verbindung gebracht. Die Burg ist auf einer felsigen Klippe \u00fcber dem Meer erbaut und bietet einen atemberaubenden Blick auf die K\u00fcste.<\/p>\n<p><strong>Minack Theatre:<\/strong> Das Minack Theatre ist ein Freilufttheater in der N\u00e4he <a href=\"https:\/\/www.urlaubcornwall.de\/ferienhaeuser-fewos\/lands-end.html\">Land&#8217;s End<\/a>, das in den Felsen am Meer erbaut wurde. Es bietet eine spektakul\u00e4re Kulisse f\u00fcr Theaterauff\u00fchrungen und Konzerte und ist ein beliebtes Ziel f\u00fcr Besucher.<\/p>\n<p><strong>St. Michael&#8217;s Mount:<\/strong> St. Michael&#8217;s Mount ist eine Insel vor der K\u00fcste von Cornwall, die eine Burg und eine Abtei aus dem 12. Jahrhundert beherbergt. Die Insel ist \u00fcber eine Gezeitenstra\u00dfe erreichbar und bietet einen beeindruckenden Blick auf die K\u00fcste.<\/p>\n<p><strong>Tate St. Ives:<\/strong> Die Tate St. Ives ist ein Museum f\u00fcr moderne Kunst, das Werke von K\u00fcnstlern aus Cornwall und anderen Teilen Gro\u00dfbritanniens ausstellt. Das Museum bietet einen atemberaubenden Blick auf den Strand von Porthmeor und das Meer.<\/p>\n<p><strong>Geevor Tin Mine:<\/strong> <a href=\"https:\/\/www.urlaubcornwall.de\/blog\/geevor-zinn-bergwerk\/\">Geevor Zinn Bergwerk<\/a> ist ein ehemaliges Zinnbergwerk in Cornwall, das jetzt ein Museum ist. Hier kann man lernen, wie das Bergwerk gearbeitet hat und mehr \u00fcber die Bergbau-Tradition von Cornwall erfahren.<\/p>\n<p><strong>Porthcurno Telegraph Museum:<\/strong> Das Porthcurno Telegraph Museum erz\u00e4hlt die Geschichte der Unterwasserkabel, die die Welt miteinander verbinden. Es ist in der N\u00e4he des Strandes von Porthcurno gelegen und bietet Einblicke in die Technologie, die unsere Welt verbindet.<\/p>\n<p><strong>Cornwall&#8217;s Maritime History:<\/strong> Cornwall hat eine reiche maritime Geschichte und es gibt viele Orte, an denen man diese erleben kann, wie das National Maritime Museum Cornwall in Falmouth oder das Royal Cornwall Museum in <a href=\"https:\/\/www.urlaubcornwall.de\/ferienhaeuser-fewos\/truro.html\">Truro<\/a>.<\/p>\n<p>Dies sind nur einige der kulturellen Erlebnisse, die man in Cornwall gesehen haben sollte. Es gibt viele weitere Museen, Galerien, Burgen und historische St\u00e4tten, die man besuchen kann, um die reiche Geschichte und Kultur dieser Region zu entdecken.<\/p>\n<p><strong>Alternativen zu einem Hotel<\/strong> &#8211; Es gibt in Cornwall viele wundersch\u00f6ne Ferienh\u00e4user &#038; Ferienwohnungen, die anstelle eines Hotels eine perfekte Option f\u00fcr Familien und Paare darstellen. Sie bieten flexible Unterkunft und darunter finden Sie viele tierfreundliche H\u00e4user in den beliebtesten Urlaubsorten.<\/p>\n<p>Wir haben die beste Auswahl an <a href=\"https:\/\/www.urlaubcornwall.de\/ferienhaeuser-fewos\/cornwall.html\">pers\u00f6nlich inspizierten Ferienh\u00e4usern im Angebot<\/a>.<\/p>\n","protected":false},"excerpt":{"rendered":"<p>credit-minack-theatre Cornwall ist eine Region mit reichem kulturellem Erbe und es gibt viele kulturelle Erlebnisse, die man in Cornwall gesehen haben sollte. Hier sind einige davon: Tintagel Castle: Tintagel Castle ist eine der ber\u00fchmtesten Burgruinen in Cornwall und wird oft mit der Legende von K\u00f6nig Artus in Verbindung gebracht. Die Burg ist auf einer felsigen [&hellip;]<\/p>\n","protected":false},"author":1,"featured_media":0,"parent":0,"menu_order":0,"comment_status":"closed","ping_status":"closed","template":"single-four.php","meta":[],"acf":[],"yoast_head":"<!-- This site is optimized with the Yoast SEO plugin v19.4 - https:\/\/yoast.com\/wordpress\/plugins\/seo\/ -->\n<title>Was sind die kulturellen Erlebnisse in Cornwall, die man gesehen haben muss? - Urlaub &amp; Reisen<\/title>\n<meta name=\"description\" content=\"Cornwall ist eine Region mit reichem kulturellem Erbe und es gibt viele kulturelle Erlebnisse, die man in Cornwall gesehen haben sollte\" \/>\n<meta name=\"robots\" content=\"index, follow, max-snippet:-1, max-image-preview:large, max-video-preview:-1\" \/>\n<link rel=\"canonical\" href=\"https:\/\/www.urlaubcornwall.de\/blog\/was-sind-die-kulturellen-erlebnisse-in-cornwall-die-man-gesehen-haben-muss\/\" \/>\n<meta property=\"og:locale\" content=\"en_US\" \/>\n<meta property=\"og:type\" content=\"article\" \/>\n<meta property=\"og:title\" content=\"Was sind die kulturellen Erlebnisse in Cornwall, die man gesehen haben muss? - Urlaub &amp; Reisen\" \/>\n<meta property=\"og:description\" content=\"Cornwall ist eine Region mit reichem kulturellem Erbe und es gibt viele kulturelle Erlebnisse, die man in Cornwall gesehen haben sollte\" \/>\n<meta property=\"og:url\" content=\"https:\/\/www.urlaubcornwall.de\/blog\/was-sind-die-kulturellen-erlebnisse-in-cornwall-die-man-gesehen-haben-muss\/\" \/>\n<meta property=\"og:site_name\" content=\"Urlaub &amp; Reisen\" \/>\n<meta property=\"article:modified_time\" content=\"2024-05-30T08:36:14+00:00\" \/>\n<meta property=\"og:image\" content=\"https:\/\/www.urlaubcornwall.de\/blog\/wp-content\/uploads\/2024\/02\/credit-minack-theatre.jpg\" \/>\n<meta name=\"twitter:card\" content=\"summary\" \/>\n<meta name=\"twitter:label1\" content=\"Est. reading time\" \/>\n\t<meta name=\"twitter:data1\" content=\"2 minutes\" \/>\n<script type=\"application\/ld+json\" class=\"yoast-schema-graph\">{\"@context\":\"https:\/\/schema.org\",\"@graph\":[{\"@type\":\"WebSite\",\"@id\":\"https:\/\/www.urlaubcornwall.de\/blog\/#website\",\"url\":\"https:\/\/www.urlaubcornwall.de\/blog\/\",\"name\":\"Urlaub &amp; Reisen\",\"description\":\"Urlaub, Reisen, Cornwall und S\u00fcdengland: eine perfekte Kombination\",\"potentialAction\":[{\"@type\":\"SearchAction\",\"target\":{\"@type\":\"EntryPoint\",\"urlTemplate\":\"https:\/\/www.urlaubcornwall.de\/blog\/?s={search_term_string}\"},\"query-input\":\"required name=search_term_string\"}],\"inLanguage\":\"en-US\"},{\"@type\":\"WebPage\",\"@id\":\"https:\/\/www.urlaubcornwall.de\/blog\/was-sind-die-kulturellen-erlebnisse-in-cornwall-die-man-gesehen-haben-muss\/\",\"url\":\"https:\/\/www.urlaubcornwall.de\/blog\/was-sind-die-kulturellen-erlebnisse-in-cornwall-die-man-gesehen-haben-muss\/\",\"name\":\"Was sind die kulturellen Erlebnisse in Cornwall, die man gesehen haben muss? - Urlaub &amp; Reisen\",\"isPartOf\":{\"@id\":\"https:\/\/www.urlaubcornwall.de\/blog\/#website\"},\"datePublished\":\"2023-03-20T11:02:24+00:00\",\"dateModified\":\"2024-05-30T08:36:14+00:00\",\"description\":\"Cornwall ist eine Region mit reichem kulturellem Erbe und es gibt viele kulturelle Erlebnisse, die man in Cornwall gesehen haben sollte\",\"breadcrumb\":{\"@id\":\"https:\/\/www.urlaubcornwall.de\/blog\/was-sind-die-kulturellen-erlebnisse-in-cornwall-die-man-gesehen-haben-muss\/#breadcrumb\"},\"inLanguage\":\"en-US\",\"potentialAction\":[{\"@type\":\"ReadAction\",\"target\":[\"https:\/\/www.urlaubcornwall.de\/blog\/was-sind-die-kulturellen-erlebnisse-in-cornwall-die-man-gesehen-haben-muss\/\"]}]},{\"@type\":\"BreadcrumbList\",\"@id\":\"https:\/\/www.urlaubcornwall.de\/blog\/was-sind-die-kulturellen-erlebnisse-in-cornwall-die-man-gesehen-haben-muss\/#breadcrumb\",\"itemListElement\":[{\"@type\":\"ListItem\",\"position\":1,\"name\":\"Home\",\"item\":\"https:\/\/www.urlaubcornwall.de\/blog\/\"},{\"@type\":\"ListItem\",\"position\":2,\"name\":\"Was sind die kulturellen Erlebnisse in Cornwall, die man gesehen haben muss?\"}]}]}<\/script>\n<!-- \/ Yoast SEO plugin. -->","yoast_head_json":{"title":"Was sind die kulturellen Erlebnisse in Cornwall, die man gesehen haben muss? - Urlaub &amp; Reisen","description":"Cornwall ist eine Region mit reichem kulturellem Erbe und es gibt viele kulturelle Erlebnisse, die man in Cornwall gesehen haben sollte","robots":{"index":"index","follow":"follow","max-snippet":"max-snippet:-1","max-image-preview":"max-image-preview:large","max-video-preview":"max-video-preview:-1"},"canonical":"https:\/\/www.urlaubcornwall.de\/blog\/was-sind-die-kulturellen-erlebnisse-in-cornwall-die-man-gesehen-haben-muss\/","og_locale":"en_US","og_type":"article","og_title":"Was sind die kulturellen Erlebnisse in Cornwall, die man gesehen haben muss? - Urlaub &amp; Reisen","og_description":"Cornwall ist eine Region mit reichem kulturellem Erbe und es gibt viele kulturelle Erlebnisse, die man in Cornwall gesehen haben sollte","og_url":"https:\/\/www.urlaubcornwall.de\/blog\/was-sind-die-kulturellen-erlebnisse-in-cornwall-die-man-gesehen-haben-muss\/","og_site_name":"Urlaub &amp; Reisen","article_modified_time":"2024-05-30T08:36:14+00:00","og_image":[{"url":"https:\/\/www.urlaubcornwall.de\/blog\/wp-content\/uploads\/2024\/02\/credit-minack-theatre.jpg"}],"twitter_card":"summary","twitter_misc":{"Est. reading time":"2 minutes"},"schema":{"@context":"https:\/\/schema.org","@graph":[{"@type":"WebSite","@id":"https:\/\/www.urlaubcornwall.de\/blog\/#website","url":"https:\/\/www.urlaubcornwall.de\/blog\/","name":"Urlaub &amp; Reisen","description":"Urlaub, Reisen, Cornwall und S\u00fcdengland: eine perfekte Kombination","potentialAction":[{"@type":"SearchAction","target":{"@type":"EntryPoint","urlTemplate":"https:\/\/www.urlaubcornwall.de\/blog\/?s={search_term_string}"},"query-input":"required name=search_term_string"}],"inLanguage":"en-US"},{"@type":"WebPage","@id":"https:\/\/www.urlaubcornwall.de\/blog\/was-sind-die-kulturellen-erlebnisse-in-cornwall-die-man-gesehen-haben-muss\/","url":"https:\/\/www.urlaubcornwall.de\/blog\/was-sind-die-kulturellen-erlebnisse-in-cornwall-die-man-gesehen-haben-muss\/","name":"Was sind die kulturellen Erlebnisse in Cornwall, die man gesehen haben muss? - Urlaub &amp; Reisen","isPartOf":{"@id":"https:\/\/www.urlaubcornwall.de\/blog\/#website"},"datePublished":"2023-03-20T11:02:24+00:00","dateModified":"2024-05-30T08:36:14+00:00","description":"Cornwall ist eine Region mit reichem kulturellem Erbe und es gibt viele kulturelle Erlebnisse, die man in Cornwall gesehen haben sollte","breadcrumb":{"@id":"https:\/\/www.urlaubcornwall.de\/blog\/was-sind-die-kulturellen-erlebnisse-in-cornwall-die-man-gesehen-haben-muss\/#breadcrumb"},"inLanguage":"en-US","potentialAction":[{"@type":"ReadAction","target":["https:\/\/www.urlaubcornwall.de\/blog\/was-sind-die-kulturellen-erlebnisse-in-cornwall-die-man-gesehen-haben-muss\/"]}]},{"@type":"BreadcrumbList","@id":"https:\/\/www.urlaubcornwall.de\/blog\/was-sind-die-kulturellen-erlebnisse-in-cornwall-die-man-gesehen-haben-muss\/#breadcrumb","itemListElement":[{"@type":"ListItem","position":1,"name":"Home","item":"https:\/\/www.urlaubcornwall.de\/blog\/"},{"@type":"ListItem","position":2,"name":"Was sind die kulturellen Erlebnisse in Cornwall, die man gesehen haben muss?"}]}]}},"_links":{"self":[{"href":"https:\/\/www.urlaubcornwall.de\/blog\/wp-json\/wp\/v2\/pages\/46025"}],"collection":[{"href":"https:\/\/www.urlaubcornwall.de\/blog\/wp-json\/wp\/v2\/pages"}],"about":[{"href":"https:\/\/www.urlaubcornwall.de\/blog\/wp-json\/wp\/v2\/types\/page"}],"author":[{"embeddable":true,"href":"https:\/\/www.urlaubcornwall.de\/blog\/wp-json\/wp\/v2\/users\/1"}],"replies":[{"embeddable":true,"href":"https:\/\/www.urlaubcornwall.de\/blog\/wp-json\/wp\/v2\/comments?post=46025"}],"version-history":[{"count":3,"href":"https:\/\/www.urlaubcornwall.de\/blog\/wp-json\/wp\/v2\/pages\/46025\/revisions"}],"predecessor-version":[{"id":50812,"href":"https:\/\/www.urlaubcornwall.de\/blog\/wp-json\/wp\/v2\/pages\/46025\/revisions\/50812"}],"wp:attachment":[{"href":"https:\/\/www.urlaubcornwall.de\/blog\/wp-json\/wp\/v2\/media?parent=46025"}],"curies":[{"name":"wp","href":"https:\/\/api.w.org\/{rel}","templated":true}]}}