{"id":46013,"date":"2023-03-16T09:06:01","date_gmt":"2023-03-16T09:06:01","guid":{"rendered":"https:\/\/www.urlaubcornwall.de\/blog\/?page_id=46013"},"modified":"2023-03-16T09:06:01","modified_gmt":"2023-03-16T09:06:01","slug":"was-ist-der-exklusivste-teil-von-cornwall","status":"publish","type":"page","link":"https:\/\/www.urlaubcornwall.de\/blog\/was-ist-der-exklusivste-teil-von-cornwall\/","title":{"rendered":"Was ist der exklusivste Teil von Cornwall?"},"content":{"rendered":"<p><img loading=\"lazy\" class=\"aligncenter size-full wp-image-43326\" src=\"https:\/\/www.urlaubcornwall.de\/blog\/wp-content\/uploads\/2021\/10\/padstow_hafen.jpg\" alt=\"padstow_hafen\" width=\"750\" height=\"432\" srcset=\"https:\/\/www.urlaubcornwall.de\/blog\/wp-content\/uploads\/2021\/10\/padstow_hafen.jpg 750w, https:\/\/www.urlaubcornwall.de\/blog\/wp-content\/uploads\/2021\/10\/padstow_hafen-300x173.jpg 300w\" sizes=\"(max-width: 750px) 100vw, 750px\" \/><\/p>\n<p>Cornwall hat viele exklusive und luxuri\u00f6se Gebiete, aber der bekannteste und wohl exklusivste Teil von Cornwall ist das Gebiet um das <a href=\"https:\/\/www.urlaubcornwall.de\/ferienhaeuser-fewos\/padstow.html\">Fischerdorf Padstow<\/a> und das nahe gelegene <a href=\"https:\/\/www.urlaubcornwall.de\/ferienhaeuser-fewos\/rock.html\">Rock<\/a>. Diese Region wird oft als &#8220;K\u00fcsten-Spielplatz der Reichen und Ber\u00fchmten&#8221; bezeichnet und zieht viele wohlhabende Besucher an.<\/p>\n<p>In Padstow gibt es viele exklusive Restaurants und Boutiquen sowie luxuri\u00f6se Unterk\u00fcnfte wie das ber\u00fchmte Hotel &#8220;The Seafood Restaurant&#8221; von Rick Stein. Rock ist ein benachbartes Dorf mit vielen pr\u00e4chtigen Ferienh\u00e4usern und -villen sowie dem St. Enodoc Hotel, das zu den <a href=\"https:\/\/www.urlaubcornwall.de\/hotels.php\">besten Hotels in Cornwall<\/a> geh\u00f6rt.<\/p>\n<p>Andere exklusive Gebiete in Cornwall sind die <a href=\"https:\/\/www.urlaubcornwall.de\/ferienhaeuser-fewos\/lizard-halbinsel.html\">Halbinsel Lizard<\/a>, <a href=\"https:\/\/www.urlaubcornwall.de\/ferienhaeuser-fewos\/st-mawes.html\">St. Mawes<\/a> und die <a href=\"https:\/\/www.urlaubcornwall.de\/ferienhaeuser-fewos\/fowey.html\">K\u00fcstenstadt Fowey<\/a>, die alle eine F\u00fclle von hochwertigen Unterk\u00fcnften, Restaurants und Aktivit\u00e4ten bieten.<\/p>\n<p><strong>Alternativen zu einem Hotel<\/strong> &#8211; Es gibt in Cornwall viele wundersch\u00f6ne Ferienh\u00e4user &#038; Ferienwohnungen, die anstelle eines Hotels eine perfekte Option f\u00fcr Familien und Paare darstellen. Sie bieten flexible Unterkunft und darunter finden Sie viele tierfreundliche H\u00e4user in den beliebtesten Urlaubsorten.<\/p>\n<p>Wir haben die beste Auswahl an <a href=\"https:\/\/www.urlaubcornwall.de\/ferienhaeuser-fewos\/cornwall.html\">pers\u00f6nlich inspizierten Ferienh\u00e4usern im Angebot<\/a>.<\/p>\n","protected":false},"excerpt":{"rendered":"<p>Cornwall hat viele exklusive und luxuri\u00f6se Gebiete, aber der bekannteste und wohl exklusivste Teil von Cornwall ist das Gebiet um das Fischerdorf Padstow und das nahe gelegene Rock. Diese Region wird oft als &#8220;K\u00fcsten-Spielplatz der Reichen und Ber\u00fchmten&#8221; bezeichnet und zieht viele wohlhabende Besucher an. In Padstow gibt es viele exklusive Restaurants und Boutiquen sowie [&hellip;]<\/p>\n","protected":false},"author":1,"featured_media":0,"parent":0,"menu_order":0,"comment_status":"closed","ping_status":"closed","template":"single-four.php","meta":[],"acf":[],"yoast_head":"<!-- This site is optimized with the Yoast SEO plugin v19.4 - https:\/\/yoast.com\/wordpress\/plugins\/seo\/ -->\n<title>Was ist der exklusivste Teil von Cornwall? - Urlaub &amp; Reisen<\/title>\n<meta name=\"description\" content=\"Cornwall hat viele exklusive und luxuri\u00f6se Gebiete, aber der bekannteste und wohl exklusivste Teil von Cornwall ist das Gebiet\" \/>\n<meta name=\"robots\" content=\"index, follow, max-snippet:-1, max-image-preview:large, max-video-preview:-1\" \/>\n<link rel=\"canonical\" href=\"https:\/\/www.urlaubcornwall.de\/blog\/was-ist-der-exklusivste-teil-von-cornwall\/\" \/>\n<meta property=\"og:locale\" content=\"en_US\" \/>\n<meta property=\"og:type\" content=\"article\" \/>\n<meta property=\"og:title\" content=\"Was ist der exklusivste Teil von Cornwall? - Urlaub &amp; Reisen\" \/>\n<meta property=\"og:description\" content=\"Cornwall hat viele exklusive und luxuri\u00f6se Gebiete, aber der bekannteste und wohl exklusivste Teil von Cornwall ist das Gebiet\" \/>\n<meta property=\"og:url\" content=\"https:\/\/www.urlaubcornwall.de\/blog\/was-ist-der-exklusivste-teil-von-cornwall\/\" \/>\n<meta property=\"og:site_name\" content=\"Urlaub &amp; Reisen\" \/>\n<meta property=\"og:image\" content=\"https:\/\/www.urlaubcornwall.de\/blog\/wp-content\/uploads\/2021\/10\/padstow_hafen.jpg\" \/>\n<meta name=\"twitter:card\" content=\"summary\" \/>\n<meta name=\"twitter:label1\" content=\"Est. reading time\" \/>\n\t<meta name=\"twitter:data1\" content=\"1 minute\" \/>\n<script type=\"application\/ld+json\" class=\"yoast-schema-graph\">{\"@context\":\"https:\/\/schema.org\",\"@graph\":[{\"@type\":\"WebSite\",\"@id\":\"https:\/\/www.urlaubcornwall.de\/blog\/#website\",\"url\":\"https:\/\/www.urlaubcornwall.de\/blog\/\",\"name\":\"Urlaub &amp; Reisen\",\"description\":\"Urlaub, Reisen, Cornwall und S\u00fcdengland: eine perfekte Kombination\",\"potentialAction\":[{\"@type\":\"SearchAction\",\"target\":{\"@type\":\"EntryPoint\",\"urlTemplate\":\"https:\/\/www.urlaubcornwall.de\/blog\/?s={search_term_string}\"},\"query-input\":\"required name=search_term_string\"}],\"inLanguage\":\"en-US\"},{\"@type\":\"WebPage\",\"@id\":\"https:\/\/www.urlaubcornwall.de\/blog\/was-ist-der-exklusivste-teil-von-cornwall\/\",\"url\":\"https:\/\/www.urlaubcornwall.de\/blog\/was-ist-der-exklusivste-teil-von-cornwall\/\",\"name\":\"Was ist der exklusivste Teil von Cornwall? - Urlaub &amp; Reisen\",\"isPartOf\":{\"@id\":\"https:\/\/www.urlaubcornwall.de\/blog\/#website\"},\"datePublished\":\"2023-03-16T09:06:01+00:00\",\"dateModified\":\"2023-03-16T09:06:01+00:00\",\"description\":\"Cornwall hat viele exklusive und luxuri\u00f6se Gebiete, aber der bekannteste und wohl exklusivste Teil von Cornwall ist das Gebiet\",\"breadcrumb\":{\"@id\":\"https:\/\/www.urlaubcornwall.de\/blog\/was-ist-der-exklusivste-teil-von-cornwall\/#breadcrumb\"},\"inLanguage\":\"en-US\",\"potentialAction\":[{\"@type\":\"ReadAction\",\"target\":[\"https:\/\/www.urlaubcornwall.de\/blog\/was-ist-der-exklusivste-teil-von-cornwall\/\"]}]},{\"@type\":\"BreadcrumbList\",\"@id\":\"https:\/\/www.urlaubcornwall.de\/blog\/was-ist-der-exklusivste-teil-von-cornwall\/#breadcrumb\",\"itemListElement\":[{\"@type\":\"ListItem\",\"position\":1,\"name\":\"Home\",\"item\":\"https:\/\/www.urlaubcornwall.de\/blog\/\"},{\"@type\":\"ListItem\",\"position\":2,\"name\":\"Was ist der exklusivste Teil von Cornwall?\"}]}]}<\/script>\n<!-- \/ Yoast SEO plugin. -->","yoast_head_json":{"title":"Was ist der exklusivste Teil von Cornwall? - Urlaub &amp; Reisen","description":"Cornwall hat viele exklusive und luxuri\u00f6se Gebiete, aber der bekannteste und wohl exklusivste Teil von Cornwall ist das Gebiet","robots":{"index":"index","follow":"follow","max-snippet":"max-snippet:-1","max-image-preview":"max-image-preview:large","max-video-preview":"max-video-preview:-1"},"canonical":"https:\/\/www.urlaubcornwall.de\/blog\/was-ist-der-exklusivste-teil-von-cornwall\/","og_locale":"en_US","og_type":"article","og_title":"Was ist der exklusivste Teil von Cornwall? - Urlaub &amp; Reisen","og_description":"Cornwall hat viele exklusive und luxuri\u00f6se Gebiete, aber der bekannteste und wohl exklusivste Teil von Cornwall ist das Gebiet","og_url":"https:\/\/www.urlaubcornwall.de\/blog\/was-ist-der-exklusivste-teil-von-cornwall\/","og_site_name":"Urlaub &amp; Reisen","og_image":[{"url":"https:\/\/www.urlaubcornwall.de\/blog\/wp-content\/uploads\/2021\/10\/padstow_hafen.jpg"}],"twitter_card":"summary","twitter_misc":{"Est. reading time":"1 minute"},"schema":{"@context":"https:\/\/schema.org","@graph":[{"@type":"WebSite","@id":"https:\/\/www.urlaubcornwall.de\/blog\/#website","url":"https:\/\/www.urlaubcornwall.de\/blog\/","name":"Urlaub &amp; Reisen","description":"Urlaub, Reisen, Cornwall und S\u00fcdengland: eine perfekte Kombination","potentialAction":[{"@type":"SearchAction","target":{"@type":"EntryPoint","urlTemplate":"https:\/\/www.urlaubcornwall.de\/blog\/?s={search_term_string}"},"query-input":"required name=search_term_string"}],"inLanguage":"en-US"},{"@type":"WebPage","@id":"https:\/\/www.urlaubcornwall.de\/blog\/was-ist-der-exklusivste-teil-von-cornwall\/","url":"https:\/\/www.urlaubcornwall.de\/blog\/was-ist-der-exklusivste-teil-von-cornwall\/","name":"Was ist der exklusivste Teil von Cornwall? - Urlaub &amp; Reisen","isPartOf":{"@id":"https:\/\/www.urlaubcornwall.de\/blog\/#website"},"datePublished":"2023-03-16T09:06:01+00:00","dateModified":"2023-03-16T09:06:01+00:00","description":"Cornwall hat viele exklusive und luxuri\u00f6se Gebiete, aber der bekannteste und wohl exklusivste Teil von Cornwall ist das Gebiet","breadcrumb":{"@id":"https:\/\/www.urlaubcornwall.de\/blog\/was-ist-der-exklusivste-teil-von-cornwall\/#breadcrumb"},"inLanguage":"en-US","potentialAction":[{"@type":"ReadAction","target":["https:\/\/www.urlaubcornwall.de\/blog\/was-ist-der-exklusivste-teil-von-cornwall\/"]}]},{"@type":"BreadcrumbList","@id":"https:\/\/www.urlaubcornwall.de\/blog\/was-ist-der-exklusivste-teil-von-cornwall\/#breadcrumb","itemListElement":[{"@type":"ListItem","position":1,"name":"Home","item":"https:\/\/www.urlaubcornwall.de\/blog\/"},{"@type":"ListItem","position":2,"name":"Was ist der exklusivste Teil von Cornwall?"}]}]}},"_links":{"self":[{"href":"https:\/\/www.urlaubcornwall.de\/blog\/wp-json\/wp\/v2\/pages\/46013"}],"collection":[{"href":"https:\/\/www.urlaubcornwall.de\/blog\/wp-json\/wp\/v2\/pages"}],"about":[{"href":"https:\/\/www.urlaubcornwall.de\/blog\/wp-json\/wp\/v2\/types\/page"}],"author":[{"embeddable":true,"href":"https:\/\/www.urlaubcornwall.de\/blog\/wp-json\/wp\/v2\/users\/1"}],"replies":[{"embeddable":true,"href":"https:\/\/www.urlaubcornwall.de\/blog\/wp-json\/wp\/v2\/comments?post=46013"}],"version-history":[{"count":2,"href":"https:\/\/www.urlaubcornwall.de\/blog\/wp-json\/wp\/v2\/pages\/46013\/revisions"}],"predecessor-version":[{"id":46015,"href":"https:\/\/www.urlaubcornwall.de\/blog\/wp-json\/wp\/v2\/pages\/46013\/revisions\/46015"}],"wp:attachment":[{"href":"https:\/\/www.urlaubcornwall.de\/blog\/wp-json\/wp\/v2\/media?parent=46013"}],"curies":[{"name":"wp","href":"https:\/\/api.w.org\/{rel}","templated":true}]}}