{"id":46010,"date":"2023-03-16T09:12:08","date_gmt":"2023-03-16T09:12:08","guid":{"rendered":"https:\/\/www.urlaubcornwall.de\/blog\/?page_id=46010"},"modified":"2023-03-16T09:12:08","modified_gmt":"2023-03-16T09:12:08","slug":"wohin-soll-ich-in-cornwall-zum-ersten-mal-gehen","status":"publish","type":"page","link":"https:\/\/www.urlaubcornwall.de\/blog\/wohin-soll-ich-in-cornwall-zum-ersten-mal-gehen\/","title":{"rendered":"Wohin soll ich in Cornwall zum ersten Mal gehen?"},"content":{"rendered":"<p><img loading=\"lazy\" class=\"aligncenter size-full wp-image-43328\" src=\"https:\/\/www.urlaubcornwall.de\/blog\/wp-content\/uploads\/2021\/10\/falmouth-hafen.jpg\" alt=\"falmouth hafen\" width=\"750\" height=\"546\"\/><\/p>\n<p>Wenn es das erste Mal ist, dass man Cornwall besucht, gibt es einige Orte und Sehensw\u00fcrdigkeiten, die man nicht verpassen sollte. Hier sind einige Empfehlungen:<\/p>\n<p><strong>St. Ives:<\/strong> Dieses malerische Hafenst\u00e4dtchen ist ein Muss f\u00fcr jeden Besucher. Es hat viele Kunstgalerien, Restaurants und Str\u00e4nde, die man erkunden kann.<\/p>\n<p><strong>Land&#8217;s End:<\/strong> Das ist der westlichste Punkt Englands und bietet <a href=\"https:\/\/www.urlaubcornwall.de\/ferienhaeuser-fewos\/lands-end.html\">eine spektakul\u00e4re Aussicht auf das Meer<\/a> und die K\u00fcste.<\/p>\n<p><strong>Tintagel Castle:<\/strong> Diese historische Burgruine hat <a href=\"https:\/\/www.urlaubcornwall.de\/blog\/tintagel-geschichte-sehenswuerdigkeiten-und-unterkunft\/\">eine faszinierende Geschichte<\/a> und ist bekannt als Geburtsort von K\u00f6nig Arthur.<\/p>\n<p><strong>Eden Project:<\/strong> Das <a href=\"https:\/\/www.urlaubcornwall.de\/blog\/all-das-was-sie-schon-immer-ueber-das-eden-project-wissen-wollten\/\">Eden Project<\/a> ist ein botanischer Garten mit riesigen Gew\u00e4chsh\u00e4usern und einer F\u00fclle von Pflanzen aus der ganzen Welt.<\/p>\n<p><strong>South West Coast Path:<\/strong> Der Wanderweg entlang der K\u00fcste von Cornwall ist einer <a href=\"https:\/\/www.urlaubcornwall.de\/wanderurlaub\/cornwall.php\">der sch\u00f6nsten K\u00fcstenwanderwege<\/a> Gro\u00dfbritanniens und bietet spektakul\u00e4re Aussichten und Landschaften.<\/p>\n<p><strong>Falmouth:<\/strong> Diese <a href=\"https:\/\/www.urlaubcornwall.de\/ferienhaeuser-fewos\/falmouth.html\">K\u00fcstenstadt<\/a> bietet eine F\u00fclle von Aktivit\u00e4ten, darunter Segeln, Museen und historische Geb\u00e4ude.<\/p>\n<p><strong>Minack Theatre:<\/strong> Ein Open-Air-Theater mit Blick auf das Meer und die <a href=\"https:\/\/www.urlaubcornwall.de\/ferienhaeuser-fewos\/cornwall-am-meer.html\">K\u00fcste von Cornwall<\/a>.<\/p>\n<p>Das sind nur einige Empfehlungen, aber es gibt noch viele weitere Orte und <a href=\"https:\/\/www.urlaubcornwall.de\/reiseziel\/cornwall\/sehenswuerdigkeiten.php\">Sehensw\u00fcrdigkeiten in Cornwall<\/a>, die man besuchen und entdecken kann.<\/p>\n<p><strong>Alternativen zu einem Hotel<\/strong> &#8211; Es gibt in Cornwall viele wundersch\u00f6ne Ferienh\u00e4user &#038; Ferienwohnungen, die anstelle eines Hotels eine perfekte Option f\u00fcr Familien und Paare darstellen. Sie bieten flexible Unterkunft und darunter finden Sie viele tierfreundliche H\u00e4user in den beliebtesten Urlaubsorten.<\/p>\n<p>Wir haben die beste Auswahl an <a href=\"https:\/\/www.urlaubcornwall.de\/ferienhaeuser-fewos\/cornwall.html\">pers\u00f6nlich inspizierten Ferienh\u00e4usern im Angebot<\/a>.<\/p>\n","protected":false},"excerpt":{"rendered":"<p>Wenn es das erste Mal ist, dass man Cornwall besucht, gibt es einige Orte und Sehensw\u00fcrdigkeiten, die man nicht verpassen sollte. Hier sind einige Empfehlungen: St. Ives: Dieses malerische Hafenst\u00e4dtchen ist ein Muss f\u00fcr jeden Besucher. Es hat viele Kunstgalerien, Restaurants und Str\u00e4nde, die man erkunden kann. Land&#8217;s End: Das ist der westlichste Punkt Englands [&hellip;]<\/p>\n","protected":false},"author":1,"featured_media":0,"parent":0,"menu_order":0,"comment_status":"closed","ping_status":"closed","template":"single-four.php","meta":[],"acf":[],"yoast_head":"<!-- This site is optimized with the Yoast SEO plugin v19.4 - https:\/\/yoast.com\/wordpress\/plugins\/seo\/ -->\n<title>Wohin soll ich in Cornwall zum ersten Mal gehen? - Urlaub &amp; Reisen<\/title>\n<meta name=\"description\" content=\"Wenn es das erste Mal ist, dass man Cornwall besucht, gibt es einige Orte und Sehensw\u00fcrdigkeiten, die man nicht verpassen sollte\" \/>\n<meta name=\"robots\" content=\"index, follow, max-snippet:-1, max-image-preview:large, max-video-preview:-1\" \/>\n<link rel=\"canonical\" href=\"https:\/\/www.urlaubcornwall.de\/blog\/wohin-soll-ich-in-cornwall-zum-ersten-mal-gehen\/\" \/>\n<meta property=\"og:locale\" content=\"en_US\" \/>\n<meta property=\"og:type\" content=\"article\" \/>\n<meta property=\"og:title\" content=\"Wohin soll ich in Cornwall zum ersten Mal gehen? - Urlaub &amp; Reisen\" \/>\n<meta property=\"og:description\" content=\"Wenn es das erste Mal ist, dass man Cornwall besucht, gibt es einige Orte und Sehensw\u00fcrdigkeiten, die man nicht verpassen sollte\" \/>\n<meta property=\"og:url\" content=\"https:\/\/www.urlaubcornwall.de\/blog\/wohin-soll-ich-in-cornwall-zum-ersten-mal-gehen\/\" \/>\n<meta property=\"og:site_name\" content=\"Urlaub &amp; Reisen\" \/>\n<meta property=\"og:image\" content=\"https:\/\/www.urlaubcornwall.de\/blog\/wp-content\/uploads\/2021\/10\/falmouth-hafen.jpg\" \/>\n<meta name=\"twitter:card\" content=\"summary\" \/>\n<meta name=\"twitter:label1\" content=\"Est. reading time\" \/>\n\t<meta name=\"twitter:data1\" content=\"1 minute\" \/>\n<script type=\"application\/ld+json\" class=\"yoast-schema-graph\">{\"@context\":\"https:\/\/schema.org\",\"@graph\":[{\"@type\":\"WebSite\",\"@id\":\"https:\/\/www.urlaubcornwall.de\/blog\/#website\",\"url\":\"https:\/\/www.urlaubcornwall.de\/blog\/\",\"name\":\"Urlaub &amp; Reisen\",\"description\":\"Urlaub, Reisen, Cornwall und S\u00fcdengland: eine perfekte Kombination\",\"potentialAction\":[{\"@type\":\"SearchAction\",\"target\":{\"@type\":\"EntryPoint\",\"urlTemplate\":\"https:\/\/www.urlaubcornwall.de\/blog\/?s={search_term_string}\"},\"query-input\":\"required name=search_term_string\"}],\"inLanguage\":\"en-US\"},{\"@type\":\"WebPage\",\"@id\":\"https:\/\/www.urlaubcornwall.de\/blog\/wohin-soll-ich-in-cornwall-zum-ersten-mal-gehen\/\",\"url\":\"https:\/\/www.urlaubcornwall.de\/blog\/wohin-soll-ich-in-cornwall-zum-ersten-mal-gehen\/\",\"name\":\"Wohin soll ich in Cornwall zum ersten Mal gehen? - Urlaub &amp; Reisen\",\"isPartOf\":{\"@id\":\"https:\/\/www.urlaubcornwall.de\/blog\/#website\"},\"datePublished\":\"2023-03-16T09:12:08+00:00\",\"dateModified\":\"2023-03-16T09:12:08+00:00\",\"description\":\"Wenn es das erste Mal ist, dass man Cornwall besucht, gibt es einige Orte und Sehensw\u00fcrdigkeiten, die man nicht verpassen sollte\",\"breadcrumb\":{\"@id\":\"https:\/\/www.urlaubcornwall.de\/blog\/wohin-soll-ich-in-cornwall-zum-ersten-mal-gehen\/#breadcrumb\"},\"inLanguage\":\"en-US\",\"potentialAction\":[{\"@type\":\"ReadAction\",\"target\":[\"https:\/\/www.urlaubcornwall.de\/blog\/wohin-soll-ich-in-cornwall-zum-ersten-mal-gehen\/\"]}]},{\"@type\":\"BreadcrumbList\",\"@id\":\"https:\/\/www.urlaubcornwall.de\/blog\/wohin-soll-ich-in-cornwall-zum-ersten-mal-gehen\/#breadcrumb\",\"itemListElement\":[{\"@type\":\"ListItem\",\"position\":1,\"name\":\"Home\",\"item\":\"https:\/\/www.urlaubcornwall.de\/blog\/\"},{\"@type\":\"ListItem\",\"position\":2,\"name\":\"Wohin soll ich in Cornwall zum ersten Mal gehen?\"}]}]}<\/script>\n<!-- \/ Yoast SEO plugin. -->","yoast_head_json":{"title":"Wohin soll ich in Cornwall zum ersten Mal gehen? - Urlaub &amp; Reisen","description":"Wenn es das erste Mal ist, dass man Cornwall besucht, gibt es einige Orte und Sehensw\u00fcrdigkeiten, die man nicht verpassen sollte","robots":{"index":"index","follow":"follow","max-snippet":"max-snippet:-1","max-image-preview":"max-image-preview:large","max-video-preview":"max-video-preview:-1"},"canonical":"https:\/\/www.urlaubcornwall.de\/blog\/wohin-soll-ich-in-cornwall-zum-ersten-mal-gehen\/","og_locale":"en_US","og_type":"article","og_title":"Wohin soll ich in Cornwall zum ersten Mal gehen? - Urlaub &amp; Reisen","og_description":"Wenn es das erste Mal ist, dass man Cornwall besucht, gibt es einige Orte und Sehensw\u00fcrdigkeiten, die man nicht verpassen sollte","og_url":"https:\/\/www.urlaubcornwall.de\/blog\/wohin-soll-ich-in-cornwall-zum-ersten-mal-gehen\/","og_site_name":"Urlaub &amp; Reisen","og_image":[{"url":"https:\/\/www.urlaubcornwall.de\/blog\/wp-content\/uploads\/2021\/10\/falmouth-hafen.jpg"}],"twitter_card":"summary","twitter_misc":{"Est. reading time":"1 minute"},"schema":{"@context":"https:\/\/schema.org","@graph":[{"@type":"WebSite","@id":"https:\/\/www.urlaubcornwall.de\/blog\/#website","url":"https:\/\/www.urlaubcornwall.de\/blog\/","name":"Urlaub &amp; Reisen","description":"Urlaub, Reisen, Cornwall und S\u00fcdengland: eine perfekte Kombination","potentialAction":[{"@type":"SearchAction","target":{"@type":"EntryPoint","urlTemplate":"https:\/\/www.urlaubcornwall.de\/blog\/?s={search_term_string}"},"query-input":"required name=search_term_string"}],"inLanguage":"en-US"},{"@type":"WebPage","@id":"https:\/\/www.urlaubcornwall.de\/blog\/wohin-soll-ich-in-cornwall-zum-ersten-mal-gehen\/","url":"https:\/\/www.urlaubcornwall.de\/blog\/wohin-soll-ich-in-cornwall-zum-ersten-mal-gehen\/","name":"Wohin soll ich in Cornwall zum ersten Mal gehen? - Urlaub &amp; Reisen","isPartOf":{"@id":"https:\/\/www.urlaubcornwall.de\/blog\/#website"},"datePublished":"2023-03-16T09:12:08+00:00","dateModified":"2023-03-16T09:12:08+00:00","description":"Wenn es das erste Mal ist, dass man Cornwall besucht, gibt es einige Orte und Sehensw\u00fcrdigkeiten, die man nicht verpassen sollte","breadcrumb":{"@id":"https:\/\/www.urlaubcornwall.de\/blog\/wohin-soll-ich-in-cornwall-zum-ersten-mal-gehen\/#breadcrumb"},"inLanguage":"en-US","potentialAction":[{"@type":"ReadAction","target":["https:\/\/www.urlaubcornwall.de\/blog\/wohin-soll-ich-in-cornwall-zum-ersten-mal-gehen\/"]}]},{"@type":"BreadcrumbList","@id":"https:\/\/www.urlaubcornwall.de\/blog\/wohin-soll-ich-in-cornwall-zum-ersten-mal-gehen\/#breadcrumb","itemListElement":[{"@type":"ListItem","position":1,"name":"Home","item":"https:\/\/www.urlaubcornwall.de\/blog\/"},{"@type":"ListItem","position":2,"name":"Wohin soll ich in Cornwall zum ersten Mal gehen?"}]}]}},"_links":{"self":[{"href":"https:\/\/www.urlaubcornwall.de\/blog\/wp-json\/wp\/v2\/pages\/46010"}],"collection":[{"href":"https:\/\/www.urlaubcornwall.de\/blog\/wp-json\/wp\/v2\/pages"}],"about":[{"href":"https:\/\/www.urlaubcornwall.de\/blog\/wp-json\/wp\/v2\/types\/page"}],"author":[{"embeddable":true,"href":"https:\/\/www.urlaubcornwall.de\/blog\/wp-json\/wp\/v2\/users\/1"}],"replies":[{"embeddable":true,"href":"https:\/\/www.urlaubcornwall.de\/blog\/wp-json\/wp\/v2\/comments?post=46010"}],"version-history":[{"count":3,"href":"https:\/\/www.urlaubcornwall.de\/blog\/wp-json\/wp\/v2\/pages\/46010\/revisions"}],"predecessor-version":[{"id":46016,"href":"https:\/\/www.urlaubcornwall.de\/blog\/wp-json\/wp\/v2\/pages\/46010\/revisions\/46016"}],"wp:attachment":[{"href":"https:\/\/www.urlaubcornwall.de\/blog\/wp-json\/wp\/v2\/media?parent=46010"}],"curies":[{"name":"wp","href":"https:\/\/api.w.org\/{rel}","templated":true}]}}