{"id":46008,"date":"2023-03-16T09:19:09","date_gmt":"2023-03-16T09:19:09","guid":{"rendered":"https:\/\/www.urlaubcornwall.de\/blog\/?page_id=46008"},"modified":"2024-05-31T09:55:34","modified_gmt":"2024-05-31T09:55:34","slug":"warum-lieben-die-leute-cornwall-so-sehr","status":"publish","type":"page","link":"https:\/\/www.urlaubcornwall.de\/blog\/warum-lieben-die-leute-cornwall-so-sehr\/","title":{"rendered":"Warum lieben die Leute Cornwall so sehr?"},"content":{"rendered":"<p><a href=\"https:\/\/www.urlaubcornwall.de\/blog\/wp-content\/uploads\/2024\/03\/lizard.jpg\"><img loading=\"lazy\" src=\"https:\/\/www.urlaubcornwall.de\/blog\/wp-content\/uploads\/2024\/03\/lizard.jpg\" alt=\"lizard kynance\" width=\"750\" height=\"563\" class=\"alignnone size-full wp-image-47900\" srcset=\"https:\/\/www.urlaubcornwall.de\/blog\/wp-content\/uploads\/2024\/03\/lizard.jpg 750w, https:\/\/www.urlaubcornwall.de\/blog\/wp-content\/uploads\/2024\/03\/lizard-300x225.jpg 300w\" sizes=\"(max-width: 750px) 100vw, 750px\" \/><\/a><\/p>\n<p>Es gibt viele Gr\u00fcnde, warum Menschen Cornwall so sehr lieben. Hier sind einige m\u00f6gliche Gr\u00fcnde:<\/p>\n<p><strong>Sch\u00f6ne Landschaft:<\/strong> Cornwall hat eine atemberaubende Landschaft mit beeindruckenden K\u00fcsten, sanften H\u00fcgeln, Fl\u00fcssen und Seen, W\u00e4ldern und Heidefl\u00e4chen. Die Region bietet viele Outdoor-Aktivit\u00e4ten wie <a href=\"https:\/\/www.urlaubcornwall.de\/wanderurlaub\/cornwall.php\">Wandern<\/a>, Surfen, Segeln, Kajakfahren und vieles mehr.<\/p>\n<p><strong>Kultur und Geschichte:<\/strong> Cornwall hat eine reiche <a href=\"https:\/\/www.urlaubcornwall.de\/blog\/legenden-und-geschichte-cornwalls\/\">kulturelle und historische Tradition<\/a>, die bis in die Bronzezeit zur\u00fcckreicht. Es gibt viele historische St\u00e4tten wie Tintagel Castle und St. Michael&#8217;s Mount, sowie <a href=\"https:\/\/www.urlaubcornwall.de\/blog\/fuenf-der-besten-unsere-beliebtesten-haefen-in-cornwall\/\">traditionelle D\u00f6rfer und Fischerh\u00e4fen<\/a>.<\/p>\n<p><strong>Essen und Trinken:<\/strong> Cornwall hat eine bl\u00fchende kulinarische Szene mit vielen lokalen Spezialit\u00e4ten wie Meeresfr\u00fcchten, Pasteten und K\u00e4se. Es gibt auch viele <a href=\"https:\/\/www.urlaubcornwall.de\/blog\/cornwalls-beste-geheime-restaurants\/\">Pubs, Restaurants und Caf\u00e9s<\/a>, die die lokale K\u00fcche und Getr\u00e4nke anbieten.<\/p>\n<p><strong>Entspannung:<\/strong> Cornwall ist ein Ort zum Entspannen und Abschalten. Die Region hat viele <a href=\"https:\/\/www.urlaubcornwall.de\/blog\/schoensten-straende-in-cornwall\/\">Str\u00e4nde<\/a> und <a href=\"https:\/\/www.urlaubcornwall.de\/blog\/6-von-cornwalls-versteckt-gelegenen-buchten-und-straenden\/\">Buchten<\/a>, an denen man sich entspannen und die Ruhe und Sch\u00f6nheit der Natur genie\u00dfen kann.<\/p>\n<p><strong>Freundliche Menschen:<\/strong> Die Menschen in Cornwall sind bekannt f\u00fcr ihre Freundlichkeit und Gastfreundschaft. Sie sind stolz auf ihre Region und teilen gerne ihre Kultur und Traditionen mit Besuchern.<\/p>\n<p>Insgesamt bietet Cornwall eine einzigartige Kombination aus nat\u00fcrlicher Sch\u00f6nheit, Kultur, Geschichte und Entspannung, die es zu einem beliebten Reiseziel f\u00fcr viele Menschen macht.<\/p>\n<p><strong>Alternativen zu einem Hotel<\/strong> &#8211; Es gibt in Cornwall viele wundersch\u00f6ne Ferienh\u00e4user &#038; Ferienwohnungen, die anstelle eines Hotels eine perfekte Option f\u00fcr Familien und Paare darstellen. Sie bieten flexible Unterkunft und darunter finden Sie viele tierfreundliche H\u00e4user in den beliebtesten Urlaubsorten.<\/p>\n<p>Wir haben die beste Auswahl an <a href=\"https:\/\/www.urlaubcornwall.de\/ferienhaeuser-fewos\/cornwall.html\">pers\u00f6nlich inspizierten Ferienh\u00e4usern im Angebot<\/a>.<\/p>\n","protected":false},"excerpt":{"rendered":"<p>Es gibt viele Gr\u00fcnde, warum Menschen Cornwall so sehr lieben. Hier sind einige m\u00f6gliche Gr\u00fcnde: Sch\u00f6ne Landschaft: Cornwall hat eine atemberaubende Landschaft mit beeindruckenden K\u00fcsten, sanften H\u00fcgeln, Fl\u00fcssen und Seen, W\u00e4ldern und Heidefl\u00e4chen. Die Region bietet viele Outdoor-Aktivit\u00e4ten wie Wandern, Surfen, Segeln, Kajakfahren und vieles mehr. Kultur und Geschichte: Cornwall hat eine reiche kulturelle und [&hellip;]<\/p>\n","protected":false},"author":1,"featured_media":0,"parent":0,"menu_order":0,"comment_status":"closed","ping_status":"closed","template":"single-four.php","meta":[],"acf":[],"yoast_head":"<!-- This site is optimized with the Yoast SEO plugin v19.4 - https:\/\/yoast.com\/wordpress\/plugins\/seo\/ -->\n<title>Warum lieben die Leute Cornwall so sehr? - Urlaub &amp; Reisen<\/title>\n<meta name=\"description\" content=\"Es gibt viele Gr\u00fcnde, warum Menschen Cornwall so sehr lieben. Hier sind einige m\u00f6gliche Gr\u00fcnde: Sch\u00f6ne Landschaft\" \/>\n<meta name=\"robots\" content=\"index, follow, max-snippet:-1, max-image-preview:large, max-video-preview:-1\" \/>\n<link rel=\"canonical\" href=\"https:\/\/www.urlaubcornwall.de\/blog\/warum-lieben-die-leute-cornwall-so-sehr\/\" \/>\n<meta property=\"og:locale\" content=\"en_US\" \/>\n<meta property=\"og:type\" content=\"article\" \/>\n<meta property=\"og:title\" content=\"Warum lieben die Leute Cornwall so sehr? - Urlaub &amp; Reisen\" \/>\n<meta property=\"og:description\" content=\"Es gibt viele Gr\u00fcnde, warum Menschen Cornwall so sehr lieben. Hier sind einige m\u00f6gliche Gr\u00fcnde: Sch\u00f6ne Landschaft\" \/>\n<meta property=\"og:url\" content=\"https:\/\/www.urlaubcornwall.de\/blog\/warum-lieben-die-leute-cornwall-so-sehr\/\" \/>\n<meta property=\"og:site_name\" content=\"Urlaub &amp; Reisen\" \/>\n<meta property=\"article:modified_time\" content=\"2024-05-31T09:55:34+00:00\" \/>\n<meta property=\"og:image\" content=\"https:\/\/www.urlaubcornwall.de\/blog\/wp-content\/uploads\/2024\/03\/lizard.jpg\" \/>\n<meta name=\"twitter:card\" content=\"summary\" \/>\n<meta name=\"twitter:label1\" content=\"Est. reading time\" \/>\n\t<meta name=\"twitter:data1\" content=\"2 minutes\" \/>\n<script type=\"application\/ld+json\" class=\"yoast-schema-graph\">{\"@context\":\"https:\/\/schema.org\",\"@graph\":[{\"@type\":\"WebSite\",\"@id\":\"https:\/\/www.urlaubcornwall.de\/blog\/#website\",\"url\":\"https:\/\/www.urlaubcornwall.de\/blog\/\",\"name\":\"Urlaub &amp; Reisen\",\"description\":\"Urlaub, Reisen, Cornwall und S\u00fcdengland: eine perfekte Kombination\",\"potentialAction\":[{\"@type\":\"SearchAction\",\"target\":{\"@type\":\"EntryPoint\",\"urlTemplate\":\"https:\/\/www.urlaubcornwall.de\/blog\/?s={search_term_string}\"},\"query-input\":\"required name=search_term_string\"}],\"inLanguage\":\"en-US\"},{\"@type\":\"WebPage\",\"@id\":\"https:\/\/www.urlaubcornwall.de\/blog\/warum-lieben-die-leute-cornwall-so-sehr\/\",\"url\":\"https:\/\/www.urlaubcornwall.de\/blog\/warum-lieben-die-leute-cornwall-so-sehr\/\",\"name\":\"Warum lieben die Leute Cornwall so sehr? - Urlaub &amp; Reisen\",\"isPartOf\":{\"@id\":\"https:\/\/www.urlaubcornwall.de\/blog\/#website\"},\"datePublished\":\"2023-03-16T09:19:09+00:00\",\"dateModified\":\"2024-05-31T09:55:34+00:00\",\"description\":\"Es gibt viele Gr\u00fcnde, warum Menschen Cornwall so sehr lieben. Hier sind einige m\u00f6gliche Gr\u00fcnde: Sch\u00f6ne Landschaft\",\"breadcrumb\":{\"@id\":\"https:\/\/www.urlaubcornwall.de\/blog\/warum-lieben-die-leute-cornwall-so-sehr\/#breadcrumb\"},\"inLanguage\":\"en-US\",\"potentialAction\":[{\"@type\":\"ReadAction\",\"target\":[\"https:\/\/www.urlaubcornwall.de\/blog\/warum-lieben-die-leute-cornwall-so-sehr\/\"]}]},{\"@type\":\"BreadcrumbList\",\"@id\":\"https:\/\/www.urlaubcornwall.de\/blog\/warum-lieben-die-leute-cornwall-so-sehr\/#breadcrumb\",\"itemListElement\":[{\"@type\":\"ListItem\",\"position\":1,\"name\":\"Home\",\"item\":\"https:\/\/www.urlaubcornwall.de\/blog\/\"},{\"@type\":\"ListItem\",\"position\":2,\"name\":\"Warum lieben die Leute Cornwall so sehr?\"}]}]}<\/script>\n<!-- \/ Yoast SEO plugin. -->","yoast_head_json":{"title":"Warum lieben die Leute Cornwall so sehr? - Urlaub &amp; Reisen","description":"Es gibt viele Gr\u00fcnde, warum Menschen Cornwall so sehr lieben. Hier sind einige m\u00f6gliche Gr\u00fcnde: Sch\u00f6ne Landschaft","robots":{"index":"index","follow":"follow","max-snippet":"max-snippet:-1","max-image-preview":"max-image-preview:large","max-video-preview":"max-video-preview:-1"},"canonical":"https:\/\/www.urlaubcornwall.de\/blog\/warum-lieben-die-leute-cornwall-so-sehr\/","og_locale":"en_US","og_type":"article","og_title":"Warum lieben die Leute Cornwall so sehr? - Urlaub &amp; Reisen","og_description":"Es gibt viele Gr\u00fcnde, warum Menschen Cornwall so sehr lieben. Hier sind einige m\u00f6gliche Gr\u00fcnde: Sch\u00f6ne Landschaft","og_url":"https:\/\/www.urlaubcornwall.de\/blog\/warum-lieben-die-leute-cornwall-so-sehr\/","og_site_name":"Urlaub &amp; Reisen","article_modified_time":"2024-05-31T09:55:34+00:00","og_image":[{"url":"https:\/\/www.urlaubcornwall.de\/blog\/wp-content\/uploads\/2024\/03\/lizard.jpg"}],"twitter_card":"summary","twitter_misc":{"Est. reading time":"2 minutes"},"schema":{"@context":"https:\/\/schema.org","@graph":[{"@type":"WebSite","@id":"https:\/\/www.urlaubcornwall.de\/blog\/#website","url":"https:\/\/www.urlaubcornwall.de\/blog\/","name":"Urlaub &amp; Reisen","description":"Urlaub, Reisen, Cornwall und S\u00fcdengland: eine perfekte Kombination","potentialAction":[{"@type":"SearchAction","target":{"@type":"EntryPoint","urlTemplate":"https:\/\/www.urlaubcornwall.de\/blog\/?s={search_term_string}"},"query-input":"required name=search_term_string"}],"inLanguage":"en-US"},{"@type":"WebPage","@id":"https:\/\/www.urlaubcornwall.de\/blog\/warum-lieben-die-leute-cornwall-so-sehr\/","url":"https:\/\/www.urlaubcornwall.de\/blog\/warum-lieben-die-leute-cornwall-so-sehr\/","name":"Warum lieben die Leute Cornwall so sehr? - Urlaub &amp; Reisen","isPartOf":{"@id":"https:\/\/www.urlaubcornwall.de\/blog\/#website"},"datePublished":"2023-03-16T09:19:09+00:00","dateModified":"2024-05-31T09:55:34+00:00","description":"Es gibt viele Gr\u00fcnde, warum Menschen Cornwall so sehr lieben. Hier sind einige m\u00f6gliche Gr\u00fcnde: Sch\u00f6ne Landschaft","breadcrumb":{"@id":"https:\/\/www.urlaubcornwall.de\/blog\/warum-lieben-die-leute-cornwall-so-sehr\/#breadcrumb"},"inLanguage":"en-US","potentialAction":[{"@type":"ReadAction","target":["https:\/\/www.urlaubcornwall.de\/blog\/warum-lieben-die-leute-cornwall-so-sehr\/"]}]},{"@type":"BreadcrumbList","@id":"https:\/\/www.urlaubcornwall.de\/blog\/warum-lieben-die-leute-cornwall-so-sehr\/#breadcrumb","itemListElement":[{"@type":"ListItem","position":1,"name":"Home","item":"https:\/\/www.urlaubcornwall.de\/blog\/"},{"@type":"ListItem","position":2,"name":"Warum lieben die Leute Cornwall so sehr?"}]}]}},"_links":{"self":[{"href":"https:\/\/www.urlaubcornwall.de\/blog\/wp-json\/wp\/v2\/pages\/46008"}],"collection":[{"href":"https:\/\/www.urlaubcornwall.de\/blog\/wp-json\/wp\/v2\/pages"}],"about":[{"href":"https:\/\/www.urlaubcornwall.de\/blog\/wp-json\/wp\/v2\/types\/page"}],"author":[{"embeddable":true,"href":"https:\/\/www.urlaubcornwall.de\/blog\/wp-json\/wp\/v2\/users\/1"}],"replies":[{"embeddable":true,"href":"https:\/\/www.urlaubcornwall.de\/blog\/wp-json\/wp\/v2\/comments?post=46008"}],"version-history":[{"count":4,"href":"https:\/\/www.urlaubcornwall.de\/blog\/wp-json\/wp\/v2\/pages\/46008\/revisions"}],"predecessor-version":[{"id":51294,"href":"https:\/\/www.urlaubcornwall.de\/blog\/wp-json\/wp\/v2\/pages\/46008\/revisions\/51294"}],"wp:attachment":[{"href":"https:\/\/www.urlaubcornwall.de\/blog\/wp-json\/wp\/v2\/media?parent=46008"}],"curies":[{"name":"wp","href":"https:\/\/api.w.org\/{rel}","templated":true}]}}