{"id":46006,"date":"2023-03-16T09:23:58","date_gmt":"2023-03-16T09:23:58","guid":{"rendered":"https:\/\/www.urlaubcornwall.de\/blog\/?page_id=46006"},"modified":"2023-03-16T09:23:58","modified_gmt":"2023-03-16T09:23:58","slug":"wie-lange-sollte-ich-cornwall-besuchen","status":"publish","type":"page","link":"https:\/\/www.urlaubcornwall.de\/blog\/wie-lange-sollte-ich-cornwall-besuchen\/","title":{"rendered":"Wie lange sollte ich Cornwall besuchen?"},"content":{"rendered":"<p><img loading=\"lazy\" class=\"aligncenter size-full wp-image-43326\" src=\"https:\/\/www.urlaubcornwall.de\/blog\/wp-content\/uploads\/2021\/10\/padstow_hafen.jpg\" alt=\"padstow_hafen\" width=\"750\" height=\"432\" srcset=\"https:\/\/www.urlaubcornwall.de\/blog\/wp-content\/uploads\/2021\/10\/padstow_hafen.jpg 750w, https:\/\/www.urlaubcornwall.de\/blog\/wp-content\/uploads\/2021\/10\/padstow_hafen-300x173.jpg 300w\" sizes=\"(max-width: 750px) 100vw, 750px\" \/><\/p>\n<p>Die Dauer des Aufenthalts in <a href=\"https:\/\/www.urlaubcornwall.de\/reiseziel\/cornwall.php\">Cornwall<\/a> h\u00e4ngt von verschiedenen Faktoren ab, wie z.B. den pers\u00f6nlichen Interessen, dem Budget und der verf\u00fcgbaren Zeit. Es gibt jedoch einige Empfehlungen, die man ber\u00fccksichtigen kann.<\/p>\n<p>Wenn man die wichtigsten Sehensw\u00fcrdigkeiten und Aktivit\u00e4ten in Cornwall besuchen m\u00f6chte, empfiehlt sich <a href=\"https:\/\/www.urlaubcornwall.de\/rundreisen\/cornwall-suedengland.php\">ein Aufenthalt von etwa 5-7 Tagen<\/a>. In dieser Zeit kann man die bekanntesten Sehensw\u00fcrdigkeiten besichtigen, an Str\u00e4nden entspannen, durch malerische St\u00e4dte und D\u00f6rfer schlendern und einige Outdoor-Aktivit\u00e4ten wie Wandern oder Surfen genie\u00dfen.<\/p>\n<p>Wenn man mehr Zeit hat und sich f\u00fcr Outdoor-Aktivit\u00e4ten und Wanderungen begeistert, kann man auch l\u00e4nger in Cornwall bleiben, um den gesamten South West Coast Path zu erkunden oder einen mehrt\u00e4gigen Ausflug auf die <a href=\"https:\/\/www.urlaubcornwall.de\/Scilly-Inseln.php\">Isles of Scilly<\/a> zu unternehmen.<\/p>\n<p>Insgesamt ist Cornwall eine Region, die viel zu bieten hat, und es lohnt sich, so viel Zeit wie m\u00f6glich dort zu verbringen.<\/p>\n<p><strong>Alternativen zu einem Hotel<\/strong> &#8211; Es gibt in Cornwall viele wundersch\u00f6ne Ferienh\u00e4user &#038; Ferienwohnungen, die anstelle eines Hotels eine perfekte Option f\u00fcr Familien und Paare darstellen. Sie bieten flexible Unterkunft und darunter finden Sie viele tierfreundliche H\u00e4user in den beliebtesten Urlaubsorten.<\/p>\n<p>Wir haben die beste Auswahl an <a href=\"https:\/\/www.urlaubcornwall.de\/ferienhaeuser-fewos\/cornwall.html\">pers\u00f6nlich inspizierten Ferienh\u00e4usern im Angebot<\/a>.<\/p>\n","protected":false},"excerpt":{"rendered":"<p>Die Dauer des Aufenthalts in Cornwall h\u00e4ngt von verschiedenen Faktoren ab, wie z.B. den pers\u00f6nlichen Interessen, dem Budget und der verf\u00fcgbaren Zeit. Es gibt jedoch einige Empfehlungen, die man ber\u00fccksichtigen kann. Wenn man die wichtigsten Sehensw\u00fcrdigkeiten und Aktivit\u00e4ten in Cornwall besuchen m\u00f6chte, empfiehlt sich ein Aufenthalt von etwa 5-7 Tagen. In dieser Zeit kann man [&hellip;]<\/p>\n","protected":false},"author":1,"featured_media":0,"parent":0,"menu_order":0,"comment_status":"closed","ping_status":"closed","template":"single-four.php","meta":[],"acf":[],"yoast_head":"<!-- This site is optimized with the Yoast SEO plugin v19.4 - https:\/\/yoast.com\/wordpress\/plugins\/seo\/ -->\n<title>Wie lange sollte ich Cornwall besuchen? - Urlaub &amp; Reisen<\/title>\n<meta name=\"description\" content=\"Die Dauer des Aufenthalts in Cornwall h\u00e4ngt von verschiedenen Faktoren ab, wie z.B. den pers\u00f6nlichen Interessen, dem Budget und\" \/>\n<meta name=\"robots\" content=\"index, follow, max-snippet:-1, max-image-preview:large, max-video-preview:-1\" \/>\n<link rel=\"canonical\" href=\"https:\/\/www.urlaubcornwall.de\/blog\/wie-lange-sollte-ich-cornwall-besuchen\/\" \/>\n<meta property=\"og:locale\" content=\"en_US\" \/>\n<meta property=\"og:type\" content=\"article\" \/>\n<meta property=\"og:title\" content=\"Wie lange sollte ich Cornwall besuchen? - Urlaub &amp; Reisen\" \/>\n<meta property=\"og:description\" content=\"Die Dauer des Aufenthalts in Cornwall h\u00e4ngt von verschiedenen Faktoren ab, wie z.B. den pers\u00f6nlichen Interessen, dem Budget und\" \/>\n<meta property=\"og:url\" content=\"https:\/\/www.urlaubcornwall.de\/blog\/wie-lange-sollte-ich-cornwall-besuchen\/\" \/>\n<meta property=\"og:site_name\" content=\"Urlaub &amp; Reisen\" \/>\n<meta property=\"og:image\" content=\"https:\/\/www.urlaubcornwall.de\/blog\/wp-content\/uploads\/2021\/10\/padstow_hafen.jpg\" \/>\n<meta name=\"twitter:card\" content=\"summary\" \/>\n<meta name=\"twitter:label1\" content=\"Est. reading time\" \/>\n\t<meta name=\"twitter:data1\" content=\"1 minute\" \/>\n<script type=\"application\/ld+json\" class=\"yoast-schema-graph\">{\"@context\":\"https:\/\/schema.org\",\"@graph\":[{\"@type\":\"WebSite\",\"@id\":\"https:\/\/www.urlaubcornwall.de\/blog\/#website\",\"url\":\"https:\/\/www.urlaubcornwall.de\/blog\/\",\"name\":\"Urlaub &amp; Reisen\",\"description\":\"Urlaub, Reisen, Cornwall und S\u00fcdengland: eine perfekte Kombination\",\"potentialAction\":[{\"@type\":\"SearchAction\",\"target\":{\"@type\":\"EntryPoint\",\"urlTemplate\":\"https:\/\/www.urlaubcornwall.de\/blog\/?s={search_term_string}\"},\"query-input\":\"required name=search_term_string\"}],\"inLanguage\":\"en-US\"},{\"@type\":\"WebPage\",\"@id\":\"https:\/\/www.urlaubcornwall.de\/blog\/wie-lange-sollte-ich-cornwall-besuchen\/\",\"url\":\"https:\/\/www.urlaubcornwall.de\/blog\/wie-lange-sollte-ich-cornwall-besuchen\/\",\"name\":\"Wie lange sollte ich Cornwall besuchen? - Urlaub &amp; Reisen\",\"isPartOf\":{\"@id\":\"https:\/\/www.urlaubcornwall.de\/blog\/#website\"},\"datePublished\":\"2023-03-16T09:23:58+00:00\",\"dateModified\":\"2023-03-16T09:23:58+00:00\",\"description\":\"Die Dauer des Aufenthalts in Cornwall h\u00e4ngt von verschiedenen Faktoren ab, wie z.B. den pers\u00f6nlichen Interessen, dem Budget und\",\"breadcrumb\":{\"@id\":\"https:\/\/www.urlaubcornwall.de\/blog\/wie-lange-sollte-ich-cornwall-besuchen\/#breadcrumb\"},\"inLanguage\":\"en-US\",\"potentialAction\":[{\"@type\":\"ReadAction\",\"target\":[\"https:\/\/www.urlaubcornwall.de\/blog\/wie-lange-sollte-ich-cornwall-besuchen\/\"]}]},{\"@type\":\"BreadcrumbList\",\"@id\":\"https:\/\/www.urlaubcornwall.de\/blog\/wie-lange-sollte-ich-cornwall-besuchen\/#breadcrumb\",\"itemListElement\":[{\"@type\":\"ListItem\",\"position\":1,\"name\":\"Home\",\"item\":\"https:\/\/www.urlaubcornwall.de\/blog\/\"},{\"@type\":\"ListItem\",\"position\":2,\"name\":\"Wie lange sollte ich Cornwall besuchen?\"}]}]}<\/script>\n<!-- \/ Yoast SEO plugin. -->","yoast_head_json":{"title":"Wie lange sollte ich Cornwall besuchen? - Urlaub &amp; Reisen","description":"Die Dauer des Aufenthalts in Cornwall h\u00e4ngt von verschiedenen Faktoren ab, wie z.B. den pers\u00f6nlichen Interessen, dem Budget und","robots":{"index":"index","follow":"follow","max-snippet":"max-snippet:-1","max-image-preview":"max-image-preview:large","max-video-preview":"max-video-preview:-1"},"canonical":"https:\/\/www.urlaubcornwall.de\/blog\/wie-lange-sollte-ich-cornwall-besuchen\/","og_locale":"en_US","og_type":"article","og_title":"Wie lange sollte ich Cornwall besuchen? - Urlaub &amp; Reisen","og_description":"Die Dauer des Aufenthalts in Cornwall h\u00e4ngt von verschiedenen Faktoren ab, wie z.B. den pers\u00f6nlichen Interessen, dem Budget und","og_url":"https:\/\/www.urlaubcornwall.de\/blog\/wie-lange-sollte-ich-cornwall-besuchen\/","og_site_name":"Urlaub &amp; Reisen","og_image":[{"url":"https:\/\/www.urlaubcornwall.de\/blog\/wp-content\/uploads\/2021\/10\/padstow_hafen.jpg"}],"twitter_card":"summary","twitter_misc":{"Est. reading time":"1 minute"},"schema":{"@context":"https:\/\/schema.org","@graph":[{"@type":"WebSite","@id":"https:\/\/www.urlaubcornwall.de\/blog\/#website","url":"https:\/\/www.urlaubcornwall.de\/blog\/","name":"Urlaub &amp; Reisen","description":"Urlaub, Reisen, Cornwall und S\u00fcdengland: eine perfekte Kombination","potentialAction":[{"@type":"SearchAction","target":{"@type":"EntryPoint","urlTemplate":"https:\/\/www.urlaubcornwall.de\/blog\/?s={search_term_string}"},"query-input":"required name=search_term_string"}],"inLanguage":"en-US"},{"@type":"WebPage","@id":"https:\/\/www.urlaubcornwall.de\/blog\/wie-lange-sollte-ich-cornwall-besuchen\/","url":"https:\/\/www.urlaubcornwall.de\/blog\/wie-lange-sollte-ich-cornwall-besuchen\/","name":"Wie lange sollte ich Cornwall besuchen? - Urlaub &amp; Reisen","isPartOf":{"@id":"https:\/\/www.urlaubcornwall.de\/blog\/#website"},"datePublished":"2023-03-16T09:23:58+00:00","dateModified":"2023-03-16T09:23:58+00:00","description":"Die Dauer des Aufenthalts in Cornwall h\u00e4ngt von verschiedenen Faktoren ab, wie z.B. den pers\u00f6nlichen Interessen, dem Budget und","breadcrumb":{"@id":"https:\/\/www.urlaubcornwall.de\/blog\/wie-lange-sollte-ich-cornwall-besuchen\/#breadcrumb"},"inLanguage":"en-US","potentialAction":[{"@type":"ReadAction","target":["https:\/\/www.urlaubcornwall.de\/blog\/wie-lange-sollte-ich-cornwall-besuchen\/"]}]},{"@type":"BreadcrumbList","@id":"https:\/\/www.urlaubcornwall.de\/blog\/wie-lange-sollte-ich-cornwall-besuchen\/#breadcrumb","itemListElement":[{"@type":"ListItem","position":1,"name":"Home","item":"https:\/\/www.urlaubcornwall.de\/blog\/"},{"@type":"ListItem","position":2,"name":"Wie lange sollte ich Cornwall besuchen?"}]}]}},"_links":{"self":[{"href":"https:\/\/www.urlaubcornwall.de\/blog\/wp-json\/wp\/v2\/pages\/46006"}],"collection":[{"href":"https:\/\/www.urlaubcornwall.de\/blog\/wp-json\/wp\/v2\/pages"}],"about":[{"href":"https:\/\/www.urlaubcornwall.de\/blog\/wp-json\/wp\/v2\/types\/page"}],"author":[{"embeddable":true,"href":"https:\/\/www.urlaubcornwall.de\/blog\/wp-json\/wp\/v2\/users\/1"}],"replies":[{"embeddable":true,"href":"https:\/\/www.urlaubcornwall.de\/blog\/wp-json\/wp\/v2\/comments?post=46006"}],"version-history":[{"count":2,"href":"https:\/\/www.urlaubcornwall.de\/blog\/wp-json\/wp\/v2\/pages\/46006\/revisions"}],"predecessor-version":[{"id":46018,"href":"https:\/\/www.urlaubcornwall.de\/blog\/wp-json\/wp\/v2\/pages\/46006\/revisions\/46018"}],"wp:attachment":[{"href":"https:\/\/www.urlaubcornwall.de\/blog\/wp-json\/wp\/v2\/media?parent=46006"}],"curies":[{"name":"wp","href":"https:\/\/api.w.org\/{rel}","templated":true}]}}