{"id":46004,"date":"2023-03-16T09:26:30","date_gmt":"2023-03-16T09:26:30","guid":{"rendered":"https:\/\/www.urlaubcornwall.de\/blog\/?page_id=46004"},"modified":"2024-05-30T10:28:11","modified_gmt":"2024-05-30T10:28:11","slug":"wie-warm-ist-es-im-sommer-in-cornwall","status":"publish","type":"page","link":"https:\/\/www.urlaubcornwall.de\/blog\/wie-warm-ist-es-im-sommer-in-cornwall\/","title":{"rendered":"Wie warm ist es im Sommer in Cornwall?"},"content":{"rendered":"<p><a href=\"https:\/\/www.urlaubcornwall.de\/blog\/wp-content\/uploads\/2017\/08\/holywell-bay.jpg\"><img loading=\"lazy\" src=\"https:\/\/www.urlaubcornwall.de\/blog\/wp-content\/uploads\/2017\/08\/holywell-bay.jpg\" alt=\"strand Cornwall\" width=\"746\" height=\"380\" class=\"alignnone size-full wp-image-28780\" srcset=\"https:\/\/www.urlaubcornwall.de\/blog\/wp-content\/uploads\/2017\/08\/holywell-bay.jpg 746w, https:\/\/www.urlaubcornwall.de\/blog\/wp-content\/uploads\/2017\/08\/holywell-bay-300x153.jpg 300w\" sizes=\"(max-width: 746px) 100vw, 746px\" \/><\/a><\/p>\n<p>Die durchschnittlichen Temperaturen in Cornwall im Sommer variieren normalerweise zwischen 15\u00b0C und 20\u00b0C, k\u00f6nnen aber auch h\u00f6her sein. Die w\u00e4rmsten Monate sind normalerweise Juli und August mit durchschnittlichen H\u00f6chsttemperaturen von etwa 19-21\u00b0C und Tiefsttemperaturen von etwa 13-15\u00b0C.<\/p>\n<p>Es ist jedoch wichtig zu beachten, dass das Wetter in Cornwall sehr wechselhaft sein kann, selbst im Sommer. Es kann sonnige und warme Tage geben, aber auch k\u00fchlere und feuchtere Tage. Es ist daher ratsam, sich auf verschiedene Wetterbedingungen vorzubereiten und entsprechende Kleidung mitzunehmen.<\/p>\n<p><strong>Alternativen zu einem Hotel<\/strong> &#8211; Es gibt in Cornwall viele wundersch\u00f6ne Ferienh\u00e4user &#038; Ferienwohnungen, die anstelle eines Hotels eine perfekte Option f\u00fcr Familien und Paare darstellen. Sie bieten flexible Unterkunft und darunter finden Sie viele tierfreundliche H\u00e4user in den beliebtesten Urlaubsorten.<\/p>\n<p>Wir haben die beste Auswahl an <a href=\"https:\/\/www.urlaubcornwall.de\/ferienhaeuser-fewos\/cornwall.html\">pers\u00f6nlich inspizierten Ferienh\u00e4usern im Angebot<\/a>.<\/p>\n","protected":false},"excerpt":{"rendered":"<p>Die durchschnittlichen Temperaturen in Cornwall im Sommer variieren normalerweise zwischen 15\u00b0C und 20\u00b0C, k\u00f6nnen aber auch h\u00f6her sein. Die w\u00e4rmsten Monate sind normalerweise Juli und August mit durchschnittlichen H\u00f6chsttemperaturen von etwa 19-21\u00b0C und Tiefsttemperaturen von etwa 13-15\u00b0C. Es ist jedoch wichtig zu beachten, dass das Wetter in Cornwall sehr wechselhaft sein kann, selbst im Sommer. [&hellip;]<\/p>\n","protected":false},"author":1,"featured_media":0,"parent":0,"menu_order":0,"comment_status":"closed","ping_status":"closed","template":"single-four.php","meta":[],"acf":[],"yoast_head":"<!-- This site is optimized with the Yoast SEO plugin v19.4 - https:\/\/yoast.com\/wordpress\/plugins\/seo\/ -->\n<title>Wie warm ist es im Sommer in Cornwall? - Urlaub &amp; Reisen<\/title>\n<meta name=\"description\" content=\"Die durchschnittlichen Temperaturen in Cornwall im Sommer variieren normalerweise zwischen 15\u00b0C und 20\u00b0C, k\u00f6nnen aber auch h\u00f6her sein\" \/>\n<meta name=\"robots\" content=\"index, follow, max-snippet:-1, max-image-preview:large, max-video-preview:-1\" \/>\n<link rel=\"canonical\" href=\"https:\/\/www.urlaubcornwall.de\/blog\/wie-warm-ist-es-im-sommer-in-cornwall\/\" \/>\n<meta property=\"og:locale\" content=\"en_US\" \/>\n<meta property=\"og:type\" content=\"article\" \/>\n<meta property=\"og:title\" content=\"Wie warm ist es im Sommer in Cornwall? - Urlaub &amp; Reisen\" \/>\n<meta property=\"og:description\" content=\"Die durchschnittlichen Temperaturen in Cornwall im Sommer variieren normalerweise zwischen 15\u00b0C und 20\u00b0C, k\u00f6nnen aber auch h\u00f6her sein\" \/>\n<meta property=\"og:url\" content=\"https:\/\/www.urlaubcornwall.de\/blog\/wie-warm-ist-es-im-sommer-in-cornwall\/\" \/>\n<meta property=\"og:site_name\" content=\"Urlaub &amp; Reisen\" \/>\n<meta property=\"article:modified_time\" content=\"2024-05-30T10:28:11+00:00\" \/>\n<meta property=\"og:image\" content=\"https:\/\/www.urlaubcornwall.de\/blog\/wp-content\/uploads\/2017\/08\/holywell-bay.jpg\" \/>\n<meta name=\"twitter:card\" content=\"summary\" \/>\n<meta name=\"twitter:label1\" content=\"Est. reading time\" \/>\n\t<meta name=\"twitter:data1\" content=\"1 minute\" \/>\n<script type=\"application\/ld+json\" class=\"yoast-schema-graph\">{\"@context\":\"https:\/\/schema.org\",\"@graph\":[{\"@type\":\"WebSite\",\"@id\":\"https:\/\/www.urlaubcornwall.de\/blog\/#website\",\"url\":\"https:\/\/www.urlaubcornwall.de\/blog\/\",\"name\":\"Urlaub &amp; Reisen\",\"description\":\"Urlaub, Reisen, Cornwall und S\u00fcdengland: eine perfekte Kombination\",\"potentialAction\":[{\"@type\":\"SearchAction\",\"target\":{\"@type\":\"EntryPoint\",\"urlTemplate\":\"https:\/\/www.urlaubcornwall.de\/blog\/?s={search_term_string}\"},\"query-input\":\"required name=search_term_string\"}],\"inLanguage\":\"en-US\"},{\"@type\":\"WebPage\",\"@id\":\"https:\/\/www.urlaubcornwall.de\/blog\/wie-warm-ist-es-im-sommer-in-cornwall\/\",\"url\":\"https:\/\/www.urlaubcornwall.de\/blog\/wie-warm-ist-es-im-sommer-in-cornwall\/\",\"name\":\"Wie warm ist es im Sommer in Cornwall? - Urlaub &amp; Reisen\",\"isPartOf\":{\"@id\":\"https:\/\/www.urlaubcornwall.de\/blog\/#website\"},\"datePublished\":\"2023-03-16T09:26:30+00:00\",\"dateModified\":\"2024-05-30T10:28:11+00:00\",\"description\":\"Die durchschnittlichen Temperaturen in Cornwall im Sommer variieren normalerweise zwischen 15\u00b0C und 20\u00b0C, k\u00f6nnen aber auch h\u00f6her sein\",\"breadcrumb\":{\"@id\":\"https:\/\/www.urlaubcornwall.de\/blog\/wie-warm-ist-es-im-sommer-in-cornwall\/#breadcrumb\"},\"inLanguage\":\"en-US\",\"potentialAction\":[{\"@type\":\"ReadAction\",\"target\":[\"https:\/\/www.urlaubcornwall.de\/blog\/wie-warm-ist-es-im-sommer-in-cornwall\/\"]}]},{\"@type\":\"BreadcrumbList\",\"@id\":\"https:\/\/www.urlaubcornwall.de\/blog\/wie-warm-ist-es-im-sommer-in-cornwall\/#breadcrumb\",\"itemListElement\":[{\"@type\":\"ListItem\",\"position\":1,\"name\":\"Home\",\"item\":\"https:\/\/www.urlaubcornwall.de\/blog\/\"},{\"@type\":\"ListItem\",\"position\":2,\"name\":\"Wie warm ist es im Sommer in Cornwall?\"}]}]}<\/script>\n<!-- \/ Yoast SEO plugin. -->","yoast_head_json":{"title":"Wie warm ist es im Sommer in Cornwall? - Urlaub &amp; Reisen","description":"Die durchschnittlichen Temperaturen in Cornwall im Sommer variieren normalerweise zwischen 15\u00b0C und 20\u00b0C, k\u00f6nnen aber auch h\u00f6her sein","robots":{"index":"index","follow":"follow","max-snippet":"max-snippet:-1","max-image-preview":"max-image-preview:large","max-video-preview":"max-video-preview:-1"},"canonical":"https:\/\/www.urlaubcornwall.de\/blog\/wie-warm-ist-es-im-sommer-in-cornwall\/","og_locale":"en_US","og_type":"article","og_title":"Wie warm ist es im Sommer in Cornwall? - Urlaub &amp; Reisen","og_description":"Die durchschnittlichen Temperaturen in Cornwall im Sommer variieren normalerweise zwischen 15\u00b0C und 20\u00b0C, k\u00f6nnen aber auch h\u00f6her sein","og_url":"https:\/\/www.urlaubcornwall.de\/blog\/wie-warm-ist-es-im-sommer-in-cornwall\/","og_site_name":"Urlaub &amp; Reisen","article_modified_time":"2024-05-30T10:28:11+00:00","og_image":[{"url":"https:\/\/www.urlaubcornwall.de\/blog\/wp-content\/uploads\/2017\/08\/holywell-bay.jpg"}],"twitter_card":"summary","twitter_misc":{"Est. reading time":"1 minute"},"schema":{"@context":"https:\/\/schema.org","@graph":[{"@type":"WebSite","@id":"https:\/\/www.urlaubcornwall.de\/blog\/#website","url":"https:\/\/www.urlaubcornwall.de\/blog\/","name":"Urlaub &amp; Reisen","description":"Urlaub, Reisen, Cornwall und S\u00fcdengland: eine perfekte Kombination","potentialAction":[{"@type":"SearchAction","target":{"@type":"EntryPoint","urlTemplate":"https:\/\/www.urlaubcornwall.de\/blog\/?s={search_term_string}"},"query-input":"required name=search_term_string"}],"inLanguage":"en-US"},{"@type":"WebPage","@id":"https:\/\/www.urlaubcornwall.de\/blog\/wie-warm-ist-es-im-sommer-in-cornwall\/","url":"https:\/\/www.urlaubcornwall.de\/blog\/wie-warm-ist-es-im-sommer-in-cornwall\/","name":"Wie warm ist es im Sommer in Cornwall? - Urlaub &amp; Reisen","isPartOf":{"@id":"https:\/\/www.urlaubcornwall.de\/blog\/#website"},"datePublished":"2023-03-16T09:26:30+00:00","dateModified":"2024-05-30T10:28:11+00:00","description":"Die durchschnittlichen Temperaturen in Cornwall im Sommer variieren normalerweise zwischen 15\u00b0C und 20\u00b0C, k\u00f6nnen aber auch h\u00f6her sein","breadcrumb":{"@id":"https:\/\/www.urlaubcornwall.de\/blog\/wie-warm-ist-es-im-sommer-in-cornwall\/#breadcrumb"},"inLanguage":"en-US","potentialAction":[{"@type":"ReadAction","target":["https:\/\/www.urlaubcornwall.de\/blog\/wie-warm-ist-es-im-sommer-in-cornwall\/"]}]},{"@type":"BreadcrumbList","@id":"https:\/\/www.urlaubcornwall.de\/blog\/wie-warm-ist-es-im-sommer-in-cornwall\/#breadcrumb","itemListElement":[{"@type":"ListItem","position":1,"name":"Home","item":"https:\/\/www.urlaubcornwall.de\/blog\/"},{"@type":"ListItem","position":2,"name":"Wie warm ist es im Sommer in Cornwall?"}]}]}},"_links":{"self":[{"href":"https:\/\/www.urlaubcornwall.de\/blog\/wp-json\/wp\/v2\/pages\/46004"}],"collection":[{"href":"https:\/\/www.urlaubcornwall.de\/blog\/wp-json\/wp\/v2\/pages"}],"about":[{"href":"https:\/\/www.urlaubcornwall.de\/blog\/wp-json\/wp\/v2\/types\/page"}],"author":[{"embeddable":true,"href":"https:\/\/www.urlaubcornwall.de\/blog\/wp-json\/wp\/v2\/users\/1"}],"replies":[{"embeddable":true,"href":"https:\/\/www.urlaubcornwall.de\/blog\/wp-json\/wp\/v2\/comments?post=46004"}],"version-history":[{"count":3,"href":"https:\/\/www.urlaubcornwall.de\/blog\/wp-json\/wp\/v2\/pages\/46004\/revisions"}],"predecessor-version":[{"id":50916,"href":"https:\/\/www.urlaubcornwall.de\/blog\/wp-json\/wp\/v2\/pages\/46004\/revisions\/50916"}],"wp:attachment":[{"href":"https:\/\/www.urlaubcornwall.de\/blog\/wp-json\/wp\/v2\/media?parent=46004"}],"curies":[{"name":"wp","href":"https:\/\/api.w.org\/{rel}","templated":true}]}}