{"id":46000,"date":"2023-03-15T09:57:22","date_gmt":"2023-03-15T09:57:22","guid":{"rendered":"https:\/\/www.urlaubcornwall.de\/blog\/?page_id=46000"},"modified":"2023-03-15T10:16:23","modified_gmt":"2023-03-15T10:16:23","slug":"was-sind-die-5-wichtigsten-gruende-fuer-einen-besuch-in-cornwall","status":"publish","type":"page","link":"https:\/\/www.urlaubcornwall.de\/blog\/was-sind-die-5-wichtigsten-gruende-fuer-einen-besuch-in-cornwall\/","title":{"rendered":"Was sind die 5 Top Gr\u00fcnde f\u00fcr einen Besuch in Cornwall?"},"content":{"rendered":"<p><img loading=\"lazy\" class=\"aligncenter size-full wp-image-39453\" src=\"https:\/\/www.urlaubcornwall.de\/blog\/wp-content\/uploads\/2020\/02\/bedruthan-steps_edit.jpg\" alt=\"bedruthan steps strand\" width=\"750\" height=\"580\" srcset=\"https:\/\/www.urlaubcornwall.de\/blog\/wp-content\/uploads\/2020\/02\/bedruthan-steps_edit.jpg 750w, https:\/\/www.urlaubcornwall.de\/blog\/wp-content\/uploads\/2020\/02\/bedruthan-steps_edit-300x232.jpg 300w\" sizes=\"(max-width: 750px) 100vw, 750px\" \/><\/p>\n<p>Hier sind f\u00fcnf Gr\u00fcnde, die viele Menschen bei der Planung eines Besuchs in <a href=\"https:\/\/www.urlaubcornwall.de\/ferienhaeuser-fewos\/cornwall.html\">Cornwall<\/a> ber\u00fccksichtigen k\u00f6nnten:<\/p>\n<p><strong>1.<\/strong> Nat\u00fcrliche Sch\u00f6nheit: Cornwall ist die Heimat von atemberaubenden Str\u00e4nden, dramatischen Klippen und malerischen Landschaften. Die K\u00fcsten und Landschaften bieten eine Vielzahl von Outdoor-Aktivit\u00e4ten wie Surfen, Wandern und Radfahren.<\/p>\n<p><strong>2.<\/strong> <a href=\"https:\/\/www.urlaubcornwall.de\/blog\/legenden-und-geschichte-cornwalls\/\">Geschichte und Kultur<\/a>: Cornwall ist reich an Geschichte und hat eine einzigartige kulturelle Identit\u00e4t. Besucher k\u00f6nnen antike St\u00e4tten wie Tintagel Castle erkunden, Museen besuchen und an Festivals teilnehmen, um mehr \u00fcber die Kultur Cornwalls zu erfahren.<\/p>\n<p><strong>3.<\/strong> Essen und Trinken: Cornwall ist bekannt f\u00fcr seine frischen Meeresfr\u00fcchte, regionalen Produkte und seine traditionelle K\u00fcche. Besucher k\u00f6nnen Fish and Chips, Cornish Pasties und Cream Teas genie\u00dfen sowie lokale Biere, Apfelweine und Spirituosen probieren.<\/p>\n<p><strong>4.<\/strong> Kunst und Literatur: Cornwall hat im Laufe der Jahre viele K\u00fcnstler und Schriftsteller inspiriert, darunter den ber\u00fchmten Maler J.M.W. Turner. Besucher k\u00f6nnen Kunstgalerien und Museen erkunden und in die Fu\u00dfstapfen ber\u00fchmter Schriftsteller wie Daphne du Maurier treten.<\/p>\n<p><strong>5.<\/strong> Entspannung: Cornwall bietet ein entspanntes Lebenstempo und die M\u00f6glichkeit, der Hektik des Alltags zu entfliehen. Besucher k\u00f6nnen sich am Strand entspannen, einen Tag im Spa verbringen oder einen gem\u00fctlichen Spaziergang auf dem Land machen.<\/p>\n<p><strong>Alternativen zu einem Hotel<\/strong> &#8211; Es gibt in Cornwall viele wundersch\u00f6ne Ferienh\u00e4user &#038; Ferienwohnungen, die anstelle eines Hotels eine perfekte Option f\u00fcr Familien und Paare darstellen. Sie bieten flexible Unterkunft und darunter finden Sie viele tierfreundliche H\u00e4user in den beliebtesten Urlaubsorten.<\/p>\n<p>Wir haben die beste Auswahl an <a href=\"https:\/\/www.urlaubcornwall.de\/ferienhaeuser-fewos\/cornwall.html\">pers\u00f6nlich inspizierten Ferienh\u00e4usern im Angebot<\/a>.<\/p>\n","protected":false},"excerpt":{"rendered":"<p>Hier sind f\u00fcnf Gr\u00fcnde, die viele Menschen bei der Planung eines Besuchs in Cornwall ber\u00fccksichtigen k\u00f6nnten: 1. Nat\u00fcrliche Sch\u00f6nheit: Cornwall ist die Heimat von atemberaubenden Str\u00e4nden, dramatischen Klippen und malerischen Landschaften. Die K\u00fcsten und Landschaften bieten eine Vielzahl von Outdoor-Aktivit\u00e4ten wie Surfen, Wandern und Radfahren. 2. Geschichte und Kultur: Cornwall ist reich an Geschichte und [&hellip;]<\/p>\n","protected":false},"author":1,"featured_media":0,"parent":0,"menu_order":0,"comment_status":"closed","ping_status":"closed","template":"single-four.php","meta":[],"acf":[],"yoast_head":"<!-- This site is optimized with the Yoast SEO plugin v19.4 - https:\/\/yoast.com\/wordpress\/plugins\/seo\/ -->\n<title>Was sind die 5 Top Gr\u00fcnde f\u00fcr einen Besuch in Cornwall? - Urlaub &amp; Reisen<\/title>\n<meta name=\"description\" content=\"Hier sind f\u00fcnf Gr\u00fcnde, die viele Menschen bei der Planung eines Besuchs in Cornwall ber\u00fccksichtigen k\u00f6nnten\" \/>\n<meta name=\"robots\" content=\"index, follow, max-snippet:-1, max-image-preview:large, max-video-preview:-1\" \/>\n<link rel=\"canonical\" href=\"https:\/\/www.urlaubcornwall.de\/blog\/was-sind-die-5-wichtigsten-gruende-fuer-einen-besuch-in-cornwall\/\" \/>\n<meta property=\"og:locale\" content=\"en_US\" \/>\n<meta property=\"og:type\" content=\"article\" \/>\n<meta property=\"og:title\" content=\"Was sind die 5 Top Gr\u00fcnde f\u00fcr einen Besuch in Cornwall? - Urlaub &amp; Reisen\" \/>\n<meta property=\"og:description\" content=\"Hier sind f\u00fcnf Gr\u00fcnde, die viele Menschen bei der Planung eines Besuchs in Cornwall ber\u00fccksichtigen k\u00f6nnten\" \/>\n<meta property=\"og:url\" content=\"https:\/\/www.urlaubcornwall.de\/blog\/was-sind-die-5-wichtigsten-gruende-fuer-einen-besuch-in-cornwall\/\" \/>\n<meta property=\"og:site_name\" content=\"Urlaub &amp; Reisen\" \/>\n<meta property=\"article:modified_time\" content=\"2023-03-15T10:16:23+00:00\" \/>\n<meta property=\"og:image\" content=\"https:\/\/www.urlaubcornwall.de\/blog\/wp-content\/uploads\/2020\/02\/bedruthan-steps_edit.jpg\" \/>\n<meta name=\"twitter:card\" content=\"summary\" \/>\n<meta name=\"twitter:label1\" content=\"Est. reading time\" \/>\n\t<meta name=\"twitter:data1\" content=\"2 minutes\" \/>\n<script type=\"application\/ld+json\" class=\"yoast-schema-graph\">{\"@context\":\"https:\/\/schema.org\",\"@graph\":[{\"@type\":\"WebSite\",\"@id\":\"https:\/\/www.urlaubcornwall.de\/blog\/#website\",\"url\":\"https:\/\/www.urlaubcornwall.de\/blog\/\",\"name\":\"Urlaub &amp; Reisen\",\"description\":\"Urlaub, Reisen, Cornwall und S\u00fcdengland: eine perfekte Kombination\",\"potentialAction\":[{\"@type\":\"SearchAction\",\"target\":{\"@type\":\"EntryPoint\",\"urlTemplate\":\"https:\/\/www.urlaubcornwall.de\/blog\/?s={search_term_string}\"},\"query-input\":\"required name=search_term_string\"}],\"inLanguage\":\"en-US\"},{\"@type\":\"WebPage\",\"@id\":\"https:\/\/www.urlaubcornwall.de\/blog\/was-sind-die-5-wichtigsten-gruende-fuer-einen-besuch-in-cornwall\/\",\"url\":\"https:\/\/www.urlaubcornwall.de\/blog\/was-sind-die-5-wichtigsten-gruende-fuer-einen-besuch-in-cornwall\/\",\"name\":\"Was sind die 5 Top Gr\u00fcnde f\u00fcr einen Besuch in Cornwall? - Urlaub &amp; Reisen\",\"isPartOf\":{\"@id\":\"https:\/\/www.urlaubcornwall.de\/blog\/#website\"},\"datePublished\":\"2023-03-15T09:57:22+00:00\",\"dateModified\":\"2023-03-15T10:16:23+00:00\",\"description\":\"Hier sind f\u00fcnf Gr\u00fcnde, die viele Menschen bei der Planung eines Besuchs in Cornwall ber\u00fccksichtigen k\u00f6nnten\",\"breadcrumb\":{\"@id\":\"https:\/\/www.urlaubcornwall.de\/blog\/was-sind-die-5-wichtigsten-gruende-fuer-einen-besuch-in-cornwall\/#breadcrumb\"},\"inLanguage\":\"en-US\",\"potentialAction\":[{\"@type\":\"ReadAction\",\"target\":[\"https:\/\/www.urlaubcornwall.de\/blog\/was-sind-die-5-wichtigsten-gruende-fuer-einen-besuch-in-cornwall\/\"]}]},{\"@type\":\"BreadcrumbList\",\"@id\":\"https:\/\/www.urlaubcornwall.de\/blog\/was-sind-die-5-wichtigsten-gruende-fuer-einen-besuch-in-cornwall\/#breadcrumb\",\"itemListElement\":[{\"@type\":\"ListItem\",\"position\":1,\"name\":\"Home\",\"item\":\"https:\/\/www.urlaubcornwall.de\/blog\/\"},{\"@type\":\"ListItem\",\"position\":2,\"name\":\"Was sind die 5 Top Gr\u00fcnde f\u00fcr einen Besuch in Cornwall?\"}]}]}<\/script>\n<!-- \/ Yoast SEO plugin. -->","yoast_head_json":{"title":"Was sind die 5 Top Gr\u00fcnde f\u00fcr einen Besuch in Cornwall? - Urlaub &amp; Reisen","description":"Hier sind f\u00fcnf Gr\u00fcnde, die viele Menschen bei der Planung eines Besuchs in Cornwall ber\u00fccksichtigen k\u00f6nnten","robots":{"index":"index","follow":"follow","max-snippet":"max-snippet:-1","max-image-preview":"max-image-preview:large","max-video-preview":"max-video-preview:-1"},"canonical":"https:\/\/www.urlaubcornwall.de\/blog\/was-sind-die-5-wichtigsten-gruende-fuer-einen-besuch-in-cornwall\/","og_locale":"en_US","og_type":"article","og_title":"Was sind die 5 Top Gr\u00fcnde f\u00fcr einen Besuch in Cornwall? - Urlaub &amp; Reisen","og_description":"Hier sind f\u00fcnf Gr\u00fcnde, die viele Menschen bei der Planung eines Besuchs in Cornwall ber\u00fccksichtigen k\u00f6nnten","og_url":"https:\/\/www.urlaubcornwall.de\/blog\/was-sind-die-5-wichtigsten-gruende-fuer-einen-besuch-in-cornwall\/","og_site_name":"Urlaub &amp; Reisen","article_modified_time":"2023-03-15T10:16:23+00:00","og_image":[{"url":"https:\/\/www.urlaubcornwall.de\/blog\/wp-content\/uploads\/2020\/02\/bedruthan-steps_edit.jpg"}],"twitter_card":"summary","twitter_misc":{"Est. reading time":"2 minutes"},"schema":{"@context":"https:\/\/schema.org","@graph":[{"@type":"WebSite","@id":"https:\/\/www.urlaubcornwall.de\/blog\/#website","url":"https:\/\/www.urlaubcornwall.de\/blog\/","name":"Urlaub &amp; Reisen","description":"Urlaub, Reisen, Cornwall und S\u00fcdengland: eine perfekte Kombination","potentialAction":[{"@type":"SearchAction","target":{"@type":"EntryPoint","urlTemplate":"https:\/\/www.urlaubcornwall.de\/blog\/?s={search_term_string}"},"query-input":"required name=search_term_string"}],"inLanguage":"en-US"},{"@type":"WebPage","@id":"https:\/\/www.urlaubcornwall.de\/blog\/was-sind-die-5-wichtigsten-gruende-fuer-einen-besuch-in-cornwall\/","url":"https:\/\/www.urlaubcornwall.de\/blog\/was-sind-die-5-wichtigsten-gruende-fuer-einen-besuch-in-cornwall\/","name":"Was sind die 5 Top Gr\u00fcnde f\u00fcr einen Besuch in Cornwall? - Urlaub &amp; Reisen","isPartOf":{"@id":"https:\/\/www.urlaubcornwall.de\/blog\/#website"},"datePublished":"2023-03-15T09:57:22+00:00","dateModified":"2023-03-15T10:16:23+00:00","description":"Hier sind f\u00fcnf Gr\u00fcnde, die viele Menschen bei der Planung eines Besuchs in Cornwall ber\u00fccksichtigen k\u00f6nnten","breadcrumb":{"@id":"https:\/\/www.urlaubcornwall.de\/blog\/was-sind-die-5-wichtigsten-gruende-fuer-einen-besuch-in-cornwall\/#breadcrumb"},"inLanguage":"en-US","potentialAction":[{"@type":"ReadAction","target":["https:\/\/www.urlaubcornwall.de\/blog\/was-sind-die-5-wichtigsten-gruende-fuer-einen-besuch-in-cornwall\/"]}]},{"@type":"BreadcrumbList","@id":"https:\/\/www.urlaubcornwall.de\/blog\/was-sind-die-5-wichtigsten-gruende-fuer-einen-besuch-in-cornwall\/#breadcrumb","itemListElement":[{"@type":"ListItem","position":1,"name":"Home","item":"https:\/\/www.urlaubcornwall.de\/blog\/"},{"@type":"ListItem","position":2,"name":"Was sind die 5 Top Gr\u00fcnde f\u00fcr einen Besuch in Cornwall?"}]}]}},"_links":{"self":[{"href":"https:\/\/www.urlaubcornwall.de\/blog\/wp-json\/wp\/v2\/pages\/46000"}],"collection":[{"href":"https:\/\/www.urlaubcornwall.de\/blog\/wp-json\/wp\/v2\/pages"}],"about":[{"href":"https:\/\/www.urlaubcornwall.de\/blog\/wp-json\/wp\/v2\/types\/page"}],"author":[{"embeddable":true,"href":"https:\/\/www.urlaubcornwall.de\/blog\/wp-json\/wp\/v2\/users\/1"}],"replies":[{"embeddable":true,"href":"https:\/\/www.urlaubcornwall.de\/blog\/wp-json\/wp\/v2\/comments?post=46000"}],"version-history":[{"count":3,"href":"https:\/\/www.urlaubcornwall.de\/blog\/wp-json\/wp\/v2\/pages\/46000\/revisions"}],"predecessor-version":[{"id":46003,"href":"https:\/\/www.urlaubcornwall.de\/blog\/wp-json\/wp\/v2\/pages\/46000\/revisions\/46003"}],"wp:attachment":[{"href":"https:\/\/www.urlaubcornwall.de\/blog\/wp-json\/wp\/v2\/media?parent=46000"}],"curies":[{"name":"wp","href":"https:\/\/api.w.org\/{rel}","templated":true}]}}