{"id":45997,"date":"2023-03-15T09:09:30","date_gmt":"2023-03-15T09:09:30","guid":{"rendered":"https:\/\/www.urlaubcornwall.de\/blog\/?page_id=45997"},"modified":"2024-04-03T09:49:26","modified_gmt":"2024-04-03T09:49:26","slug":"ist-sussex-ein-wunderschoenes-urlaubsziel","status":"publish","type":"page","link":"https:\/\/www.urlaubcornwall.de\/blog\/ist-sussex-ein-wunderschoenes-urlaubsziel\/","title":{"rendered":"Ist Sussex ein wundersch\u00f6nes Urlaubsziel?"},"content":{"rendered":"<p><img loading=\"lazy\" class=\"aligncenter size-full wp-image-48006\" src=\"https:\/\/www.urlaubcornwall.de\/blog\/wp-content\/uploads\/2024\/03\/white-cliffs-cuckmere-haven-sussex.jpg\" alt=\"white cliffs cuckmere haven sussex\" width=\"750\" height=\"563\" srcset=\"https:\/\/www.urlaubcornwall.de\/blog\/wp-content\/uploads\/2024\/03\/white-cliffs-cuckmere-haven-sussex.jpg 750w, https:\/\/www.urlaubcornwall.de\/blog\/wp-content\/uploads\/2024\/03\/white-cliffs-cuckmere-haven-sussex-300x225.jpg 300w\" sizes=\"(max-width: 750px) 100vw, 750px\" \/><\/p>\n<p>Ja, Sussex kann ein sch\u00f6nes Urlaubsziel sein. <a href=\"https:\/\/www.urlaubcornwall.de\/reiseziel\/sussex.php\">Sussex ist eine Grafschaft im S\u00fcdosten Englands<\/a> und bekannt f\u00fcr ihre atemberaubende K\u00fcste, h\u00fcgelige Landschaft, historische St\u00e4dte und D\u00f6rfer sowie kulturelle Attraktionen. Einige beliebte Orte in Sussex sind die K\u00fcstenst\u00e4dte <a href=\"https:\/\/www.urlaubcornwall.de\/ferienhaeuser-fewos\/eng\/sussex\/brighton.html\">Brighton<\/a> und <a href=\"https:\/\/www.urlaubcornwall.de\/ferienhaeuser-fewos\/eng\/sussex\/eastbourne.html\">Eastbourne<\/a>, die antike Stadt <a href=\"https:\/\/www.urlaubcornwall.de\/ferienhaeuser-fewos\/eng\/sussex\/chichester.html\">Chichester<\/a>, die historische Stadt Rye und die malerischen D\u00f6rfer des South Downs National Park. Es gibt auch viele Outdoor-Aktivit\u00e4ten in Sussex, darunter Wandern, Radfahren und Wassersport. Dar\u00fcber hinaus beherbergt Sussex zahlreiche G\u00e4rten, Schl\u00f6sser und Herrenh\u00e4user, die ein angenehmes kulturelles Erlebnis bieten k\u00f6nnen. Insgesamt kann Sussex ein gro\u00dfartiges Urlaubsziel f\u00fcr diejenigen sein, die eine Mischung aus nat\u00fcrlicher Sch\u00f6nheit, Geschichte und Kultur suchen.<\/p>\n<p><strong>Alternativen zu einem Hotel<\/strong> &#8211; Es gibt in Sussex viele wundersch\u00f6ne Ferienh\u00e4user &#038; Ferienwohnungen, die anstelle eines Hotels eine perfekte Option f\u00fcr Familien und Paare darstellen. Sie bieten flexible Unterkunft und darunter finden Sie viele tierfreundliche H\u00e4user in den beliebtesten Urlaubsorten.<\/p>\n<p>Wir haben die beste Auswahl an <a href=\"https:\/\/www.urlaubcornwall.de\/ferienhaeuser-fewos\/eng\/sussex\/sussex.html\">pers\u00f6nlich inspizierten Ferienh\u00e4usern im Angebot<\/a>.<\/p>\n","protected":false},"excerpt":{"rendered":"<p>Ja, Sussex kann ein sch\u00f6nes Urlaubsziel sein. Sussex ist eine Grafschaft im S\u00fcdosten Englands und bekannt f\u00fcr ihre atemberaubende K\u00fcste, h\u00fcgelige Landschaft, historische St\u00e4dte und D\u00f6rfer sowie kulturelle Attraktionen. Einige beliebte Orte in Sussex sind die K\u00fcstenst\u00e4dte Brighton und Eastbourne, die antike Stadt Chichester, die historische Stadt Rye und die malerischen D\u00f6rfer des South Downs [&hellip;]<\/p>\n","protected":false},"author":1,"featured_media":0,"parent":0,"menu_order":0,"comment_status":"closed","ping_status":"closed","template":"single-four.php","meta":[],"acf":[],"yoast_head":"<!-- This site is optimized with the Yoast SEO plugin v19.4 - https:\/\/yoast.com\/wordpress\/plugins\/seo\/ -->\n<title>Ist Sussex ein wundersch\u00f6nes Urlaubsziel? - Urlaub &amp; Reisen<\/title>\n<meta name=\"description\" content=\"Ja, Sussex kann ein sch\u00f6nes Urlaubsziel sein. Sussex ist eine Grafschaft im S\u00fcdosten Englands und bekannt f\u00fcr ihre atemberaubende K\u00fcste\" \/>\n<meta name=\"robots\" content=\"index, follow, max-snippet:-1, max-image-preview:large, max-video-preview:-1\" \/>\n<link rel=\"canonical\" href=\"https:\/\/www.urlaubcornwall.de\/blog\/ist-sussex-ein-wunderschoenes-urlaubsziel\/\" \/>\n<meta property=\"og:locale\" content=\"en_US\" \/>\n<meta property=\"og:type\" content=\"article\" \/>\n<meta property=\"og:title\" content=\"Ist Sussex ein wundersch\u00f6nes Urlaubsziel? - Urlaub &amp; Reisen\" \/>\n<meta property=\"og:description\" content=\"Ja, Sussex kann ein sch\u00f6nes Urlaubsziel sein. Sussex ist eine Grafschaft im S\u00fcdosten Englands und bekannt f\u00fcr ihre atemberaubende K\u00fcste\" \/>\n<meta property=\"og:url\" content=\"https:\/\/www.urlaubcornwall.de\/blog\/ist-sussex-ein-wunderschoenes-urlaubsziel\/\" \/>\n<meta property=\"og:site_name\" content=\"Urlaub &amp; Reisen\" \/>\n<meta property=\"article:modified_time\" content=\"2024-04-03T09:49:26+00:00\" \/>\n<meta property=\"og:image\" content=\"https:\/\/www.urlaubcornwall.de\/blog\/wp-content\/uploads\/2024\/03\/white-cliffs-cuckmere-haven-sussex.jpg\" \/>\n<meta name=\"twitter:card\" content=\"summary\" \/>\n<meta name=\"twitter:label1\" content=\"Est. reading time\" \/>\n\t<meta name=\"twitter:data1\" content=\"1 minute\" \/>\n<script type=\"application\/ld+json\" class=\"yoast-schema-graph\">{\"@context\":\"https:\/\/schema.org\",\"@graph\":[{\"@type\":\"WebSite\",\"@id\":\"https:\/\/www.urlaubcornwall.de\/blog\/#website\",\"url\":\"https:\/\/www.urlaubcornwall.de\/blog\/\",\"name\":\"Urlaub &amp; Reisen\",\"description\":\"Urlaub, Reisen, Cornwall und S\u00fcdengland: eine perfekte Kombination\",\"potentialAction\":[{\"@type\":\"SearchAction\",\"target\":{\"@type\":\"EntryPoint\",\"urlTemplate\":\"https:\/\/www.urlaubcornwall.de\/blog\/?s={search_term_string}\"},\"query-input\":\"required name=search_term_string\"}],\"inLanguage\":\"en-US\"},{\"@type\":\"WebPage\",\"@id\":\"https:\/\/www.urlaubcornwall.de\/blog\/ist-sussex-ein-wunderschoenes-urlaubsziel\/\",\"url\":\"https:\/\/www.urlaubcornwall.de\/blog\/ist-sussex-ein-wunderschoenes-urlaubsziel\/\",\"name\":\"Ist Sussex ein wundersch\u00f6nes Urlaubsziel? - Urlaub &amp; Reisen\",\"isPartOf\":{\"@id\":\"https:\/\/www.urlaubcornwall.de\/blog\/#website\"},\"datePublished\":\"2023-03-15T09:09:30+00:00\",\"dateModified\":\"2024-04-03T09:49:26+00:00\",\"description\":\"Ja, Sussex kann ein sch\u00f6nes Urlaubsziel sein. Sussex ist eine Grafschaft im S\u00fcdosten Englands und bekannt f\u00fcr ihre atemberaubende K\u00fcste\",\"breadcrumb\":{\"@id\":\"https:\/\/www.urlaubcornwall.de\/blog\/ist-sussex-ein-wunderschoenes-urlaubsziel\/#breadcrumb\"},\"inLanguage\":\"en-US\",\"potentialAction\":[{\"@type\":\"ReadAction\",\"target\":[\"https:\/\/www.urlaubcornwall.de\/blog\/ist-sussex-ein-wunderschoenes-urlaubsziel\/\"]}]},{\"@type\":\"BreadcrumbList\",\"@id\":\"https:\/\/www.urlaubcornwall.de\/blog\/ist-sussex-ein-wunderschoenes-urlaubsziel\/#breadcrumb\",\"itemListElement\":[{\"@type\":\"ListItem\",\"position\":1,\"name\":\"Home\",\"item\":\"https:\/\/www.urlaubcornwall.de\/blog\/\"},{\"@type\":\"ListItem\",\"position\":2,\"name\":\"Ist Sussex ein wundersch\u00f6nes Urlaubsziel?\"}]}]}<\/script>\n<!-- \/ Yoast SEO plugin. -->","yoast_head_json":{"title":"Ist Sussex ein wundersch\u00f6nes Urlaubsziel? - Urlaub &amp; Reisen","description":"Ja, Sussex kann ein sch\u00f6nes Urlaubsziel sein. Sussex ist eine Grafschaft im S\u00fcdosten Englands und bekannt f\u00fcr ihre atemberaubende K\u00fcste","robots":{"index":"index","follow":"follow","max-snippet":"max-snippet:-1","max-image-preview":"max-image-preview:large","max-video-preview":"max-video-preview:-1"},"canonical":"https:\/\/www.urlaubcornwall.de\/blog\/ist-sussex-ein-wunderschoenes-urlaubsziel\/","og_locale":"en_US","og_type":"article","og_title":"Ist Sussex ein wundersch\u00f6nes Urlaubsziel? - Urlaub &amp; Reisen","og_description":"Ja, Sussex kann ein sch\u00f6nes Urlaubsziel sein. Sussex ist eine Grafschaft im S\u00fcdosten Englands und bekannt f\u00fcr ihre atemberaubende K\u00fcste","og_url":"https:\/\/www.urlaubcornwall.de\/blog\/ist-sussex-ein-wunderschoenes-urlaubsziel\/","og_site_name":"Urlaub &amp; Reisen","article_modified_time":"2024-04-03T09:49:26+00:00","og_image":[{"url":"https:\/\/www.urlaubcornwall.de\/blog\/wp-content\/uploads\/2024\/03\/white-cliffs-cuckmere-haven-sussex.jpg"}],"twitter_card":"summary","twitter_misc":{"Est. reading time":"1 minute"},"schema":{"@context":"https:\/\/schema.org","@graph":[{"@type":"WebSite","@id":"https:\/\/www.urlaubcornwall.de\/blog\/#website","url":"https:\/\/www.urlaubcornwall.de\/blog\/","name":"Urlaub &amp; Reisen","description":"Urlaub, Reisen, Cornwall und S\u00fcdengland: eine perfekte Kombination","potentialAction":[{"@type":"SearchAction","target":{"@type":"EntryPoint","urlTemplate":"https:\/\/www.urlaubcornwall.de\/blog\/?s={search_term_string}"},"query-input":"required name=search_term_string"}],"inLanguage":"en-US"},{"@type":"WebPage","@id":"https:\/\/www.urlaubcornwall.de\/blog\/ist-sussex-ein-wunderschoenes-urlaubsziel\/","url":"https:\/\/www.urlaubcornwall.de\/blog\/ist-sussex-ein-wunderschoenes-urlaubsziel\/","name":"Ist Sussex ein wundersch\u00f6nes Urlaubsziel? - Urlaub &amp; Reisen","isPartOf":{"@id":"https:\/\/www.urlaubcornwall.de\/blog\/#website"},"datePublished":"2023-03-15T09:09:30+00:00","dateModified":"2024-04-03T09:49:26+00:00","description":"Ja, Sussex kann ein sch\u00f6nes Urlaubsziel sein. Sussex ist eine Grafschaft im S\u00fcdosten Englands und bekannt f\u00fcr ihre atemberaubende K\u00fcste","breadcrumb":{"@id":"https:\/\/www.urlaubcornwall.de\/blog\/ist-sussex-ein-wunderschoenes-urlaubsziel\/#breadcrumb"},"inLanguage":"en-US","potentialAction":[{"@type":"ReadAction","target":["https:\/\/www.urlaubcornwall.de\/blog\/ist-sussex-ein-wunderschoenes-urlaubsziel\/"]}]},{"@type":"BreadcrumbList","@id":"https:\/\/www.urlaubcornwall.de\/blog\/ist-sussex-ein-wunderschoenes-urlaubsziel\/#breadcrumb","itemListElement":[{"@type":"ListItem","position":1,"name":"Home","item":"https:\/\/www.urlaubcornwall.de\/blog\/"},{"@type":"ListItem","position":2,"name":"Ist Sussex ein wundersch\u00f6nes Urlaubsziel?"}]}]}},"_links":{"self":[{"href":"https:\/\/www.urlaubcornwall.de\/blog\/wp-json\/wp\/v2\/pages\/45997"}],"collection":[{"href":"https:\/\/www.urlaubcornwall.de\/blog\/wp-json\/wp\/v2\/pages"}],"about":[{"href":"https:\/\/www.urlaubcornwall.de\/blog\/wp-json\/wp\/v2\/types\/page"}],"author":[{"embeddable":true,"href":"https:\/\/www.urlaubcornwall.de\/blog\/wp-json\/wp\/v2\/users\/1"}],"replies":[{"embeddable":true,"href":"https:\/\/www.urlaubcornwall.de\/blog\/wp-json\/wp\/v2\/comments?post=45997"}],"version-history":[{"count":3,"href":"https:\/\/www.urlaubcornwall.de\/blog\/wp-json\/wp\/v2\/pages\/45997\/revisions"}],"predecessor-version":[{"id":48728,"href":"https:\/\/www.urlaubcornwall.de\/blog\/wp-json\/wp\/v2\/pages\/45997\/revisions\/48728"}],"wp:attachment":[{"href":"https:\/\/www.urlaubcornwall.de\/blog\/wp-json\/wp\/v2\/media?parent=45997"}],"curies":[{"name":"wp","href":"https:\/\/api.w.org\/{rel}","templated":true}]}}