{"id":45982,"date":"2023-03-14T08:54:49","date_gmt":"2023-03-14T08:54:49","guid":{"rendered":"https:\/\/www.urlaubcornwall.de\/blog\/?page_id=45982"},"modified":"2024-04-03T10:35:25","modified_gmt":"2024-04-03T10:35:25","slug":"ist-st-ives-schoen","status":"publish","type":"page","link":"https:\/\/www.urlaubcornwall.de\/blog\/ist-st-ives-schoen\/","title":{"rendered":"Ist St Ives Sch\u00f6n?"},"content":{"rendered":"<p><img loading=\"lazy\" class=\"aligncenter size-full wp-image-48083\" src=\"https:\/\/www.urlaubcornwall.de\/blog\/wp-content\/uploads\/2024\/03\/st-ives-hafen.jpg\" alt=\"st ives hafen\" width=\"750\" height=\"422\" srcset=\"https:\/\/www.urlaubcornwall.de\/blog\/wp-content\/uploads\/2024\/03\/st-ives-hafen.jpg 750w, https:\/\/www.urlaubcornwall.de\/blog\/wp-content\/uploads\/2024\/03\/st-ives-hafen-300x169.jpg 300w\" sizes=\"(max-width: 750px) 100vw, 750px\" \/><\/p>\n<p>Den Sommermassen nach zu urteilen, besuchen nicht allzu viele Leute Cornwall, die es nicht nach <a href=\"https:\/\/www.urlaubcornwall.de\/ferienhaeuser-fewos\/st-ives.html\">St. Ives<\/a> schaffen. St. Ives liegt an der Nordk\u00fcste, nicht weit von der Westspitze Cornwalls entfernt und hat alles zu bieten. Sicher, die goldenen Sandstr\u00e4nde, die sowohl Brandung als auch Schutz bieten, sind ein gro\u00dfer Anziehungspunkt, aber dies ist eine Stadt, die absolut Charme ausstrahlt. <\/p>\n<p>Das Herzst\u00fcck ist das alte \u201eDown-a-long\u201c-Gebiet rund um den Hafen, ein Labyrinth aus gepflasterten Gassen, ges\u00e4umt von wei\u00df get\u00fcnchten Fischerh\u00fctten. Die malerische Hafenpromenade beherbergt eine Vielzahl von Restaurants und Bars, die alle einige der besten Aussichten in Cornwall genie\u00dfen. Das reiche k\u00fcnstlerische Erbe der Stadt spiegelt sich in unz\u00e4hligen kleinen und gro\u00dfen Galerien wider, die mit skurrilen kleinen L\u00e4den um Platz buhlen.<\/p>\n<p>Um UrlaubCornwall.de einzigartige <a href=\"https:\/\/www.urlaubcornwall.de\/ferienhaeuser-fewos\/st-ives.html\">Kollektion nach Ihrem idealen Ferienhaus<\/a> zu durchsuchen. <\/p>\n<p><strong>Alternativen zu einem Hotel<\/strong> &#8211; Es gibt in St Ives viele wundersch\u00f6ne Ferienh\u00e4user &#038; Ferienwohnungen, die anstelle eines Hotels eine perfekte Option f\u00fcr Familien und Paare darstellen. Sie bieten flexible Unterkunft und darunter finden Sie viele tierfreundliche H\u00e4user in den beliebtesten Urlaubsorten.<\/p>\n<p>Wir haben die beste Auswahl an <a href=\"https:\/\/www.urlaubcornwall.de\/ferienhaeuser-fewos\/cornwall.html\">pers\u00f6nlich inspizierten Ferienh\u00e4usern im Angebot<\/a>.<\/p>\n","protected":false},"excerpt":{"rendered":"<p>Den Sommermassen nach zu urteilen, besuchen nicht allzu viele Leute Cornwall, die es nicht nach St. Ives schaffen. St. Ives liegt an der Nordk\u00fcste, nicht weit von der Westspitze Cornwalls entfernt und hat alles zu bieten. Sicher, die goldenen Sandstr\u00e4nde, die sowohl Brandung als auch Schutz bieten, sind ein gro\u00dfer Anziehungspunkt, aber dies ist eine [&hellip;]<\/p>\n","protected":false},"author":1,"featured_media":0,"parent":0,"menu_order":0,"comment_status":"closed","ping_status":"closed","template":"single-four.php","meta":[],"acf":[],"yoast_head":"<!-- This site is optimized with the Yoast SEO plugin v19.4 - https:\/\/yoast.com\/wordpress\/plugins\/seo\/ -->\n<title>Ist St Ives Sch\u00f6n? - Urlaub &amp; Reisen<\/title>\n<meta name=\"description\" content=\"Den Sommermassen nach zu urteilen, besuchen nicht allzu viele Leute Cornwall, die es nicht nach St. Ives schaffen\" \/>\n<meta name=\"robots\" content=\"index, follow, max-snippet:-1, max-image-preview:large, max-video-preview:-1\" \/>\n<link rel=\"canonical\" href=\"https:\/\/www.urlaubcornwall.de\/blog\/ist-st-ives-schoen\/\" \/>\n<meta property=\"og:locale\" content=\"en_US\" \/>\n<meta property=\"og:type\" content=\"article\" \/>\n<meta property=\"og:title\" content=\"Ist St Ives Sch\u00f6n? - Urlaub &amp; Reisen\" \/>\n<meta property=\"og:description\" content=\"Den Sommermassen nach zu urteilen, besuchen nicht allzu viele Leute Cornwall, die es nicht nach St. Ives schaffen\" \/>\n<meta property=\"og:url\" content=\"https:\/\/www.urlaubcornwall.de\/blog\/ist-st-ives-schoen\/\" \/>\n<meta property=\"og:site_name\" content=\"Urlaub &amp; Reisen\" \/>\n<meta property=\"article:modified_time\" content=\"2024-04-03T10:35:25+00:00\" \/>\n<meta property=\"og:image\" content=\"https:\/\/www.urlaubcornwall.de\/blog\/wp-content\/uploads\/2024\/03\/st-ives-hafen.jpg\" \/>\n<meta name=\"twitter:card\" content=\"summary\" \/>\n<meta name=\"twitter:label1\" content=\"Est. reading time\" \/>\n\t<meta name=\"twitter:data1\" content=\"2 minutes\" \/>\n<script type=\"application\/ld+json\" class=\"yoast-schema-graph\">{\"@context\":\"https:\/\/schema.org\",\"@graph\":[{\"@type\":\"WebSite\",\"@id\":\"https:\/\/www.urlaubcornwall.de\/blog\/#website\",\"url\":\"https:\/\/www.urlaubcornwall.de\/blog\/\",\"name\":\"Urlaub &amp; Reisen\",\"description\":\"Urlaub, Reisen, Cornwall und S\u00fcdengland: eine perfekte Kombination\",\"potentialAction\":[{\"@type\":\"SearchAction\",\"target\":{\"@type\":\"EntryPoint\",\"urlTemplate\":\"https:\/\/www.urlaubcornwall.de\/blog\/?s={search_term_string}\"},\"query-input\":\"required name=search_term_string\"}],\"inLanguage\":\"en-US\"},{\"@type\":\"WebPage\",\"@id\":\"https:\/\/www.urlaubcornwall.de\/blog\/ist-st-ives-schoen\/\",\"url\":\"https:\/\/www.urlaubcornwall.de\/blog\/ist-st-ives-schoen\/\",\"name\":\"Ist St Ives Sch\u00f6n? - Urlaub &amp; Reisen\",\"isPartOf\":{\"@id\":\"https:\/\/www.urlaubcornwall.de\/blog\/#website\"},\"datePublished\":\"2023-03-14T08:54:49+00:00\",\"dateModified\":\"2024-04-03T10:35:25+00:00\",\"description\":\"Den Sommermassen nach zu urteilen, besuchen nicht allzu viele Leute Cornwall, die es nicht nach St. Ives schaffen\",\"breadcrumb\":{\"@id\":\"https:\/\/www.urlaubcornwall.de\/blog\/ist-st-ives-schoen\/#breadcrumb\"},\"inLanguage\":\"en-US\",\"potentialAction\":[{\"@type\":\"ReadAction\",\"target\":[\"https:\/\/www.urlaubcornwall.de\/blog\/ist-st-ives-schoen\/\"]}]},{\"@type\":\"BreadcrumbList\",\"@id\":\"https:\/\/www.urlaubcornwall.de\/blog\/ist-st-ives-schoen\/#breadcrumb\",\"itemListElement\":[{\"@type\":\"ListItem\",\"position\":1,\"name\":\"Home\",\"item\":\"https:\/\/www.urlaubcornwall.de\/blog\/\"},{\"@type\":\"ListItem\",\"position\":2,\"name\":\"Ist St Ives Sch\u00f6n?\"}]}]}<\/script>\n<!-- \/ Yoast SEO plugin. -->","yoast_head_json":{"title":"Ist St Ives Sch\u00f6n? - Urlaub &amp; Reisen","description":"Den Sommermassen nach zu urteilen, besuchen nicht allzu viele Leute Cornwall, die es nicht nach St. Ives schaffen","robots":{"index":"index","follow":"follow","max-snippet":"max-snippet:-1","max-image-preview":"max-image-preview:large","max-video-preview":"max-video-preview:-1"},"canonical":"https:\/\/www.urlaubcornwall.de\/blog\/ist-st-ives-schoen\/","og_locale":"en_US","og_type":"article","og_title":"Ist St Ives Sch\u00f6n? - Urlaub &amp; Reisen","og_description":"Den Sommermassen nach zu urteilen, besuchen nicht allzu viele Leute Cornwall, die es nicht nach St. Ives schaffen","og_url":"https:\/\/www.urlaubcornwall.de\/blog\/ist-st-ives-schoen\/","og_site_name":"Urlaub &amp; Reisen","article_modified_time":"2024-04-03T10:35:25+00:00","og_image":[{"url":"https:\/\/www.urlaubcornwall.de\/blog\/wp-content\/uploads\/2024\/03\/st-ives-hafen.jpg"}],"twitter_card":"summary","twitter_misc":{"Est. reading time":"2 minutes"},"schema":{"@context":"https:\/\/schema.org","@graph":[{"@type":"WebSite","@id":"https:\/\/www.urlaubcornwall.de\/blog\/#website","url":"https:\/\/www.urlaubcornwall.de\/blog\/","name":"Urlaub &amp; Reisen","description":"Urlaub, Reisen, Cornwall und S\u00fcdengland: eine perfekte Kombination","potentialAction":[{"@type":"SearchAction","target":{"@type":"EntryPoint","urlTemplate":"https:\/\/www.urlaubcornwall.de\/blog\/?s={search_term_string}"},"query-input":"required name=search_term_string"}],"inLanguage":"en-US"},{"@type":"WebPage","@id":"https:\/\/www.urlaubcornwall.de\/blog\/ist-st-ives-schoen\/","url":"https:\/\/www.urlaubcornwall.de\/blog\/ist-st-ives-schoen\/","name":"Ist St Ives Sch\u00f6n? - Urlaub &amp; Reisen","isPartOf":{"@id":"https:\/\/www.urlaubcornwall.de\/blog\/#website"},"datePublished":"2023-03-14T08:54:49+00:00","dateModified":"2024-04-03T10:35:25+00:00","description":"Den Sommermassen nach zu urteilen, besuchen nicht allzu viele Leute Cornwall, die es nicht nach St. Ives schaffen","breadcrumb":{"@id":"https:\/\/www.urlaubcornwall.de\/blog\/ist-st-ives-schoen\/#breadcrumb"},"inLanguage":"en-US","potentialAction":[{"@type":"ReadAction","target":["https:\/\/www.urlaubcornwall.de\/blog\/ist-st-ives-schoen\/"]}]},{"@type":"BreadcrumbList","@id":"https:\/\/www.urlaubcornwall.de\/blog\/ist-st-ives-schoen\/#breadcrumb","itemListElement":[{"@type":"ListItem","position":1,"name":"Home","item":"https:\/\/www.urlaubcornwall.de\/blog\/"},{"@type":"ListItem","position":2,"name":"Ist St Ives Sch\u00f6n?"}]}]}},"_links":{"self":[{"href":"https:\/\/www.urlaubcornwall.de\/blog\/wp-json\/wp\/v2\/pages\/45982"}],"collection":[{"href":"https:\/\/www.urlaubcornwall.de\/blog\/wp-json\/wp\/v2\/pages"}],"about":[{"href":"https:\/\/www.urlaubcornwall.de\/blog\/wp-json\/wp\/v2\/types\/page"}],"author":[{"embeddable":true,"href":"https:\/\/www.urlaubcornwall.de\/blog\/wp-json\/wp\/v2\/users\/1"}],"replies":[{"embeddable":true,"href":"https:\/\/www.urlaubcornwall.de\/blog\/wp-json\/wp\/v2\/comments?post=45982"}],"version-history":[{"count":2,"href":"https:\/\/www.urlaubcornwall.de\/blog\/wp-json\/wp\/v2\/pages\/45982\/revisions"}],"predecessor-version":[{"id":48763,"href":"https:\/\/www.urlaubcornwall.de\/blog\/wp-json\/wp\/v2\/pages\/45982\/revisions\/48763"}],"wp:attachment":[{"href":"https:\/\/www.urlaubcornwall.de\/blog\/wp-json\/wp\/v2\/media?parent=45982"}],"curies":[{"name":"wp","href":"https:\/\/api.w.org\/{rel}","templated":true}]}}