{"id":45980,"date":"2023-03-13T16:50:04","date_gmt":"2023-03-13T16:50:04","guid":{"rendered":"https:\/\/www.urlaubcornwall.de\/blog\/?page_id=45980"},"modified":"2023-03-13T16:50:04","modified_gmt":"2023-03-13T16:50:04","slug":"ist-falmouth-schoen","status":"publish","type":"page","link":"https:\/\/www.urlaubcornwall.de\/blog\/ist-falmouth-schoen\/","title":{"rendered":"Ist Falmouth Sch\u00f6n?"},"content":{"rendered":"<p><img loading=\"lazy\" class=\"aligncenter size-full wp-image-40140\" src=\"https:\/\/www.urlaubcornwall.de\/blog\/wp-content\/uploads\/2020\/05\/falmouth-hafen-custom-house-quay.jpg\" alt=\"falmouth hafen custom house quay\" width=\"750\" height=\"616\"\/><\/p>\n<p><a href=\"https:\/\/www.urlaubcornwall.de\/ferienhaeuser-fewos\/falmouth.html\">Falmouth ist eine attraktive Stadt<\/a> mit vielen sch\u00f6nen Geb\u00e4uden aus dem 18. Jahrhundert und ein gro\u00dfartiger Ort zum Bummeln. Wie nicht anders zu erwarten, f\u00fchren alle Wege zum Hafen, zumal es so viele davon gibt.<\/p>\n<p>Obwohl Falmouth eine der gr\u00f6\u00dften St\u00e4dte Cornwalls ist, l\u00e4sst sich diese Hafenstadt dennoch leicht zu Fu\u00df erkunden. Falmouth liegt in einer relativ gesch\u00fctzten Bucht an der <a href=\"https:\/\/www.urlaubcornwall.de\/ferienhaeuser-fewos\/suedkueste-cornwall.html\">S\u00fcdk\u00fcste von Cornwall<\/a> und dreht sich alles ums Wasser. Der h\u00fcbsche alte Hafen und die Docks auf der einen Seite der Stadt und die Sandstr\u00e4nde auf der anderen; eine grasbewachsene Landzunge mit Tudor-Schloss trennt sie.<\/p>\n<p>Um UrlaubCornwall.de einzigartige <a href=\"https:\/\/www.urlaubcornwall.de\/ferienhaeuser-fewos\/cornwall.html\">Kollektion nach Ihrem idealen Ferienhaus<\/a> zu durchsuchen. <\/p>\n<p><strong>Alternativen zu einem Hotel<\/strong> &#8211; Es gibt in Falmouth viele wundersch\u00f6ne Ferienh\u00e4user &#038; Ferienwohnungen, die anstelle eines Hotels eine perfekte Option f\u00fcr Familien und Paare darstellen. Sie bieten flexible Unterkunft und darunter finden Sie viele tierfreundliche H\u00e4user in den beliebtesten Urlaubsorten.<\/p>\n<p>Wir haben die beste Auswahl an <a href=\"https:\/\/www.urlaubcornwall.de\/ferienhaeuser-fewos\/falmouth.html\">pers\u00f6nlich inspizierten Ferienh\u00e4usern im Angebot<\/a>.<\/p>\n","protected":false},"excerpt":{"rendered":"<p>Falmouth ist eine attraktive Stadt mit vielen sch\u00f6nen Geb\u00e4uden aus dem 18. Jahrhundert und ein gro\u00dfartiger Ort zum Bummeln. Wie nicht anders zu erwarten, f\u00fchren alle Wege zum Hafen, zumal es so viele davon gibt. Obwohl Falmouth eine der gr\u00f6\u00dften St\u00e4dte Cornwalls ist, l\u00e4sst sich diese Hafenstadt dennoch leicht zu Fu\u00df erkunden. Falmouth liegt in [&hellip;]<\/p>\n","protected":false},"author":1,"featured_media":0,"parent":0,"menu_order":0,"comment_status":"closed","ping_status":"closed","template":"single-four.php","meta":[],"acf":[],"yoast_head":"<!-- This site is optimized with the Yoast SEO plugin v19.4 - https:\/\/yoast.com\/wordpress\/plugins\/seo\/ -->\n<title>Ist Falmouth Sch\u00f6n? - Urlaub &amp; Reisen<\/title>\n<meta name=\"description\" content=\"Obwohl Falmouth eine der gr\u00f6\u00dften St\u00e4dte Cornwalls ist, l\u00e4sst sich diese Hafenstadt dennoch leicht zu Fu\u00df erkunden\" \/>\n<meta name=\"robots\" content=\"index, follow, max-snippet:-1, max-image-preview:large, max-video-preview:-1\" \/>\n<link rel=\"canonical\" href=\"https:\/\/www.urlaubcornwall.de\/blog\/ist-falmouth-schoen\/\" \/>\n<meta property=\"og:locale\" content=\"en_US\" \/>\n<meta property=\"og:type\" content=\"article\" \/>\n<meta property=\"og:title\" content=\"Ist Falmouth Sch\u00f6n? - Urlaub &amp; Reisen\" \/>\n<meta property=\"og:description\" content=\"Obwohl Falmouth eine der gr\u00f6\u00dften St\u00e4dte Cornwalls ist, l\u00e4sst sich diese Hafenstadt dennoch leicht zu Fu\u00df erkunden\" \/>\n<meta property=\"og:url\" content=\"https:\/\/www.urlaubcornwall.de\/blog\/ist-falmouth-schoen\/\" \/>\n<meta property=\"og:site_name\" content=\"Urlaub &amp; Reisen\" \/>\n<meta property=\"og:image\" content=\"https:\/\/www.urlaubcornwall.de\/blog\/wp-content\/uploads\/2020\/05\/falmouth-hafen-custom-house-quay.jpg\" \/>\n<meta name=\"twitter:card\" content=\"summary\" \/>\n<script type=\"application\/ld+json\" class=\"yoast-schema-graph\">{\"@context\":\"https:\/\/schema.org\",\"@graph\":[{\"@type\":\"WebSite\",\"@id\":\"https:\/\/www.urlaubcornwall.de\/blog\/#website\",\"url\":\"https:\/\/www.urlaubcornwall.de\/blog\/\",\"name\":\"Urlaub &amp; Reisen\",\"description\":\"Urlaub, Reisen, Cornwall und S\u00fcdengland: eine perfekte Kombination\",\"potentialAction\":[{\"@type\":\"SearchAction\",\"target\":{\"@type\":\"EntryPoint\",\"urlTemplate\":\"https:\/\/www.urlaubcornwall.de\/blog\/?s={search_term_string}\"},\"query-input\":\"required name=search_term_string\"}],\"inLanguage\":\"en-US\"},{\"@type\":\"WebPage\",\"@id\":\"https:\/\/www.urlaubcornwall.de\/blog\/ist-falmouth-schoen\/\",\"url\":\"https:\/\/www.urlaubcornwall.de\/blog\/ist-falmouth-schoen\/\",\"name\":\"Ist Falmouth Sch\u00f6n? - Urlaub &amp; Reisen\",\"isPartOf\":{\"@id\":\"https:\/\/www.urlaubcornwall.de\/blog\/#website\"},\"datePublished\":\"2023-03-13T16:50:04+00:00\",\"dateModified\":\"2023-03-13T16:50:04+00:00\",\"description\":\"Obwohl Falmouth eine der gr\u00f6\u00dften St\u00e4dte Cornwalls ist, l\u00e4sst sich diese Hafenstadt dennoch leicht zu Fu\u00df erkunden\",\"breadcrumb\":{\"@id\":\"https:\/\/www.urlaubcornwall.de\/blog\/ist-falmouth-schoen\/#breadcrumb\"},\"inLanguage\":\"en-US\",\"potentialAction\":[{\"@type\":\"ReadAction\",\"target\":[\"https:\/\/www.urlaubcornwall.de\/blog\/ist-falmouth-schoen\/\"]}]},{\"@type\":\"BreadcrumbList\",\"@id\":\"https:\/\/www.urlaubcornwall.de\/blog\/ist-falmouth-schoen\/#breadcrumb\",\"itemListElement\":[{\"@type\":\"ListItem\",\"position\":1,\"name\":\"Home\",\"item\":\"https:\/\/www.urlaubcornwall.de\/blog\/\"},{\"@type\":\"ListItem\",\"position\":2,\"name\":\"Ist Falmouth Sch\u00f6n?\"}]}]}<\/script>\n<!-- \/ Yoast SEO plugin. -->","yoast_head_json":{"title":"Ist Falmouth Sch\u00f6n? - Urlaub &amp; Reisen","description":"Obwohl Falmouth eine der gr\u00f6\u00dften St\u00e4dte Cornwalls ist, l\u00e4sst sich diese Hafenstadt dennoch leicht zu Fu\u00df erkunden","robots":{"index":"index","follow":"follow","max-snippet":"max-snippet:-1","max-image-preview":"max-image-preview:large","max-video-preview":"max-video-preview:-1"},"canonical":"https:\/\/www.urlaubcornwall.de\/blog\/ist-falmouth-schoen\/","og_locale":"en_US","og_type":"article","og_title":"Ist Falmouth Sch\u00f6n? - Urlaub &amp; Reisen","og_description":"Obwohl Falmouth eine der gr\u00f6\u00dften St\u00e4dte Cornwalls ist, l\u00e4sst sich diese Hafenstadt dennoch leicht zu Fu\u00df erkunden","og_url":"https:\/\/www.urlaubcornwall.de\/blog\/ist-falmouth-schoen\/","og_site_name":"Urlaub &amp; Reisen","og_image":[{"url":"https:\/\/www.urlaubcornwall.de\/blog\/wp-content\/uploads\/2020\/05\/falmouth-hafen-custom-house-quay.jpg"}],"twitter_card":"summary","schema":{"@context":"https:\/\/schema.org","@graph":[{"@type":"WebSite","@id":"https:\/\/www.urlaubcornwall.de\/blog\/#website","url":"https:\/\/www.urlaubcornwall.de\/blog\/","name":"Urlaub &amp; Reisen","description":"Urlaub, Reisen, Cornwall und S\u00fcdengland: eine perfekte Kombination","potentialAction":[{"@type":"SearchAction","target":{"@type":"EntryPoint","urlTemplate":"https:\/\/www.urlaubcornwall.de\/blog\/?s={search_term_string}"},"query-input":"required name=search_term_string"}],"inLanguage":"en-US"},{"@type":"WebPage","@id":"https:\/\/www.urlaubcornwall.de\/blog\/ist-falmouth-schoen\/","url":"https:\/\/www.urlaubcornwall.de\/blog\/ist-falmouth-schoen\/","name":"Ist Falmouth Sch\u00f6n? - Urlaub &amp; Reisen","isPartOf":{"@id":"https:\/\/www.urlaubcornwall.de\/blog\/#website"},"datePublished":"2023-03-13T16:50:04+00:00","dateModified":"2023-03-13T16:50:04+00:00","description":"Obwohl Falmouth eine der gr\u00f6\u00dften St\u00e4dte Cornwalls ist, l\u00e4sst sich diese Hafenstadt dennoch leicht zu Fu\u00df erkunden","breadcrumb":{"@id":"https:\/\/www.urlaubcornwall.de\/blog\/ist-falmouth-schoen\/#breadcrumb"},"inLanguage":"en-US","potentialAction":[{"@type":"ReadAction","target":["https:\/\/www.urlaubcornwall.de\/blog\/ist-falmouth-schoen\/"]}]},{"@type":"BreadcrumbList","@id":"https:\/\/www.urlaubcornwall.de\/blog\/ist-falmouth-schoen\/#breadcrumb","itemListElement":[{"@type":"ListItem","position":1,"name":"Home","item":"https:\/\/www.urlaubcornwall.de\/blog\/"},{"@type":"ListItem","position":2,"name":"Ist Falmouth Sch\u00f6n?"}]}]}},"_links":{"self":[{"href":"https:\/\/www.urlaubcornwall.de\/blog\/wp-json\/wp\/v2\/pages\/45980"}],"collection":[{"href":"https:\/\/www.urlaubcornwall.de\/blog\/wp-json\/wp\/v2\/pages"}],"about":[{"href":"https:\/\/www.urlaubcornwall.de\/blog\/wp-json\/wp\/v2\/types\/page"}],"author":[{"embeddable":true,"href":"https:\/\/www.urlaubcornwall.de\/blog\/wp-json\/wp\/v2\/users\/1"}],"replies":[{"embeddable":true,"href":"https:\/\/www.urlaubcornwall.de\/blog\/wp-json\/wp\/v2\/comments?post=45980"}],"version-history":[{"count":1,"href":"https:\/\/www.urlaubcornwall.de\/blog\/wp-json\/wp\/v2\/pages\/45980\/revisions"}],"predecessor-version":[{"id":45981,"href":"https:\/\/www.urlaubcornwall.de\/blog\/wp-json\/wp\/v2\/pages\/45980\/revisions\/45981"}],"wp:attachment":[{"href":"https:\/\/www.urlaubcornwall.de\/blog\/wp-json\/wp\/v2\/media?parent=45980"}],"curies":[{"name":"wp","href":"https:\/\/api.w.org\/{rel}","templated":true}]}}