{"id":45977,"date":"2023-03-13T14:50:05","date_gmt":"2023-03-13T14:50:05","guid":{"rendered":"https:\/\/www.urlaubcornwall.de\/blog\/?page_id=45977"},"modified":"2024-04-02T10:27:53","modified_gmt":"2024-04-02T10:27:53","slug":"warum-ist-cornwall-so-schoen","status":"publish","type":"page","link":"https:\/\/www.urlaubcornwall.de\/blog\/warum-ist-cornwall-so-schoen\/","title":{"rendered":"Warum ist Cornwall so sch\u00f6n?"},"content":{"rendered":"<p><img loading=\"lazy\" class=\"aligncenter size-full wp-image-47900\" src=\"https:\/\/www.urlaubcornwall.de\/blog\/wp-content\/uploads\/2024\/03\/lizard.jpg\" alt=\"lizard kynance\" width=\"750\" height=\"563\" srcset=\"https:\/\/www.urlaubcornwall.de\/blog\/wp-content\/uploads\/2024\/03\/lizard.jpg 750w, https:\/\/www.urlaubcornwall.de\/blog\/wp-content\/uploads\/2024\/03\/lizard-300x225.jpg 300w\" sizes=\"(max-width: 750px) 100vw, 750px\" \/><\/p>\n<p>Cornwall liegt am Ende der s\u00fcdwestlichen Halbinsel Englands und ragt in den Nordatlantik hinein, wobei di<a href=\"https:\/\/www.urlaubcornwall.de\/ferienhaeuser-fewos\/nordkueste-cornwall.html\">Nord<\/a>&#8211; und <a href=\"https:\/\/www.urlaubcornwall.de\/ferienhaeuser-fewos\/suedkueste-cornwall.html\">S\u00fcdk\u00fcste<\/a> beide dem offenen Ozean zugewandt sind. Bis vor relativ kurzer Zeit blieb Cornwall mit modernen Transport- und Kommunikationsmitteln vom Rest Englands isoliert \u2013 eine Welt entfernt von London und den Machtzentren des englischen Lebens.<\/p>\n<p>Das Klima \u00fcbt auf alle Briten eine magnetische Kraft aus. Die S\u00fcdwestlage der Halbinsel bringt mehr Sonnenschein und mildere Temperaturen als anderswo auf der Insel. Subtropische Vegetation w\u00e4chst an Cornwalls K\u00fcsten und gedeiht in einer Schatzkiste \u00f6ffentlicher G\u00e4rten. Kleine Str\u00e4nde in abgelegenen Buchten sind sandige Sonnenfallen weit entfernt von den \u00fcberf\u00fcllten Str\u00e4nden von <a href=\"https:\/\/www.urlaubcornwall.de\/ferienhaeuser-fewos\/eng\/hampshire\/bournemouth.html\">Bournemouth<\/a> oder <a href=\"https:\/\/www.urlaubcornwall.de\/ferienhaeuser-fewos\/eng\/sussex\/brighton.html\">Brighton<\/a>.<\/p>\n<p>Der <a href=\"https:\/\/www.urlaubcornwall.de\/blog\/national-trust-historische-haeuser-cornwall-devon\/\">National Trust<\/a> unterh\u00e4lt das ganze Jahr \u00fcber pr\u00e4chtige Landschaftsg\u00e4rten, formale Bepflanzungen und Farbexplosionen. Trengwainton Garden, Trerice, Trelissick und Glendurgan Garden bl\u00fchen mit exotischen Str\u00e4uchern, Blumen und B\u00e4umen. L\u00e4ndereien des National Trust wie Cotehele und Lanhydrock erg\u00e4nzen ihre Herrenh\u00e4user mit au\u00dfergew\u00f6hnlichen G\u00e4rten.<\/p>\n<p>Um <a href=\"https:\/\/www.urlaubcornwall.de\/ferienhaeuser-fewos\/cornwall.html\">UrlaubCornwall.de einzigartige Kollektion<\/a> nach Ihrem idealen Ferienhaus zu durchsuchen. <\/p>\n","protected":false},"excerpt":{"rendered":"<p>Cornwall liegt am Ende der s\u00fcdwestlichen Halbinsel Englands und ragt in den Nordatlantik hinein, wobei diNord&#8211; und S\u00fcdk\u00fcste beide dem offenen Ozean zugewandt sind. Bis vor relativ kurzer Zeit blieb Cornwall mit modernen Transport- und Kommunikationsmitteln vom Rest Englands isoliert \u2013 eine Welt entfernt von London und den Machtzentren des englischen Lebens. Das Klima \u00fcbt [&hellip;]<\/p>\n","protected":false},"author":1,"featured_media":0,"parent":0,"menu_order":0,"comment_status":"closed","ping_status":"closed","template":"single-four.php","meta":[],"acf":[],"yoast_head":"<!-- This site is optimized with the Yoast SEO plugin v19.4 - https:\/\/yoast.com\/wordpress\/plugins\/seo\/ -->\n<title>Warum ist Cornwall so sch\u00f6n? - Urlaub &amp; Reisen<\/title>\n<meta name=\"description\" content=\"Cornwall liegt am Ende der s\u00fcdwestlichen Halbinsel Englands und ragt in den Nordatlantik hinein, wobei di Nord- und S\u00fcdk\u00fcste\" \/>\n<meta name=\"robots\" content=\"index, follow, max-snippet:-1, max-image-preview:large, max-video-preview:-1\" \/>\n<link rel=\"canonical\" href=\"https:\/\/www.urlaubcornwall.de\/blog\/warum-ist-cornwall-so-schoen\/\" \/>\n<meta property=\"og:locale\" content=\"en_US\" \/>\n<meta property=\"og:type\" content=\"article\" \/>\n<meta property=\"og:title\" content=\"Warum ist Cornwall so sch\u00f6n? - Urlaub &amp; Reisen\" \/>\n<meta property=\"og:description\" content=\"Cornwall liegt am Ende der s\u00fcdwestlichen Halbinsel Englands und ragt in den Nordatlantik hinein, wobei di Nord- und S\u00fcdk\u00fcste\" \/>\n<meta property=\"og:url\" content=\"https:\/\/www.urlaubcornwall.de\/blog\/warum-ist-cornwall-so-schoen\/\" \/>\n<meta property=\"og:site_name\" content=\"Urlaub &amp; Reisen\" \/>\n<meta property=\"article:modified_time\" content=\"2024-04-02T10:27:53+00:00\" \/>\n<meta property=\"og:image\" content=\"https:\/\/www.urlaubcornwall.de\/blog\/wp-content\/uploads\/2024\/03\/lizard.jpg\" \/>\n<meta name=\"twitter:card\" content=\"summary\" \/>\n<meta name=\"twitter:label1\" content=\"Est. reading time\" \/>\n\t<meta name=\"twitter:data1\" content=\"1 minute\" \/>\n<script type=\"application\/ld+json\" class=\"yoast-schema-graph\">{\"@context\":\"https:\/\/schema.org\",\"@graph\":[{\"@type\":\"WebSite\",\"@id\":\"https:\/\/www.urlaubcornwall.de\/blog\/#website\",\"url\":\"https:\/\/www.urlaubcornwall.de\/blog\/\",\"name\":\"Urlaub &amp; Reisen\",\"description\":\"Urlaub, Reisen, Cornwall und S\u00fcdengland: eine perfekte Kombination\",\"potentialAction\":[{\"@type\":\"SearchAction\",\"target\":{\"@type\":\"EntryPoint\",\"urlTemplate\":\"https:\/\/www.urlaubcornwall.de\/blog\/?s={search_term_string}\"},\"query-input\":\"required name=search_term_string\"}],\"inLanguage\":\"en-US\"},{\"@type\":\"WebPage\",\"@id\":\"https:\/\/www.urlaubcornwall.de\/blog\/warum-ist-cornwall-so-schoen\/\",\"url\":\"https:\/\/www.urlaubcornwall.de\/blog\/warum-ist-cornwall-so-schoen\/\",\"name\":\"Warum ist Cornwall so sch\u00f6n? - Urlaub &amp; Reisen\",\"isPartOf\":{\"@id\":\"https:\/\/www.urlaubcornwall.de\/blog\/#website\"},\"datePublished\":\"2023-03-13T14:50:05+00:00\",\"dateModified\":\"2024-04-02T10:27:53+00:00\",\"description\":\"Cornwall liegt am Ende der s\u00fcdwestlichen Halbinsel Englands und ragt in den Nordatlantik hinein, wobei di Nord- und S\u00fcdk\u00fcste\",\"breadcrumb\":{\"@id\":\"https:\/\/www.urlaubcornwall.de\/blog\/warum-ist-cornwall-so-schoen\/#breadcrumb\"},\"inLanguage\":\"en-US\",\"potentialAction\":[{\"@type\":\"ReadAction\",\"target\":[\"https:\/\/www.urlaubcornwall.de\/blog\/warum-ist-cornwall-so-schoen\/\"]}]},{\"@type\":\"BreadcrumbList\",\"@id\":\"https:\/\/www.urlaubcornwall.de\/blog\/warum-ist-cornwall-so-schoen\/#breadcrumb\",\"itemListElement\":[{\"@type\":\"ListItem\",\"position\":1,\"name\":\"Home\",\"item\":\"https:\/\/www.urlaubcornwall.de\/blog\/\"},{\"@type\":\"ListItem\",\"position\":2,\"name\":\"Warum ist Cornwall so sch\u00f6n?\"}]}]}<\/script>\n<!-- \/ Yoast SEO plugin. -->","yoast_head_json":{"title":"Warum ist Cornwall so sch\u00f6n? - Urlaub &amp; Reisen","description":"Cornwall liegt am Ende der s\u00fcdwestlichen Halbinsel Englands und ragt in den Nordatlantik hinein, wobei di Nord- und S\u00fcdk\u00fcste","robots":{"index":"index","follow":"follow","max-snippet":"max-snippet:-1","max-image-preview":"max-image-preview:large","max-video-preview":"max-video-preview:-1"},"canonical":"https:\/\/www.urlaubcornwall.de\/blog\/warum-ist-cornwall-so-schoen\/","og_locale":"en_US","og_type":"article","og_title":"Warum ist Cornwall so sch\u00f6n? - Urlaub &amp; Reisen","og_description":"Cornwall liegt am Ende der s\u00fcdwestlichen Halbinsel Englands und ragt in den Nordatlantik hinein, wobei di Nord- und S\u00fcdk\u00fcste","og_url":"https:\/\/www.urlaubcornwall.de\/blog\/warum-ist-cornwall-so-schoen\/","og_site_name":"Urlaub &amp; Reisen","article_modified_time":"2024-04-02T10:27:53+00:00","og_image":[{"url":"https:\/\/www.urlaubcornwall.de\/blog\/wp-content\/uploads\/2024\/03\/lizard.jpg"}],"twitter_card":"summary","twitter_misc":{"Est. reading time":"1 minute"},"schema":{"@context":"https:\/\/schema.org","@graph":[{"@type":"WebSite","@id":"https:\/\/www.urlaubcornwall.de\/blog\/#website","url":"https:\/\/www.urlaubcornwall.de\/blog\/","name":"Urlaub &amp; Reisen","description":"Urlaub, Reisen, Cornwall und S\u00fcdengland: eine perfekte Kombination","potentialAction":[{"@type":"SearchAction","target":{"@type":"EntryPoint","urlTemplate":"https:\/\/www.urlaubcornwall.de\/blog\/?s={search_term_string}"},"query-input":"required name=search_term_string"}],"inLanguage":"en-US"},{"@type":"WebPage","@id":"https:\/\/www.urlaubcornwall.de\/blog\/warum-ist-cornwall-so-schoen\/","url":"https:\/\/www.urlaubcornwall.de\/blog\/warum-ist-cornwall-so-schoen\/","name":"Warum ist Cornwall so sch\u00f6n? - Urlaub &amp; Reisen","isPartOf":{"@id":"https:\/\/www.urlaubcornwall.de\/blog\/#website"},"datePublished":"2023-03-13T14:50:05+00:00","dateModified":"2024-04-02T10:27:53+00:00","description":"Cornwall liegt am Ende der s\u00fcdwestlichen Halbinsel Englands und ragt in den Nordatlantik hinein, wobei di Nord- und S\u00fcdk\u00fcste","breadcrumb":{"@id":"https:\/\/www.urlaubcornwall.de\/blog\/warum-ist-cornwall-so-schoen\/#breadcrumb"},"inLanguage":"en-US","potentialAction":[{"@type":"ReadAction","target":["https:\/\/www.urlaubcornwall.de\/blog\/warum-ist-cornwall-so-schoen\/"]}]},{"@type":"BreadcrumbList","@id":"https:\/\/www.urlaubcornwall.de\/blog\/warum-ist-cornwall-so-schoen\/#breadcrumb","itemListElement":[{"@type":"ListItem","position":1,"name":"Home","item":"https:\/\/www.urlaubcornwall.de\/blog\/"},{"@type":"ListItem","position":2,"name":"Warum ist Cornwall so sch\u00f6n?"}]}]}},"_links":{"self":[{"href":"https:\/\/www.urlaubcornwall.de\/blog\/wp-json\/wp\/v2\/pages\/45977"}],"collection":[{"href":"https:\/\/www.urlaubcornwall.de\/blog\/wp-json\/wp\/v2\/pages"}],"about":[{"href":"https:\/\/www.urlaubcornwall.de\/blog\/wp-json\/wp\/v2\/types\/page"}],"author":[{"embeddable":true,"href":"https:\/\/www.urlaubcornwall.de\/blog\/wp-json\/wp\/v2\/users\/1"}],"replies":[{"embeddable":true,"href":"https:\/\/www.urlaubcornwall.de\/blog\/wp-json\/wp\/v2\/comments?post=45977"}],"version-history":[{"count":2,"href":"https:\/\/www.urlaubcornwall.de\/blog\/wp-json\/wp\/v2\/pages\/45977\/revisions"}],"predecessor-version":[{"id":48539,"href":"https:\/\/www.urlaubcornwall.de\/blog\/wp-json\/wp\/v2\/pages\/45977\/revisions\/48539"}],"wp:attachment":[{"href":"https:\/\/www.urlaubcornwall.de\/blog\/wp-json\/wp\/v2\/media?parent=45977"}],"curies":[{"name":"wp","href":"https:\/\/api.w.org\/{rel}","templated":true}]}}