{"id":45973,"date":"2023-03-13T13:33:08","date_gmt":"2023-03-13T13:33:08","guid":{"rendered":"https:\/\/www.urlaubcornwall.de\/blog\/?page_id=45973"},"modified":"2024-05-30T13:47:17","modified_gmt":"2024-05-30T13:47:17","slug":"ist-cornwall-eine-reise-wert","status":"publish","type":"page","link":"https:\/\/www.urlaubcornwall.de\/blog\/ist-cornwall-eine-reise-wert\/","title":{"rendered":"Ist Cornwall eine Reise wert?"},"content":{"rendered":"<p><a href=\"https:\/\/www.urlaubcornwall.de\/blog\/wp-content\/uploads\/2024\/03\/lizard.jpg\"><img loading=\"lazy\" src=\"https:\/\/www.urlaubcornwall.de\/blog\/wp-content\/uploads\/2024\/03\/lizard.jpg\" alt=\"lizard kynance\" width=\"750\" height=\"563\" class=\"alignnone size-full wp-image-47900\" srcset=\"https:\/\/www.urlaubcornwall.de\/blog\/wp-content\/uploads\/2024\/03\/lizard.jpg 750w, https:\/\/www.urlaubcornwall.de\/blog\/wp-content\/uploads\/2024\/03\/lizard-300x225.jpg 300w\" sizes=\"(max-width: 750px) 100vw, 750px\" \/><\/a><\/p>\n<p>Cornwall ist wegen seines milden Klimas, seiner <a href=\"https:\/\/www.urlaubcornwall.de\/blog\/schoensten-straende-in-cornwall\/\">wundersch\u00f6nen Str\u00e4nde<\/a> und seiner einzigartigen Kultur ein beliebtes Touristenziel. Cornwall beherbergt auch viele historische St\u00e4tten und Sehensw\u00fcrdigkeiten. Ist Cornwall England also einen Besuch wert? Absolut!<\/p>\n<p>Cornwall bietet f\u00fcr jeden etwas. Egal, ob Sie einen erholsamen Strandurlaub oder ein actionreiches Abenteuer suchen, <a href=\"https:\/\/www.urlaubcornwall.de\/reiseziel\/cornwall.php\">Cornwall<\/a> bietet alles.<\/p>\n<p>Es gibt viele Dinge, die die Menschen an Cornwall genie\u00dfen, einschlie\u00dflich seiner dramatischen K\u00fcste, <a href=\"https:\/\/www.urlaubcornwall.de\/blog\/fuenf-der-besten-unsere-beliebtesten-haefen-in-cornwall\/\">Fischerh\u00e4fen<\/a>, spektakul\u00e4ren Str\u00e4nde und wundersch\u00f6nen K\u00fcsten sowie der atemberaubenden Sonnenunterg\u00e4nge und der unglaublichen Brandung, die es zu einem idealen Ort f\u00fcr Strandaktivit\u00e4ten machen.<\/p>\n<p>Um <a href=\"https:\/\/www.urlaubcornwall.de\/ferienhaeuser-fewos\/cornwall.html\">UrlaubCornwall.de einzigartige Kollektion<\/a> nach Ihrem idealen Ferienhaus zu durchsuchen. <\/p>\n","protected":false},"excerpt":{"rendered":"<p>Cornwall ist wegen seines milden Klimas, seiner wundersch\u00f6nen Str\u00e4nde und seiner einzigartigen Kultur ein beliebtes Touristenziel. Cornwall beherbergt auch viele historische St\u00e4tten und Sehensw\u00fcrdigkeiten. Ist Cornwall England also einen Besuch wert? Absolut! Cornwall bietet f\u00fcr jeden etwas. Egal, ob Sie einen erholsamen Strandurlaub oder ein actionreiches Abenteuer suchen, Cornwall bietet alles. Es gibt viele Dinge, [&hellip;]<\/p>\n","protected":false},"author":1,"featured_media":0,"parent":0,"menu_order":0,"comment_status":"closed","ping_status":"closed","template":"single-four.php","meta":[],"acf":[],"yoast_head":"<!-- This site is optimized with the Yoast SEO plugin v19.4 - https:\/\/yoast.com\/wordpress\/plugins\/seo\/ -->\n<title>Ist Cornwall eine Reise wert? - Urlaub &amp; Reisen<\/title>\n<meta name=\"description\" content=\"Cornwall ist wegen seines milden Klimas, seiner wundersch\u00f6nen Str\u00e4nde und seiner einzigartigen Kultur ein beliebtes Touristenziel\" \/>\n<meta name=\"robots\" content=\"index, follow, max-snippet:-1, max-image-preview:large, max-video-preview:-1\" \/>\n<link rel=\"canonical\" href=\"https:\/\/www.urlaubcornwall.de\/blog\/ist-cornwall-eine-reise-wert\/\" \/>\n<meta property=\"og:locale\" content=\"en_US\" \/>\n<meta property=\"og:type\" content=\"article\" \/>\n<meta property=\"og:title\" content=\"Ist Cornwall eine Reise wert? - Urlaub &amp; Reisen\" \/>\n<meta property=\"og:description\" content=\"Cornwall ist wegen seines milden Klimas, seiner wundersch\u00f6nen Str\u00e4nde und seiner einzigartigen Kultur ein beliebtes Touristenziel\" \/>\n<meta property=\"og:url\" content=\"https:\/\/www.urlaubcornwall.de\/blog\/ist-cornwall-eine-reise-wert\/\" \/>\n<meta property=\"og:site_name\" content=\"Urlaub &amp; Reisen\" \/>\n<meta property=\"article:modified_time\" content=\"2024-05-30T13:47:17+00:00\" \/>\n<meta property=\"og:image\" content=\"https:\/\/www.urlaubcornwall.de\/blog\/wp-content\/uploads\/2024\/03\/lizard.jpg\" \/>\n<meta name=\"twitter:card\" content=\"summary\" \/>\n<meta name=\"twitter:label1\" content=\"Est. reading time\" \/>\n\t<meta name=\"twitter:data1\" content=\"1 minute\" \/>\n<script type=\"application\/ld+json\" class=\"yoast-schema-graph\">{\"@context\":\"https:\/\/schema.org\",\"@graph\":[{\"@type\":\"WebSite\",\"@id\":\"https:\/\/www.urlaubcornwall.de\/blog\/#website\",\"url\":\"https:\/\/www.urlaubcornwall.de\/blog\/\",\"name\":\"Urlaub &amp; Reisen\",\"description\":\"Urlaub, Reisen, Cornwall und S\u00fcdengland: eine perfekte Kombination\",\"potentialAction\":[{\"@type\":\"SearchAction\",\"target\":{\"@type\":\"EntryPoint\",\"urlTemplate\":\"https:\/\/www.urlaubcornwall.de\/blog\/?s={search_term_string}\"},\"query-input\":\"required name=search_term_string\"}],\"inLanguage\":\"en-US\"},{\"@type\":\"WebPage\",\"@id\":\"https:\/\/www.urlaubcornwall.de\/blog\/ist-cornwall-eine-reise-wert\/\",\"url\":\"https:\/\/www.urlaubcornwall.de\/blog\/ist-cornwall-eine-reise-wert\/\",\"name\":\"Ist Cornwall eine Reise wert? - Urlaub &amp; Reisen\",\"isPartOf\":{\"@id\":\"https:\/\/www.urlaubcornwall.de\/blog\/#website\"},\"datePublished\":\"2023-03-13T13:33:08+00:00\",\"dateModified\":\"2024-05-30T13:47:17+00:00\",\"description\":\"Cornwall ist wegen seines milden Klimas, seiner wundersch\u00f6nen Str\u00e4nde und seiner einzigartigen Kultur ein beliebtes Touristenziel\",\"breadcrumb\":{\"@id\":\"https:\/\/www.urlaubcornwall.de\/blog\/ist-cornwall-eine-reise-wert\/#breadcrumb\"},\"inLanguage\":\"en-US\",\"potentialAction\":[{\"@type\":\"ReadAction\",\"target\":[\"https:\/\/www.urlaubcornwall.de\/blog\/ist-cornwall-eine-reise-wert\/\"]}]},{\"@type\":\"BreadcrumbList\",\"@id\":\"https:\/\/www.urlaubcornwall.de\/blog\/ist-cornwall-eine-reise-wert\/#breadcrumb\",\"itemListElement\":[{\"@type\":\"ListItem\",\"position\":1,\"name\":\"Home\",\"item\":\"https:\/\/www.urlaubcornwall.de\/blog\/\"},{\"@type\":\"ListItem\",\"position\":2,\"name\":\"Ist Cornwall eine Reise wert?\"}]}]}<\/script>\n<!-- \/ Yoast SEO plugin. -->","yoast_head_json":{"title":"Ist Cornwall eine Reise wert? - Urlaub &amp; Reisen","description":"Cornwall ist wegen seines milden Klimas, seiner wundersch\u00f6nen Str\u00e4nde und seiner einzigartigen Kultur ein beliebtes Touristenziel","robots":{"index":"index","follow":"follow","max-snippet":"max-snippet:-1","max-image-preview":"max-image-preview:large","max-video-preview":"max-video-preview:-1"},"canonical":"https:\/\/www.urlaubcornwall.de\/blog\/ist-cornwall-eine-reise-wert\/","og_locale":"en_US","og_type":"article","og_title":"Ist Cornwall eine Reise wert? - Urlaub &amp; Reisen","og_description":"Cornwall ist wegen seines milden Klimas, seiner wundersch\u00f6nen Str\u00e4nde und seiner einzigartigen Kultur ein beliebtes Touristenziel","og_url":"https:\/\/www.urlaubcornwall.de\/blog\/ist-cornwall-eine-reise-wert\/","og_site_name":"Urlaub &amp; Reisen","article_modified_time":"2024-05-30T13:47:17+00:00","og_image":[{"url":"https:\/\/www.urlaubcornwall.de\/blog\/wp-content\/uploads\/2024\/03\/lizard.jpg"}],"twitter_card":"summary","twitter_misc":{"Est. reading time":"1 minute"},"schema":{"@context":"https:\/\/schema.org","@graph":[{"@type":"WebSite","@id":"https:\/\/www.urlaubcornwall.de\/blog\/#website","url":"https:\/\/www.urlaubcornwall.de\/blog\/","name":"Urlaub &amp; Reisen","description":"Urlaub, Reisen, Cornwall und S\u00fcdengland: eine perfekte Kombination","potentialAction":[{"@type":"SearchAction","target":{"@type":"EntryPoint","urlTemplate":"https:\/\/www.urlaubcornwall.de\/blog\/?s={search_term_string}"},"query-input":"required name=search_term_string"}],"inLanguage":"en-US"},{"@type":"WebPage","@id":"https:\/\/www.urlaubcornwall.de\/blog\/ist-cornwall-eine-reise-wert\/","url":"https:\/\/www.urlaubcornwall.de\/blog\/ist-cornwall-eine-reise-wert\/","name":"Ist Cornwall eine Reise wert? - Urlaub &amp; Reisen","isPartOf":{"@id":"https:\/\/www.urlaubcornwall.de\/blog\/#website"},"datePublished":"2023-03-13T13:33:08+00:00","dateModified":"2024-05-30T13:47:17+00:00","description":"Cornwall ist wegen seines milden Klimas, seiner wundersch\u00f6nen Str\u00e4nde und seiner einzigartigen Kultur ein beliebtes Touristenziel","breadcrumb":{"@id":"https:\/\/www.urlaubcornwall.de\/blog\/ist-cornwall-eine-reise-wert\/#breadcrumb"},"inLanguage":"en-US","potentialAction":[{"@type":"ReadAction","target":["https:\/\/www.urlaubcornwall.de\/blog\/ist-cornwall-eine-reise-wert\/"]}]},{"@type":"BreadcrumbList","@id":"https:\/\/www.urlaubcornwall.de\/blog\/ist-cornwall-eine-reise-wert\/#breadcrumb","itemListElement":[{"@type":"ListItem","position":1,"name":"Home","item":"https:\/\/www.urlaubcornwall.de\/blog\/"},{"@type":"ListItem","position":2,"name":"Ist Cornwall eine Reise wert?"}]}]}},"_links":{"self":[{"href":"https:\/\/www.urlaubcornwall.de\/blog\/wp-json\/wp\/v2\/pages\/45973"}],"collection":[{"href":"https:\/\/www.urlaubcornwall.de\/blog\/wp-json\/wp\/v2\/pages"}],"about":[{"href":"https:\/\/www.urlaubcornwall.de\/blog\/wp-json\/wp\/v2\/types\/page"}],"author":[{"embeddable":true,"href":"https:\/\/www.urlaubcornwall.de\/blog\/wp-json\/wp\/v2\/users\/1"}],"replies":[{"embeddable":true,"href":"https:\/\/www.urlaubcornwall.de\/blog\/wp-json\/wp\/v2\/comments?post=45973"}],"version-history":[{"count":3,"href":"https:\/\/www.urlaubcornwall.de\/blog\/wp-json\/wp\/v2\/pages\/45973\/revisions"}],"predecessor-version":[{"id":51078,"href":"https:\/\/www.urlaubcornwall.de\/blog\/wp-json\/wp\/v2\/pages\/45973\/revisions\/51078"}],"wp:attachment":[{"href":"https:\/\/www.urlaubcornwall.de\/blog\/wp-json\/wp\/v2\/media?parent=45973"}],"curies":[{"name":"wp","href":"https:\/\/api.w.org\/{rel}","templated":true}]}}