{"id":45971,"date":"2023-03-13T09:43:29","date_gmt":"2023-03-13T09:43:29","guid":{"rendered":"https:\/\/www.urlaubcornwall.de\/blog\/?page_id=45971"},"modified":"2023-03-13T13:30:29","modified_gmt":"2023-03-13T13:30:29","slug":"ist-cornwall-im-sommer-ueberfuellt","status":"publish","type":"page","link":"https:\/\/www.urlaubcornwall.de\/blog\/ist-cornwall-im-sommer-ueberfuellt\/","title":{"rendered":"Ist Cornwall im Sommer \u00fcberf\u00fcllt?"},"content":{"rendered":"<p><img loading=\"lazy\" class=\"aligncenter size-full wp-image-39254\" src=\"https:\/\/www.urlaubcornwall.de\/blog\/wp-content\/uploads\/2019\/12\/Urlaub-in-Cornwall-ohne-die-Massen.jpg\" alt=\"Urlaub in Cornwall ohne die Massen\" width=\"749\" height=\"503\" srcset=\"https:\/\/www.urlaubcornwall.de\/blog\/wp-content\/uploads\/2019\/12\/Urlaub-in-Cornwall-ohne-die-Massen.jpg 751w, https:\/\/www.urlaubcornwall.de\/blog\/wp-content\/uploads\/2019\/12\/Urlaub-in-Cornwall-ohne-die-Massen-300x201.jpg 300w\" sizes=\"(max-width: 749px) 100vw, 749px\" \/> <\/p>\n<p>In den Sommermonaten ist es bekannt f\u00fcr starken Verkehr und \u00dcberf\u00fcllung beliebter Urlaubsziele, da Hunderttausende von Besuchern in der Grafschaft ankommen. Aber es ist m\u00f6glich, ruhigere Ecken Cornwalls zu finden, die weniger bekannt sind.<\/p>\n<p>Hier ist unser <a href=\"https:\/\/www.urlaubcornwall.de\/blog\/urlaub-in-cornwall-ohne-die-massen-leere-straende-ruhige-doerfer\/\">Reisef\u00fchrer f\u00fcr Cornwall ohne Menschenmassen<\/a>.<\/p>\n<p>Um <a href=\"https:\/\/www.urlaubcornwall.de\/ferienhaeuser-fewos\/cornwall.html\">UrlaubCornwall.de einzigartige Kollektion<\/a> nach Ihrem idealen Ferienhaus zu durchsuchen. <\/p>\n","protected":false},"excerpt":{"rendered":"<p>In den Sommermonaten ist es bekannt f\u00fcr starken Verkehr und \u00dcberf\u00fcllung beliebter Urlaubsziele, da Hunderttausende von Besuchern in der Grafschaft ankommen. Aber es ist m\u00f6glich, ruhigere Ecken Cornwalls zu finden, die weniger bekannt sind. Hier ist unser Reisef\u00fchrer f\u00fcr Cornwall ohne Menschenmassen. Um UrlaubCornwall.de einzigartige Kollektion nach Ihrem idealen Ferienhaus zu durchsuchen.<\/p>\n","protected":false},"author":1,"featured_media":0,"parent":0,"menu_order":0,"comment_status":"closed","ping_status":"closed","template":"single-four.php","meta":[],"acf":[],"yoast_head":"<!-- This site is optimized with the Yoast SEO plugin v19.4 - https:\/\/yoast.com\/wordpress\/plugins\/seo\/ -->\n<title>Ist Cornwall im Sommer \u00fcberf\u00fcllt? - Urlaub &amp; Reisen<\/title>\n<meta name=\"description\" content=\"In den Sommermonaten ist es bekannt f\u00fcr starken Verkehr und \u00dcberf\u00fcllung beliebter Urlaubsziele, da Hunderttausende\" \/>\n<meta name=\"robots\" content=\"index, follow, max-snippet:-1, max-image-preview:large, max-video-preview:-1\" \/>\n<link rel=\"canonical\" href=\"https:\/\/www.urlaubcornwall.de\/blog\/ist-cornwall-im-sommer-ueberfuellt\/\" \/>\n<meta property=\"og:locale\" content=\"en_US\" \/>\n<meta property=\"og:type\" content=\"article\" \/>\n<meta property=\"og:title\" content=\"Ist Cornwall im Sommer \u00fcberf\u00fcllt? - Urlaub &amp; Reisen\" \/>\n<meta property=\"og:description\" content=\"In den Sommermonaten ist es bekannt f\u00fcr starken Verkehr und \u00dcberf\u00fcllung beliebter Urlaubsziele, da Hunderttausende\" \/>\n<meta property=\"og:url\" content=\"https:\/\/www.urlaubcornwall.de\/blog\/ist-cornwall-im-sommer-ueberfuellt\/\" \/>\n<meta property=\"og:site_name\" content=\"Urlaub &amp; Reisen\" \/>\n<meta property=\"article:modified_time\" content=\"2023-03-13T13:30:29+00:00\" \/>\n<meta property=\"og:image\" content=\"https:\/\/www.urlaubcornwall.de\/blog\/wp-content\/uploads\/2019\/12\/Urlaub-in-Cornwall-ohne-die-Massen.jpg\" \/>\n<meta name=\"twitter:card\" content=\"summary\" \/>\n<meta name=\"twitter:label1\" content=\"Est. reading time\" \/>\n\t<meta name=\"twitter:data1\" content=\"1 minute\" \/>\n<script type=\"application\/ld+json\" class=\"yoast-schema-graph\">{\"@context\":\"https:\/\/schema.org\",\"@graph\":[{\"@type\":\"WebSite\",\"@id\":\"https:\/\/www.urlaubcornwall.de\/blog\/#website\",\"url\":\"https:\/\/www.urlaubcornwall.de\/blog\/\",\"name\":\"Urlaub &amp; Reisen\",\"description\":\"Urlaub, Reisen, Cornwall und S\u00fcdengland: eine perfekte Kombination\",\"potentialAction\":[{\"@type\":\"SearchAction\",\"target\":{\"@type\":\"EntryPoint\",\"urlTemplate\":\"https:\/\/www.urlaubcornwall.de\/blog\/?s={search_term_string}\"},\"query-input\":\"required name=search_term_string\"}],\"inLanguage\":\"en-US\"},{\"@type\":\"WebPage\",\"@id\":\"https:\/\/www.urlaubcornwall.de\/blog\/ist-cornwall-im-sommer-ueberfuellt\/\",\"url\":\"https:\/\/www.urlaubcornwall.de\/blog\/ist-cornwall-im-sommer-ueberfuellt\/\",\"name\":\"Ist Cornwall im Sommer \u00fcberf\u00fcllt? - Urlaub &amp; Reisen\",\"isPartOf\":{\"@id\":\"https:\/\/www.urlaubcornwall.de\/blog\/#website\"},\"datePublished\":\"2023-03-13T09:43:29+00:00\",\"dateModified\":\"2023-03-13T13:30:29+00:00\",\"description\":\"In den Sommermonaten ist es bekannt f\u00fcr starken Verkehr und \u00dcberf\u00fcllung beliebter Urlaubsziele, da Hunderttausende\",\"breadcrumb\":{\"@id\":\"https:\/\/www.urlaubcornwall.de\/blog\/ist-cornwall-im-sommer-ueberfuellt\/#breadcrumb\"},\"inLanguage\":\"en-US\",\"potentialAction\":[{\"@type\":\"ReadAction\",\"target\":[\"https:\/\/www.urlaubcornwall.de\/blog\/ist-cornwall-im-sommer-ueberfuellt\/\"]}]},{\"@type\":\"BreadcrumbList\",\"@id\":\"https:\/\/www.urlaubcornwall.de\/blog\/ist-cornwall-im-sommer-ueberfuellt\/#breadcrumb\",\"itemListElement\":[{\"@type\":\"ListItem\",\"position\":1,\"name\":\"Home\",\"item\":\"https:\/\/www.urlaubcornwall.de\/blog\/\"},{\"@type\":\"ListItem\",\"position\":2,\"name\":\"Ist Cornwall im Sommer \u00fcberf\u00fcllt?\"}]}]}<\/script>\n<!-- \/ Yoast SEO plugin. -->","yoast_head_json":{"title":"Ist Cornwall im Sommer \u00fcberf\u00fcllt? - Urlaub &amp; Reisen","description":"In den Sommermonaten ist es bekannt f\u00fcr starken Verkehr und \u00dcberf\u00fcllung beliebter Urlaubsziele, da Hunderttausende","robots":{"index":"index","follow":"follow","max-snippet":"max-snippet:-1","max-image-preview":"max-image-preview:large","max-video-preview":"max-video-preview:-1"},"canonical":"https:\/\/www.urlaubcornwall.de\/blog\/ist-cornwall-im-sommer-ueberfuellt\/","og_locale":"en_US","og_type":"article","og_title":"Ist Cornwall im Sommer \u00fcberf\u00fcllt? - Urlaub &amp; Reisen","og_description":"In den Sommermonaten ist es bekannt f\u00fcr starken Verkehr und \u00dcberf\u00fcllung beliebter Urlaubsziele, da Hunderttausende","og_url":"https:\/\/www.urlaubcornwall.de\/blog\/ist-cornwall-im-sommer-ueberfuellt\/","og_site_name":"Urlaub &amp; Reisen","article_modified_time":"2023-03-13T13:30:29+00:00","og_image":[{"url":"https:\/\/www.urlaubcornwall.de\/blog\/wp-content\/uploads\/2019\/12\/Urlaub-in-Cornwall-ohne-die-Massen.jpg"}],"twitter_card":"summary","twitter_misc":{"Est. reading time":"1 minute"},"schema":{"@context":"https:\/\/schema.org","@graph":[{"@type":"WebSite","@id":"https:\/\/www.urlaubcornwall.de\/blog\/#website","url":"https:\/\/www.urlaubcornwall.de\/blog\/","name":"Urlaub &amp; Reisen","description":"Urlaub, Reisen, Cornwall und S\u00fcdengland: eine perfekte Kombination","potentialAction":[{"@type":"SearchAction","target":{"@type":"EntryPoint","urlTemplate":"https:\/\/www.urlaubcornwall.de\/blog\/?s={search_term_string}"},"query-input":"required name=search_term_string"}],"inLanguage":"en-US"},{"@type":"WebPage","@id":"https:\/\/www.urlaubcornwall.de\/blog\/ist-cornwall-im-sommer-ueberfuellt\/","url":"https:\/\/www.urlaubcornwall.de\/blog\/ist-cornwall-im-sommer-ueberfuellt\/","name":"Ist Cornwall im Sommer \u00fcberf\u00fcllt? - Urlaub &amp; Reisen","isPartOf":{"@id":"https:\/\/www.urlaubcornwall.de\/blog\/#website"},"datePublished":"2023-03-13T09:43:29+00:00","dateModified":"2023-03-13T13:30:29+00:00","description":"In den Sommermonaten ist es bekannt f\u00fcr starken Verkehr und \u00dcberf\u00fcllung beliebter Urlaubsziele, da Hunderttausende","breadcrumb":{"@id":"https:\/\/www.urlaubcornwall.de\/blog\/ist-cornwall-im-sommer-ueberfuellt\/#breadcrumb"},"inLanguage":"en-US","potentialAction":[{"@type":"ReadAction","target":["https:\/\/www.urlaubcornwall.de\/blog\/ist-cornwall-im-sommer-ueberfuellt\/"]}]},{"@type":"BreadcrumbList","@id":"https:\/\/www.urlaubcornwall.de\/blog\/ist-cornwall-im-sommer-ueberfuellt\/#breadcrumb","itemListElement":[{"@type":"ListItem","position":1,"name":"Home","item":"https:\/\/www.urlaubcornwall.de\/blog\/"},{"@type":"ListItem","position":2,"name":"Ist Cornwall im Sommer \u00fcberf\u00fcllt?"}]}]}},"_links":{"self":[{"href":"https:\/\/www.urlaubcornwall.de\/blog\/wp-json\/wp\/v2\/pages\/45971"}],"collection":[{"href":"https:\/\/www.urlaubcornwall.de\/blog\/wp-json\/wp\/v2\/pages"}],"about":[{"href":"https:\/\/www.urlaubcornwall.de\/blog\/wp-json\/wp\/v2\/types\/page"}],"author":[{"embeddable":true,"href":"https:\/\/www.urlaubcornwall.de\/blog\/wp-json\/wp\/v2\/users\/1"}],"replies":[{"embeddable":true,"href":"https:\/\/www.urlaubcornwall.de\/blog\/wp-json\/wp\/v2\/comments?post=45971"}],"version-history":[{"count":2,"href":"https:\/\/www.urlaubcornwall.de\/blog\/wp-json\/wp\/v2\/pages\/45971\/revisions"}],"predecessor-version":[{"id":45975,"href":"https:\/\/www.urlaubcornwall.de\/blog\/wp-json\/wp\/v2\/pages\/45971\/revisions\/45975"}],"wp:attachment":[{"href":"https:\/\/www.urlaubcornwall.de\/blog\/wp-json\/wp\/v2\/media?parent=45971"}],"curies":[{"name":"wp","href":"https:\/\/api.w.org\/{rel}","templated":true}]}}