{"id":45969,"date":"2023-03-13T09:15:27","date_gmt":"2023-03-13T09:15:27","guid":{"rendered":"https:\/\/www.urlaubcornwall.de\/blog\/?page_id=45969"},"modified":"2023-03-13T09:15:27","modified_gmt":"2023-03-13T09:15:27","slug":"wann-ist-hochsaison-in-cornwall","status":"publish","type":"page","link":"https:\/\/www.urlaubcornwall.de\/blog\/wann-ist-hochsaison-in-cornwall\/","title":{"rendered":"Wann ist Hochsaison in Cornwall?"},"content":{"rendered":"<p><img loading=\"lazy\" class=\"aligncenter size-full wp-image-40126\" src=\"https:\/\/www.urlaubcornwall.de\/blog\/wp-content\/uploads\/2020\/05\/fistral-strand-blick-1.jpg\" alt=\"fistral strand blick\" width=\"750\" height=\"657\"\/><\/p>\n<p>Juni bis August &#8211; Die hei\u00dfeste und gesch\u00e4ftigste Zeit des Jahres f\u00fcr einen Besuch, mit den Schulferien von Mitte Juli bis Ende August. Im Sommer dreht sich alles um Str\u00e4nde, sch\u00f6ne Spazierg\u00e4nge, Essen im Freien, Sonnenunterg\u00e4nge, Wassersport und die freie Natur!<\/p>\n<p>Cornwall besitzt mehr K\u00fcstenlinien als jede andere Grafschaft und bietet einige der besten Str\u00e4nde, K\u00fcstenwanderwege und Klippenlandschaften, die man \u00fcberhaupt finden kann. Es ist das perfekte Urlaubsziel \u2013 suchen Sie sich also ein <a href=\"https:\/\/www.urlaubcornwall.de\/ferienhaeuser-fewos\/cornwall.html\">Ferienhaus mit Selbstverpflegung in Cornwall<\/a> aus, wo es auch landeinw\u00e4rts viel zu entdecken gibt. Mit seinem \u00fcberaus milden Klima werden Sie sich fragen, ob Sie sich tats\u00e4chlich in England befinden.<\/p>\n<p>Um <a href=\"https:\/\/www.urlaubcornwall.de\/ferienhaeuser-fewos\/cornwall.html\">UrlaubCornwall.de einzigartige Kollektion<\/a> nach Ihrem idealen Ferienhaus zu durchsuchen. <\/p>\n","protected":false},"excerpt":{"rendered":"<p>Juni bis August &#8211; Die hei\u00dfeste und gesch\u00e4ftigste Zeit des Jahres f\u00fcr einen Besuch, mit den Schulferien von Mitte Juli bis Ende August. Im Sommer dreht sich alles um Str\u00e4nde, sch\u00f6ne Spazierg\u00e4nge, Essen im Freien, Sonnenunterg\u00e4nge, Wassersport und die freie Natur! Cornwall besitzt mehr K\u00fcstenlinien als jede andere Grafschaft und bietet einige der besten Str\u00e4nde, [&hellip;]<\/p>\n","protected":false},"author":1,"featured_media":0,"parent":0,"menu_order":0,"comment_status":"closed","ping_status":"closed","template":"single-four.php","meta":[],"acf":[],"yoast_head":"<!-- This site is optimized with the Yoast SEO plugin v19.4 - https:\/\/yoast.com\/wordpress\/plugins\/seo\/ -->\n<title>Wann ist Hochsaison in Cornwall? - Urlaub &amp; Reisen<\/title>\n<meta name=\"description\" content=\"Juni bis August - Die hei\u00dfeste und gesch\u00e4ftigste Zeit des Jahres f\u00fcr einen Besuch, mit den Schulferien von Mitte Juli bis Ende August\" \/>\n<meta name=\"robots\" content=\"index, follow, max-snippet:-1, max-image-preview:large, max-video-preview:-1\" \/>\n<link rel=\"canonical\" href=\"https:\/\/www.urlaubcornwall.de\/blog\/wann-ist-hochsaison-in-cornwall\/\" \/>\n<meta property=\"og:locale\" content=\"en_US\" \/>\n<meta property=\"og:type\" content=\"article\" \/>\n<meta property=\"og:title\" content=\"Wann ist Hochsaison in Cornwall? - Urlaub &amp; Reisen\" \/>\n<meta property=\"og:description\" content=\"Juni bis August - Die hei\u00dfeste und gesch\u00e4ftigste Zeit des Jahres f\u00fcr einen Besuch, mit den Schulferien von Mitte Juli bis Ende August\" \/>\n<meta property=\"og:url\" content=\"https:\/\/www.urlaubcornwall.de\/blog\/wann-ist-hochsaison-in-cornwall\/\" \/>\n<meta property=\"og:site_name\" content=\"Urlaub &amp; Reisen\" \/>\n<meta property=\"og:image\" content=\"https:\/\/www.urlaubcornwall.de\/blog\/wp-content\/uploads\/2020\/05\/fistral-strand-blick-1.jpg\" \/>\n<meta name=\"twitter:card\" content=\"summary\" \/>\n<script type=\"application\/ld+json\" class=\"yoast-schema-graph\">{\"@context\":\"https:\/\/schema.org\",\"@graph\":[{\"@type\":\"WebSite\",\"@id\":\"https:\/\/www.urlaubcornwall.de\/blog\/#website\",\"url\":\"https:\/\/www.urlaubcornwall.de\/blog\/\",\"name\":\"Urlaub &amp; Reisen\",\"description\":\"Urlaub, Reisen, Cornwall und S\u00fcdengland: eine perfekte Kombination\",\"potentialAction\":[{\"@type\":\"SearchAction\",\"target\":{\"@type\":\"EntryPoint\",\"urlTemplate\":\"https:\/\/www.urlaubcornwall.de\/blog\/?s={search_term_string}\"},\"query-input\":\"required name=search_term_string\"}],\"inLanguage\":\"en-US\"},{\"@type\":\"WebPage\",\"@id\":\"https:\/\/www.urlaubcornwall.de\/blog\/wann-ist-hochsaison-in-cornwall\/\",\"url\":\"https:\/\/www.urlaubcornwall.de\/blog\/wann-ist-hochsaison-in-cornwall\/\",\"name\":\"Wann ist Hochsaison in Cornwall? - Urlaub &amp; Reisen\",\"isPartOf\":{\"@id\":\"https:\/\/www.urlaubcornwall.de\/blog\/#website\"},\"datePublished\":\"2023-03-13T09:15:27+00:00\",\"dateModified\":\"2023-03-13T09:15:27+00:00\",\"description\":\"Juni bis August - Die hei\u00dfeste und gesch\u00e4ftigste Zeit des Jahres f\u00fcr einen Besuch, mit den Schulferien von Mitte Juli bis Ende August\",\"breadcrumb\":{\"@id\":\"https:\/\/www.urlaubcornwall.de\/blog\/wann-ist-hochsaison-in-cornwall\/#breadcrumb\"},\"inLanguage\":\"en-US\",\"potentialAction\":[{\"@type\":\"ReadAction\",\"target\":[\"https:\/\/www.urlaubcornwall.de\/blog\/wann-ist-hochsaison-in-cornwall\/\"]}]},{\"@type\":\"BreadcrumbList\",\"@id\":\"https:\/\/www.urlaubcornwall.de\/blog\/wann-ist-hochsaison-in-cornwall\/#breadcrumb\",\"itemListElement\":[{\"@type\":\"ListItem\",\"position\":1,\"name\":\"Home\",\"item\":\"https:\/\/www.urlaubcornwall.de\/blog\/\"},{\"@type\":\"ListItem\",\"position\":2,\"name\":\"Wann ist Hochsaison in Cornwall?\"}]}]}<\/script>\n<!-- \/ Yoast SEO plugin. -->","yoast_head_json":{"title":"Wann ist Hochsaison in Cornwall? - Urlaub &amp; Reisen","description":"Juni bis August - Die hei\u00dfeste und gesch\u00e4ftigste Zeit des Jahres f\u00fcr einen Besuch, mit den Schulferien von Mitte Juli bis Ende August","robots":{"index":"index","follow":"follow","max-snippet":"max-snippet:-1","max-image-preview":"max-image-preview:large","max-video-preview":"max-video-preview:-1"},"canonical":"https:\/\/www.urlaubcornwall.de\/blog\/wann-ist-hochsaison-in-cornwall\/","og_locale":"en_US","og_type":"article","og_title":"Wann ist Hochsaison in Cornwall? - Urlaub &amp; Reisen","og_description":"Juni bis August - Die hei\u00dfeste und gesch\u00e4ftigste Zeit des Jahres f\u00fcr einen Besuch, mit den Schulferien von Mitte Juli bis Ende August","og_url":"https:\/\/www.urlaubcornwall.de\/blog\/wann-ist-hochsaison-in-cornwall\/","og_site_name":"Urlaub &amp; Reisen","og_image":[{"url":"https:\/\/www.urlaubcornwall.de\/blog\/wp-content\/uploads\/2020\/05\/fistral-strand-blick-1.jpg"}],"twitter_card":"summary","schema":{"@context":"https:\/\/schema.org","@graph":[{"@type":"WebSite","@id":"https:\/\/www.urlaubcornwall.de\/blog\/#website","url":"https:\/\/www.urlaubcornwall.de\/blog\/","name":"Urlaub &amp; Reisen","description":"Urlaub, Reisen, Cornwall und S\u00fcdengland: eine perfekte Kombination","potentialAction":[{"@type":"SearchAction","target":{"@type":"EntryPoint","urlTemplate":"https:\/\/www.urlaubcornwall.de\/blog\/?s={search_term_string}"},"query-input":"required name=search_term_string"}],"inLanguage":"en-US"},{"@type":"WebPage","@id":"https:\/\/www.urlaubcornwall.de\/blog\/wann-ist-hochsaison-in-cornwall\/","url":"https:\/\/www.urlaubcornwall.de\/blog\/wann-ist-hochsaison-in-cornwall\/","name":"Wann ist Hochsaison in Cornwall? - Urlaub &amp; Reisen","isPartOf":{"@id":"https:\/\/www.urlaubcornwall.de\/blog\/#website"},"datePublished":"2023-03-13T09:15:27+00:00","dateModified":"2023-03-13T09:15:27+00:00","description":"Juni bis August - Die hei\u00dfeste und gesch\u00e4ftigste Zeit des Jahres f\u00fcr einen Besuch, mit den Schulferien von Mitte Juli bis Ende August","breadcrumb":{"@id":"https:\/\/www.urlaubcornwall.de\/blog\/wann-ist-hochsaison-in-cornwall\/#breadcrumb"},"inLanguage":"en-US","potentialAction":[{"@type":"ReadAction","target":["https:\/\/www.urlaubcornwall.de\/blog\/wann-ist-hochsaison-in-cornwall\/"]}]},{"@type":"BreadcrumbList","@id":"https:\/\/www.urlaubcornwall.de\/blog\/wann-ist-hochsaison-in-cornwall\/#breadcrumb","itemListElement":[{"@type":"ListItem","position":1,"name":"Home","item":"https:\/\/www.urlaubcornwall.de\/blog\/"},{"@type":"ListItem","position":2,"name":"Wann ist Hochsaison in Cornwall?"}]}]}},"_links":{"self":[{"href":"https:\/\/www.urlaubcornwall.de\/blog\/wp-json\/wp\/v2\/pages\/45969"}],"collection":[{"href":"https:\/\/www.urlaubcornwall.de\/blog\/wp-json\/wp\/v2\/pages"}],"about":[{"href":"https:\/\/www.urlaubcornwall.de\/blog\/wp-json\/wp\/v2\/types\/page"}],"author":[{"embeddable":true,"href":"https:\/\/www.urlaubcornwall.de\/blog\/wp-json\/wp\/v2\/users\/1"}],"replies":[{"embeddable":true,"href":"https:\/\/www.urlaubcornwall.de\/blog\/wp-json\/wp\/v2\/comments?post=45969"}],"version-history":[{"count":1,"href":"https:\/\/www.urlaubcornwall.de\/blog\/wp-json\/wp\/v2\/pages\/45969\/revisions"}],"predecessor-version":[{"id":45970,"href":"https:\/\/www.urlaubcornwall.de\/blog\/wp-json\/wp\/v2\/pages\/45969\/revisions\/45970"}],"wp:attachment":[{"href":"https:\/\/www.urlaubcornwall.de\/blog\/wp-json\/wp\/v2\/media?parent=45969"}],"curies":[{"name":"wp","href":"https:\/\/api.w.org\/{rel}","templated":true}]}}