{"id":45963,"date":"2023-03-13T09:03:19","date_gmt":"2023-03-13T09:03:19","guid":{"rendered":"https:\/\/www.urlaubcornwall.de\/blog\/?page_id=45963"},"modified":"2023-03-13T09:03:19","modified_gmt":"2023-03-13T09:03:19","slug":"ist-newquay-schoen","status":"publish","type":"page","link":"https:\/\/www.urlaubcornwall.de\/blog\/ist-newquay-schoen\/","title":{"rendered":"Ist Newquay sch\u00f6n?"},"content":{"rendered":"<p><img loading=\"lazy\" class=\"aligncenter size-full wp-image-40126\" src=\"https:\/\/www.urlaubcornwall.de\/blog\/wp-content\/uploads\/2020\/05\/fistral-strand-blick-1.jpg\" alt=\"fistral strand blick\" width=\"750\" height=\"657\"\/><\/p>\n<p>Mit kilometerlangen goldenen Sandstr\u00e4nden und bezaubernden K\u00fcsten bietet <a href=\"https:\/\/www.urlaubcornwall.de\/ferienhaeuser-fewos\/newquay.html\">Newquay<\/a> einige der sch\u00f6nsten <a href=\"https:\/\/www.urlaubcornwall.de\/blog\/straende-westkueste-cornwall-insidertipps\/\">Str\u00e4nde in Cornwall<\/a>. Wo auch immer Sie in Newquay \u00fcbernachten, Sie sind nie zu weit von einem der zw\u00f6lf goldenen Str\u00e4nde entfernt, von denen jeder an jedem Tag Ihres Aufenthalts ein anderes Stranderlebnis bietet.<\/p>\n<p>Sie werden feststellen, dass die meisten Str\u00e4nde in und um Newquay aus goldenem Sand bestehen, was es f\u00fcr Sie angenehmer macht, Ihren Tag am Meer zu genie\u00dfen. Egal, ob Sie nach Familienspa\u00df suchen, wo die Kinder die Felsenbecken erkunden k\u00f6nnen, eine entspannende Bucht, in der Sie sitzen und den Wellen lauschen k\u00f6nnen, gegen die sie sanft schlagen. <\/p>\n<p>Um UrlaubCornwall.de einzigartige Kollektion nach Ihrem <a href=\"https:\/\/www.urlaubcornwall.de\/ferienhaeuser-fewos\/newquay.html\">idealen Ferienhaus<\/a> zu durchsuchen. <\/p>\n<div class=\"snippet\"> <a class=\"featured-item\" href=\" https:\/\/www.urlaubcornwall.de\/ferienhaeuser-fewos\/cornwall.html\"> <span class=\"image-holder\" style=\"background-image: url(' https:\/\/www.urlaubcornwall.de\/blog\/wp-content\/uploads\/2019\/01\/ferienhaus-falmouth.jpg ');\"><\/span> <span class=\"featured-content\"> \n<h2 class=\"featured-title\">Ferienh\u00e4user und Ferienwohnungen in Newquay<\/h2>\n<p class=\"featured-body\">Als zweifelsohne die lebendigste Stadt an der Nordk\u00fcste sorgt Newquay sowohl f\u00fcr junge Nachtschw\u00e4rmer als auch Familien&#8230;&#8230;<\/p>\n<\/span> <span class=\"featured-link-holder\"> <span class=\"featured-extra-info\"> \n<p>F\u00fcr Paare, Familien &#038; Gruppen<\/p>\n<\/span> \n<p class=\"featured-link\">DETAILS<\/p>\n<\/span> <\/a><\/div>\n","protected":false},"excerpt":{"rendered":"<p>Mit kilometerlangen goldenen Sandstr\u00e4nden und bezaubernden K\u00fcsten bietet Newquay einige der sch\u00f6nsten Str\u00e4nde in Cornwall. Wo auch immer Sie in Newquay \u00fcbernachten, Sie sind nie zu weit von einem der zw\u00f6lf goldenen Str\u00e4nde entfernt, von denen jeder an jedem Tag Ihres Aufenthalts ein anderes Stranderlebnis bietet. Sie werden feststellen, dass die meisten Str\u00e4nde in und [&hellip;]<\/p>\n","protected":false},"author":1,"featured_media":0,"parent":0,"menu_order":0,"comment_status":"closed","ping_status":"closed","template":"single-four.php","meta":[],"acf":[],"yoast_head":"<!-- This site is optimized with the Yoast SEO plugin v19.4 - https:\/\/yoast.com\/wordpress\/plugins\/seo\/ -->\n<title>Ist Newquay sch\u00f6n? - Urlaub &amp; Reisen<\/title>\n<meta name=\"description\" content=\"Sie werden feststellen, dass die meisten Str\u00e4nde in und um Newquay aus goldenem Sand bestehen, was es f\u00fcr Sie angenehmer macht\" \/>\n<meta name=\"robots\" content=\"index, follow, max-snippet:-1, max-image-preview:large, max-video-preview:-1\" \/>\n<link rel=\"canonical\" href=\"https:\/\/www.urlaubcornwall.de\/blog\/ist-newquay-schoen\/\" \/>\n<meta property=\"og:locale\" content=\"en_US\" \/>\n<meta property=\"og:type\" content=\"article\" \/>\n<meta property=\"og:title\" content=\"Ist Newquay sch\u00f6n? - Urlaub &amp; Reisen\" \/>\n<meta property=\"og:description\" content=\"Sie werden feststellen, dass die meisten Str\u00e4nde in und um Newquay aus goldenem Sand bestehen, was es f\u00fcr Sie angenehmer macht\" \/>\n<meta property=\"og:url\" content=\"https:\/\/www.urlaubcornwall.de\/blog\/ist-newquay-schoen\/\" \/>\n<meta property=\"og:site_name\" content=\"Urlaub &amp; Reisen\" \/>\n<meta property=\"og:image\" content=\"https:\/\/www.urlaubcornwall.de\/blog\/wp-content\/uploads\/2020\/05\/fistral-strand-blick-1.jpg\" \/>\n<meta name=\"twitter:card\" content=\"summary\" \/>\n<script type=\"application\/ld+json\" class=\"yoast-schema-graph\">{\"@context\":\"https:\/\/schema.org\",\"@graph\":[{\"@type\":\"WebSite\",\"@id\":\"https:\/\/www.urlaubcornwall.de\/blog\/#website\",\"url\":\"https:\/\/www.urlaubcornwall.de\/blog\/\",\"name\":\"Urlaub &amp; Reisen\",\"description\":\"Urlaub, Reisen, Cornwall und S\u00fcdengland: eine perfekte Kombination\",\"potentialAction\":[{\"@type\":\"SearchAction\",\"target\":{\"@type\":\"EntryPoint\",\"urlTemplate\":\"https:\/\/www.urlaubcornwall.de\/blog\/?s={search_term_string}\"},\"query-input\":\"required name=search_term_string\"}],\"inLanguage\":\"en-US\"},{\"@type\":\"WebPage\",\"@id\":\"https:\/\/www.urlaubcornwall.de\/blog\/ist-newquay-schoen\/\",\"url\":\"https:\/\/www.urlaubcornwall.de\/blog\/ist-newquay-schoen\/\",\"name\":\"Ist Newquay sch\u00f6n? - Urlaub &amp; Reisen\",\"isPartOf\":{\"@id\":\"https:\/\/www.urlaubcornwall.de\/blog\/#website\"},\"datePublished\":\"2023-03-13T09:03:19+00:00\",\"dateModified\":\"2023-03-13T09:03:19+00:00\",\"description\":\"Sie werden feststellen, dass die meisten Str\u00e4nde in und um Newquay aus goldenem Sand bestehen, was es f\u00fcr Sie angenehmer macht\",\"breadcrumb\":{\"@id\":\"https:\/\/www.urlaubcornwall.de\/blog\/ist-newquay-schoen\/#breadcrumb\"},\"inLanguage\":\"en-US\",\"potentialAction\":[{\"@type\":\"ReadAction\",\"target\":[\"https:\/\/www.urlaubcornwall.de\/blog\/ist-newquay-schoen\/\"]}]},{\"@type\":\"BreadcrumbList\",\"@id\":\"https:\/\/www.urlaubcornwall.de\/blog\/ist-newquay-schoen\/#breadcrumb\",\"itemListElement\":[{\"@type\":\"ListItem\",\"position\":1,\"name\":\"Home\",\"item\":\"https:\/\/www.urlaubcornwall.de\/blog\/\"},{\"@type\":\"ListItem\",\"position\":2,\"name\":\"Ist Newquay sch\u00f6n?\"}]}]}<\/script>\n<!-- \/ Yoast SEO plugin. -->","yoast_head_json":{"title":"Ist Newquay sch\u00f6n? - Urlaub &amp; Reisen","description":"Sie werden feststellen, dass die meisten Str\u00e4nde in und um Newquay aus goldenem Sand bestehen, was es f\u00fcr Sie angenehmer macht","robots":{"index":"index","follow":"follow","max-snippet":"max-snippet:-1","max-image-preview":"max-image-preview:large","max-video-preview":"max-video-preview:-1"},"canonical":"https:\/\/www.urlaubcornwall.de\/blog\/ist-newquay-schoen\/","og_locale":"en_US","og_type":"article","og_title":"Ist Newquay sch\u00f6n? - Urlaub &amp; Reisen","og_description":"Sie werden feststellen, dass die meisten Str\u00e4nde in und um Newquay aus goldenem Sand bestehen, was es f\u00fcr Sie angenehmer macht","og_url":"https:\/\/www.urlaubcornwall.de\/blog\/ist-newquay-schoen\/","og_site_name":"Urlaub &amp; Reisen","og_image":[{"url":"https:\/\/www.urlaubcornwall.de\/blog\/wp-content\/uploads\/2020\/05\/fistral-strand-blick-1.jpg"}],"twitter_card":"summary","schema":{"@context":"https:\/\/schema.org","@graph":[{"@type":"WebSite","@id":"https:\/\/www.urlaubcornwall.de\/blog\/#website","url":"https:\/\/www.urlaubcornwall.de\/blog\/","name":"Urlaub &amp; Reisen","description":"Urlaub, Reisen, Cornwall und S\u00fcdengland: eine perfekte Kombination","potentialAction":[{"@type":"SearchAction","target":{"@type":"EntryPoint","urlTemplate":"https:\/\/www.urlaubcornwall.de\/blog\/?s={search_term_string}"},"query-input":"required name=search_term_string"}],"inLanguage":"en-US"},{"@type":"WebPage","@id":"https:\/\/www.urlaubcornwall.de\/blog\/ist-newquay-schoen\/","url":"https:\/\/www.urlaubcornwall.de\/blog\/ist-newquay-schoen\/","name":"Ist Newquay sch\u00f6n? - Urlaub &amp; Reisen","isPartOf":{"@id":"https:\/\/www.urlaubcornwall.de\/blog\/#website"},"datePublished":"2023-03-13T09:03:19+00:00","dateModified":"2023-03-13T09:03:19+00:00","description":"Sie werden feststellen, dass die meisten Str\u00e4nde in und um Newquay aus goldenem Sand bestehen, was es f\u00fcr Sie angenehmer macht","breadcrumb":{"@id":"https:\/\/www.urlaubcornwall.de\/blog\/ist-newquay-schoen\/#breadcrumb"},"inLanguage":"en-US","potentialAction":[{"@type":"ReadAction","target":["https:\/\/www.urlaubcornwall.de\/blog\/ist-newquay-schoen\/"]}]},{"@type":"BreadcrumbList","@id":"https:\/\/www.urlaubcornwall.de\/blog\/ist-newquay-schoen\/#breadcrumb","itemListElement":[{"@type":"ListItem","position":1,"name":"Home","item":"https:\/\/www.urlaubcornwall.de\/blog\/"},{"@type":"ListItem","position":2,"name":"Ist Newquay sch\u00f6n?"}]}]}},"_links":{"self":[{"href":"https:\/\/www.urlaubcornwall.de\/blog\/wp-json\/wp\/v2\/pages\/45963"}],"collection":[{"href":"https:\/\/www.urlaubcornwall.de\/blog\/wp-json\/wp\/v2\/pages"}],"about":[{"href":"https:\/\/www.urlaubcornwall.de\/blog\/wp-json\/wp\/v2\/types\/page"}],"author":[{"embeddable":true,"href":"https:\/\/www.urlaubcornwall.de\/blog\/wp-json\/wp\/v2\/users\/1"}],"replies":[{"embeddable":true,"href":"https:\/\/www.urlaubcornwall.de\/blog\/wp-json\/wp\/v2\/comments?post=45963"}],"version-history":[{"count":2,"href":"https:\/\/www.urlaubcornwall.de\/blog\/wp-json\/wp\/v2\/pages\/45963\/revisions"}],"predecessor-version":[{"id":45967,"href":"https:\/\/www.urlaubcornwall.de\/blog\/wp-json\/wp\/v2\/pages\/45963\/revisions\/45967"}],"wp:attachment":[{"href":"https:\/\/www.urlaubcornwall.de\/blog\/wp-json\/wp\/v2\/media?parent=45963"}],"curies":[{"name":"wp","href":"https:\/\/api.w.org\/{rel}","templated":true}]}}