{"id":45951,"date":"2023-02-24T12:11:45","date_gmt":"2023-02-24T12:11:45","guid":{"rendered":"https:\/\/www.urlaubcornwall.de\/blog\/?page_id=45951"},"modified":"2023-02-27T15:54:03","modified_gmt":"2023-02-27T15:54:03","slug":"urlaubsinspiration-wie-man-die-besten-unterkuenfte-in-cornwall-findet","status":"publish","type":"page","link":"https:\/\/www.urlaubcornwall.de\/blog\/urlaubsinspiration-wie-man-die-besten-unterkuenfte-in-cornwall-findet\/","title":{"rendered":"Urlaubsinspiration &#8211; Wie man die besten Unterk\u00fcnfte in Cornwall findet"},"content":{"rendered":"<p><a href=\"https:\/\/www.urlaubcornwall.de\/blog\/wp-content\/uploads\/2015\/03\/cornwall-strand.jpg\"><img loading=\"lazy\" class=\"aligncenter size-full wp-image-39471\" src=\"https:\/\/www.urlaubcornwall.de\/blog\/wp-content\/uploads\/2020\/02\/cape-cornwall_anreise.jpg\" alt=\"cape cornwall_lands end\" width=\"750\" height=\"499\" srcset=\"https:\/\/www.urlaubcornwall.de\/blog\/wp-content\/uploads\/2020\/02\/cape-cornwall_anreise.jpg 748w, https:\/\/www.urlaubcornwall.de\/blog\/wp-content\/uploads\/2020\/02\/cape-cornwall_anreise-300x200.jpg 300w\" sizes=\"(max-width: 750px) 100vw, 750px\" \/><\/a><\/p>\n<p><strong>Vom K\u00fcsten-Chic bis zum l\u00e4ndlichen R\u00fcckzugsort<\/strong><\/p>\n<p>Bei einer solchen Vielfalt an Aktivit\u00e4ten und Restaurants ist es keine \u00dcberraschung, dass <a href=\"https:\/\/www.urlaubcornwall.de\/ferienhaeuser-fewos\/cornwall.html\">unser Angebot an Ferienh\u00e4usern in Cornwall<\/a> ebenso vielf\u00e4ltig ist.<\/p>\n<p>Wenn Sie von einem Urlaub an der K\u00fcste tr\u00e4umen, haben wir <a href=\"https:\/\/www.urlaubcornwall.de\/ferienhaeuser-fewos\/cornwall.html\">eine brillante Auswahl an Cottages<\/a> zur Miete, in denen Sie die Vorh\u00e4nge zur\u00fcckziehen k\u00f6nnen, um ein glitzerndes Meer zu entdecken, aus Ihrer Haust\u00fcr in den Sand zu treten und zu den Ger\u00e4uschen einzuschlafen Wellen, die sich an der K\u00fcste brechen. Von traditionellen Fischerh\u00fctten in Hafenst\u00e4dten wie <a href=\"https:\/\/www.urlaubcornwall.de\/ferienhaeuser-fewos\/padstow.html\">Padstow<\/a>, <a href=\"https:\/\/www.urlaubcornwall.de\/ferienhaeuser-fewos\/porthleven.html\">Porthleven<\/a> und <a href=\"https:\/\/www.urlaubcornwall.de\/ferienhaeuser-fewos\/port-isaac.html\">Port Isaac<\/a> bis hin zu modernen H\u00e4usern mit Meerblick in der N\u00e4he beliebter Str\u00e4nde wie <a href=\"https:\/\/www.urlaubcornwall.de\/ferienhaeuser-fewos\/bude.html\">Bude<\/a>, <a href=\"https:\/\/www.urlaubcornwall.de\/ferienhaeuser-fewos\/st-ives.html\">St Ives<\/a> und <a href=\"https:\/\/www.urlaubcornwall.de\/ferienhaeuser-fewos\/newquay.html\">Newquay<\/a> finden Sie die perfekte Umgebung f\u00fcr Ihren <a href=\"https:\/\/www.urlaubcornwall.de\/ferienhaeuser-fewos\/cornwall-am-meer.html\">Traumurlaub an der K\u00fcste Cornwalls<\/a>.<\/p>\n<p>Oder suchen Sie vielleicht nach einem Urlaub, in dem Sie ungest\u00f6rt durch die Landschaft Cornwalls streifen k\u00f6nnen? Unsere l\u00e4ndlichen und bewirtschafteten Bauernh\u00f6fe f\u00fcr einen Urlaub auf dem Land. Egal, ob Sie sich f\u00fcr ein traditionelles Cottage im <a href=\"https:\/\/www.urlaubcornwall.de\/ferienhaeuser-fewos\/bodmin.html\">Bodmin Moor<\/a> entscheiden oder die l\u00e4ndliche Pracht des Tamar Valley genie\u00dfen, wir haben viele Cottages auf dem Land zur Auswahl.<\/p>\n<p>Und wenn Sie mit Ihrem Hund, Ihrer Familie oder einer gro\u00dfen Gruppe zu Besuch sind, k\u00f6nnen Sie auch aus unseren hundefreundlichen, familienfreundlichen und Gruppenunterk\u00fcnften in ganz Cornwall w\u00e4hlen.<\/p>\n<p style=\"text-align: center;\"><a class=\"tidycta\" href=\"https:\/\/www.urlaubcornwall.de\/ferienhaeuser-fewos\/cornwall.html\">Suche Ferienh\u00e4user in Cornwall<\/a><\/p>\n","protected":false},"excerpt":{"rendered":"<p>Vom K\u00fcsten-Chic bis zum l\u00e4ndlichen R\u00fcckzugsort Bei einer solchen Vielfalt an Aktivit\u00e4ten und Restaurants ist es keine \u00dcberraschung, dass unser Angebot an Ferienh\u00e4usern in Cornwall ebenso vielf\u00e4ltig ist. Wenn Sie von einem Urlaub an der K\u00fcste tr\u00e4umen, haben wir eine brillante Auswahl an Cottages zur Miete, in denen Sie die Vorh\u00e4nge zur\u00fcckziehen k\u00f6nnen, um ein [&hellip;]<\/p>\n","protected":false},"author":1,"featured_media":0,"parent":0,"menu_order":0,"comment_status":"closed","ping_status":"closed","template":"single-four.php","meta":[],"acf":[],"yoast_head":"<!-- This site is optimized with the Yoast SEO plugin v19.4 - https:\/\/yoast.com\/wordpress\/plugins\/seo\/ -->\n<title>Urlaubsinspiration - Wie man die besten Unterk\u00fcnfte in Cornwall findet - Urlaub &amp; Reisen<\/title>\n<meta name=\"description\" content=\"Bei einer solchen Vielfalt an Aktivit\u00e4ten und Restaurants ist es keine \u00dcberraschung, dass unser Angebot an Ferienh\u00e4usern in Cornwall\" \/>\n<meta name=\"robots\" content=\"index, follow, max-snippet:-1, max-image-preview:large, max-video-preview:-1\" \/>\n<link rel=\"canonical\" href=\"https:\/\/www.urlaubcornwall.de\/blog\/urlaubsinspiration-wie-man-die-besten-unterkuenfte-in-cornwall-findet\/\" \/>\n<meta property=\"og:locale\" content=\"en_US\" \/>\n<meta property=\"og:type\" content=\"article\" \/>\n<meta property=\"og:title\" content=\"Urlaubsinspiration - Wie man die besten Unterk\u00fcnfte in Cornwall findet - Urlaub &amp; Reisen\" \/>\n<meta property=\"og:description\" content=\"Bei einer solchen Vielfalt an Aktivit\u00e4ten und Restaurants ist es keine \u00dcberraschung, dass unser Angebot an Ferienh\u00e4usern in Cornwall\" \/>\n<meta property=\"og:url\" content=\"https:\/\/www.urlaubcornwall.de\/blog\/urlaubsinspiration-wie-man-die-besten-unterkuenfte-in-cornwall-findet\/\" \/>\n<meta property=\"og:site_name\" content=\"Urlaub &amp; Reisen\" \/>\n<meta property=\"article:modified_time\" content=\"2023-02-27T15:54:03+00:00\" \/>\n<meta property=\"og:image\" content=\"https:\/\/www.urlaubcornwall.de\/blog\/wp-content\/uploads\/2020\/02\/cape-cornwall_anreise.jpg\" \/>\n<meta name=\"twitter:card\" content=\"summary\" \/>\n<meta name=\"twitter:label1\" content=\"Est. reading time\" \/>\n\t<meta name=\"twitter:data1\" content=\"2 minutes\" \/>\n<script type=\"application\/ld+json\" class=\"yoast-schema-graph\">{\"@context\":\"https:\/\/schema.org\",\"@graph\":[{\"@type\":\"WebSite\",\"@id\":\"https:\/\/www.urlaubcornwall.de\/blog\/#website\",\"url\":\"https:\/\/www.urlaubcornwall.de\/blog\/\",\"name\":\"Urlaub &amp; Reisen\",\"description\":\"Urlaub, Reisen, Cornwall und S\u00fcdengland: eine perfekte Kombination\",\"potentialAction\":[{\"@type\":\"SearchAction\",\"target\":{\"@type\":\"EntryPoint\",\"urlTemplate\":\"https:\/\/www.urlaubcornwall.de\/blog\/?s={search_term_string}\"},\"query-input\":\"required name=search_term_string\"}],\"inLanguage\":\"en-US\"},{\"@type\":\"WebPage\",\"@id\":\"https:\/\/www.urlaubcornwall.de\/blog\/urlaubsinspiration-wie-man-die-besten-unterkuenfte-in-cornwall-findet\/\",\"url\":\"https:\/\/www.urlaubcornwall.de\/blog\/urlaubsinspiration-wie-man-die-besten-unterkuenfte-in-cornwall-findet\/\",\"name\":\"Urlaubsinspiration - Wie man die besten Unterk\u00fcnfte in Cornwall findet - Urlaub &amp; Reisen\",\"isPartOf\":{\"@id\":\"https:\/\/www.urlaubcornwall.de\/blog\/#website\"},\"datePublished\":\"2023-02-24T12:11:45+00:00\",\"dateModified\":\"2023-02-27T15:54:03+00:00\",\"description\":\"Bei einer solchen Vielfalt an Aktivit\u00e4ten und Restaurants ist es keine \u00dcberraschung, dass unser Angebot an Ferienh\u00e4usern in Cornwall\",\"breadcrumb\":{\"@id\":\"https:\/\/www.urlaubcornwall.de\/blog\/urlaubsinspiration-wie-man-die-besten-unterkuenfte-in-cornwall-findet\/#breadcrumb\"},\"inLanguage\":\"en-US\",\"potentialAction\":[{\"@type\":\"ReadAction\",\"target\":[\"https:\/\/www.urlaubcornwall.de\/blog\/urlaubsinspiration-wie-man-die-besten-unterkuenfte-in-cornwall-findet\/\"]}]},{\"@type\":\"BreadcrumbList\",\"@id\":\"https:\/\/www.urlaubcornwall.de\/blog\/urlaubsinspiration-wie-man-die-besten-unterkuenfte-in-cornwall-findet\/#breadcrumb\",\"itemListElement\":[{\"@type\":\"ListItem\",\"position\":1,\"name\":\"Home\",\"item\":\"https:\/\/www.urlaubcornwall.de\/blog\/\"},{\"@type\":\"ListItem\",\"position\":2,\"name\":\"Urlaubsinspiration &#8211; Wie man die besten Unterk\u00fcnfte in Cornwall findet\"}]}]}<\/script>\n<!-- \/ Yoast SEO plugin. -->","yoast_head_json":{"title":"Urlaubsinspiration - Wie man die besten Unterk\u00fcnfte in Cornwall findet - Urlaub &amp; Reisen","description":"Bei einer solchen Vielfalt an Aktivit\u00e4ten und Restaurants ist es keine \u00dcberraschung, dass unser Angebot an Ferienh\u00e4usern in Cornwall","robots":{"index":"index","follow":"follow","max-snippet":"max-snippet:-1","max-image-preview":"max-image-preview:large","max-video-preview":"max-video-preview:-1"},"canonical":"https:\/\/www.urlaubcornwall.de\/blog\/urlaubsinspiration-wie-man-die-besten-unterkuenfte-in-cornwall-findet\/","og_locale":"en_US","og_type":"article","og_title":"Urlaubsinspiration - Wie man die besten Unterk\u00fcnfte in Cornwall findet - Urlaub &amp; Reisen","og_description":"Bei einer solchen Vielfalt an Aktivit\u00e4ten und Restaurants ist es keine \u00dcberraschung, dass unser Angebot an Ferienh\u00e4usern in Cornwall","og_url":"https:\/\/www.urlaubcornwall.de\/blog\/urlaubsinspiration-wie-man-die-besten-unterkuenfte-in-cornwall-findet\/","og_site_name":"Urlaub &amp; Reisen","article_modified_time":"2023-02-27T15:54:03+00:00","og_image":[{"url":"https:\/\/www.urlaubcornwall.de\/blog\/wp-content\/uploads\/2020\/02\/cape-cornwall_anreise.jpg"}],"twitter_card":"summary","twitter_misc":{"Est. reading time":"2 minutes"},"schema":{"@context":"https:\/\/schema.org","@graph":[{"@type":"WebSite","@id":"https:\/\/www.urlaubcornwall.de\/blog\/#website","url":"https:\/\/www.urlaubcornwall.de\/blog\/","name":"Urlaub &amp; Reisen","description":"Urlaub, Reisen, Cornwall und S\u00fcdengland: eine perfekte Kombination","potentialAction":[{"@type":"SearchAction","target":{"@type":"EntryPoint","urlTemplate":"https:\/\/www.urlaubcornwall.de\/blog\/?s={search_term_string}"},"query-input":"required name=search_term_string"}],"inLanguage":"en-US"},{"@type":"WebPage","@id":"https:\/\/www.urlaubcornwall.de\/blog\/urlaubsinspiration-wie-man-die-besten-unterkuenfte-in-cornwall-findet\/","url":"https:\/\/www.urlaubcornwall.de\/blog\/urlaubsinspiration-wie-man-die-besten-unterkuenfte-in-cornwall-findet\/","name":"Urlaubsinspiration - Wie man die besten Unterk\u00fcnfte in Cornwall findet - Urlaub &amp; Reisen","isPartOf":{"@id":"https:\/\/www.urlaubcornwall.de\/blog\/#website"},"datePublished":"2023-02-24T12:11:45+00:00","dateModified":"2023-02-27T15:54:03+00:00","description":"Bei einer solchen Vielfalt an Aktivit\u00e4ten und Restaurants ist es keine \u00dcberraschung, dass unser Angebot an Ferienh\u00e4usern in Cornwall","breadcrumb":{"@id":"https:\/\/www.urlaubcornwall.de\/blog\/urlaubsinspiration-wie-man-die-besten-unterkuenfte-in-cornwall-findet\/#breadcrumb"},"inLanguage":"en-US","potentialAction":[{"@type":"ReadAction","target":["https:\/\/www.urlaubcornwall.de\/blog\/urlaubsinspiration-wie-man-die-besten-unterkuenfte-in-cornwall-findet\/"]}]},{"@type":"BreadcrumbList","@id":"https:\/\/www.urlaubcornwall.de\/blog\/urlaubsinspiration-wie-man-die-besten-unterkuenfte-in-cornwall-findet\/#breadcrumb","itemListElement":[{"@type":"ListItem","position":1,"name":"Home","item":"https:\/\/www.urlaubcornwall.de\/blog\/"},{"@type":"ListItem","position":2,"name":"Urlaubsinspiration &#8211; Wie man die besten Unterk\u00fcnfte in Cornwall findet"}]}]}},"_links":{"self":[{"href":"https:\/\/www.urlaubcornwall.de\/blog\/wp-json\/wp\/v2\/pages\/45951"}],"collection":[{"href":"https:\/\/www.urlaubcornwall.de\/blog\/wp-json\/wp\/v2\/pages"}],"about":[{"href":"https:\/\/www.urlaubcornwall.de\/blog\/wp-json\/wp\/v2\/types\/page"}],"author":[{"embeddable":true,"href":"https:\/\/www.urlaubcornwall.de\/blog\/wp-json\/wp\/v2\/users\/1"}],"replies":[{"embeddable":true,"href":"https:\/\/www.urlaubcornwall.de\/blog\/wp-json\/wp\/v2\/comments?post=45951"}],"version-history":[{"count":5,"href":"https:\/\/www.urlaubcornwall.de\/blog\/wp-json\/wp\/v2\/pages\/45951\/revisions"}],"predecessor-version":[{"id":45959,"href":"https:\/\/www.urlaubcornwall.de\/blog\/wp-json\/wp\/v2\/pages\/45951\/revisions\/45959"}],"wp:attachment":[{"href":"https:\/\/www.urlaubcornwall.de\/blog\/wp-json\/wp\/v2\/media?parent=45951"}],"curies":[{"name":"wp","href":"https:\/\/api.w.org\/{rel}","templated":true}]}}