{"id":45932,"date":"2023-02-21T15:12:11","date_gmt":"2023-02-21T15:12:11","guid":{"rendered":"https:\/\/www.urlaubcornwall.de\/blog\/?page_id=45932"},"modified":"2023-02-21T15:12:11","modified_gmt":"2023-02-21T15:12:11","slug":"die-10-top-sehenswuerdigkeiten-auf-jersey-kanalinseln","status":"publish","type":"page","link":"https:\/\/www.urlaubcornwall.de\/blog\/die-10-top-sehenswuerdigkeiten-auf-jersey-kanalinseln\/","title":{"rendered":"Die 10 Top-Sehensw\u00fcrdigkeiten auf Jersey, Kanalinseln"},"content":{"rendered":"<p><img loading=\"lazy\" class=\"aligncenter size-full wp-image-45935\" src=\"https:\/\/www.urlaubcornwall.de\/blog\/wp-content\/uploads\/2023\/02\/urlaub-jersey.jpg\" alt=\"Sehensw\u00fcrdigkeiten auf Jersey\" width=\"750\" height=\"500\" srcset=\"https:\/\/www.urlaubcornwall.de\/blog\/wp-content\/uploads\/2023\/02\/urlaub-jersey.jpg 750w, https:\/\/www.urlaubcornwall.de\/blog\/wp-content\/uploads\/2023\/02\/urlaub-jersey-300x200.jpg 300w\" sizes=\"(max-width: 750px) 100vw, 750px\" \/><\/p>\n<p><strong>Aktivit\u00e4ten and besten Dinge auf Jersey<\/strong><\/p>\n<p>Jersey hat so viel zu bieten, besonders als gr\u00f6\u00dfte Insel der <a href=\"https:\/\/www.urlaubcornwall.de\/reiseziel\/kanalinseln\/\">Kanalinseln<\/a>. Von Burgen bis hin zu Buchten gibt es auf Jersey so viele wundersch\u00f6ne Orte und so viel zu tun auf der ganzen Insel.<\/p>\n<p>Mit einer Mischung aus britischen und franz\u00f6sischen Einfl\u00fcssen hat <a href=\"https:\/\/www.urlaubcornwall.de\/reiseziel\/kanalinseln\/jersey.php\">Jersey<\/a> einen einzigartigen Charme, den man erlebt haben muss. Es ist die Art von Insel, die vor nat\u00fcrlicher Sch\u00f6nheit nur so wimmelt, aber auch so viel Geschichte, dass es so viel Spa\u00df macht, sie zu erkunden.<\/p>\n<p>Au\u00dferdem haben Sie <a href=\"https:\/\/www.urlaubcornwall.de\/blog\/die-10-top-sehenswuerdigkeiten-auf-guernsey-kanalinseln\/\">die atemberaubende Insel Guernsey<\/a> auch nicht allzu weit entfernt!<\/p>\n<p>Oh, und vergessen Sie nicht, dass Jersey einer der s\u00fcdlichsten Punkte der britischen Inseln ist. Das bedeutet, dass es etwas w\u00e4rmer ist als an den meisten anderen Orten in Gro\u00dfbritannien. Das hei\u00dft, es ist gro\u00dfartig f\u00fcr eine Sommerpause, wenn Sie ein bisschen w\u00e4rmeres Wetter wollen, ohne weit reisen zu m\u00fcssen!<\/p>\n<p>Werfen Sie unten einen Blick auf die besten Aktivit\u00e4ten in Jersey. Verbringen Sie eine tolle Zeit auf den Kanalinseln.<\/p>\n<p><strong>1.) Jerseys zerkl\u00fcftete K\u00fcste<\/strong><\/p>\n<p><img loading=\"lazy\" class=\"aligncenter size-full wp-image-45937\" src=\"https:\/\/www.urlaubcornwall.de\/blog\/wp-content\/uploads\/2023\/02\/St-Ouens-Bay.jpg\" alt=\"St Ouens Bay\" width=\"750\" height=\"500\" srcset=\"https:\/\/www.urlaubcornwall.de\/blog\/wp-content\/uploads\/2023\/02\/St-Ouens-Bay.jpg 750w, https:\/\/www.urlaubcornwall.de\/blog\/wp-content\/uploads\/2023\/02\/St-Ouens-Bay-300x200.jpg 300w\" sizes=\"(max-width: 750px) 100vw, 750px\" \/><\/p>\n<p>Anschlie\u00dfend k\u00f6nnen Sie die Nordk\u00fcste von Jersey erkunden, die f\u00fcr ihre schroffen Klippen und atemberaubenden Landschaften bekannt ist.<\/p>\n<p>Erkunden Sie die abwechslungsreiche Landschaft der Insel, indem Sie auf den verschiedenen Wanderwegen (z. B. der Nordschleife) wandern, die zu einigen der besten Stellen am Ufer f\u00fchren. Vergessen Sie jedoch nicht, dass die gesamte Rundwanderung mehr als 30 km lang ist! Wenn Sie keine Lust auf eine lange Wanderung haben, nehmen Sie kleinere Abschnitte oder erkunden Sie stattdessen einfach den Sorel Point to Devil&#8217;s Hole Trail.<\/p>\n<p>Im Nordwesten k\u00f6nnen Sie au\u00dferdem an pr\u00e4historischen St\u00e4tten wie dem Le Couperon Dolmen Halt machen. Obwohl ziemlich klein, ist es sehr sehenswert, zumal es Tausende von Jahren alt ist. Au\u00dferdem haben Sie von dieser Gegend von Jersey aus einige herrliche Aussichten.<\/p>\n<p>Wenn es die Str\u00e4nde an der Nordk\u00fcste sind, die Sie suchen, dann fahren Sie zum Pl\u00e9mont Beach, der wundersch\u00f6n ist. Hier k\u00f6nnen Sie sich bei den sch\u00f6nsten Sandstr\u00e4nden entspannen, bevor Sie die nahe gelegenen Ruinen der Burg Grosnez besuchen. Au\u00dferdem k\u00f6nnen Sie die wundersch\u00f6ne Aussicht \u00fcber L&#8217;Etacq und St. Ouens Bay sehen.<\/p>\n<p>Besuchen Sie anschlie\u00dfend das Weingut La Mare f\u00fcr ein kleines Glas Wein und besuchen Sie das Weingut-Restaurant.<\/p>\n<p><strong>2.) Schloss Mont Orgueil<\/strong><\/p>\n<p>Das vor mehr als 800 Jahren erbaute Schloss Mont Orgueil \u00fcberblickt Gorey, ein historisches kleines Dorf an der Westk\u00fcste mit viel Charme.<\/p>\n<p>Sobald Sie hier sind, besichtigen Sie dieses ikonische Schloss von Jersey und finden Sie geheime Durchg\u00e4nge, versteckte R\u00e4ume und bewundern Sie die mittelalterliche Architektur. Oh, und vergessen Sie nicht, die Statue des Todestanzes zu finden, die tief im Schloss selbst versteckt ist.<\/p>\n<p>Willst du einen Nervenkitzel? Lass dich von den Burgmauern abseilen! Es ist absolut einzigartig und eines der besten Dinge, die man auf Jersey unternehmen kann, wenn Sie das Adrenalin in die H\u00f6he treiben wollen!<\/p>\n<p>Vergessen Sie auch nicht, den Gorey Pier hinunterzuschlendern, um einige der besten Aussichten auf das Schloss Mont Orgueil zu genie\u00dfen. Wenn Sie hungrig sind, gehen Sie zum Jersey Crab Shack in Gorey, um die leckeren Krabben-Tacos zu genie\u00dfen.<\/p>\n<p><strong>3.) Corbiere-Leuchtturm<\/strong><\/p>\n<p><img loading=\"lazy\" class=\"aligncenter size-full wp-image-45936\" src=\"https:\/\/www.urlaubcornwall.de\/blog\/wp-content\/uploads\/2023\/02\/La-Corbiere-lighthouse-jersey.jpg\" alt=\"La Corbi\u00e8re lighthouse jersey\" width=\"750\" height=\"500\" srcset=\"https:\/\/www.urlaubcornwall.de\/blog\/wp-content\/uploads\/2023\/02\/La-Corbiere-lighthouse-jersey.jpg 750w, https:\/\/www.urlaubcornwall.de\/blog\/wp-content\/uploads\/2023\/02\/La-Corbiere-lighthouse-jersey-300x200.jpg 300w\" sizes=\"(max-width: 750px) 100vw, 750px\" \/><\/p>\n<p>Der an der Westk\u00fcste von Jersey gelegene Corbiere Lighthouse ist eine der besten Aktivit\u00e4ten auf Jersey bei Sonnenuntergang. Die Aussicht ist fantastisch.<\/p>\n<p>An einem warmen Sommertag ist dies ein absoluter Gl\u00fccksfall und eine Fahrt und ein Spaziergang wert.<\/p>\n<p><strong>4.) Beauport-Strand<\/strong><\/p>\n<p><img loading=\"lazy\" class=\"aligncenter size-full wp-image-45939\" src=\"https:\/\/www.urlaubcornwall.de\/blog\/wp-content\/uploads\/2023\/02\/Beauport_bay.jpg\" alt=\"Beauport_bay\" width=\"750\" height=\"500\" srcset=\"https:\/\/www.urlaubcornwall.de\/blog\/wp-content\/uploads\/2023\/02\/Beauport_bay.jpg 750w, https:\/\/www.urlaubcornwall.de\/blog\/wp-content\/uploads\/2023\/02\/Beauport_bay-300x200.jpg 300w\" sizes=\"(max-width: 750px) 100vw, 750px\" \/><\/p>\n<p>Auf einer Insel voller Str\u00e4nde, die alle auf ihre eigene Art und Weise erstaunlich sind, ist Beauport Beach vielleicht der sch\u00f6nste, den man besuchen kann. Naja, unserer Meinung nach zumindest.<\/p>\n<p>Eingebettet in eine eigene abgelegene Bucht, ist der Strand selbst zug\u00e4nglich, indem man die Pfade (und Stufen) vom dar\u00fcber liegenden Parkplatz hinuntergeht.<\/p>\n<p>Trotz fehlender Caf\u00e9s oder Einrichtungen ist das Chillen am Beauport Beach eine der besten Aktivit\u00e4ten auf Jersey, wenn Sie nach einem Strandtag sind. Es ist v\u00f6llig unber\u00fchrt und atemberaubend.<\/p>\n<p>Gehen Sie anschlie\u00dfend in die nahe gelegene Oyster Box, um die leckersten Jersey Rock Oysters mit w\u00fcrziger Chorizo-Butter zu genie\u00dfen.<\/p>\n<p style=\"text-align: center;\"><strong>Ihr Spezialist f\u00fcr Reisen auf die Kanalinseln! Entdecken Sie das einzigartige Paradies im Atlantik<\/strong><\/p>\n<p style=\"text-align: center;\"><a class=\"tidycta\" href=\"https:\/\/www.urlaubcornwall.de\/blog\/spezialist-reisen-kanalinseln\/\">Zu den Angeboten<\/a><\/p>\n<p><strong>5.) St Helier<\/strong><\/p>\n<p><img loading=\"lazy\" class=\"aligncenter size-full wp-image-45940\" src=\"https:\/\/www.urlaubcornwall.de\/blog\/wp-content\/uploads\/2023\/02\/gorey-schloss-jersey-kanailinseln.jpg\" alt=\"gorey schloss jersey kanailinseln\" width=\"750\" height=\"500\" srcset=\"https:\/\/www.urlaubcornwall.de\/blog\/wp-content\/uploads\/2023\/02\/gorey-schloss-jersey-kanailinseln.jpg 750w, https:\/\/www.urlaubcornwall.de\/blog\/wp-content\/uploads\/2023\/02\/gorey-schloss-jersey-kanailinseln-300x200.jpg 300w\" sizes=\"(max-width: 750px) 100vw, 750px\" \/><br \/>\nHalten Sie nach dem Besuch des Seymour Tower im nahe gelegenen St. Helier, einer der besten Aktivit\u00e4ten auf Jersey, wenn Sie eine gr\u00f6\u00dfere Stadt besuchen m\u00f6chten. Nun, ich sage gro\u00df, es ist immer noch total klein und wundersch\u00f6n.<\/p>\n<p>Wenn Sie hier angekommen sind, besuchen Sie Elizabeth Castle (mit der F\u00e4hre) oder das Jersey Museum &#038; Art Gallery. Beide sind reizend und einen Blick wert, wenn Sie sich an der S\u00fcdk\u00fcste aufhalten.<\/p>\n<p>Wenn Sie Kunst erw\u00e4hnen, vergessen Sie nicht, die Harbour Gallery zu besuchen, die gr\u00f6\u00dfte Kunstgalerie auf den Kanalinseln. Mit einer Reihe einzigartiger Sammlungen k\u00f6nnen Sie an einem der Workshops der Galerie teilnehmen und Werke und Kunsthandwerk lokaler K\u00fcnstler durchst\u00f6bern. Es ist wunderbar.<\/p>\n<p>Oh, und vergessen Sie nicht, Havre Des Pas zu besuchen, ein Gezeitenbecken im Freien, das direkt in die Felsen gehauen ist.<\/p>\n<p><strong>6.) Le Braye<\/strong><\/p>\n<p>Der Besuch von Le Braye direkt an der Westk\u00fcste ist eine der besten Aktivit\u00e4ten auf Jersey, wenn Sie einen langen Sandstrand genie\u00dfen m\u00f6chten!<\/p>\n<p>Dies ist ein gro\u00dfartiger Ort f\u00fcr einen Tag am Meer, an dem Sie sogar Ihre F\u00e4higkeiten in der Brandung testen k\u00f6nnen. Sie sehen, die Jersey Surf School veranstaltet hier Unterricht (und Surfbrettverleih) \u2013 was gro\u00dfartig f\u00fcr Surfanf\u00e4nger wie uns ist!<\/p>\n<p>Au\u00dferdem haben Sie einen atemberaubenden Blick auf den La Rocco Tower in der Ferne.<\/p>\n<p><strong>7.) Bonne Nuit<\/strong><\/p>\n<p>Bonne Nuit ist eine weitere kleine Bucht auf Jersey, die es verdient, bekannter zu werden.<\/p>\n<p>Bonne Nuit liegt am Fu\u00dfe eines steilen H\u00fcgels an der Nordk\u00fcste der Insel und ist absolut bezaubernd. Am besten zu Fu\u00df erkundet, k\u00f6nnen Sie den Pfaden entlang der K\u00fcste folgen oder zum Bonne Nuit Beach Cafe gehen, um die leckersten Thai-Nudeln in Jersey zu genie\u00dfen.<\/p>\n<p>Au\u00dferdem k\u00f6nnen Sie dies leicht mit einem Ausflug zum nahe gelegenen Fort Leicester, Bouley Bay und der K\u00fcste in Richtung Gorey Bay kombinieren. Es ist total sch\u00f6n.<\/p>\n<p><strong>8.) La Hougue Bie-Museum<\/strong><\/p>\n<p>Das La Hougue Bie Museum befindet sich im zehnt\u00e4ltesten Geb\u00e4ude der Welt und f\u00fchrt Besucher durch eines der am besten erhaltenen antiken Gr\u00e4ber Europas, das Sie nicht verpassen d\u00fcrfen.<\/p>\n<p>Entdecken Sie die neolithische Geschichte der Insel und erfahren Sie mehr \u00fcber die \u00e4ltesten Einwohner Jerseys, die vor mehr als 6.000 Jahren lebten.<\/p>\n<p>Das Museum beherbergt geologische und arch\u00e4ologische Sch\u00e4tze, darunter Waffen und M\u00fcnzen, die ein Licht auf das Leben vor Tausenden von Jahren werfen. Jeder Geschichtsfan wird dies lieben und es ist mit Sicherheit eine der besten Aktivit\u00e4ten in Jersey, die Sie nicht verpassen d\u00fcrfen.<\/p>\n<p><strong>9.) Seymour-Turm<\/strong><\/p>\n<p><img loading=\"lazy\" class=\"aligncenter size-full wp-image-45938\" src=\"https:\/\/www.urlaubcornwall.de\/blog\/wp-content\/uploads\/2023\/02\/seymour-tower-jersey.jpg\" alt=\"seymour tower jersey\" width=\"750\" height=\"500\" srcset=\"https:\/\/www.urlaubcornwall.de\/blog\/wp-content\/uploads\/2023\/02\/seymour-tower-jersey.jpg 750w, https:\/\/www.urlaubcornwall.de\/blog\/wp-content\/uploads\/2023\/02\/seymour-tower-jersey-300x200.jpg 300w\" sizes=\"(max-width: 750px) 100vw, 750px\" \/><\/p>\n<p>Die K\u00fcste von Jersey ist absolut wundersch\u00f6n und, wenn ich ehrlich bin, eine der gr\u00f6\u00dften Attraktionen, um diese atemberaubende Insel zu besuchen. Obwohl das Landesinnere wundersch\u00f6n ist, ist die K\u00fcstenlinie etwas ganz Besonderes.<\/p>\n<p>Seymour Tower und Icho Tower, die sich auf 2 winzigen Inseln 3 km vom Ufer entfernt befinden, sind zwei solcher Orte.<\/p>\n<p>Beide T\u00fcrme wurden nach den gescheiterten Versuchen Frankreichs, in Jersey einzudringen, im 17. Jahrhundert errichtet. Normalerweise k\u00f6nnen Sie bei gutem Wetter einmal am Tag zum Seymour Tower gelangen (wenn die Bedingungen sicher sind).<\/p>\n<p>Seien Sie jedoch vorsichtig &#8211; bleiben Sie zu lange und Sie werden gefangen sein, bis die Flut das n\u00e4chste Mal zur\u00fcckgeht!<\/p>\n<p><strong>10.) Greve de Lecq<\/strong><\/p>\n<p>Ein weiterer Favorit an der Nordk\u00fcste, der Besuch der Bucht von Gr\u00e8ve de Lecq und des Strandes, ist eine der besten Aktivit\u00e4ten auf Jersey, wenn Sie sich an der Nordwestk\u00fcste aufhalten. An einem ruhigen Tag ist diese Abdeckung atemberaubend zum Paddeln und f\u00fcr ein kleines Bad \u2013 au\u00dferdem ist der Sandstrand einfach herrlich.<\/p>\n<p>Gehen Sie anschlie\u00dfend ins Moulin de Lecq, um ein klassisches Pub-Essen zu genie\u00dfen. Einst eine alte Wasserm\u00fchle, k\u00f6nnen Sie traditionelle Fassbiere zusammen mit einem klassischen Pub-Dinner bestellen.<\/p>\n<p>Machen Sie anschlie\u00dfend einen Abendspaziergang entlang der Strandpromenade und des Piers von Greve de Lecq, um die Aussicht zu genie\u00dfen.<\/p>\n<p style=\"text-align: center;\"><strong>Ihr Spezialist f\u00fcr Reisen auf die Kanalinseln! Entdecken Sie das einzigartige Paradies im Atlantik<\/strong><\/p>\n<p style=\"text-align: center;\"><a class=\"tidycta\" href=\"https:\/\/www.urlaubcornwall.de\/blog\/spezialist-reisen-kanalinseln\/\">Zu den Angeboten<\/a><\/p>\n","protected":false},"excerpt":{"rendered":"<p>Aktivit\u00e4ten and besten Dinge auf Jersey Jersey hat so viel zu bieten, besonders als gr\u00f6\u00dfte Insel der Kanalinseln. Von Burgen bis hin zu Buchten gibt es auf Jersey so viele wundersch\u00f6ne Orte und so viel zu tun auf der ganzen Insel. Mit einer Mischung aus britischen und franz\u00f6sischen Einfl\u00fcssen hat Jersey einen einzigartigen Charme, den [&hellip;]<\/p>\n","protected":false},"author":1,"featured_media":0,"parent":0,"menu_order":0,"comment_status":"closed","ping_status":"closed","template":"single-four.php","meta":[],"acf":[],"yoast_head":"<!-- This site is optimized with the Yoast SEO plugin v19.4 - https:\/\/yoast.com\/wordpress\/plugins\/seo\/ -->\n<title>Die 10 Top-Sehensw\u00fcrdigkeiten auf Jersey, Kanalinseln - Urlaub &amp; Reisen<\/title>\n<meta name=\"description\" content=\"Jersey hat so viel zu bieten, besonders als gr\u00f6\u00dfte Insel der Kanalinseln. Von Burgen bis hin zu Buchten gibt es auf Jersey so viele\" \/>\n<meta name=\"robots\" content=\"index, follow, max-snippet:-1, max-image-preview:large, max-video-preview:-1\" \/>\n<link rel=\"canonical\" href=\"https:\/\/www.urlaubcornwall.de\/blog\/die-10-top-sehenswuerdigkeiten-auf-jersey-kanalinseln\/\" \/>\n<meta property=\"og:locale\" content=\"en_US\" \/>\n<meta property=\"og:type\" content=\"article\" \/>\n<meta property=\"og:title\" content=\"Die 10 Top-Sehensw\u00fcrdigkeiten auf Jersey, Kanalinseln - Urlaub &amp; Reisen\" \/>\n<meta property=\"og:description\" content=\"Jersey hat so viel zu bieten, besonders als gr\u00f6\u00dfte Insel der Kanalinseln. Von Burgen bis hin zu Buchten gibt es auf Jersey so viele\" \/>\n<meta property=\"og:url\" content=\"https:\/\/www.urlaubcornwall.de\/blog\/die-10-top-sehenswuerdigkeiten-auf-jersey-kanalinseln\/\" \/>\n<meta property=\"og:site_name\" content=\"Urlaub &amp; Reisen\" \/>\n<meta property=\"og:image\" content=\"https:\/\/www.urlaubcornwall.de\/blog\/wp-content\/uploads\/2023\/02\/urlaub-jersey.jpg\" \/>\n<meta name=\"twitter:card\" content=\"summary\" \/>\n<meta name=\"twitter:label1\" content=\"Est. reading time\" \/>\n\t<meta name=\"twitter:data1\" content=\"6 minutes\" \/>\n<script type=\"application\/ld+json\" class=\"yoast-schema-graph\">{\"@context\":\"https:\/\/schema.org\",\"@graph\":[{\"@type\":\"WebSite\",\"@id\":\"https:\/\/www.urlaubcornwall.de\/blog\/#website\",\"url\":\"https:\/\/www.urlaubcornwall.de\/blog\/\",\"name\":\"Urlaub &amp; Reisen\",\"description\":\"Urlaub, Reisen, Cornwall und S\u00fcdengland: eine perfekte Kombination\",\"potentialAction\":[{\"@type\":\"SearchAction\",\"target\":{\"@type\":\"EntryPoint\",\"urlTemplate\":\"https:\/\/www.urlaubcornwall.de\/blog\/?s={search_term_string}\"},\"query-input\":\"required name=search_term_string\"}],\"inLanguage\":\"en-US\"},{\"@type\":\"WebPage\",\"@id\":\"https:\/\/www.urlaubcornwall.de\/blog\/die-10-top-sehenswuerdigkeiten-auf-jersey-kanalinseln\/\",\"url\":\"https:\/\/www.urlaubcornwall.de\/blog\/die-10-top-sehenswuerdigkeiten-auf-jersey-kanalinseln\/\",\"name\":\"Die 10 Top-Sehensw\u00fcrdigkeiten auf Jersey, Kanalinseln - Urlaub &amp; Reisen\",\"isPartOf\":{\"@id\":\"https:\/\/www.urlaubcornwall.de\/blog\/#website\"},\"datePublished\":\"2023-02-21T15:12:11+00:00\",\"dateModified\":\"2023-02-21T15:12:11+00:00\",\"description\":\"Jersey hat so viel zu bieten, besonders als gr\u00f6\u00dfte Insel der Kanalinseln. Von Burgen bis hin zu Buchten gibt es auf Jersey so viele\",\"breadcrumb\":{\"@id\":\"https:\/\/www.urlaubcornwall.de\/blog\/die-10-top-sehenswuerdigkeiten-auf-jersey-kanalinseln\/#breadcrumb\"},\"inLanguage\":\"en-US\",\"potentialAction\":[{\"@type\":\"ReadAction\",\"target\":[\"https:\/\/www.urlaubcornwall.de\/blog\/die-10-top-sehenswuerdigkeiten-auf-jersey-kanalinseln\/\"]}]},{\"@type\":\"BreadcrumbList\",\"@id\":\"https:\/\/www.urlaubcornwall.de\/blog\/die-10-top-sehenswuerdigkeiten-auf-jersey-kanalinseln\/#breadcrumb\",\"itemListElement\":[{\"@type\":\"ListItem\",\"position\":1,\"name\":\"Home\",\"item\":\"https:\/\/www.urlaubcornwall.de\/blog\/\"},{\"@type\":\"ListItem\",\"position\":2,\"name\":\"Die 10 Top-Sehensw\u00fcrdigkeiten auf Jersey, Kanalinseln\"}]}]}<\/script>\n<!-- \/ Yoast SEO plugin. -->","yoast_head_json":{"title":"Die 10 Top-Sehensw\u00fcrdigkeiten auf Jersey, Kanalinseln - Urlaub &amp; Reisen","description":"Jersey hat so viel zu bieten, besonders als gr\u00f6\u00dfte Insel der Kanalinseln. Von Burgen bis hin zu Buchten gibt es auf Jersey so viele","robots":{"index":"index","follow":"follow","max-snippet":"max-snippet:-1","max-image-preview":"max-image-preview:large","max-video-preview":"max-video-preview:-1"},"canonical":"https:\/\/www.urlaubcornwall.de\/blog\/die-10-top-sehenswuerdigkeiten-auf-jersey-kanalinseln\/","og_locale":"en_US","og_type":"article","og_title":"Die 10 Top-Sehensw\u00fcrdigkeiten auf Jersey, Kanalinseln - Urlaub &amp; Reisen","og_description":"Jersey hat so viel zu bieten, besonders als gr\u00f6\u00dfte Insel der Kanalinseln. Von Burgen bis hin zu Buchten gibt es auf Jersey so viele","og_url":"https:\/\/www.urlaubcornwall.de\/blog\/die-10-top-sehenswuerdigkeiten-auf-jersey-kanalinseln\/","og_site_name":"Urlaub &amp; Reisen","og_image":[{"url":"https:\/\/www.urlaubcornwall.de\/blog\/wp-content\/uploads\/2023\/02\/urlaub-jersey.jpg"}],"twitter_card":"summary","twitter_misc":{"Est. reading time":"6 minutes"},"schema":{"@context":"https:\/\/schema.org","@graph":[{"@type":"WebSite","@id":"https:\/\/www.urlaubcornwall.de\/blog\/#website","url":"https:\/\/www.urlaubcornwall.de\/blog\/","name":"Urlaub &amp; Reisen","description":"Urlaub, Reisen, Cornwall und S\u00fcdengland: eine perfekte Kombination","potentialAction":[{"@type":"SearchAction","target":{"@type":"EntryPoint","urlTemplate":"https:\/\/www.urlaubcornwall.de\/blog\/?s={search_term_string}"},"query-input":"required name=search_term_string"}],"inLanguage":"en-US"},{"@type":"WebPage","@id":"https:\/\/www.urlaubcornwall.de\/blog\/die-10-top-sehenswuerdigkeiten-auf-jersey-kanalinseln\/","url":"https:\/\/www.urlaubcornwall.de\/blog\/die-10-top-sehenswuerdigkeiten-auf-jersey-kanalinseln\/","name":"Die 10 Top-Sehensw\u00fcrdigkeiten auf Jersey, Kanalinseln - Urlaub &amp; Reisen","isPartOf":{"@id":"https:\/\/www.urlaubcornwall.de\/blog\/#website"},"datePublished":"2023-02-21T15:12:11+00:00","dateModified":"2023-02-21T15:12:11+00:00","description":"Jersey hat so viel zu bieten, besonders als gr\u00f6\u00dfte Insel der Kanalinseln. Von Burgen bis hin zu Buchten gibt es auf Jersey so viele","breadcrumb":{"@id":"https:\/\/www.urlaubcornwall.de\/blog\/die-10-top-sehenswuerdigkeiten-auf-jersey-kanalinseln\/#breadcrumb"},"inLanguage":"en-US","potentialAction":[{"@type":"ReadAction","target":["https:\/\/www.urlaubcornwall.de\/blog\/die-10-top-sehenswuerdigkeiten-auf-jersey-kanalinseln\/"]}]},{"@type":"BreadcrumbList","@id":"https:\/\/www.urlaubcornwall.de\/blog\/die-10-top-sehenswuerdigkeiten-auf-jersey-kanalinseln\/#breadcrumb","itemListElement":[{"@type":"ListItem","position":1,"name":"Home","item":"https:\/\/www.urlaubcornwall.de\/blog\/"},{"@type":"ListItem","position":2,"name":"Die 10 Top-Sehensw\u00fcrdigkeiten auf Jersey, Kanalinseln"}]}]}},"_links":{"self":[{"href":"https:\/\/www.urlaubcornwall.de\/blog\/wp-json\/wp\/v2\/pages\/45932"}],"collection":[{"href":"https:\/\/www.urlaubcornwall.de\/blog\/wp-json\/wp\/v2\/pages"}],"about":[{"href":"https:\/\/www.urlaubcornwall.de\/blog\/wp-json\/wp\/v2\/types\/page"}],"author":[{"embeddable":true,"href":"https:\/\/www.urlaubcornwall.de\/blog\/wp-json\/wp\/v2\/users\/1"}],"replies":[{"embeddable":true,"href":"https:\/\/www.urlaubcornwall.de\/blog\/wp-json\/wp\/v2\/comments?post=45932"}],"version-history":[{"count":3,"href":"https:\/\/www.urlaubcornwall.de\/blog\/wp-json\/wp\/v2\/pages\/45932\/revisions"}],"predecessor-version":[{"id":45941,"href":"https:\/\/www.urlaubcornwall.de\/blog\/wp-json\/wp\/v2\/pages\/45932\/revisions\/45941"}],"wp:attachment":[{"href":"https:\/\/www.urlaubcornwall.de\/blog\/wp-json\/wp\/v2\/media?parent=45932"}],"curies":[{"name":"wp","href":"https:\/\/api.w.org\/{rel}","templated":true}]}}