{"id":45923,"date":"2023-02-21T12:51:28","date_gmt":"2023-02-21T12:51:28","guid":{"rendered":"https:\/\/www.urlaubcornwall.de\/blog\/?page_id=45923"},"modified":"2024-05-31T09:45:25","modified_gmt":"2024-05-31T09:45:25","slug":"die-10-top-sehenswuerdigkeiten-auf-guernsey-kanalinseln","status":"publish","type":"page","link":"https:\/\/www.urlaubcornwall.de\/blog\/die-10-top-sehenswuerdigkeiten-auf-guernsey-kanalinseln\/","title":{"rendered":"Die 10 Top-Sehensw\u00fcrdigkeiten auf Guernsey, Kanalinseln"},"content":{"rendered":"<p><img loading=\"lazy\" class=\"aligncenter size-full wp-image-45924\" src=\"https:\/\/www.urlaubcornwall.de\/blog\/wp-content\/uploads\/2023\/02\/guernsey-urlaub-am-meeredit.jpg\" alt=\"Sehensw\u00fcrdigkeiten auf Guernsey\" width=\"750\" height=\"526\" srcset=\"https:\/\/www.urlaubcornwall.de\/blog\/wp-content\/uploads\/2023\/02\/guernsey-urlaub-am-meeredit.jpg 750w, https:\/\/www.urlaubcornwall.de\/blog\/wp-content\/uploads\/2023\/02\/guernsey-urlaub-am-meeredit-300x210.jpg 300w\" sizes=\"(max-width: 750px) 100vw, 750px\" \/><\/p>\n<p><strong>Aktivit\u00e4ten and besten Dinge auf Guernsey<\/strong><\/p>\n<p>Das <a href=\"https:\/\/www.urlaubcornwall.de\/reiseziel\/kanalinseln\/guernsey.php\">wundersch\u00f6ne Juwel Guernsey<\/a>, eine der gr\u00f6\u00dferen der <a href=\"https:\/\/www.urlaubcornwall.de\/reiseziel\/kanalinseln\/\">Kanalinseln<\/a>, ist atemberaubend zu besuchen. Auf Guernsey gibt es auf der ganzen Insel so viele Dinge zu tun; mit den sandigen Buchten, historischen Schl\u00f6ssern und gro\u00dfartigen Restaurants, die es perfekt f\u00fcr einen Urlaub machen!<\/p>\n<p>Guernsey ist leicht mit dem Boot oder Flugzeug zu erreichen und ein fantastischer Besuch, wenn Sie auf der Suche nach einem ruhigeren und unvergesslichen Besuch sind. Au\u00dferdem k\u00f6nnen Sie dies ganz einfach mit einem Ausflug zu den <a href=\"https:\/\/www.urlaubcornwall.de\/reiseziel\/kanalinseln\/jersey.php\">besten Orten auf Jersey<\/a> kombinieren!<\/p>\n<p>Oh, und vergiss diese paar Grad Hitze nicht \u2026 Guernsey ist einer der s\u00fcdlicheren Orte auf den Britischen Inseln und profitiert daher von w\u00e4rmeren Temperaturen. Es ist gro\u00dfartig.<\/p>\n<p>Werfen Sie unten einen Blick auf die besten Aktivit\u00e4ten auf Guernsey f\u00fcr Ihre n\u00e4chste Reise. Habt eine sch\u00f6ne Zeit auf der Insel.<\/p>\n<p><strong>1.) Schloss Cornet<\/strong><\/p>\n<p><img loading=\"lazy\" class=\"aligncenter size-full wp-image-45926\" src=\"https:\/\/www.urlaubcornwall.de\/blog\/wp-content\/uploads\/2023\/02\/castle-cornet-guernsey.jpg\" alt=\"castle cornet guernsey\" width=\"750\" height=\"510\" srcset=\"https:\/\/www.urlaubcornwall.de\/blog\/wp-content\/uploads\/2023\/02\/castle-cornet-guernsey.jpg 750w, https:\/\/www.urlaubcornwall.de\/blog\/wp-content\/uploads\/2023\/02\/castle-cornet-guernsey-300x204.jpg 300w\" sizes=\"(max-width: 750px) 100vw, 750px\" \/><\/p>\n<p>Guernseys Castle Cornet liegt direkt auf einer Gezeiteninsel, die jetzt mit St. Peter verbunden ist, und ist eine der ber\u00fchmtesten Burgen der Insel.<\/p>\n<p>Im Laufe der Jahrhunderte hat die Burg viele Schlachten, Besetzungen und Belagerungen erlebt! Zeitweise haben franz\u00f6sische Truppen und Soldaten die Burg angegriffen und in einigen F\u00e4llen erfolgreich \u00fcberw\u00e4ltigt. Es gen\u00fcgt zu sagen, dass Castle Cornet auf Guernsey eine aufregende Vergangenheit hatte, die es zu erkunden gilt.<\/p>\n<p>Nehmen Sie sich eine Stunde Zeit, um die Geschichte in sich aufzunehmen, bevor Sie mehr von St. Peter erkunden.<\/p>\n<p>Anschlie\u00dfend geht es weiter zum Victor Hugo House Museum, wo Sie alles \u00fcber den im Exil lebenden franz\u00f6sischen Schriftsteller und sein ehemaliges Zuhause erfahren k\u00f6nnen.<\/p>\n<p>Hungrig sein? Genie\u00dfen Sie gro\u00dfartiges Essen im The Catch. Sie servieren einige leckere Meeresfr\u00fcchtegerichte, die vor Ort gefangen wurden.<\/p>\n<p><strong>2.) Schloss Vale<\/strong><\/p>\n<p>Nicht weit von St. Sampson\u2019s entfernt hat Vale Castle eine jahrhundertealte Geschichte.<\/p>\n<p>Es ist einen Besuch wert, wenn Sie den Nordosten der Insel erkunden, und es ist eines der besten Dinge, die Sie in Guernsey tun k\u00f6nnen, wenn Sie Dehus Dolmen besuchen.<\/p>\n<p>Buchen Sie f\u00fcr ein sch\u00f6nes Abendessen einen Tisch im Le Nautique, das stolz darauf ist, die besten Meeresfr\u00fcchte der Insel zu servieren. Ihre Herm-Austern und Seeteufel sind so gut.<\/p>\n<p><strong>3.) Sark<\/strong><\/p>\n<p><a href=\"https:\/\/www.urlaubcornwall.de\/blog\/wp-content\/uploads\/2024\/03\/sark.jpg\"><img loading=\"lazy\" src=\"https:\/\/www.urlaubcornwall.de\/blog\/wp-content\/uploads\/2024\/03\/sark.jpg\" alt=\"sark\" width=\"750\" height=\"471\" class=\"alignnone size-full wp-image-48190\" srcset=\"https:\/\/www.urlaubcornwall.de\/blog\/wp-content\/uploads\/2024\/03\/sark.jpg 750w, https:\/\/www.urlaubcornwall.de\/blog\/wp-content\/uploads\/2024\/03\/sark-300x188.jpg 300w\" sizes=\"(max-width: 750px) 100vw, 750px\" \/><\/a><\/p>\n<p><a href=\"https:\/\/www.urlaubcornwall.de\/blog\/sark-kanalinseln-charmant-und-friedlich\/\">Sark<\/a> ist der kleinere, aber immer noch sch\u00f6ne Teil der Vogtei von Guernsey, der leicht mit den Booten (von St. Peter\u2019s Harbour) zu erreichen ist.<\/p>\n<p>Sobald Sie hier sind, sollten Sie die Wanderwege rund um die K\u00fcste und insbesondere in La Coup\u00e9e erkunden. Es ist ein einzigartiger Ort f\u00fcr unglaubliche Ausblicke. Und vergessen Sie nicht, Sarkhenge und die wundersch\u00f6ne Dixcart Bay zu sehen.<\/p>\n<p>Nicht nur das, Sark ist die erste Insel mit dunklem Himmel der Welt! Dies macht es zum perfekten Ort zum Sternegucken und zu einem Muss f\u00fcr jeden Amateurastronomen. Nach Sonnenuntergang k\u00f6nnen Sie in der Dunkelheit schwelgen, ohne jegliche Lichtverschmutzung durch Stra\u00dfenlaternen, Autos oder Lampen. Es ist unglaublich.<\/p>\n<p>Stellen Sie einfach sicher, dass Sie \u00fcber Nacht bleiben und erh\u00f6hen Sie Ihre Chancen, einige Sternschnuppen zu sehen!.<\/p>\n<p><strong>4.) Pleinmont Point<\/strong><\/p>\n<p>Pleinmont Point spielte eine wichtige Rolle bei der Besetzung von <a href=\"https:\/\/www.urlaubcornwall.de\/reiseziel\/kanalinseln\/guernsey.php\">Guernsey<\/a> im Zweiten Weltkrieg.<\/p>\n<p>Sehen Sie, von 1940 bis 1945 nutzten deutsche Truppen den Pleinmont Tower auf dem Pleinmont Point als einen Ort, von dem aus sie die Artillerie der Insel kontrollierten, w\u00e4hrend sie gegen britische Flugzeuge k\u00e4mpften. Tats\u00e4chlich war im Turm selbst ein Artilleriegesch\u00fctz so positioniert, wie es vor Jahrzehnten gewesen w\u00e4re.<\/p>\n<p>Heute ist es eines der besten Dinge, die man in Guernsey unternehmen kann, wenn man einen Sonnenuntergang einfangen m\u00f6chte. Nicht nur das, Sie haben sogar den unber\u00fchrten Strand von Portelet direkt darunter.<\/p>\n<p style=\"text-align: center;\"><strong>Ihr Spezialist f\u00fcr Reisen auf die Kanalinseln! Entdecken Sie das einzigartige Paradies im Atlantik<\/strong><\/p>\n<p style=\"text-align: center;\"><a class=\"tidycta\" href=\"https:\/\/www.urlaubcornwall.de\/blog\/spezialist-reisen-kanalinseln\/\">Zu den Angeboten<\/a><\/p>\n<p><strong>5.) Guernseys Loophole Towers<\/strong><\/p>\n<p>Es gibt ungef\u00e4hr 12 Schie\u00dfschartent\u00fcrme, die \u00fcber Guernsey verstreut sind, um die Inseln im 17. Jahrhundert vor den Franzosen zu sch\u00fctzen. Heutzutage kann man sie immer noch auf der ganzen Insel entdecken und sie sind beeindruckend zu sehen.<\/p>\n<p>Gehen Sie auf jeden Fall die Pfade entlang und entdecken Sie die; L\u2019Ancresse Loophole Tower, Petit B\u00f4t Tower und Fermain Tower.<\/p>\n<p><strong>6.) Hauteville-Haus (Victor-Hugo-Haus)<\/strong><\/p>\n<p>Hauteville House wurde bereits kurz zuvor erw\u00e4hnt und war einst die Heimat des legend\u00e4ren Schriftstellers Victor Hugo. Im Inneren erfahren Sie mehr \u00fcber das literarische Genie und wie er einst lebte.<\/p>\n<p>Das Haus, das vom Autor von Les Miserable selbst entworfen wurde, ist mit pers\u00f6nlich bedeutsamen Symbolen und Erinnerungsst\u00fccken bedeckt, die mit Sicherheit eines der besten Museen der Insel sind.<\/p>\n<p>Sobald Sie hier sind, erfahren Sie auch mehr dar\u00fcber, warum Hugo Frankreich verlassen hat, um auf Guernsey zu leben. und wie er zu einem so produktiven Schriftsteller wurde.<\/p>\n<p>Sichern Sie sich einen Tisch im Octopus. Bekannt f\u00fcr seine Aussicht und seine Gerichte, ist es ein absolut gro\u00dfartiger Ort, um sich zur\u00fcckzulehnen und eine Mahlzeit zu genie\u00dfen. Egal, ob Sie Lust auf Austern, Hummer, Muscheln, Fisch oder andere Meeresfr\u00fcchte haben, Sie werden nicht entt\u00e4uscht sein.<\/p>\n<p><strong>7.) St. Peter Port<\/strong><\/p>\n<p><img loading=\"lazy\" class=\"aligncenter size-full wp-image-45928\" src=\"https:\/\/www.urlaubcornwall.de\/blog\/wp-content\/uploads\/2023\/02\/floral_st_peter_port_blick.jpg\" alt=\"floral_st_peter_port_blick\" width=\"750\" height=\"500\" srcset=\"https:\/\/www.urlaubcornwall.de\/blog\/wp-content\/uploads\/2023\/02\/floral_st_peter_port_blick.jpg 750w, https:\/\/www.urlaubcornwall.de\/blog\/wp-content\/uploads\/2023\/02\/floral_st_peter_port_blick-300x200.jpg 300w\" sizes=\"(max-width: 750px) 100vw, 750px\" \/><\/p>\n<p>Saint Peter Port mit seinen gepflasterten Stra\u00dfen und engen Gassen ist die charmante kleine Hauptstadt von Guernsey. Und es gibt so viel zu tun. Mit vielen Museen, die einen ganzen Tag f\u00fcllen werden. Planen Sie Ihre Reise also mit Bedacht und w\u00e4hlen Sie die Orte aus, die Sie am liebsten sehen m\u00f6chten.<\/p>\n<p>Denken Sie daran, dass Sie auch das Museum und die Kunstgalerie der Insel, ein sch\u00f6nes Schifffahrtsmuseum und auch Candie Gardens haben.<\/p>\n<p>Ein Spaziergang durch den Hafen, vorbei an seinen historischen St\u00e4tten wie dem Befreiungsdenkmal, ist die perfekte Art, einen Morgen zu verbringen, bevor Sie mit dem Boot nach Sark fahren.<\/p>\n<p>Gehen Sie anschlie\u00dfend zum Fat Rascal, um die Speisekarte mit frischem Fisch zu genie\u00dfen. Lecker.<\/p>\n<p>Oh, und lauschen Sie mittags weiter, um zu h\u00f6ren, wie die Kanone auf Castle Cornet losgeht!<\/p>\n<p><strong>8.) Deutsches Besatzungsmuseum<\/strong><\/p>\n<p>Guernsey hat eine lange Geschichte, die Tausende von Jahren zur\u00fcckreicht, aber es gibt viele j\u00fcngere Geschichten, \u00fcber die es sich lohnt, etwas zu lernen. Sie sehen, Guernsey hat eine bedeutende Vergangenheit in Bezug auf den Zweiten Weltkrieg, da es w\u00e4hrend des Zweiten Weltkriegs von den Nazis besetzt wurde.<\/p>\n<p>Das vor vielen Jahrzehnten er\u00f6ffnete Deutsche Besatzungsmuseum ist eine der besten Sehensw\u00fcrdigkeiten in Guernsey, wenn Sie mehr \u00fcber die Ereignisse erfahren m\u00f6chten, die w\u00e4hrend der Besetzung und des Befreiungstages stattfanden.<\/p>\n<p>Im Inneren finden Sie auch Sammlungen von Artefakten aus dem Zweiten Weltkrieg, die Ihre Zeit wert sind, bevor Sie den Heimflug antreten. Sie sehen, es liegt direkt neben dem Flughafen.<\/p>\n<p><strong>9.) Victoria Tower<\/strong><\/p>\n<p>Der Victoria Tower in St. Peter Port wurde 1846 nach dem Besuch von K\u00f6nigin Victoria und Prinz Albert auf der Insel errichtet, dem ersten Mal, dass ein Monarch Guernsey betrat. 1859 besuchte das K\u00f6nigspaar erneut Guernsey und inspizierte pers\u00f6nlich den Victoria Tower. Der Victoria Tower ist eines der bedeutendsten Monumente von Guernsey und bei einem Besuch der Insel einen Besuch wert.<\/p>\n<p>Machen Sie anschlie\u00dfend eine 15-min\u00fctige Fahrt zum Le Dehus Dolmen, der bis in die Jungsteinzeit zur\u00fcckreicht. Die perfekt erhaltene Dolmenpassage Le Dehus gibt Ihnen einen Einblick in die gewaltige Menschheitsgeschichte von Guernsey.<\/p>\n<p>An der Wand ist ein erstaunliches Bild eines b\u00e4rtigen Mannes gemalt, der angeblich der W\u00e4chter von Le Dehus war und vor \u00fcber 4000 Jahren geschaffen wurde. Nichts, was man auf Guernsey verpassen sollte!<\/p>\n<p><strong>10.) Die kleine Kapelle<\/strong><\/p>\n<p><img loading=\"lazy\" class=\"aligncenter size-full wp-image-45929\" src=\"https:\/\/www.urlaubcornwall.de\/blog\/wp-content\/uploads\/2023\/02\/guernsey-sphinx-chapel.jpg\" alt=\"guernsey sphinx chapel\" width=\"750\" height=\"563\" srcset=\"https:\/\/www.urlaubcornwall.de\/blog\/wp-content\/uploads\/2023\/02\/guernsey-sphinx-chapel.jpg 750w, https:\/\/www.urlaubcornwall.de\/blog\/wp-content\/uploads\/2023\/02\/guernsey-sphinx-chapel-300x225.jpg 300w\" sizes=\"(max-width: 750px) 100vw, 750px\" \/><\/p>\n<p>Die kleine Kapelle, auch als Sphinx von Guernsey bekannt, ist eine kunstvoll gestaltete Kirche, die mit Muscheln, Kieselsteinen und zerbrochenen Tellerst\u00fccken geschm\u00fcckt ist, die zu niedlich ist, um sie zu \u00fcbersehen.<\/p>\n<p>Diese kleine abgelegene Kapelle im Tal Les Vauxbelets wurde im Sommer 1914 zu Ehren der Jungfrau Maria erbaut und ist einen Besuch wert, wenn Sie auf der Insel sind.<\/p>\n<p>Obwohl relativ klein, ist es absolut einzigartig und ein Ort, den Sie nicht verpassen sollten, wenn Sie durch das Landesinnere der Insel fahren.<\/p>\n<p style=\"text-align: center;\"><a class=\"tidycta\" href=\"https:\/\/www.urlaubcornwall.de\/blog\/spezialist-reisen-kanalinseln\/\">Zu den Angeboten<\/a><\/p>\n","protected":false},"excerpt":{"rendered":"<p>Aktivit\u00e4ten and besten Dinge auf Guernsey Das wundersch\u00f6ne Juwel Guernsey, eine der gr\u00f6\u00dferen der Kanalinseln, ist atemberaubend zu besuchen. Auf Guernsey gibt es auf der ganzen Insel so viele Dinge zu tun; mit den sandigen Buchten, historischen Schl\u00f6ssern und gro\u00dfartigen Restaurants, die es perfekt f\u00fcr einen Urlaub machen! Guernsey ist leicht mit dem Boot oder [&hellip;]<\/p>\n","protected":false},"author":1,"featured_media":0,"parent":0,"menu_order":0,"comment_status":"closed","ping_status":"closed","template":"single-four.php","meta":[],"acf":[],"yoast_head":"<!-- This site is optimized with the Yoast SEO plugin v19.4 - https:\/\/yoast.com\/wordpress\/plugins\/seo\/ -->\n<title>Die 10 Top-Sehensw\u00fcrdigkeiten auf Guernsey, Kanalinseln - Urlaub &amp; Reisen<\/title>\n<meta name=\"description\" content=\"Das wundersch\u00f6ne Juwel Guernsey, eine der gr\u00f6\u00dferen der Kanalinseln, ist atemberaubend zu besuchen. Auf Guernsey gibt es auf der ganzen Insel\" \/>\n<meta name=\"robots\" content=\"index, follow, max-snippet:-1, max-image-preview:large, max-video-preview:-1\" \/>\n<link rel=\"canonical\" href=\"https:\/\/www.urlaubcornwall.de\/blog\/die-10-top-sehenswuerdigkeiten-auf-guernsey-kanalinseln\/\" \/>\n<meta property=\"og:locale\" content=\"en_US\" \/>\n<meta property=\"og:type\" content=\"article\" \/>\n<meta property=\"og:title\" content=\"Die 10 Top-Sehensw\u00fcrdigkeiten auf Guernsey, Kanalinseln - Urlaub &amp; Reisen\" \/>\n<meta property=\"og:description\" content=\"Das wundersch\u00f6ne Juwel Guernsey, eine der gr\u00f6\u00dferen der Kanalinseln, ist atemberaubend zu besuchen. Auf Guernsey gibt es auf der ganzen Insel\" \/>\n<meta property=\"og:url\" content=\"https:\/\/www.urlaubcornwall.de\/blog\/die-10-top-sehenswuerdigkeiten-auf-guernsey-kanalinseln\/\" \/>\n<meta property=\"og:site_name\" content=\"Urlaub &amp; Reisen\" \/>\n<meta property=\"article:modified_time\" content=\"2024-05-31T09:45:25+00:00\" \/>\n<meta property=\"og:image\" content=\"https:\/\/www.urlaubcornwall.de\/blog\/wp-content\/uploads\/2023\/02\/guernsey-urlaub-am-meeredit.jpg\" \/>\n<meta name=\"twitter:card\" content=\"summary\" \/>\n<meta name=\"twitter:label1\" content=\"Est. reading time\" \/>\n\t<meta name=\"twitter:data1\" content=\"7 minutes\" \/>\n<script type=\"application\/ld+json\" class=\"yoast-schema-graph\">{\"@context\":\"https:\/\/schema.org\",\"@graph\":[{\"@type\":\"WebSite\",\"@id\":\"https:\/\/www.urlaubcornwall.de\/blog\/#website\",\"url\":\"https:\/\/www.urlaubcornwall.de\/blog\/\",\"name\":\"Urlaub &amp; Reisen\",\"description\":\"Urlaub, Reisen, Cornwall und S\u00fcdengland: eine perfekte Kombination\",\"potentialAction\":[{\"@type\":\"SearchAction\",\"target\":{\"@type\":\"EntryPoint\",\"urlTemplate\":\"https:\/\/www.urlaubcornwall.de\/blog\/?s={search_term_string}\"},\"query-input\":\"required name=search_term_string\"}],\"inLanguage\":\"en-US\"},{\"@type\":\"WebPage\",\"@id\":\"https:\/\/www.urlaubcornwall.de\/blog\/die-10-top-sehenswuerdigkeiten-auf-guernsey-kanalinseln\/\",\"url\":\"https:\/\/www.urlaubcornwall.de\/blog\/die-10-top-sehenswuerdigkeiten-auf-guernsey-kanalinseln\/\",\"name\":\"Die 10 Top-Sehensw\u00fcrdigkeiten auf Guernsey, Kanalinseln - Urlaub &amp; Reisen\",\"isPartOf\":{\"@id\":\"https:\/\/www.urlaubcornwall.de\/blog\/#website\"},\"datePublished\":\"2023-02-21T12:51:28+00:00\",\"dateModified\":\"2024-05-31T09:45:25+00:00\",\"description\":\"Das wundersch\u00f6ne Juwel Guernsey, eine der gr\u00f6\u00dferen der Kanalinseln, ist atemberaubend zu besuchen. Auf Guernsey gibt es auf der ganzen Insel\",\"breadcrumb\":{\"@id\":\"https:\/\/www.urlaubcornwall.de\/blog\/die-10-top-sehenswuerdigkeiten-auf-guernsey-kanalinseln\/#breadcrumb\"},\"inLanguage\":\"en-US\",\"potentialAction\":[{\"@type\":\"ReadAction\",\"target\":[\"https:\/\/www.urlaubcornwall.de\/blog\/die-10-top-sehenswuerdigkeiten-auf-guernsey-kanalinseln\/\"]}]},{\"@type\":\"BreadcrumbList\",\"@id\":\"https:\/\/www.urlaubcornwall.de\/blog\/die-10-top-sehenswuerdigkeiten-auf-guernsey-kanalinseln\/#breadcrumb\",\"itemListElement\":[{\"@type\":\"ListItem\",\"position\":1,\"name\":\"Home\",\"item\":\"https:\/\/www.urlaubcornwall.de\/blog\/\"},{\"@type\":\"ListItem\",\"position\":2,\"name\":\"Die 10 Top-Sehensw\u00fcrdigkeiten auf Guernsey, Kanalinseln\"}]}]}<\/script>\n<!-- \/ Yoast SEO plugin. -->","yoast_head_json":{"title":"Die 10 Top-Sehensw\u00fcrdigkeiten auf Guernsey, Kanalinseln - Urlaub &amp; Reisen","description":"Das wundersch\u00f6ne Juwel Guernsey, eine der gr\u00f6\u00dferen der Kanalinseln, ist atemberaubend zu besuchen. Auf Guernsey gibt es auf der ganzen Insel","robots":{"index":"index","follow":"follow","max-snippet":"max-snippet:-1","max-image-preview":"max-image-preview:large","max-video-preview":"max-video-preview:-1"},"canonical":"https:\/\/www.urlaubcornwall.de\/blog\/die-10-top-sehenswuerdigkeiten-auf-guernsey-kanalinseln\/","og_locale":"en_US","og_type":"article","og_title":"Die 10 Top-Sehensw\u00fcrdigkeiten auf Guernsey, Kanalinseln - Urlaub &amp; Reisen","og_description":"Das wundersch\u00f6ne Juwel Guernsey, eine der gr\u00f6\u00dferen der Kanalinseln, ist atemberaubend zu besuchen. Auf Guernsey gibt es auf der ganzen Insel","og_url":"https:\/\/www.urlaubcornwall.de\/blog\/die-10-top-sehenswuerdigkeiten-auf-guernsey-kanalinseln\/","og_site_name":"Urlaub &amp; Reisen","article_modified_time":"2024-05-31T09:45:25+00:00","og_image":[{"url":"https:\/\/www.urlaubcornwall.de\/blog\/wp-content\/uploads\/2023\/02\/guernsey-urlaub-am-meeredit.jpg"}],"twitter_card":"summary","twitter_misc":{"Est. reading time":"7 minutes"},"schema":{"@context":"https:\/\/schema.org","@graph":[{"@type":"WebSite","@id":"https:\/\/www.urlaubcornwall.de\/blog\/#website","url":"https:\/\/www.urlaubcornwall.de\/blog\/","name":"Urlaub &amp; Reisen","description":"Urlaub, Reisen, Cornwall und S\u00fcdengland: eine perfekte Kombination","potentialAction":[{"@type":"SearchAction","target":{"@type":"EntryPoint","urlTemplate":"https:\/\/www.urlaubcornwall.de\/blog\/?s={search_term_string}"},"query-input":"required name=search_term_string"}],"inLanguage":"en-US"},{"@type":"WebPage","@id":"https:\/\/www.urlaubcornwall.de\/blog\/die-10-top-sehenswuerdigkeiten-auf-guernsey-kanalinseln\/","url":"https:\/\/www.urlaubcornwall.de\/blog\/die-10-top-sehenswuerdigkeiten-auf-guernsey-kanalinseln\/","name":"Die 10 Top-Sehensw\u00fcrdigkeiten auf Guernsey, Kanalinseln - Urlaub &amp; Reisen","isPartOf":{"@id":"https:\/\/www.urlaubcornwall.de\/blog\/#website"},"datePublished":"2023-02-21T12:51:28+00:00","dateModified":"2024-05-31T09:45:25+00:00","description":"Das wundersch\u00f6ne Juwel Guernsey, eine der gr\u00f6\u00dferen der Kanalinseln, ist atemberaubend zu besuchen. Auf Guernsey gibt es auf der ganzen Insel","breadcrumb":{"@id":"https:\/\/www.urlaubcornwall.de\/blog\/die-10-top-sehenswuerdigkeiten-auf-guernsey-kanalinseln\/#breadcrumb"},"inLanguage":"en-US","potentialAction":[{"@type":"ReadAction","target":["https:\/\/www.urlaubcornwall.de\/blog\/die-10-top-sehenswuerdigkeiten-auf-guernsey-kanalinseln\/"]}]},{"@type":"BreadcrumbList","@id":"https:\/\/www.urlaubcornwall.de\/blog\/die-10-top-sehenswuerdigkeiten-auf-guernsey-kanalinseln\/#breadcrumb","itemListElement":[{"@type":"ListItem","position":1,"name":"Home","item":"https:\/\/www.urlaubcornwall.de\/blog\/"},{"@type":"ListItem","position":2,"name":"Die 10 Top-Sehensw\u00fcrdigkeiten auf Guernsey, Kanalinseln"}]}]}},"_links":{"self":[{"href":"https:\/\/www.urlaubcornwall.de\/blog\/wp-json\/wp\/v2\/pages\/45923"}],"collection":[{"href":"https:\/\/www.urlaubcornwall.de\/blog\/wp-json\/wp\/v2\/pages"}],"about":[{"href":"https:\/\/www.urlaubcornwall.de\/blog\/wp-json\/wp\/v2\/types\/page"}],"author":[{"embeddable":true,"href":"https:\/\/www.urlaubcornwall.de\/blog\/wp-json\/wp\/v2\/users\/1"}],"replies":[{"embeddable":true,"href":"https:\/\/www.urlaubcornwall.de\/blog\/wp-json\/wp\/v2\/comments?post=45923"}],"version-history":[{"count":5,"href":"https:\/\/www.urlaubcornwall.de\/blog\/wp-json\/wp\/v2\/pages\/45923\/revisions"}],"predecessor-version":[{"id":51290,"href":"https:\/\/www.urlaubcornwall.de\/blog\/wp-json\/wp\/v2\/pages\/45923\/revisions\/51290"}],"wp:attachment":[{"href":"https:\/\/www.urlaubcornwall.de\/blog\/wp-json\/wp\/v2\/media?parent=45923"}],"curies":[{"name":"wp","href":"https:\/\/api.w.org\/{rel}","templated":true}]}}