{"id":45875,"date":"2023-02-14T15:48:26","date_gmt":"2023-02-14T15:48:26","guid":{"rendered":"https:\/\/www.urlaubcornwall.de\/blog\/?page_id=45875"},"modified":"2023-02-14T15:48:26","modified_gmt":"2023-02-14T15:48:26","slug":"ferienwohnung-in-newquay-mit-blick","status":"publish","type":"page","link":"https:\/\/www.urlaubcornwall.de\/blog\/ferienwohnung-in-newquay-mit-blick\/","title":{"rendered":"Ferienwohnung in Newquay mit Blick"},"content":{"rendered":"<p><img loading=\"lazy\" class=\"aligncenter size-full wp-image-45877\" src=\"https:\/\/www.urlaubcornwall.de\/blog\/wp-content\/uploads\/2023\/02\/Ferienwohnung-in-Newquay-mit_Blick.jpg\" alt=\"Ferienwohnung in Newquay mit_Blick\" width=\"750\" height=\"563\" srcset=\"https:\/\/www.urlaubcornwall.de\/blog\/wp-content\/uploads\/2023\/02\/Ferienwohnung-in-Newquay-mit_Blick.jpg 750w, https:\/\/www.urlaubcornwall.de\/blog\/wp-content\/uploads\/2023\/02\/Ferienwohnung-in-Newquay-mit_Blick-300x225.jpg 300w\" sizes=\"(max-width: 750px) 100vw, 750px\" \/><\/p>\n<p><a href=\"https:\/\/www.urlaubcornwall.de\/ferienhaeuser-fewos\/unterkunft\/Holiday\/89230-1-bedroom-apartment-in-newquay---89230.html\">Ferienwohnung mit Meerblick in Newquay, Nordk\u00fcste Cornwall<\/a><\/p>\n<p>Auf dem begehrten Pentire Headland gelegen, haben Sie eine perfekte Lage, um den weitl\u00e4ufigen, weltber\u00fchmten <a href=\"https:\/\/www.urlaubcornwall.de\/blog\/fistral-beach-surfstrand-newquay\/\">Fistral Beach<\/a> zu \u00fcberblicken, der Heimat des International Surfing Center und des Fischrestaurants von Rick Stein. Das Stadtzentrum liegt in der N\u00e4he und bietet eine gro\u00dfe Auswahl an Restaurants, Boutiquen und Pubs f\u00fcr jeden Geschmack. F\u00fcr Wanderer gibt es atemberaubende Wanderungen rund um <a href=\"https:\/\/www.urlaubcornwall.de\/ferienhaeuser-fewos\/newquay.html\">Newquay<\/a> und nach <a href=\"https:\/\/www.urlaubcornwall.de\/ferienhaeuser-fewos\/crantock.html\">Crantock<\/a> (6 km). Andere beliebte K\u00fcstenziele sind die bei Surfern beliebte <a href=\"https:\/\/www.urlaubcornwall.de\/blog\/watergate-bay-newquay\/\">Watergate Bay<\/a> (6 km).<\/p>\n<p>Schlafplatz f\u00fcr 2 | Schlafzimmer:1 | Badezimmer:1 | Erwachsene:2 | Haustiere:Leider keine Haustiere erlaubt | Strandnah<\/p>\n<p><strong>Verf\u00fcgbarkeit und Preisgestaltung<\/strong><\/p>\n<p>An-\/Abreisetag am: Freitag | Mieten: Von \u00a3610 bis \u00a31301 <\/p>\n<p style=\"text-align: center;\"><a class=\"tidycta\" href=\"https:\/\/www.urlaubcornwall.de\/ferienhaeuser-fewos\/newquay.html\">Suche Ferienh\u00e4user in Newquay<\/a><\/p>\n","protected":false},"excerpt":{"rendered":"<p>Ferienwohnung mit Meerblick in Newquay, Nordk\u00fcste Cornwall Auf dem begehrten Pentire Headland gelegen, haben Sie eine perfekte Lage, um den weitl\u00e4ufigen, weltber\u00fchmten Fistral Beach zu \u00fcberblicken, der Heimat des International Surfing Center und des Fischrestaurants von Rick Stein. Das Stadtzentrum liegt in der N\u00e4he und bietet eine gro\u00dfe Auswahl an Restaurants, Boutiquen und Pubs f\u00fcr [&hellip;]<\/p>\n","protected":false},"author":1,"featured_media":0,"parent":0,"menu_order":0,"comment_status":"closed","ping_status":"closed","template":"single-four.php","meta":[],"acf":[],"yoast_head":"<!-- This site is optimized with the Yoast SEO plugin v19.4 - https:\/\/yoast.com\/wordpress\/plugins\/seo\/ -->\n<title>Ferienwohnung in Newquay mit Blick - Urlaub &amp; Reisen<\/title>\n<meta name=\"description\" content=\"Auf dem begehrten Pentire Headland gelegen, haben Sie eine perfekte Lage, um den weitl\u00e4ufigen, weltber\u00fchmten Fistral Beach\" \/>\n<meta name=\"robots\" content=\"index, follow, max-snippet:-1, max-image-preview:large, max-video-preview:-1\" \/>\n<link rel=\"canonical\" href=\"https:\/\/www.urlaubcornwall.de\/blog\/ferienwohnung-in-newquay-mit-blick\/\" \/>\n<meta property=\"og:locale\" content=\"en_US\" \/>\n<meta property=\"og:type\" content=\"article\" \/>\n<meta property=\"og:title\" content=\"Ferienwohnung in Newquay mit Blick - Urlaub &amp; Reisen\" \/>\n<meta property=\"og:description\" content=\"Auf dem begehrten Pentire Headland gelegen, haben Sie eine perfekte Lage, um den weitl\u00e4ufigen, weltber\u00fchmten Fistral Beach\" \/>\n<meta property=\"og:url\" content=\"https:\/\/www.urlaubcornwall.de\/blog\/ferienwohnung-in-newquay-mit-blick\/\" \/>\n<meta property=\"og:site_name\" content=\"Urlaub &amp; Reisen\" \/>\n<meta property=\"og:image\" content=\"https:\/\/www.urlaubcornwall.de\/blog\/wp-content\/uploads\/2023\/02\/Ferienwohnung-in-Newquay-mit_Blick.jpg\" \/>\n<meta name=\"twitter:card\" content=\"summary\" \/>\n<script type=\"application\/ld+json\" class=\"yoast-schema-graph\">{\"@context\":\"https:\/\/schema.org\",\"@graph\":[{\"@type\":\"WebSite\",\"@id\":\"https:\/\/www.urlaubcornwall.de\/blog\/#website\",\"url\":\"https:\/\/www.urlaubcornwall.de\/blog\/\",\"name\":\"Urlaub &amp; Reisen\",\"description\":\"Urlaub, Reisen, Cornwall und S\u00fcdengland: eine perfekte Kombination\",\"potentialAction\":[{\"@type\":\"SearchAction\",\"target\":{\"@type\":\"EntryPoint\",\"urlTemplate\":\"https:\/\/www.urlaubcornwall.de\/blog\/?s={search_term_string}\"},\"query-input\":\"required name=search_term_string\"}],\"inLanguage\":\"en-US\"},{\"@type\":\"WebPage\",\"@id\":\"https:\/\/www.urlaubcornwall.de\/blog\/ferienwohnung-in-newquay-mit-blick\/\",\"url\":\"https:\/\/www.urlaubcornwall.de\/blog\/ferienwohnung-in-newquay-mit-blick\/\",\"name\":\"Ferienwohnung in Newquay mit Blick - Urlaub &amp; Reisen\",\"isPartOf\":{\"@id\":\"https:\/\/www.urlaubcornwall.de\/blog\/#website\"},\"datePublished\":\"2023-02-14T15:48:26+00:00\",\"dateModified\":\"2023-02-14T15:48:26+00:00\",\"description\":\"Auf dem begehrten Pentire Headland gelegen, haben Sie eine perfekte Lage, um den weitl\u00e4ufigen, weltber\u00fchmten Fistral Beach\",\"breadcrumb\":{\"@id\":\"https:\/\/www.urlaubcornwall.de\/blog\/ferienwohnung-in-newquay-mit-blick\/#breadcrumb\"},\"inLanguage\":\"en-US\",\"potentialAction\":[{\"@type\":\"ReadAction\",\"target\":[\"https:\/\/www.urlaubcornwall.de\/blog\/ferienwohnung-in-newquay-mit-blick\/\"]}]},{\"@type\":\"BreadcrumbList\",\"@id\":\"https:\/\/www.urlaubcornwall.de\/blog\/ferienwohnung-in-newquay-mit-blick\/#breadcrumb\",\"itemListElement\":[{\"@type\":\"ListItem\",\"position\":1,\"name\":\"Home\",\"item\":\"https:\/\/www.urlaubcornwall.de\/blog\/\"},{\"@type\":\"ListItem\",\"position\":2,\"name\":\"Ferienwohnung in Newquay mit Blick\"}]}]}<\/script>\n<!-- \/ Yoast SEO plugin. -->","yoast_head_json":{"title":"Ferienwohnung in Newquay mit Blick - Urlaub &amp; Reisen","description":"Auf dem begehrten Pentire Headland gelegen, haben Sie eine perfekte Lage, um den weitl\u00e4ufigen, weltber\u00fchmten Fistral Beach","robots":{"index":"index","follow":"follow","max-snippet":"max-snippet:-1","max-image-preview":"max-image-preview:large","max-video-preview":"max-video-preview:-1"},"canonical":"https:\/\/www.urlaubcornwall.de\/blog\/ferienwohnung-in-newquay-mit-blick\/","og_locale":"en_US","og_type":"article","og_title":"Ferienwohnung in Newquay mit Blick - Urlaub &amp; Reisen","og_description":"Auf dem begehrten Pentire Headland gelegen, haben Sie eine perfekte Lage, um den weitl\u00e4ufigen, weltber\u00fchmten Fistral Beach","og_url":"https:\/\/www.urlaubcornwall.de\/blog\/ferienwohnung-in-newquay-mit-blick\/","og_site_name":"Urlaub &amp; Reisen","og_image":[{"url":"https:\/\/www.urlaubcornwall.de\/blog\/wp-content\/uploads\/2023\/02\/Ferienwohnung-in-Newquay-mit_Blick.jpg"}],"twitter_card":"summary","schema":{"@context":"https:\/\/schema.org","@graph":[{"@type":"WebSite","@id":"https:\/\/www.urlaubcornwall.de\/blog\/#website","url":"https:\/\/www.urlaubcornwall.de\/blog\/","name":"Urlaub &amp; Reisen","description":"Urlaub, Reisen, Cornwall und S\u00fcdengland: eine perfekte Kombination","potentialAction":[{"@type":"SearchAction","target":{"@type":"EntryPoint","urlTemplate":"https:\/\/www.urlaubcornwall.de\/blog\/?s={search_term_string}"},"query-input":"required name=search_term_string"}],"inLanguage":"en-US"},{"@type":"WebPage","@id":"https:\/\/www.urlaubcornwall.de\/blog\/ferienwohnung-in-newquay-mit-blick\/","url":"https:\/\/www.urlaubcornwall.de\/blog\/ferienwohnung-in-newquay-mit-blick\/","name":"Ferienwohnung in Newquay mit Blick - Urlaub &amp; Reisen","isPartOf":{"@id":"https:\/\/www.urlaubcornwall.de\/blog\/#website"},"datePublished":"2023-02-14T15:48:26+00:00","dateModified":"2023-02-14T15:48:26+00:00","description":"Auf dem begehrten Pentire Headland gelegen, haben Sie eine perfekte Lage, um den weitl\u00e4ufigen, weltber\u00fchmten Fistral Beach","breadcrumb":{"@id":"https:\/\/www.urlaubcornwall.de\/blog\/ferienwohnung-in-newquay-mit-blick\/#breadcrumb"},"inLanguage":"en-US","potentialAction":[{"@type":"ReadAction","target":["https:\/\/www.urlaubcornwall.de\/blog\/ferienwohnung-in-newquay-mit-blick\/"]}]},{"@type":"BreadcrumbList","@id":"https:\/\/www.urlaubcornwall.de\/blog\/ferienwohnung-in-newquay-mit-blick\/#breadcrumb","itemListElement":[{"@type":"ListItem","position":1,"name":"Home","item":"https:\/\/www.urlaubcornwall.de\/blog\/"},{"@type":"ListItem","position":2,"name":"Ferienwohnung in Newquay mit Blick"}]}]}},"_links":{"self":[{"href":"https:\/\/www.urlaubcornwall.de\/blog\/wp-json\/wp\/v2\/pages\/45875"}],"collection":[{"href":"https:\/\/www.urlaubcornwall.de\/blog\/wp-json\/wp\/v2\/pages"}],"about":[{"href":"https:\/\/www.urlaubcornwall.de\/blog\/wp-json\/wp\/v2\/types\/page"}],"author":[{"embeddable":true,"href":"https:\/\/www.urlaubcornwall.de\/blog\/wp-json\/wp\/v2\/users\/1"}],"replies":[{"embeddable":true,"href":"https:\/\/www.urlaubcornwall.de\/blog\/wp-json\/wp\/v2\/comments?post=45875"}],"version-history":[{"count":2,"href":"https:\/\/www.urlaubcornwall.de\/blog\/wp-json\/wp\/v2\/pages\/45875\/revisions"}],"predecessor-version":[{"id":45878,"href":"https:\/\/www.urlaubcornwall.de\/blog\/wp-json\/wp\/v2\/pages\/45875\/revisions\/45878"}],"wp:attachment":[{"href":"https:\/\/www.urlaubcornwall.de\/blog\/wp-json\/wp\/v2\/media?parent=45875"}],"curies":[{"name":"wp","href":"https:\/\/api.w.org\/{rel}","templated":true}]}}