{"id":45865,"date":"2023-02-13T09:59:00","date_gmt":"2023-02-13T09:59:00","guid":{"rendered":"https:\/\/www.urlaubcornwall.de\/blog\/?page_id=45865"},"modified":"2024-05-31T08:43:33","modified_gmt":"2024-05-31T08:43:33","slug":"warum-cornwall-der-seele-gut-tut","status":"publish","type":"page","link":"https:\/\/www.urlaubcornwall.de\/blog\/warum-cornwall-der-seele-gut-tut\/","title":{"rendered":"Warum Cornwall der Seele gut tut!"},"content":{"rendered":"<p><img loading=\"lazy\" class=\"aligncenter size-full wp-image-48079\" src=\"https:\/\/www.urlaubcornwall.de\/blog\/wp-content\/uploads\/2024\/03\/portcurno-strand.jpg\" alt=\"porthcurno strand\" width=\"750\" height=\"500\" srcset=\"https:\/\/www.urlaubcornwall.de\/blog\/wp-content\/uploads\/2024\/03\/portcurno-strand.jpg 750w, https:\/\/www.urlaubcornwall.de\/blog\/wp-content\/uploads\/2024\/03\/portcurno-strand-300x200.jpg 300w\" sizes=\"(max-width: 750px) 100vw, 750px\" \/><\/p>\n<p><strong>Jeder erinnert sich an seinen ersten Besuch in Cornwall.<\/strong><\/p>\n<p><a href=\"https:\/\/www.urlaubcornwall.de\/ferienhaeuser-fewos\/cornwall.html\">Cornwall ist ein gro\u00dfartiger Ort<\/a>, um sich zur\u00fcckzulehnen, die Aussicht zu genie\u00dfen und alles zu tun, was Sie brauchen, um Ihrer Seele zu helfen. Was tun Sie, um den Anforderungen Ihres iPhones zu entkommen? Was tun, um komplett netzunabh\u00e4ngig zu werden? Begeben Sie sich auf eine Fernradtour; bei einer Wanderung mit Hund in die Wildnis abtauchen oder finden Sie den richtigen Ausgleich, indem Sie sich einfach mit einer Tasse Kaffee und einem guten Buch auf eine Bank an einem sch\u00f6nen Ort setzen?<\/p>\n<p>Sie m\u00fcssen nicht k\u00f6rperlich ruhig sein, um langsamer zu werden oder sich langsam zu bewegen \u2013 im Wesentlichen ist es eine Auszeit und eine Anpassung, die Sie brauchen, um Ihre Kraft zu erneuern. Tun Sie, was auch immer es ist, das die \u201eDinge\u201c wiederherstellt, die Sie zu Ihnen machen; und stellen Sie sicher, dass Sie in Cornwall \u201etun, was immer Sie tun\u201c.<\/p>\n<p>Um als wahrhaft \u201ekornisch\u201c zu gelten, muss man der dritten Generation angeh\u00f6ren, und es ist diese nebul\u00f6se Tatsache, die im Mittelpunkt steht, wenn man das wahre Cornwall kennenlernen m\u00f6chte. Und doch f\u00fchlen wir uns innerlich so gut in dem Wissen, dass wir bald wieder zur\u00fcckkehren und diese Gef\u00fchle bei unserer n\u00e4chsten Reise erneut erleben k\u00f6nnen.<\/p>\n<div class=\"snippet\"> <a class=\"featured-item\" href=\"https:\/\/www.urlaubcornwall.de\/ferienhaeuser-fewos\/cornwall.html\"> <span class=\"image-holder\" style=\"background-image: url('https:\/\/www.urlaubcornwall.de\/blog\/wp-content\/uploads\/2018\/12\/familienurlaub-corwnall-snippet.jpg');\"><\/span> <span class=\"featured-content\"> \n<h2 class=\"featured-title\">Ferienh\u00e4user in Cornwall am Meer<\/h2>\n<p class=\"featured-body\">Cornwall besitzt mehr K\u00fcstenlinien als jede andere Grafschaft und bietet einige der besten Str\u00e4nde, K\u00fcstenwanderwege und Klippenlandschaften, die man \u00fcberhaupt finden kann&#8230; <\/p><\/span> <span class=\"featured-link-holder\"> <span class=\"featured-extra-info\"> \n<p>F\u00fcr Paare, Familien &#038; Gruppen<\/p>\n<\/span> \n<p class=\"featured-link\">DETAILS<\/p>\n<\/span> <\/a><\/div>\n","protected":false},"excerpt":{"rendered":"<p>Jeder erinnert sich an seinen ersten Besuch in Cornwall. Cornwall ist ein gro\u00dfartiger Ort, um sich zur\u00fcckzulehnen, die Aussicht zu genie\u00dfen und alles zu tun, was Sie brauchen, um Ihrer Seele zu helfen. Was tun Sie, um den Anforderungen Ihres iPhones zu entkommen? Was tun, um komplett netzunabh\u00e4ngig zu werden? Begeben Sie sich auf eine [&hellip;]<\/p>\n","protected":false},"author":1,"featured_media":0,"parent":0,"menu_order":0,"comment_status":"closed","ping_status":"closed","template":"single-four.php","meta":[],"acf":[],"yoast_head":"<!-- This site is optimized with the Yoast SEO plugin v19.4 - https:\/\/yoast.com\/wordpress\/plugins\/seo\/ -->\n<title>Warum Cornwall der Seele gut tut! - Urlaub &amp; Reisen<\/title>\n<meta name=\"description\" content=\"Jeder erinnert sich an sein erstes Mal in Cornwall.Cornwall ist ein gro\u00dfartiger Ort , um sich zur\u00fcckzulehnen\" \/>\n<meta name=\"robots\" content=\"index, follow, max-snippet:-1, max-image-preview:large, max-video-preview:-1\" \/>\n<link rel=\"canonical\" href=\"https:\/\/www.urlaubcornwall.de\/blog\/warum-cornwall-der-seele-gut-tut\/\" \/>\n<meta property=\"og:locale\" content=\"en_US\" \/>\n<meta property=\"og:type\" content=\"article\" \/>\n<meta property=\"og:title\" content=\"Warum Cornwall der Seele gut tut! - Urlaub &amp; Reisen\" \/>\n<meta property=\"og:description\" content=\"Jeder erinnert sich an sein erstes Mal in Cornwall.Cornwall ist ein gro\u00dfartiger Ort , um sich zur\u00fcckzulehnen\" \/>\n<meta property=\"og:url\" content=\"https:\/\/www.urlaubcornwall.de\/blog\/warum-cornwall-der-seele-gut-tut\/\" \/>\n<meta property=\"og:site_name\" content=\"Urlaub &amp; Reisen\" \/>\n<meta property=\"article:modified_time\" content=\"2024-05-31T08:43:33+00:00\" \/>\n<meta property=\"og:image\" content=\"https:\/\/www.urlaubcornwall.de\/blog\/wp-content\/uploads\/2024\/03\/portcurno-strand.jpg\" \/>\n<meta name=\"twitter:card\" content=\"summary\" \/>\n<meta name=\"twitter:label1\" content=\"Est. reading time\" \/>\n\t<meta name=\"twitter:data1\" content=\"2 minutes\" \/>\n<script type=\"application\/ld+json\" class=\"yoast-schema-graph\">{\"@context\":\"https:\/\/schema.org\",\"@graph\":[{\"@type\":\"WebSite\",\"@id\":\"https:\/\/www.urlaubcornwall.de\/blog\/#website\",\"url\":\"https:\/\/www.urlaubcornwall.de\/blog\/\",\"name\":\"Urlaub &amp; Reisen\",\"description\":\"Urlaub, Reisen, Cornwall und S\u00fcdengland: eine perfekte Kombination\",\"potentialAction\":[{\"@type\":\"SearchAction\",\"target\":{\"@type\":\"EntryPoint\",\"urlTemplate\":\"https:\/\/www.urlaubcornwall.de\/blog\/?s={search_term_string}\"},\"query-input\":\"required name=search_term_string\"}],\"inLanguage\":\"en-US\"},{\"@type\":\"WebPage\",\"@id\":\"https:\/\/www.urlaubcornwall.de\/blog\/warum-cornwall-der-seele-gut-tut\/\",\"url\":\"https:\/\/www.urlaubcornwall.de\/blog\/warum-cornwall-der-seele-gut-tut\/\",\"name\":\"Warum Cornwall der Seele gut tut! - Urlaub &amp; Reisen\",\"isPartOf\":{\"@id\":\"https:\/\/www.urlaubcornwall.de\/blog\/#website\"},\"datePublished\":\"2023-02-13T09:59:00+00:00\",\"dateModified\":\"2024-05-31T08:43:33+00:00\",\"description\":\"Jeder erinnert sich an sein erstes Mal in Cornwall.Cornwall ist ein gro\u00dfartiger Ort , um sich zur\u00fcckzulehnen\",\"breadcrumb\":{\"@id\":\"https:\/\/www.urlaubcornwall.de\/blog\/warum-cornwall-der-seele-gut-tut\/#breadcrumb\"},\"inLanguage\":\"en-US\",\"potentialAction\":[{\"@type\":\"ReadAction\",\"target\":[\"https:\/\/www.urlaubcornwall.de\/blog\/warum-cornwall-der-seele-gut-tut\/\"]}]},{\"@type\":\"BreadcrumbList\",\"@id\":\"https:\/\/www.urlaubcornwall.de\/blog\/warum-cornwall-der-seele-gut-tut\/#breadcrumb\",\"itemListElement\":[{\"@type\":\"ListItem\",\"position\":1,\"name\":\"Home\",\"item\":\"https:\/\/www.urlaubcornwall.de\/blog\/\"},{\"@type\":\"ListItem\",\"position\":2,\"name\":\"Warum Cornwall der Seele gut tut!\"}]}]}<\/script>\n<!-- \/ Yoast SEO plugin. -->","yoast_head_json":{"title":"Warum Cornwall der Seele gut tut! - Urlaub &amp; Reisen","description":"Jeder erinnert sich an sein erstes Mal in Cornwall.Cornwall ist ein gro\u00dfartiger Ort , um sich zur\u00fcckzulehnen","robots":{"index":"index","follow":"follow","max-snippet":"max-snippet:-1","max-image-preview":"max-image-preview:large","max-video-preview":"max-video-preview:-1"},"canonical":"https:\/\/www.urlaubcornwall.de\/blog\/warum-cornwall-der-seele-gut-tut\/","og_locale":"en_US","og_type":"article","og_title":"Warum Cornwall der Seele gut tut! - Urlaub &amp; Reisen","og_description":"Jeder erinnert sich an sein erstes Mal in Cornwall.Cornwall ist ein gro\u00dfartiger Ort , um sich zur\u00fcckzulehnen","og_url":"https:\/\/www.urlaubcornwall.de\/blog\/warum-cornwall-der-seele-gut-tut\/","og_site_name":"Urlaub &amp; Reisen","article_modified_time":"2024-05-31T08:43:33+00:00","og_image":[{"url":"https:\/\/www.urlaubcornwall.de\/blog\/wp-content\/uploads\/2024\/03\/portcurno-strand.jpg"}],"twitter_card":"summary","twitter_misc":{"Est. reading time":"2 minutes"},"schema":{"@context":"https:\/\/schema.org","@graph":[{"@type":"WebSite","@id":"https:\/\/www.urlaubcornwall.de\/blog\/#website","url":"https:\/\/www.urlaubcornwall.de\/blog\/","name":"Urlaub &amp; Reisen","description":"Urlaub, Reisen, Cornwall und S\u00fcdengland: eine perfekte Kombination","potentialAction":[{"@type":"SearchAction","target":{"@type":"EntryPoint","urlTemplate":"https:\/\/www.urlaubcornwall.de\/blog\/?s={search_term_string}"},"query-input":"required name=search_term_string"}],"inLanguage":"en-US"},{"@type":"WebPage","@id":"https:\/\/www.urlaubcornwall.de\/blog\/warum-cornwall-der-seele-gut-tut\/","url":"https:\/\/www.urlaubcornwall.de\/blog\/warum-cornwall-der-seele-gut-tut\/","name":"Warum Cornwall der Seele gut tut! - Urlaub &amp; Reisen","isPartOf":{"@id":"https:\/\/www.urlaubcornwall.de\/blog\/#website"},"datePublished":"2023-02-13T09:59:00+00:00","dateModified":"2024-05-31T08:43:33+00:00","description":"Jeder erinnert sich an sein erstes Mal in Cornwall.Cornwall ist ein gro\u00dfartiger Ort , um sich zur\u00fcckzulehnen","breadcrumb":{"@id":"https:\/\/www.urlaubcornwall.de\/blog\/warum-cornwall-der-seele-gut-tut\/#breadcrumb"},"inLanguage":"en-US","potentialAction":[{"@type":"ReadAction","target":["https:\/\/www.urlaubcornwall.de\/blog\/warum-cornwall-der-seele-gut-tut\/"]}]},{"@type":"BreadcrumbList","@id":"https:\/\/www.urlaubcornwall.de\/blog\/warum-cornwall-der-seele-gut-tut\/#breadcrumb","itemListElement":[{"@type":"ListItem","position":1,"name":"Home","item":"https:\/\/www.urlaubcornwall.de\/blog\/"},{"@type":"ListItem","position":2,"name":"Warum Cornwall der Seele gut tut!"}]}]}},"_links":{"self":[{"href":"https:\/\/www.urlaubcornwall.de\/blog\/wp-json\/wp\/v2\/pages\/45865"}],"collection":[{"href":"https:\/\/www.urlaubcornwall.de\/blog\/wp-json\/wp\/v2\/pages"}],"about":[{"href":"https:\/\/www.urlaubcornwall.de\/blog\/wp-json\/wp\/v2\/types\/page"}],"author":[{"embeddable":true,"href":"https:\/\/www.urlaubcornwall.de\/blog\/wp-json\/wp\/v2\/users\/1"}],"replies":[{"embeddable":true,"href":"https:\/\/www.urlaubcornwall.de\/blog\/wp-json\/wp\/v2\/comments?post=45865"}],"version-history":[{"count":4,"href":"https:\/\/www.urlaubcornwall.de\/blog\/wp-json\/wp\/v2\/pages\/45865\/revisions"}],"predecessor-version":[{"id":51255,"href":"https:\/\/www.urlaubcornwall.de\/blog\/wp-json\/wp\/v2\/pages\/45865\/revisions\/51255"}],"wp:attachment":[{"href":"https:\/\/www.urlaubcornwall.de\/blog\/wp-json\/wp\/v2\/media?parent=45865"}],"curies":[{"name":"wp","href":"https:\/\/api.w.org\/{rel}","templated":true}]}}