{"id":45860,"date":"2023-02-09T10:08:59","date_gmt":"2023-02-09T10:08:59","guid":{"rendered":"https:\/\/www.urlaubcornwall.de\/blog\/?page_id=45860"},"modified":"2023-02-09T10:08:59","modified_gmt":"2023-02-09T10:08:59","slug":"finden-sie-ihr-perfektes-urlaubsdomizil-in-cornwall","status":"publish","type":"page","link":"https:\/\/www.urlaubcornwall.de\/blog\/finden-sie-ihr-perfektes-urlaubsdomizil-in-cornwall\/","title":{"rendered":"Finden Sie Ihr perfektes Urlaubsdomizil in Cornwall"},"content":{"rendered":"<p><img loading=\"lazy\" class=\"aligncenter size-full wp-image-40101\" src=\"https:\/\/www.urlaubcornwall.de\/blog\/wp-content\/uploads\/2020\/05\/st-martins-blick.jpg\" alt=\"Urlaub in Cornwall meerblick\" width=\"750\" height=\"607\" srcset=\"https:\/\/www.urlaubcornwall.de\/blog\/wp-content\/uploads\/2020\/05\/st-martins-blick.jpg 750w, https:\/\/www.urlaubcornwall.de\/blog\/wp-content\/uploads\/2020\/05\/st-martins-blick-300x243.jpg 300w\" sizes=\"(max-width: 750px) 100vw, 750px\" \/><\/p>\n<p>Wenn Sie von einem Urlaub an der K\u00fcste tr\u00e4umen, haben wir <a href=\"https:\/\/www.urlaubcornwall.de\/ferienhaeuser-fewos\/cornwall.html\">eine brillante Auswahl an Ferienh\u00e4usern in Cornwall<\/a>, wo Sie die Vorh\u00e4nge zur\u00fcckziehen k\u00f6nnen, um ein glitzerndes Meer zu entdecken, aus Ihrer Haust\u00fcr direkt in den Sand zu treten und zu den Ger\u00e4uschen einzuschlafen von Wellen, die sich an der K\u00fcste brechen.<\/p>\n<p>Von traditionellen Fischerh\u00fctten in malerischen Hafenst\u00e4dten bis hin zu charaktervollen Bauernh\u00e4usern im Herzen der Landschaft Cornwalls \u2013 finden Sie Inspiration f\u00fcr Ihren n\u00e4chsten Aufenthalt in <a href=\"https:\/\/www.urlaubcornwall.de\/blog\/die-schoensten-orte-in-cornwall-unsere-top-10\/\">unserem Reisef\u00fchrer<\/a> f\u00fcr <a href=\"https:\/\/www.urlaubcornwall.de\/ferienhaeuser-fewos\/cornwall.html\">Unterk\u00fcnfte in Cornwall<\/a>.<\/p>\n<div class=\"snippet\"> <a class=\"featured-item\" href=\"https:\/\/www.urlaubcornwall.de\/ferienhaeuser\/cornwall.php\"> <span class=\"image-holder\" style=\"background-image: url('https:\/\/www.urlaubcornwall.de\/blog\/wp-content\/uploads\/2018\/12\/familienurlaub-corwnall-snippet.jpg');\"><\/span> <span class=\"featured-content\"> \n<h2 class=\"featured-title\">Ferienh\u00e4user in Cornwall am Meer<\/h2>\n<p class=\"featured-body\">Cornwall besitzt mehr K\u00fcstenlinien als jede andere Grafschaft und bietet einige der besten Str\u00e4nde, K\u00fcstenwanderwege und Klippenlandschaften, die man \u00fcberhaupt finden kann&#8230; <\/p><\/span> <span class=\"featured-link-holder\"> <span class=\"featured-extra-info\"> \n<p>F\u00fcr Paare, Familien &#038; Gruppen<\/p>\n<\/span> \n<p class=\"featured-link\">DETAILS<\/p>\n<\/span> <\/a><\/div>\n","protected":false},"excerpt":{"rendered":"<p>Wenn Sie von einem Urlaub an der K\u00fcste tr\u00e4umen, haben wir eine brillante Auswahl an Ferienh\u00e4usern in Cornwall, wo Sie die Vorh\u00e4nge zur\u00fcckziehen k\u00f6nnen, um ein glitzerndes Meer zu entdecken, aus Ihrer Haust\u00fcr direkt in den Sand zu treten und zu den Ger\u00e4uschen einzuschlafen von Wellen, die sich an der K\u00fcste brechen. Von traditionellen Fischerh\u00fctten [&hellip;]<\/p>\n","protected":false},"author":1,"featured_media":0,"parent":0,"menu_order":0,"comment_status":"closed","ping_status":"closed","template":"single-four.php","meta":[],"acf":[],"yoast_head":"<!-- This site is optimized with the Yoast SEO plugin v19.4 - https:\/\/yoast.com\/wordpress\/plugins\/seo\/ -->\n<title>Finden Sie Ihr perfektes Urlaubsdomizil in Cornwall - Urlaub &amp; Reisen<\/title>\n<meta name=\"description\" content=\"Wenn Sie von einem Urlaub an der K\u00fcste tr\u00e4umen, haben wir eine brillante Auswahl an Ferienh\u00e4usern in Cornwall\" \/>\n<meta name=\"robots\" content=\"index, follow, max-snippet:-1, max-image-preview:large, max-video-preview:-1\" \/>\n<link rel=\"canonical\" href=\"https:\/\/www.urlaubcornwall.de\/blog\/finden-sie-ihr-perfektes-urlaubsdomizil-in-cornwall\/\" \/>\n<meta property=\"og:locale\" content=\"en_US\" \/>\n<meta property=\"og:type\" content=\"article\" \/>\n<meta property=\"og:title\" content=\"Finden Sie Ihr perfektes Urlaubsdomizil in Cornwall - Urlaub &amp; Reisen\" \/>\n<meta property=\"og:description\" content=\"Wenn Sie von einem Urlaub an der K\u00fcste tr\u00e4umen, haben wir eine brillante Auswahl an Ferienh\u00e4usern in Cornwall\" \/>\n<meta property=\"og:url\" content=\"https:\/\/www.urlaubcornwall.de\/blog\/finden-sie-ihr-perfektes-urlaubsdomizil-in-cornwall\/\" \/>\n<meta property=\"og:site_name\" content=\"Urlaub &amp; Reisen\" \/>\n<meta property=\"og:image\" content=\"https:\/\/www.urlaubcornwall.de\/blog\/wp-content\/uploads\/2020\/05\/st-martins-blick.jpg\" \/>\n<meta name=\"twitter:card\" content=\"summary\" \/>\n<script type=\"application\/ld+json\" class=\"yoast-schema-graph\">{\"@context\":\"https:\/\/schema.org\",\"@graph\":[{\"@type\":\"WebSite\",\"@id\":\"https:\/\/www.urlaubcornwall.de\/blog\/#website\",\"url\":\"https:\/\/www.urlaubcornwall.de\/blog\/\",\"name\":\"Urlaub &amp; Reisen\",\"description\":\"Urlaub, Reisen, Cornwall und S\u00fcdengland: eine perfekte Kombination\",\"potentialAction\":[{\"@type\":\"SearchAction\",\"target\":{\"@type\":\"EntryPoint\",\"urlTemplate\":\"https:\/\/www.urlaubcornwall.de\/blog\/?s={search_term_string}\"},\"query-input\":\"required name=search_term_string\"}],\"inLanguage\":\"en-US\"},{\"@type\":\"WebPage\",\"@id\":\"https:\/\/www.urlaubcornwall.de\/blog\/finden-sie-ihr-perfektes-urlaubsdomizil-in-cornwall\/\",\"url\":\"https:\/\/www.urlaubcornwall.de\/blog\/finden-sie-ihr-perfektes-urlaubsdomizil-in-cornwall\/\",\"name\":\"Finden Sie Ihr perfektes Urlaubsdomizil in Cornwall - Urlaub &amp; Reisen\",\"isPartOf\":{\"@id\":\"https:\/\/www.urlaubcornwall.de\/blog\/#website\"},\"datePublished\":\"2023-02-09T10:08:59+00:00\",\"dateModified\":\"2023-02-09T10:08:59+00:00\",\"description\":\"Wenn Sie von einem Urlaub an der K\u00fcste tr\u00e4umen, haben wir eine brillante Auswahl an Ferienh\u00e4usern in Cornwall\",\"breadcrumb\":{\"@id\":\"https:\/\/www.urlaubcornwall.de\/blog\/finden-sie-ihr-perfektes-urlaubsdomizil-in-cornwall\/#breadcrumb\"},\"inLanguage\":\"en-US\",\"potentialAction\":[{\"@type\":\"ReadAction\",\"target\":[\"https:\/\/www.urlaubcornwall.de\/blog\/finden-sie-ihr-perfektes-urlaubsdomizil-in-cornwall\/\"]}]},{\"@type\":\"BreadcrumbList\",\"@id\":\"https:\/\/www.urlaubcornwall.de\/blog\/finden-sie-ihr-perfektes-urlaubsdomizil-in-cornwall\/#breadcrumb\",\"itemListElement\":[{\"@type\":\"ListItem\",\"position\":1,\"name\":\"Home\",\"item\":\"https:\/\/www.urlaubcornwall.de\/blog\/\"},{\"@type\":\"ListItem\",\"position\":2,\"name\":\"Finden Sie Ihr perfektes Urlaubsdomizil in Cornwall\"}]}]}<\/script>\n<!-- \/ Yoast SEO plugin. -->","yoast_head_json":{"title":"Finden Sie Ihr perfektes Urlaubsdomizil in Cornwall - Urlaub &amp; Reisen","description":"Wenn Sie von einem Urlaub an der K\u00fcste tr\u00e4umen, haben wir eine brillante Auswahl an Ferienh\u00e4usern in Cornwall","robots":{"index":"index","follow":"follow","max-snippet":"max-snippet:-1","max-image-preview":"max-image-preview:large","max-video-preview":"max-video-preview:-1"},"canonical":"https:\/\/www.urlaubcornwall.de\/blog\/finden-sie-ihr-perfektes-urlaubsdomizil-in-cornwall\/","og_locale":"en_US","og_type":"article","og_title":"Finden Sie Ihr perfektes Urlaubsdomizil in Cornwall - Urlaub &amp; Reisen","og_description":"Wenn Sie von einem Urlaub an der K\u00fcste tr\u00e4umen, haben wir eine brillante Auswahl an Ferienh\u00e4usern in Cornwall","og_url":"https:\/\/www.urlaubcornwall.de\/blog\/finden-sie-ihr-perfektes-urlaubsdomizil-in-cornwall\/","og_site_name":"Urlaub &amp; Reisen","og_image":[{"url":"https:\/\/www.urlaubcornwall.de\/blog\/wp-content\/uploads\/2020\/05\/st-martins-blick.jpg"}],"twitter_card":"summary","schema":{"@context":"https:\/\/schema.org","@graph":[{"@type":"WebSite","@id":"https:\/\/www.urlaubcornwall.de\/blog\/#website","url":"https:\/\/www.urlaubcornwall.de\/blog\/","name":"Urlaub &amp; Reisen","description":"Urlaub, Reisen, Cornwall und S\u00fcdengland: eine perfekte Kombination","potentialAction":[{"@type":"SearchAction","target":{"@type":"EntryPoint","urlTemplate":"https:\/\/www.urlaubcornwall.de\/blog\/?s={search_term_string}"},"query-input":"required name=search_term_string"}],"inLanguage":"en-US"},{"@type":"WebPage","@id":"https:\/\/www.urlaubcornwall.de\/blog\/finden-sie-ihr-perfektes-urlaubsdomizil-in-cornwall\/","url":"https:\/\/www.urlaubcornwall.de\/blog\/finden-sie-ihr-perfektes-urlaubsdomizil-in-cornwall\/","name":"Finden Sie Ihr perfektes Urlaubsdomizil in Cornwall - Urlaub &amp; Reisen","isPartOf":{"@id":"https:\/\/www.urlaubcornwall.de\/blog\/#website"},"datePublished":"2023-02-09T10:08:59+00:00","dateModified":"2023-02-09T10:08:59+00:00","description":"Wenn Sie von einem Urlaub an der K\u00fcste tr\u00e4umen, haben wir eine brillante Auswahl an Ferienh\u00e4usern in Cornwall","breadcrumb":{"@id":"https:\/\/www.urlaubcornwall.de\/blog\/finden-sie-ihr-perfektes-urlaubsdomizil-in-cornwall\/#breadcrumb"},"inLanguage":"en-US","potentialAction":[{"@type":"ReadAction","target":["https:\/\/www.urlaubcornwall.de\/blog\/finden-sie-ihr-perfektes-urlaubsdomizil-in-cornwall\/"]}]},{"@type":"BreadcrumbList","@id":"https:\/\/www.urlaubcornwall.de\/blog\/finden-sie-ihr-perfektes-urlaubsdomizil-in-cornwall\/#breadcrumb","itemListElement":[{"@type":"ListItem","position":1,"name":"Home","item":"https:\/\/www.urlaubcornwall.de\/blog\/"},{"@type":"ListItem","position":2,"name":"Finden Sie Ihr perfektes Urlaubsdomizil in Cornwall"}]}]}},"_links":{"self":[{"href":"https:\/\/www.urlaubcornwall.de\/blog\/wp-json\/wp\/v2\/pages\/45860"}],"collection":[{"href":"https:\/\/www.urlaubcornwall.de\/blog\/wp-json\/wp\/v2\/pages"}],"about":[{"href":"https:\/\/www.urlaubcornwall.de\/blog\/wp-json\/wp\/v2\/types\/page"}],"author":[{"embeddable":true,"href":"https:\/\/www.urlaubcornwall.de\/blog\/wp-json\/wp\/v2\/users\/1"}],"replies":[{"embeddable":true,"href":"https:\/\/www.urlaubcornwall.de\/blog\/wp-json\/wp\/v2\/comments?post=45860"}],"version-history":[{"count":1,"href":"https:\/\/www.urlaubcornwall.de\/blog\/wp-json\/wp\/v2\/pages\/45860\/revisions"}],"predecessor-version":[{"id":45861,"href":"https:\/\/www.urlaubcornwall.de\/blog\/wp-json\/wp\/v2\/pages\/45860\/revisions\/45861"}],"wp:attachment":[{"href":"https:\/\/www.urlaubcornwall.de\/blog\/wp-json\/wp\/v2\/media?parent=45860"}],"curies":[{"name":"wp","href":"https:\/\/api.w.org\/{rel}","templated":true}]}}