{"id":45858,"date":"2023-02-09T09:41:27","date_gmt":"2023-02-09T09:41:27","guid":{"rendered":"https:\/\/www.urlaubcornwall.de\/blog\/?page_id=45858"},"modified":"2024-04-02T10:28:13","modified_gmt":"2024-04-02T10:28:13","slug":"wo-in-cornwall-uebernachten","status":"publish","type":"page","link":"https:\/\/www.urlaubcornwall.de\/blog\/wo-in-cornwall-uebernachten\/","title":{"rendered":"Wo in Cornwall \u00fcbernachten"},"content":{"rendered":"<p><img loading=\"lazy\" class=\"aligncenter size-full wp-image-47900\" src=\"https:\/\/www.urlaubcornwall.de\/blog\/wp-content\/uploads\/2024\/03\/lizard.jpg\" alt=\"lizard kynance\" width=\"750\" height=\"563\" srcset=\"https:\/\/www.urlaubcornwall.de\/blog\/wp-content\/uploads\/2024\/03\/lizard.jpg 750w, https:\/\/www.urlaubcornwall.de\/blog\/wp-content\/uploads\/2024\/03\/lizard-300x225.jpg 300w\" sizes=\"(max-width: 750px) 100vw, 750px\" \/><\/p>\n<p><strong>Vom K\u00fcsten-Chic bis zum l\u00e4ndlichen R\u00fcckzugsort<\/strong><\/p>\n<p>Bei einer solchen Vielfalt an Aktivit\u00e4ten und Restaurants ist es keine \u00dcberraschung, dass unser Angebot an Ferienh\u00e4usern in Cornwall ebenso vielf\u00e4ltig ist.<\/p>\n<p>Wenn Sie von einem Urlaub an der K\u00fcste tr\u00e4umen, haben wir eine brillante Auswahl an Cottages, in denen Sie die Vorh\u00e4nge \u00f6ffnen k\u00f6nnen, um ein glitzerndes Meer zu entdecken, aus Ihrer Haust\u00fcr in den Sand zu treten und beim Rauschen der Wellen einzuschlafen die K\u00fcstenlinie. Von traditionellen Fischerh\u00fctten in Hafenst\u00e4dten wie <a href=\"https:\/\/www.urlaubcornwall.de\/ferienhaeuser-fewos\/padstow.html\">Padstow<\/a>, <a href=\"https:\/\/www.urlaubcornwall.de\/ferienhaeuser-fewos\/porthleven.html\">Porthleven<\/a> und <a href=\"https:\/\/www.urlaubcornwall.de\/ferienhaeuser-fewos\/port-isaac.html\">Port Isaac<\/a> bis hin zu modernen H\u00e4usern mit Meerblick in der N\u00e4he beliebter Str\u00e4nde wie <a href=\"https:\/\/www.urlaubcornwall.de\/ferienhaeuser-fewos\/bude.html\">Bude<\/a>, S<a href=\"https:\/\/www.urlaubcornwall.de\/ferienhaeuser-fewos\/st-ives.html\">t. Ives<\/a> und <a href=\"https:\/\/www.urlaubcornwall.de\/ferienhaeuser-fewos\/newquay.html\">Newquay<\/a> finden Sie die perfekte Umgebung f\u00fcr Ihren <a href=\"https:\/\/www.urlaubcornwall.de\/ferienhaeuser-fewos\/cornwall-am-meer.html\">Traumurlaub an der K\u00fcste Cornwalls<\/a>.<\/p>\n<p>Oder suchen Sie vielleicht nach einem Urlaub, in dem Sie ungest\u00f6rt durch die Landschaft Cornwalls streifen k\u00f6nnen? Unsere l\u00e4ndlichen und <a href=\"https:\/\/www.urlaubcornwall.de\/ferienhaeuser-fewos\/bauernhaus.html\">bewirtschafteten Bauernh\u00f6fe<\/a> sind die perfekten Schlupfl\u00f6cher f\u00fcr einen Urlaub auf dem Land. Egal, ob Sie sich f\u00fcr ein <a href=\"https:\/\/www.urlaubcornwall.de\/ferienhaeuser-fewos\/bodmin.html\">traditionelles Cottage im Bodmin Moor<\/a> entscheiden oder die l\u00e4ndliche Pracht des Tamar Valley genie\u00dfen, wir haben viele Cottages auf dem Land zur Auswahl.<\/p>\n<p>Und wenn Sie mit Ihrem Hund, Ihrer Familie oder einer gro\u00dfen Gruppe zu Besuch sind, k\u00f6nnen Sie auch aus unseren <a href=\"https:\/\/www.urlaubcornwall.de\/ferienhaeuser-fewos\/cornwall-hundefreundlich.html\">hundefreundlichen<\/a>, <a href=\"https:\/\/www.urlaubcornwall.de\/ferienhaeuser-fewos\/cornwall-kinderfreundlich.html\">familienfreundlichen<\/a> und <a href=\"https:\/\/www.urlaubcornwall.de\/ferienhaeuser-fewos\/cornwall-fuer-10-personen.html\">Gruppenunterk\u00fcnften<\/a> in ganz Cornwall w\u00e4hlen.<\/p>\n","protected":false},"excerpt":{"rendered":"<p>Vom K\u00fcsten-Chic bis zum l\u00e4ndlichen R\u00fcckzugsort Bei einer solchen Vielfalt an Aktivit\u00e4ten und Restaurants ist es keine \u00dcberraschung, dass unser Angebot an Ferienh\u00e4usern in Cornwall ebenso vielf\u00e4ltig ist. Wenn Sie von einem Urlaub an der K\u00fcste tr\u00e4umen, haben wir eine brillante Auswahl an Cottages, in denen Sie die Vorh\u00e4nge \u00f6ffnen k\u00f6nnen, um ein glitzerndes Meer [&hellip;]<\/p>\n","protected":false},"author":1,"featured_media":0,"parent":0,"menu_order":0,"comment_status":"closed","ping_status":"closed","template":"single-four.php","meta":[],"acf":[],"yoast_head":"<!-- This site is optimized with the Yoast SEO plugin v19.4 - https:\/\/yoast.com\/wordpress\/plugins\/seo\/ -->\n<title>Wo in Cornwall \u00fcbernachten - Urlaub &amp; Reisen<\/title>\n<meta name=\"description\" content=\"Bei einer solchen Vielfalt an Aktivit\u00e4ten und Restaurants ist es keine \u00dcberraschung, dass unser Angebot an Ferienh\u00e4usern\" \/>\n<meta name=\"robots\" content=\"index, follow, max-snippet:-1, max-image-preview:large, max-video-preview:-1\" \/>\n<link rel=\"canonical\" href=\"https:\/\/www.urlaubcornwall.de\/blog\/wo-in-cornwall-uebernachten\/\" \/>\n<meta property=\"og:locale\" content=\"en_US\" \/>\n<meta property=\"og:type\" content=\"article\" \/>\n<meta property=\"og:title\" content=\"Wo in Cornwall \u00fcbernachten - Urlaub &amp; Reisen\" \/>\n<meta property=\"og:description\" content=\"Bei einer solchen Vielfalt an Aktivit\u00e4ten und Restaurants ist es keine \u00dcberraschung, dass unser Angebot an Ferienh\u00e4usern\" \/>\n<meta property=\"og:url\" content=\"https:\/\/www.urlaubcornwall.de\/blog\/wo-in-cornwall-uebernachten\/\" \/>\n<meta property=\"og:site_name\" content=\"Urlaub &amp; Reisen\" \/>\n<meta property=\"article:modified_time\" content=\"2024-04-02T10:28:13+00:00\" \/>\n<meta property=\"og:image\" content=\"https:\/\/www.urlaubcornwall.de\/blog\/wp-content\/uploads\/2024\/03\/lizard.jpg\" \/>\n<meta name=\"twitter:card\" content=\"summary\" \/>\n<meta name=\"twitter:label1\" content=\"Est. reading time\" \/>\n\t<meta name=\"twitter:data1\" content=\"2 minutes\" \/>\n<script type=\"application\/ld+json\" class=\"yoast-schema-graph\">{\"@context\":\"https:\/\/schema.org\",\"@graph\":[{\"@type\":\"WebSite\",\"@id\":\"https:\/\/www.urlaubcornwall.de\/blog\/#website\",\"url\":\"https:\/\/www.urlaubcornwall.de\/blog\/\",\"name\":\"Urlaub &amp; Reisen\",\"description\":\"Urlaub, Reisen, Cornwall und S\u00fcdengland: eine perfekte Kombination\",\"potentialAction\":[{\"@type\":\"SearchAction\",\"target\":{\"@type\":\"EntryPoint\",\"urlTemplate\":\"https:\/\/www.urlaubcornwall.de\/blog\/?s={search_term_string}\"},\"query-input\":\"required name=search_term_string\"}],\"inLanguage\":\"en-US\"},{\"@type\":\"WebPage\",\"@id\":\"https:\/\/www.urlaubcornwall.de\/blog\/wo-in-cornwall-uebernachten\/\",\"url\":\"https:\/\/www.urlaubcornwall.de\/blog\/wo-in-cornwall-uebernachten\/\",\"name\":\"Wo in Cornwall \u00fcbernachten - Urlaub &amp; Reisen\",\"isPartOf\":{\"@id\":\"https:\/\/www.urlaubcornwall.de\/blog\/#website\"},\"datePublished\":\"2023-02-09T09:41:27+00:00\",\"dateModified\":\"2024-04-02T10:28:13+00:00\",\"description\":\"Bei einer solchen Vielfalt an Aktivit\u00e4ten und Restaurants ist es keine \u00dcberraschung, dass unser Angebot an Ferienh\u00e4usern\",\"breadcrumb\":{\"@id\":\"https:\/\/www.urlaubcornwall.de\/blog\/wo-in-cornwall-uebernachten\/#breadcrumb\"},\"inLanguage\":\"en-US\",\"potentialAction\":[{\"@type\":\"ReadAction\",\"target\":[\"https:\/\/www.urlaubcornwall.de\/blog\/wo-in-cornwall-uebernachten\/\"]}]},{\"@type\":\"BreadcrumbList\",\"@id\":\"https:\/\/www.urlaubcornwall.de\/blog\/wo-in-cornwall-uebernachten\/#breadcrumb\",\"itemListElement\":[{\"@type\":\"ListItem\",\"position\":1,\"name\":\"Home\",\"item\":\"https:\/\/www.urlaubcornwall.de\/blog\/\"},{\"@type\":\"ListItem\",\"position\":2,\"name\":\"Wo in Cornwall \u00fcbernachten\"}]}]}<\/script>\n<!-- \/ Yoast SEO plugin. -->","yoast_head_json":{"title":"Wo in Cornwall \u00fcbernachten - Urlaub &amp; Reisen","description":"Bei einer solchen Vielfalt an Aktivit\u00e4ten und Restaurants ist es keine \u00dcberraschung, dass unser Angebot an Ferienh\u00e4usern","robots":{"index":"index","follow":"follow","max-snippet":"max-snippet:-1","max-image-preview":"max-image-preview:large","max-video-preview":"max-video-preview:-1"},"canonical":"https:\/\/www.urlaubcornwall.de\/blog\/wo-in-cornwall-uebernachten\/","og_locale":"en_US","og_type":"article","og_title":"Wo in Cornwall \u00fcbernachten - Urlaub &amp; Reisen","og_description":"Bei einer solchen Vielfalt an Aktivit\u00e4ten und Restaurants ist es keine \u00dcberraschung, dass unser Angebot an Ferienh\u00e4usern","og_url":"https:\/\/www.urlaubcornwall.de\/blog\/wo-in-cornwall-uebernachten\/","og_site_name":"Urlaub &amp; Reisen","article_modified_time":"2024-04-02T10:28:13+00:00","og_image":[{"url":"https:\/\/www.urlaubcornwall.de\/blog\/wp-content\/uploads\/2024\/03\/lizard.jpg"}],"twitter_card":"summary","twitter_misc":{"Est. reading time":"2 minutes"},"schema":{"@context":"https:\/\/schema.org","@graph":[{"@type":"WebSite","@id":"https:\/\/www.urlaubcornwall.de\/blog\/#website","url":"https:\/\/www.urlaubcornwall.de\/blog\/","name":"Urlaub &amp; Reisen","description":"Urlaub, Reisen, Cornwall und S\u00fcdengland: eine perfekte Kombination","potentialAction":[{"@type":"SearchAction","target":{"@type":"EntryPoint","urlTemplate":"https:\/\/www.urlaubcornwall.de\/blog\/?s={search_term_string}"},"query-input":"required name=search_term_string"}],"inLanguage":"en-US"},{"@type":"WebPage","@id":"https:\/\/www.urlaubcornwall.de\/blog\/wo-in-cornwall-uebernachten\/","url":"https:\/\/www.urlaubcornwall.de\/blog\/wo-in-cornwall-uebernachten\/","name":"Wo in Cornwall \u00fcbernachten - Urlaub &amp; Reisen","isPartOf":{"@id":"https:\/\/www.urlaubcornwall.de\/blog\/#website"},"datePublished":"2023-02-09T09:41:27+00:00","dateModified":"2024-04-02T10:28:13+00:00","description":"Bei einer solchen Vielfalt an Aktivit\u00e4ten und Restaurants ist es keine \u00dcberraschung, dass unser Angebot an Ferienh\u00e4usern","breadcrumb":{"@id":"https:\/\/www.urlaubcornwall.de\/blog\/wo-in-cornwall-uebernachten\/#breadcrumb"},"inLanguage":"en-US","potentialAction":[{"@type":"ReadAction","target":["https:\/\/www.urlaubcornwall.de\/blog\/wo-in-cornwall-uebernachten\/"]}]},{"@type":"BreadcrumbList","@id":"https:\/\/www.urlaubcornwall.de\/blog\/wo-in-cornwall-uebernachten\/#breadcrumb","itemListElement":[{"@type":"ListItem","position":1,"name":"Home","item":"https:\/\/www.urlaubcornwall.de\/blog\/"},{"@type":"ListItem","position":2,"name":"Wo in Cornwall \u00fcbernachten"}]}]}},"_links":{"self":[{"href":"https:\/\/www.urlaubcornwall.de\/blog\/wp-json\/wp\/v2\/pages\/45858"}],"collection":[{"href":"https:\/\/www.urlaubcornwall.de\/blog\/wp-json\/wp\/v2\/pages"}],"about":[{"href":"https:\/\/www.urlaubcornwall.de\/blog\/wp-json\/wp\/v2\/types\/page"}],"author":[{"embeddable":true,"href":"https:\/\/www.urlaubcornwall.de\/blog\/wp-json\/wp\/v2\/users\/1"}],"replies":[{"embeddable":true,"href":"https:\/\/www.urlaubcornwall.de\/blog\/wp-json\/wp\/v2\/comments?post=45858"}],"version-history":[{"count":2,"href":"https:\/\/www.urlaubcornwall.de\/blog\/wp-json\/wp\/v2\/pages\/45858\/revisions"}],"predecessor-version":[{"id":48541,"href":"https:\/\/www.urlaubcornwall.de\/blog\/wp-json\/wp\/v2\/pages\/45858\/revisions\/48541"}],"wp:attachment":[{"href":"https:\/\/www.urlaubcornwall.de\/blog\/wp-json\/wp\/v2\/media?parent=45858"}],"curies":[{"name":"wp","href":"https:\/\/api.w.org\/{rel}","templated":true}]}}